{"id":995,"date":"2022-01-01T08:08:38","date_gmt":"2022-01-01T06:08:38","guid":{"rendered":"https:\/\/e.dextera.lt\/?post_type=product&#038;p=995"},"modified":"2026-04-08T10:21:18","modified_gmt":"2026-04-08T07:21:18","slug":"roletai-priglude-prie-lango","status":"publish","type":"product","link":"https:\/\/sunnyblinds.lv\/lt\/gaminys\/roletai-priglude-prie-lango\/","title":{"rendered":"Klasikiniai roletai priglud\u0119 prie lango"},"content":{"rendered":"<h2><strong>Klasikiniai roletai priglud\u0119 prie lango Su Kasete: Elegancija ir Funkcionalumas J\u016bs\u0173 Interjerui<\/strong><\/h2>\n<p>Klasikiniai roletai priglud\u0119 prie lango su kasete yra patikimas ir eleganti\u0161kas lang\u0173 u\u017edengimo sprendimas, skirtas tiems, kurie ie\u0161ko funkcionalumo ir estetikos harmonijos. Jie tvirtai priglunda prie lango, u\u017etikrindami kad audinys likt\u0173 savo vietoje ir b\u016bt\u0173 tinkamai i\u0161temptas bet kokioje situacijoje.<\/p>\n<p>\u0160ios konstrukcijos d\u0117ka, klasikiniai roletai priglud\u0119 prie lango su kasete ne tik efektyviai apsaugo nuo saul\u0117s spinduli\u0173, bet ir suteikia j\u016bs\u0173 interjerui tvarking\u0105, modern\u0119 i\u0161vaizd\u0105. D\u0117l specialaus mechanizmo, jie gali b\u016bti lengvai atidaromi ir fiksuojami pageidaujamame auk\u0161tyje, suteikiant jums patogum\u0105 ir visi\u0161k\u0105 kontrol\u0119.<\/p>\n<p>Puikiai tinkami tiek gyvenamosioms patalpoms, tiek biurui, kur svarbus privatum\u0105 ir \u0161viesos kontrol\u0117s u\u017etikrinimas.<\/p>\n<h3><strong>Klasikiniai roletai priglud\u0119 prie lango (Specifikacijos ir Komponentai):<\/strong><\/h3>\n<ul class=\"markdown__list\">\n<li><strong>Prigludimo tipas:<\/strong>\u00a0Su kasete ir kreipian\u010diosiomis, leid\u017eian\u010diomis audiniui tvirtai prisispausti prie lango.<\/li>\n<li><strong>Mechanizmas:<\/strong>\u00a0Funkcionalus, leid\u017eiantis fiksuoti audin\u012f tam tikrame auk\u0161tyje, ypa\u010d rekomenduojamas atveriamiems langams.<\/li>\n<li><strong>Klasikin\u0117 sistema:<\/strong>\u00a0Sudaro aliuminio vamzdis, aliuminio kaset\u0117 (STANDART PLUS), metaliniai ar plastikiniai laikikliai, apatinis profilis, valdymo mechanizmas, audinys. Visus komponentus galima koreguoti pagal kliento poreikius.<\/li>\n<li><strong><a href=\"https:\/\/www.youtube.com\/watch?v=qiW-9Gzxrls\" target=\"_blank\" rel=\"noopener\">Montavimo galimyb\u0117s<\/a>:<\/strong>\u00a0Gali b\u016bti tvirtinami ant sienos, \u012f lubas, prie lango r\u0117mo arba ni\u0161oje.<\/li>\n<li><strong>Vamzd\u017ei\u0173 dyd\u017eiai:<\/strong>\u00a0Galimi keturi skirtingi dyd\u017eiai vamzd\u017eiai \u2013 19 mm, 30 mm, 42 mm, 65 mm \u2013 kurie u\u017etikrina reikiam\u0105 audinio vyniojimo stiprum\u0105.<\/li>\n<li><strong>Mechanizm\u0173 spalvos:<\/strong>\u00a0Si\u016bloma plati spalv\u0173 gama \u2013 juoda, balta, pilka, <strong>metalo,<\/strong> antracito \u2013 kad kiekvienas klientas rast\u0173 tinkamiausi\u0105 variant\u0105.<\/li>\n<li><strong>Audiniai<\/strong>, kaip teisingai i\u0161sirinkti audin\u012f <a href=\"https:\/\/sunnyblinds.lv\/duk-roletai-zaliuzes-markizes\/#kaippasirinktitinkamaaudiniroletams\" target=\"_blank\" rel=\"noopener\">skaityti \u010dia:<\/a><\/li>\n<li>I\u0161sami\u0105 informacij\u0105 apie \u0161\u012f gamin\u012f rasite <a href=\"https:\/\/dextera.lt\/roletai\/klasikiniai-roletai\/\" target=\"_blank\" rel=\"noopener\">\u010dia:<\/a><\/li>\n<\/ul>\n<p data-start=\"258\" data-end=\"411\">\u0160ie roletai suteikia jaukumo ir apsaug\u0105 nuo saul\u0117s, kartu u\u017etikrindami privatum\u0105. Paprastas ir tvarkingas dizainas puikiai dera su bet kokiu interjeru.<\/p>\n<p data-start=\"413\" data-end=\"631\">Klasikiniai roletai pasi\u017eymi auk\u0161ta kokybe ir ilgaam\u017ei\u0161kumu. Jie yra lengvai valdomi, tod\u0117l puikiai tinka tiek namuose, tiek biure. Pasirinkite i\u0161 \u012fvairi\u0173 spalv\u0173 ir audini\u0173, kad pritaikytum\u0117te roletus pagal savo erdv\u0119.<\/p>\n","protected":false},"excerpt":{"rendered":"<p>Klasikiniai roletai priglud\u0119 prie lango Su Kasete: Elegancija ir Funkcionalumas J\u016bs\u0173 Interjerui Klasikiniai roletai priglud\u0119 prie lango su kasete yra patikimas ir eleganti\u0161kas lang\u0173 u\u017edengimo sprendimas, skirtas tiems, kurie ie\u0161ko funkcionalumo ir estetikos harmonijos. Jie tvirtai priglunda prie lango, u\u017etikrindami kad audinys likt\u0173 savo vietoje ir b\u016bt\u0173 tinkamai i\u0161temptas bet kokioje situacijoje. \u0160ios konstrukcijos d\u0117ka, [&hellip;]<\/p>\n","protected":false},"featured_media":205,"template":"","meta":{"inline_featured_image":false},"product_brand":[],"product_cat":[15,17,24,28,57],"product_tag":[],"class_list":{"0":"post-995","1":"product","2":"type-product","3":"status-publish","4":"has-post-thumbnail","6":"product_cat-produktas","7":"product_cat-klasikiniai-roletai-laisvai-kabantys-arba-priglude","8":"product_cat-klasikiniai-roletai-priglude-prie-lango","9":"product_cat-roletai-klasikiniai","10":"product_cat-roletai-internetu","11":"product_shipping_class-vidaus-gaminiai","12":"tm-has-options","14":"first","15":"instock","16":"taxable","17":"shipping-taxable","18":"purchasable","19":"product-type-simple"},"acf":[],"yoast_head":"<!-- This site is optimized with the Yoast SEO plugin v27.4 - https:\/\/yoast.com\/product\/yoast-seo-wordpress\/ -->\n<title>Klasikiniai roletai priglud\u0119 prie lango - PIGIAU - sunnyblinds.lv<\/title>\n<meta name=\"description\" content=\"Klasikiniai roletai priglid\u0119 prie lango \u2013 u\u017esisakykite internetu pigiau! Platus audini\u0173 pasirinkimas, kokybi\u0161ka gamyba ir greitas pristatymas.\" \/>\n<meta name=\"robots\" content=\"index, follow, max-snippet:-1, max-image-preview:large, max-video-preview:-1\" \/>\n<link rel=\"canonical\" href=\"https:\/\/sunnyblinds.lv\/lt\/gaminys\/roletai-priglude-prie-lango\/\" \/>\n<meta property=\"og:locale\" content=\"lt_LT\" \/>\n<meta property=\"og:type\" content=\"article\" \/>\n<meta property=\"og:title\" content=\"Klasikiniai roletai priglud\u0119 prie lango - PIGIAU - sunnyblinds.lv\" \/>\n<meta property=\"og:description\" content=\"Klasikiniai roletai priglid\u0119 prie lango \u2013 u\u017esisakykite internetu pigiau! Platus audini\u0173 pasirinkimas, kokybi\u0161ka gamyba ir greitas pristatymas.\" \/>\n<meta property=\"og:url\" content=\"https:\/\/sunnyblinds.lv\/lt\/gaminys\/roletai-priglude-prie-lango\/\" \/>\n<meta property=\"og:site_name\" content=\"Dextera\" \/>\n<meta property=\"article:modified_time\" content=\"2026-04-08T07:21:18+00:00\" \/>\n<meta property=\"og:image\" content=\"https:\/\/sunnyblinds.lv\/wp-content\/uploads\/2023\/07\/miegam-min.png\" \/>\n\t<meta property=\"og:image:width\" content=\"2000\" \/>\n\t<meta property=\"og:image:height\" content=\"2000\" \/>\n\t<meta property=\"og:image:type\" content=\"image\/png\" \/>\n<meta name=\"twitter:card\" content=\"summary_large_image\" \/>\n<meta name=\"twitter:label1\" content=\"Est. reading time\" \/>\n\t<meta name=\"twitter:data1\" content=\"2 minut\u0117s\" \/>\n<script type=\"application\/ld+json\" class=\"yoast-schema-graph\">{\"@context\":\"https:\\\/\\\/schema.org\",\"@graph\":[{\"@type\":\"WebPage\",\"@id\":\"https:\\\/\\\/sunnyblinds.lv\\\/lt\\\/gaminys\\\/roletai-priglude-prie-lango\\\/\",\"url\":\"https:\\\/\\\/sunnyblinds.lv\\\/lt\\\/gaminys\\\/roletai-priglude-prie-lango\\\/\",\"name\":\"Klasikiniai roletai priglud\u0119 prie lango - PIGIAU - sunnyblinds.lv\",\"isPartOf\":{\"@id\":\"https:\\\/\\\/sunnyblinds.lv\\\/#website\"},\"primaryImageOfPage\":{\"@id\":\"https:\\\/\\\/sunnyblinds.lv\\\/lt\\\/gaminys\\\/roletai-priglude-prie-lango\\\/#primaryimage\"},\"image\":{\"@id\":\"https:\\\/\\\/sunnyblinds.lv\\\/lt\\\/gaminys\\\/roletai-priglude-prie-lango\\\/#primaryimage\"},\"thumbnailUrl\":\"https:\\\/\\\/sunnyblinds.lv\\\/wp-content\\\/uploads\\\/2023\\\/07\\\/miegam-min.png\",\"datePublished\":\"2022-01-01T06:08:38+00:00\",\"dateModified\":\"2026-04-08T07:21:18+00:00\",\"description\":\"Klasikiniai roletai priglid\u0119 prie lango \u2013 u\u017esisakykite internetu pigiau! Platus audini\u0173 pasirinkimas, kokybi\u0161ka gamyba ir greitas pristatymas.\",\"breadcrumb\":{\"@id\":\"https:\\\/\\\/sunnyblinds.lv\\\/lt\\\/gaminys\\\/roletai-priglude-prie-lango\\\/#breadcrumb\"},\"inLanguage\":\"lt-LT\",\"potentialAction\":[{\"@type\":\"ReadAction\",\"target\":[\"https:\\\/\\\/sunnyblinds.lv\\\/lt\\\/gaminys\\\/roletai-priglude-prie-lango\\\/\"]}]},{\"@type\":\"ImageObject\",\"inLanguage\":\"lt-LT\",\"@id\":\"https:\\\/\\\/sunnyblinds.lv\\\/lt\\\/gaminys\\\/roletai-priglude-prie-lango\\\/#primaryimage\",\"url\":\"https:\\\/\\\/sunnyblinds.lv\\\/wp-content\\\/uploads\\\/2023\\\/07\\\/miegam-min.png\",\"contentUrl\":\"https:\\\/\\\/sunnyblinds.lv\\\/wp-content\\\/uploads\\\/2023\\\/07\\\/miegam-min.png\",\"width\":2000,\"height\":2000,\"caption\":\"magamojo zona\"},{\"@type\":\"BreadcrumbList\",\"@id\":\"https:\\\/\\\/sunnyblinds.lv\\\/lt\\\/gaminys\\\/roletai-priglude-prie-lango\\\/#breadcrumb\",\"itemListElement\":[{\"@type\":\"ListItem\",\"position\":1,\"name\":\"Home\",\"item\":\"https:\\\/\\\/sunnyblinds.lv\\\/\"},{\"@type\":\"ListItem\",\"position\":2,\"name\":\"Elektronin\u0117 parduotuv\u0117\",\"item\":\"https:\\\/\\\/sunnyblinds.lv\\\/parduotuve\\\/\"},{\"@type\":\"ListItem\",\"position\":3,\"name\":\"Klasikiniai roletai priglud\u0119 prie lango\"}]},{\"@type\":\"WebSite\",\"@id\":\"https:\\\/\\\/sunnyblinds.lv\\\/#website\",\"url\":\"https:\\\/\\\/sunnyblinds.lv\\\/\",\"name\":\"Dextera\",\"description\":\"LV eshop\",\"publisher\":{\"@id\":\"https:\\\/\\\/sunnyblinds.lv\\\/#organization\"},\"potentialAction\":[{\"@type\":\"SearchAction\",\"target\":{\"@type\":\"EntryPoint\",\"urlTemplate\":\"https:\\\/\\\/sunnyblinds.lv\\\/?s={search_term_string}\"},\"query-input\":{\"@type\":\"PropertyValueSpecification\",\"valueRequired\":true,\"valueName\":\"search_term_string\"}}],\"inLanguage\":\"lt-LT\"},{\"@type\":\"Organization\",\"@id\":\"https:\\\/\\\/sunnyblinds.lv\\\/#organization\",\"name\":\"Dextera\",\"url\":\"https:\\\/\\\/sunnyblinds.lv\\\/\",\"logo\":{\"@type\":\"ImageObject\",\"inLanguage\":\"lt-LT\",\"@id\":\"https:\\\/\\\/sunnyblinds.lv\\\/#\\\/schema\\\/logo\\\/image\\\/\",\"url\":\"https:\\\/\\\/sunnyblinds.lv\\\/wp-content\\\/uploads\\\/2024\\\/03\\\/DEXTERA_su-sukiu_tamsiai-melynas-e1710914216478.png\",\"contentUrl\":\"https:\\\/\\\/sunnyblinds.lv\\\/wp-content\\\/uploads\\\/2024\\\/03\\\/DEXTERA_su-sukiu_tamsiai-melynas-e1710914216478.png\",\"width\":200,\"height\":53,\"caption\":\"Dextera\"},\"image\":{\"@id\":\"https:\\\/\\\/sunnyblinds.lv\\\/#\\\/schema\\\/logo\\\/image\\\/\"}}]}<\/script>\n<!-- \/ Yoast SEO plugin. -->","yoast_head_json":{"title":"Klasikiniai roletai priglud\u0119 prie lango - PIGIAU - sunnyblinds.lv","description":"Klasikiniai roletai priglid\u0119 prie lango \u2013 u\u017esisakykite internetu pigiau! Platus audini\u0173 pasirinkimas, kokybi\u0161ka gamyba ir greitas pristatymas.","robots":{"index":"index","follow":"follow","max-snippet":"max-snippet:-1","max-image-preview":"max-image-preview:large","max-video-preview":"max-video-preview:-1"},"canonical":"https:\/\/sunnyblinds.lv\/lt\/gaminys\/roletai-priglude-prie-lango\/","og_locale":"lt_LT","og_type":"article","og_title":"Klasikiniai roletai priglud\u0119 prie lango - PIGIAU - sunnyblinds.lv","og_description":"Klasikiniai roletai priglid\u0119 prie lango \u2013 u\u017esisakykite internetu pigiau! Platus audini\u0173 pasirinkimas, kokybi\u0161ka gamyba ir greitas pristatymas.","og_url":"https:\/\/sunnyblinds.lv\/lt\/gaminys\/roletai-priglude-prie-lango\/","og_site_name":"Dextera","article_modified_time":"2026-04-08T07:21:18+00:00","og_image":[{"width":2000,"height":2000,"url":"https:\/\/sunnyblinds.lv\/wp-content\/uploads\/2023\/07\/miegam-min.png","type":"image\/png"}],"twitter_card":"summary_large_image","twitter_misc":{"Est. reading time":"2 minut\u0117s"},"schema":{"@context":"https:\/\/schema.org","@graph":[{"@type":"WebPage","@id":"https:\/\/sunnyblinds.lv\/lt\/gaminys\/roletai-priglude-prie-lango\/","url":"https:\/\/sunnyblinds.lv\/lt\/gaminys\/roletai-priglude-prie-lango\/","name":"Klasikiniai roletai priglud\u0119 prie lango - PIGIAU - sunnyblinds.lv","isPartOf":{"@id":"https:\/\/sunnyblinds.lv\/#website"},"primaryImageOfPage":{"@id":"https:\/\/sunnyblinds.lv\/lt\/gaminys\/roletai-priglude-prie-lango\/#primaryimage"},"image":{"@id":"https:\/\/sunnyblinds.lv\/lt\/gaminys\/roletai-priglude-prie-lango\/#primaryimage"},"thumbnailUrl":"https:\/\/sunnyblinds.lv\/wp-content\/uploads\/2023\/07\/miegam-min.png","datePublished":"2022-01-01T06:08:38+00:00","dateModified":"2026-04-08T07:21:18+00:00","description":"Klasikiniai roletai priglid\u0119 prie lango \u2013 u\u017esisakykite internetu pigiau! Platus audini\u0173 pasirinkimas, kokybi\u0161ka gamyba ir greitas pristatymas.","breadcrumb":{"@id":"https:\/\/sunnyblinds.lv\/lt\/gaminys\/roletai-priglude-prie-lango\/#breadcrumb"},"inLanguage":"lt-LT","potentialAction":[{"@type":"ReadAction","target":["https:\/\/sunnyblinds.lv\/lt\/gaminys\/roletai-priglude-prie-lango\/"]}]},{"@type":"ImageObject","inLanguage":"lt-LT","@id":"https:\/\/sunnyblinds.lv\/lt\/gaminys\/roletai-priglude-prie-lango\/#primaryimage","url":"https:\/\/sunnyblinds.lv\/wp-content\/uploads\/2023\/07\/miegam-min.png","contentUrl":"https:\/\/sunnyblinds.lv\/wp-content\/uploads\/2023\/07\/miegam-min.png","width":2000,"height":2000,"caption":"magamojo zona"},{"@type":"BreadcrumbList","@id":"https:\/\/sunnyblinds.lv\/lt\/gaminys\/roletai-priglude-prie-lango\/#breadcrumb","itemListElement":[{"@type":"ListItem","position":1,"name":"Home","item":"https:\/\/sunnyblinds.lv\/"},{"@type":"ListItem","position":2,"name":"Elektronin\u0117 parduotuv\u0117","item":"https:\/\/sunnyblinds.lv\/parduotuve\/"},{"@type":"ListItem","position":3,"name":"Klasikiniai roletai priglud\u0119 prie lango"}]},{"@type":"WebSite","@id":"https:\/\/sunnyblinds.lv\/#website","url":"https:\/\/sunnyblinds.lv\/","name":"Dextera","description":"LV eshop","publisher":{"@id":"https:\/\/sunnyblinds.lv\/#organization"},"potentialAction":[{"@type":"SearchAction","target":{"@type":"EntryPoint","urlTemplate":"https:\/\/sunnyblinds.lv\/?s={search_term_string}"},"query-input":{"@type":"PropertyValueSpecification","valueRequired":true,"valueName":"search_term_string"}}],"inLanguage":"lt-LT"},{"@type":"Organization","@id":"https:\/\/sunnyblinds.lv\/#organization","name":"Dextera","url":"https:\/\/sunnyblinds.lv\/","logo":{"@type":"ImageObject","inLanguage":"lt-LT","@id":"https:\/\/sunnyblinds.lv\/#\/schema\/logo\/image\/","url":"https:\/\/sunnyblinds.lv\/wp-content\/uploads\/2024\/03\/DEXTERA_su-sukiu_tamsiai-melynas-e1710914216478.png","contentUrl":"https:\/\/sunnyblinds.lv\/wp-content\/uploads\/2024\/03\/DEXTERA_su-sukiu_tamsiai-melynas-e1710914216478.png","width":200,"height":53,"caption":"Dextera"},"image":{"@id":"https:\/\/sunnyblinds.lv\/#\/schema\/logo\/image\/"}}]}},"_links":{"self":[{"href":"https:\/\/sunnyblinds.lv\/lt\/wp-json\/wp\/v2\/product\/995","targetHints":{"allow":["GET"]}}],"collection":[{"href":"https:\/\/sunnyblinds.lv\/lt\/wp-json\/wp\/v2\/product"}],"about":[{"href":"https:\/\/sunnyblinds.lv\/lt\/wp-json\/wp\/v2\/types\/product"}],"wp:featuredmedia":[{"embeddable":true,"href":"https:\/\/sunnyblinds.lv\/lt\/wp-json\/wp\/v2\/media\/205"}],"wp:attachment":[{"href":"https:\/\/sunnyblinds.lv\/lt\/wp-json\/wp\/v2\/media?parent=995"}],"wp:term":[{"taxonomy":"product_brand","embeddable":true,"href":"https:\/\/sunnyblinds.lv\/lt\/wp-json\/wp\/v2\/product_brand?post=995"},{"taxonomy":"product_cat","embeddable":true,"href":"https:\/\/sunnyblinds.lv\/lt\/wp-json\/wp\/v2\/product_cat?post=995"},{"taxonomy":"product_tag","embeddable":true,"href":"https:\/\/sunnyblinds.lv\/lt\/wp-json\/wp\/v2\/product_tag?post=995"}],"curies":[{"name":"wp","href":"https:\/\/api.w.org\/{rel}","templated":true}]}}