{"id":983,"date":"2023-11-22T08:12:12","date_gmt":"2023-11-22T06:12:12","guid":{"rendered":"https:\/\/e.dextera.lt\/?post_type=product&#038;p=983"},"modified":"2025-03-27T14:52:39","modified_gmt":"2025-03-27T12:52:39","slug":"tinklelis-roletas","status":"publish","type":"product","link":"https:\/\/sunnyblinds.lv\/lt\/gaminys\/tinklelis-roletas\/","title":{"rendered":"Tinklelis roletas"},"content":{"rendered":"<h1 data-start=\"688\" data-end=\"773\">Tinkleliai nuo uod\u0173<\/h1>\n<h3 data-start=\"688\" data-end=\"773\"><strong data-start=\"692\" data-end=\"771\">Tinklelis roletas nuo uod\u0173 \u2013 lankstus sprendimas da\u017enai varstomiems langams<\/strong><\/h3>\n<p data-start=\"774\" data-end=\"1295\"><strong data-start=\"774\" data-end=\"804\">Tinkleliai nuo uod\u0173<\/strong> roletai \u2013 tai modernus sprendimas, skirtas <strong data-start=\"840\" data-end=\"880\">da\u017enai varstomiems langams ir durims<\/strong>. \u0160is modelis turi <strong data-start=\"899\" data-end=\"920\">patog\u0173 mechanizm\u0105<\/strong>, leid\u017eiant\u012f greitai pakelti ar nuleisti tinklel\u012f pagal poreik\u012f. D\u0117l kompakti\u0161ko dizaino ir patikimos konstrukcijos, roletas u\u017eima ma\u017eai vietos, ta\u010diau efektyviai apsaugo nuo vabzd\u017ei\u0173. Jis lengvai valdomas viena ranka ir idealiai tinka tiems, kurie nori patogumo bei funkcionalumo. U\u017esisakykite <strong data-start=\"1215\" data-end=\"1249\">tinklelio rolet\u0105 nuo uod\u0173<\/strong> ir m\u0117gaukit\u0117s grynu oru be \u012fkyri\u0173 vabzd\u017ei\u0173!<\/p>\n<p>Tinkleliai yra nepakei\u010diami siekiant apsaugoti j\u016bs\u0173 namus nuo nepageidaujam\u0173 vabzd\u017ei\u0173 ir tuo pa\u010diu metu u\u017etikrinant \u0161vie\u017eio oro cirkuliacij\u0105. Pagaminti i\u0161 tvirto aliuminio profilio, \u0161ie r\u0117meliai atspar\u016bs \u012fvairioms oro s\u0105lygoms ir lengvai tvirtinami prie lang\u0173. Smulki tinklelio strukt\u016bra efektyviai saugo nuo uod\u0173, musi\u0173 ir kit\u0173 vabzd\u017ei\u0173 patekimo \u012f j\u016bs\u0173 namus, ta\u010diau neu\u017ekerta kelio nat\u016braliam v\u0117jo srautui. Montuojant nereikia papildomo gr\u0119\u017eimo &#8211; lengviausias sprendimas patogumo ir komforto m\u0117gautis j\u016bs\u0173 namuose.<\/p>\n<h3 class=\"markdown__heading\">Papildoma (tinkleliai nuo uod\u0173) informacija:<\/h3>\n<ul class=\"markdown__list\">\n<li><a href=\"https:\/\/www.youtube.com\/watch?v=YWnQ0O8yKnk&amp;t=1s\" target=\"_blank\" rel=\"noopener\"><strong>Matavimo instrukcijos: <\/strong><\/a>Paprastas matavimas.<\/li>\n<li><strong><a href=\"https:\/\/www.youtube.com\/watch?v=JtwJrpvbcfg\" target=\"_blank\" rel=\"noopener\">Montavimo instrukcijos<\/a>:<\/strong>\u00a0Lengva montuoti be gr\u0119\u017eimo.<\/li>\n<li><strong>Med\u017eiaga:<\/strong>\u00a0Aliuminio profilis ir smulkaus tinklelio strukt\u016bra.<\/li>\n<li><strong>I\u0161matavimai:<\/strong>\u00a0Galimi \u012fvair\u016bs dyd\u017eiai, atitinkantys j\u016bs\u0173 lang\u0105.<\/li>\n<\/ul>\n<h4 class=\"markdown__heading\"><a href=\"https:\/\/dextera.lt\/tinkleliai\/tinkleliai-roletai\/\" target=\"_blank\" rel=\"noopener\">Tinkleli\u0173 privalumai:<\/a><\/h4>\n<ul class=\"markdown__list\">\n<li>Patikimai apsaugo nuo \u012fvairi\u0173 vabzd\u017ei\u0173.<\/li>\n<li>Nesud\u0117tingas ir greitas montavimas.<\/li>\n<li>Ilgaam\u017ei\u0161kumas ir atsparumas oro s\u0105lygoms.<\/li>\n<\/ul>\n<p><strong><a href=\"https:\/\/sunnyblinds.lv\/kategorija\/tinkleliai-nuo-uodu\/\" target=\"_blank\" rel=\"noopener\">Tinkleli\u0173 tipai eparduotuv\u0117je -&gt;<\/a><\/strong><\/p>\n<hr \/>\n<p>Tinkeliai roletai apsaugo nuo uod\u0173 ir kit\u0173 vabzd\u017ei\u0173, lap\u0173 ir stambesni\u0173 puk\u0173 \u2013 kaip pvz., pieni\u0173 ar tuop\u0173). Apsauginiai tinkleliai nuo uod\u0173 laisvai praleid\u017eia saul\u0117s \u0161vies\u0105 ir or\u0105, suteikdami galimyb\u0119 d\u017eiaugtis gaiviu oru \u0161iltais met\u0173 laikais, apsisaugant nuo nepageidaujam\u0173 uod\u0173, museli\u0173, vabzd\u017ei\u0173. Pasir\u016bpinkite savo nam\u0173 apsauga nuo uod\u0173, musi\u0173, \u0161ir\u0161i\u0173 ir \u017eiedadulki\u0173 dabar u\u017e ypating\u0105 kain\u0105 ir netur\u0117site \u0161i\u0173 r\u016bpes\u010di\u0173.<\/p>\n","protected":false},"excerpt":{"rendered":"<p>Tinkleliai roletai nuo uod\u0173 \u2013 tinkami ne tik langams, bet ir balkono bei teras\u0173 durims, taip pat stoglangiams. Saugo nuo skraidan\u010di\u0173 vabzd\u017ei\u0173 invazijos. Mechanizmas veikia roleto principu: susukamas \u012f vir\u0161\u0173.<\/p>\n","protected":false},"featured_media":287,"template":"","meta":{"inline_featured_image":false},"product_brand":[],"product_cat":[22],"product_tag":[],"class_list":{"0":"post-983","1":"product","2":"type-product","3":"status-publish","4":"has-post-thumbnail","6":"product_cat-tinkleliai-nuo-uodu","7":"product_shipping_class-vidaus-gaminiai","8":"tm-has-options","10":"first","11":"instock","12":"taxable","13":"shipping-taxable","14":"purchasable","15":"product-type-simple"},"acf":[],"yoast_head":"<!-- This site is optimized with the Yoast SEO plugin v27.4 - https:\/\/yoast.com\/product\/yoast-seo-wordpress\/ -->\n<title>Tinkleliai nuo uod\u0173 I Roletai - sunnyblinds.lv - VISADA \u017dEMA KAINA<\/title>\n<meta name=\"description\" content=\"Tinkleliai nuo uod\u0173 langams. \u012esigykite internetu visada \u017dEMA KAINA ir m\u0117gaukit\u0117s ramiu miegu ir patogiu pristatymu visoje Lietuvoje!\" \/>\n<meta name=\"robots\" content=\"index, follow, max-snippet:-1, max-image-preview:large, max-video-preview:-1\" \/>\n<link rel=\"canonical\" href=\"https:\/\/sunnyblinds.lv\/gaminys\/tinklelis-roletas\/\" \/>\n<meta property=\"og:locale\" content=\"lt_LT\" \/>\n<meta property=\"og:type\" content=\"article\" \/>\n<meta property=\"og:title\" content=\"Tinkleliai nuo uod\u0173 I Roletai - sunnyblinds.lv - VISADA \u017dEMA KAINA\" \/>\n<meta property=\"og:description\" content=\"Tinkleliai nuo uod\u0173 langams. \u012esigykite internetu visada \u017dEMA KAINA ir m\u0117gaukit\u0117s ramiu miegu ir patogiu pristatymu visoje Lietuvoje!\" \/>\n<meta property=\"og:url\" content=\"https:\/\/sunnyblinds.lv\/gaminys\/tinklelis-roletas\/\" \/>\n<meta property=\"og:site_name\" content=\"Dextera\" \/>\n<meta property=\"article:modified_time\" content=\"2025-03-27T12:52:39+00:00\" \/>\n<meta property=\"og:image\" content=\"https:\/\/sunnyblinds.lv\/wp-content\/uploads\/2023\/08\/vonia-min.png\" \/>\n\t<meta property=\"og:image:width\" content=\"2000\" \/>\n\t<meta property=\"og:image:height\" content=\"2000\" \/>\n\t<meta property=\"og:image:type\" content=\"image\/png\" \/>\n<meta name=\"twitter:card\" content=\"summary_large_image\" \/>\n<meta name=\"twitter:label1\" content=\"Est. reading time\" \/>\n\t<meta name=\"twitter:data1\" content=\"2 minut\u0117s\" \/>\n<script type=\"application\/ld+json\" class=\"yoast-schema-graph\">{\"@context\":\"https:\\\/\\\/schema.org\",\"@graph\":[{\"@type\":\"WebPage\",\"@id\":\"https:\\\/\\\/sunnyblinds.lv\\\/gaminys\\\/tinklelis-roletas\\\/\",\"url\":\"https:\\\/\\\/sunnyblinds.lv\\\/gaminys\\\/tinklelis-roletas\\\/\",\"name\":\"Tinkleliai nuo uod\u0173 I Roletai - sunnyblinds.lv - VISADA \u017dEMA KAINA\",\"isPartOf\":{\"@id\":\"https:\\\/\\\/sunnyblinds.lv\\\/#website\"},\"primaryImageOfPage\":{\"@id\":\"https:\\\/\\\/sunnyblinds.lv\\\/gaminys\\\/tinklelis-roletas\\\/#primaryimage\"},\"image\":{\"@id\":\"https:\\\/\\\/sunnyblinds.lv\\\/gaminys\\\/tinklelis-roletas\\\/#primaryimage\"},\"thumbnailUrl\":\"https:\\\/\\\/sunnyblinds.lv\\\/wp-content\\\/uploads\\\/2023\\\/08\\\/vonia-min.png\",\"datePublished\":\"2023-11-22T06:12:12+00:00\",\"dateModified\":\"2025-03-27T12:52:39+00:00\",\"description\":\"Tinkleliai nuo uod\u0173 langams. \u012esigykite internetu visada \u017dEMA KAINA ir m\u0117gaukit\u0117s ramiu miegu ir patogiu pristatymu visoje Lietuvoje!\",\"breadcrumb\":{\"@id\":\"https:\\\/\\\/sunnyblinds.lv\\\/gaminys\\\/tinklelis-roletas\\\/#breadcrumb\"},\"inLanguage\":\"lt-LT\",\"potentialAction\":[{\"@type\":\"ReadAction\",\"target\":[\"https:\\\/\\\/sunnyblinds.lv\\\/gaminys\\\/tinklelis-roletas\\\/\"]}]},{\"@type\":\"ImageObject\",\"inLanguage\":\"lt-LT\",\"@id\":\"https:\\\/\\\/sunnyblinds.lv\\\/gaminys\\\/tinklelis-roletas\\\/#primaryimage\",\"url\":\"https:\\\/\\\/sunnyblinds.lv\\\/wp-content\\\/uploads\\\/2023\\\/08\\\/vonia-min.png\",\"contentUrl\":\"https:\\\/\\\/sunnyblinds.lv\\\/wp-content\\\/uploads\\\/2023\\\/08\\\/vonia-min.png\",\"width\":2000,\"height\":2000,\"caption\":\"vonios kambarys\"},{\"@type\":\"BreadcrumbList\",\"@id\":\"https:\\\/\\\/sunnyblinds.lv\\\/gaminys\\\/tinklelis-roletas\\\/#breadcrumb\",\"itemListElement\":[{\"@type\":\"ListItem\",\"position\":1,\"name\":\"Home\",\"item\":\"https:\\\/\\\/sunnyblinds.lv\\\/\"},{\"@type\":\"ListItem\",\"position\":2,\"name\":\"Elektronin\u0117 parduotuv\u0117\",\"item\":\"https:\\\/\\\/sunnyblinds.lv\\\/parduotuve\\\/\"},{\"@type\":\"ListItem\",\"position\":3,\"name\":\"Tinklelis roletas\"}]},{\"@type\":\"WebSite\",\"@id\":\"https:\\\/\\\/sunnyblinds.lv\\\/#website\",\"url\":\"https:\\\/\\\/sunnyblinds.lv\\\/\",\"name\":\"Dextera\",\"description\":\"LV eshop\",\"publisher\":{\"@id\":\"https:\\\/\\\/sunnyblinds.lv\\\/#organization\"},\"potentialAction\":[{\"@type\":\"SearchAction\",\"target\":{\"@type\":\"EntryPoint\",\"urlTemplate\":\"https:\\\/\\\/sunnyblinds.lv\\\/?s={search_term_string}\"},\"query-input\":{\"@type\":\"PropertyValueSpecification\",\"valueRequired\":true,\"valueName\":\"search_term_string\"}}],\"inLanguage\":\"lt-LT\"},{\"@type\":\"Organization\",\"@id\":\"https:\\\/\\\/sunnyblinds.lv\\\/#organization\",\"name\":\"Dextera\",\"url\":\"https:\\\/\\\/sunnyblinds.lv\\\/\",\"logo\":{\"@type\":\"ImageObject\",\"inLanguage\":\"lt-LT\",\"@id\":\"https:\\\/\\\/sunnyblinds.lv\\\/#\\\/schema\\\/logo\\\/image\\\/\",\"url\":\"https:\\\/\\\/sunnyblinds.lv\\\/wp-content\\\/uploads\\\/2024\\\/03\\\/DEXTERA_su-sukiu_tamsiai-melynas-e1710914216478.png\",\"contentUrl\":\"https:\\\/\\\/sunnyblinds.lv\\\/wp-content\\\/uploads\\\/2024\\\/03\\\/DEXTERA_su-sukiu_tamsiai-melynas-e1710914216478.png\",\"width\":200,\"height\":53,\"caption\":\"Dextera\"},\"image\":{\"@id\":\"https:\\\/\\\/sunnyblinds.lv\\\/#\\\/schema\\\/logo\\\/image\\\/\"}}]}<\/script>\n<!-- \/ Yoast SEO plugin. -->","yoast_head_json":{"title":"Tinkleliai nuo uod\u0173 I Roletai - sunnyblinds.lv - VISADA \u017dEMA KAINA","description":"Tinkleliai nuo uod\u0173 langams. \u012esigykite internetu visada \u017dEMA KAINA ir m\u0117gaukit\u0117s ramiu miegu ir patogiu pristatymu visoje Lietuvoje!","robots":{"index":"index","follow":"follow","max-snippet":"max-snippet:-1","max-image-preview":"max-image-preview:large","max-video-preview":"max-video-preview:-1"},"canonical":"https:\/\/sunnyblinds.lv\/gaminys\/tinklelis-roletas\/","og_locale":"lt_LT","og_type":"article","og_title":"Tinkleliai nuo uod\u0173 I Roletai - sunnyblinds.lv - VISADA \u017dEMA KAINA","og_description":"Tinkleliai nuo uod\u0173 langams. \u012esigykite internetu visada \u017dEMA KAINA ir m\u0117gaukit\u0117s ramiu miegu ir patogiu pristatymu visoje Lietuvoje!","og_url":"https:\/\/sunnyblinds.lv\/gaminys\/tinklelis-roletas\/","og_site_name":"Dextera","article_modified_time":"2025-03-27T12:52:39+00:00","og_image":[{"width":2000,"height":2000,"url":"https:\/\/sunnyblinds.lv\/wp-content\/uploads\/2023\/08\/vonia-min.png","type":"image\/png"}],"twitter_card":"summary_large_image","twitter_misc":{"Est. reading time":"2 minut\u0117s"},"schema":{"@context":"https:\/\/schema.org","@graph":[{"@type":"WebPage","@id":"https:\/\/sunnyblinds.lv\/gaminys\/tinklelis-roletas\/","url":"https:\/\/sunnyblinds.lv\/gaminys\/tinklelis-roletas\/","name":"Tinkleliai nuo uod\u0173 I Roletai - sunnyblinds.lv - VISADA \u017dEMA KAINA","isPartOf":{"@id":"https:\/\/sunnyblinds.lv\/#website"},"primaryImageOfPage":{"@id":"https:\/\/sunnyblinds.lv\/gaminys\/tinklelis-roletas\/#primaryimage"},"image":{"@id":"https:\/\/sunnyblinds.lv\/gaminys\/tinklelis-roletas\/#primaryimage"},"thumbnailUrl":"https:\/\/sunnyblinds.lv\/wp-content\/uploads\/2023\/08\/vonia-min.png","datePublished":"2023-11-22T06:12:12+00:00","dateModified":"2025-03-27T12:52:39+00:00","description":"Tinkleliai nuo uod\u0173 langams. \u012esigykite internetu visada \u017dEMA KAINA ir m\u0117gaukit\u0117s ramiu miegu ir patogiu pristatymu visoje Lietuvoje!","breadcrumb":{"@id":"https:\/\/sunnyblinds.lv\/gaminys\/tinklelis-roletas\/#breadcrumb"},"inLanguage":"lt-LT","potentialAction":[{"@type":"ReadAction","target":["https:\/\/sunnyblinds.lv\/gaminys\/tinklelis-roletas\/"]}]},{"@type":"ImageObject","inLanguage":"lt-LT","@id":"https:\/\/sunnyblinds.lv\/gaminys\/tinklelis-roletas\/#primaryimage","url":"https:\/\/sunnyblinds.lv\/wp-content\/uploads\/2023\/08\/vonia-min.png","contentUrl":"https:\/\/sunnyblinds.lv\/wp-content\/uploads\/2023\/08\/vonia-min.png","width":2000,"height":2000,"caption":"vonios kambarys"},{"@type":"BreadcrumbList","@id":"https:\/\/sunnyblinds.lv\/gaminys\/tinklelis-roletas\/#breadcrumb","itemListElement":[{"@type":"ListItem","position":1,"name":"Home","item":"https:\/\/sunnyblinds.lv\/"},{"@type":"ListItem","position":2,"name":"Elektronin\u0117 parduotuv\u0117","item":"https:\/\/sunnyblinds.lv\/parduotuve\/"},{"@type":"ListItem","position":3,"name":"Tinklelis roletas"}]},{"@type":"WebSite","@id":"https:\/\/sunnyblinds.lv\/#website","url":"https:\/\/sunnyblinds.lv\/","name":"Dextera","description":"LV eshop","publisher":{"@id":"https:\/\/sunnyblinds.lv\/#organization"},"potentialAction":[{"@type":"SearchAction","target":{"@type":"EntryPoint","urlTemplate":"https:\/\/sunnyblinds.lv\/?s={search_term_string}"},"query-input":{"@type":"PropertyValueSpecification","valueRequired":true,"valueName":"search_term_string"}}],"inLanguage":"lt-LT"},{"@type":"Organization","@id":"https:\/\/sunnyblinds.lv\/#organization","name":"Dextera","url":"https:\/\/sunnyblinds.lv\/","logo":{"@type":"ImageObject","inLanguage":"lt-LT","@id":"https:\/\/sunnyblinds.lv\/#\/schema\/logo\/image\/","url":"https:\/\/sunnyblinds.lv\/wp-content\/uploads\/2024\/03\/DEXTERA_su-sukiu_tamsiai-melynas-e1710914216478.png","contentUrl":"https:\/\/sunnyblinds.lv\/wp-content\/uploads\/2024\/03\/DEXTERA_su-sukiu_tamsiai-melynas-e1710914216478.png","width":200,"height":53,"caption":"Dextera"},"image":{"@id":"https:\/\/sunnyblinds.lv\/#\/schema\/logo\/image\/"}}]}},"_links":{"self":[{"href":"https:\/\/sunnyblinds.lv\/lt\/wp-json\/wp\/v2\/product\/983","targetHints":{"allow":["GET"]}}],"collection":[{"href":"https:\/\/sunnyblinds.lv\/lt\/wp-json\/wp\/v2\/product"}],"about":[{"href":"https:\/\/sunnyblinds.lv\/lt\/wp-json\/wp\/v2\/types\/product"}],"wp:featuredmedia":[{"embeddable":true,"href":"https:\/\/sunnyblinds.lv\/lt\/wp-json\/wp\/v2\/media\/287"}],"wp:attachment":[{"href":"https:\/\/sunnyblinds.lv\/lt\/wp-json\/wp\/v2\/media?parent=983"}],"wp:term":[{"taxonomy":"product_brand","embeddable":true,"href":"https:\/\/sunnyblinds.lv\/lt\/wp-json\/wp\/v2\/product_brand?post=983"},{"taxonomy":"product_cat","embeddable":true,"href":"https:\/\/sunnyblinds.lv\/lt\/wp-json\/wp\/v2\/product_cat?post=983"},{"taxonomy":"product_tag","embeddable":true,"href":"https:\/\/sunnyblinds.lv\/lt\/wp-json\/wp\/v2\/product_tag?post=983"}],"curies":[{"name":"wp","href":"https:\/\/api.w.org\/{rel}","templated":true}]}}