{"id":980,"date":"2023-11-22T07:31:40","date_gmt":"2023-11-22T05:31:40","guid":{"rendered":"https:\/\/e.dextera.lt\/?post_type=product&#038;p=980"},"modified":"2025-03-27T14:51:42","modified_gmt":"2025-03-27T12:51:42","slug":"tinklelis-remelis","status":"publish","type":"product","link":"https:\/\/sunnyblinds.lv\/lt\/gaminys\/tinklelis-remelis\/","title":{"rendered":"Tinklelis r\u0117melis"},"content":{"rendered":"<h1 data-start=\"147\" data-end=\"215\"><strong data-start=\"151\" data-end=\"213\">Tinkleliai nuo uod\u0173 \u2013 patikima apsauga nuo vabzd\u017ei\u0173<\/strong><\/h1>\n<p>Tinkleliai yra nepakei\u010diami siekiant apsaugoti j\u016bs\u0173 namus nuo nepageidaujam\u0173 vabzd\u017ei\u0173 ir tuo pa\u010diu metu u\u017etikrinant \u0161vie\u017eio oro cirkuliacij\u0105. Pagaminti i\u0161 tvirto aliuminio profilio, \u0161ie r\u0117meliai atspar\u016bs \u012fvairioms oro s\u0105lygoms ir lengvai tvirtinami prie lang\u0173. Smulki tinklelio strukt\u016bra efektyviai saugo nuo uod\u0173, musi\u0173 ir kit\u0173 vabzd\u017ei\u0173 patekimo \u012f j\u016bs\u0173 namus, ta\u010diau neu\u017ekerta kelio nat\u016braliam v\u0117jo srautui. Montuojant nereikia papildomo gr\u0119\u017eimo &#8211; lengviausias sprendimas patogumo ir komforto m\u0117gautis j\u016bs\u0173 namuose.<\/p>\n<h3 class=\"markdown__heading\">Papildoma (tinkleliai nuo uod\u0173) informacija:<\/h3>\n<ul class=\"markdown__list\">\n<li><a href=\"https:\/\/www.youtube.com\/watch?v=qK58ohqanOA\" target=\"_blank\" rel=\"noopener\"><strong>Matavimo instrukcijos: <\/strong><\/a>Paprastas matavimas.<\/li>\n<li><strong><a href=\"https:\/\/www.youtube.com\/watch?v=kpOOlOe3dnw\" target=\"_blank\" rel=\"noopener\">Montavimo instrukcijos<\/a>:<\/strong>\u00a0Lengva montuoti be gr\u0119\u017eimo.<\/li>\n<li><strong>Med\u017eiaga:<\/strong>\u00a0Aliuminio profilis ir smulkaus tinklelio strukt\u016bra.<\/li>\n<li><strong>I\u0161matavimai:<\/strong>\u00a0Galimi \u012fvair\u016bs dyd\u017eiai, atitinkantys j\u016bs\u0173 lang\u0105.<\/li>\n<\/ul>\n<h4 class=\"markdown__heading\"><a href=\"https:\/\/dextera.lt\/tinkleliai\/tinkleliai-remeliai\/\" target=\"_blank\" rel=\"noopener\">Tinkleli\u0173 privalumai:<\/a><\/h4>\n<ul class=\"markdown__list\">\n<li>Patikimai apsaugo nuo \u012fvairi\u0173 vabzd\u017ei\u0173.<\/li>\n<li>Nesud\u0117tingas ir greitas montavimas.<\/li>\n<li>Ilgaam\u017ei\u0161kumas ir atsparumas oro s\u0105lygoms.<\/li>\n<\/ul>\n<p><strong><a href=\"https:\/\/sunnyblinds.lv\/kategorija\/tinkleliai-nuo-uodu\/\" target=\"_blank\" rel=\"noopener\">Tinkleli\u0173 tipai eparduotuv\u0117je -&gt;<\/a><\/strong><\/p>\n<hr \/>\n<p>Tinkeliai r\u0117meliai gali b\u016bti klasikiniai (apsaugo nuo uod\u0173 ir kit\u0173 vabzd\u017ei\u0173, lap\u0173 ir stambesni\u0173 puk\u0173 \u2013 kaip pvz., pieni\u0173 ar tuop\u0173) arba antialerginiai (apsaugo nuo \u017eiedadulki\u0173, dulki\u0173, vabzd\u017ei\u0173). Apsauginiai tinkleliai laisvai praleid\u017eia saul\u0117s \u0161vies\u0105 ir or\u0105, suteikdami galimyb\u0119 d\u017eiaugtis gaiviu oru \u0161iltais met\u0173 laikais, apsisaugant nuo nepageidaujam\u0173 uod\u0173, museli\u0173, vabzd\u017ei\u0173. Pasir\u016bpinkite savo nam\u0173 apsauga nuo uod\u0173, musi\u0173, \u0161ir\u0161i\u0173 ir \u017eiedadulki\u0173 dabar u\u017e ypating\u0105 kain\u0105 ir netur\u0117site \u0161i\u0173 r\u016bpes\u010di\u0173.<\/p>\n<p data-pm-slice=\"1 1 []\"><strong>Tinkleliai nuo uod\u0173 \u2013 patikima apsauga nuo vabzd\u017ei\u0173 ir alergen\u0173<\/strong><\/p>\n<p>Tinkleliai nuo uod\u0173 yra itin prakti\u0161kas sprendimas tiems, kurie nori d\u017eiaugtis grynu oru atv\u0117rus langus ar duris, nesibaimindami \u012f patalpas patenkan\u010di\u0173 vabzd\u017ei\u0173.\u00a0<strong>DEXTERA<\/strong>\u00a0si\u016blo plat\u0173 apsaugini\u0173 tinkleli\u0173 pasirinkim\u0105, padedant\u012f apsisaugoti nuo uod\u0173, musi\u0173 ir kit\u0173 vabzd\u017ei\u0173.<\/p>\n<h2><strong><small>Apsaugini\u0173 tinkleli\u0173 pasirinkimas<\/small><\/strong><\/h2>\n<p>DEXTERA klientams si\u016blo penki\u0173 r\u016b\u0161i\u0173 tinklelius, kuri\u0173 kiekvienas yra pritaikytas skirtingiems poreikiams.<\/p>\n<h3><strong>Tinklelis r\u0117melis langams<\/strong><\/h3>\n<p><a href=\"https:\/\/dextera.lt\/tinkleliai\/tinkleliai-remeliai\/\" target=\"_blank\" rel=\"noopener\">Tinklelis r\u0117melis<\/a>\u00a0\u2013 vienas populiariausi\u0173 sprendim\u0173, skirtas apsaugai nuo uod\u0173 ir kit\u0173 vabzd\u017ei\u0173. Jis yra beveik nepastebimas, lengvai montuojamas ir pritaikomas vis\u0173 tip\u0173 langams: plastikiniams, mediniams ar aliumininiams. Galima rinktis:<\/p>\n<ul data-spread=\"false\">\n<li><strong>Klasikin\u012f tinklel\u012f<\/strong>\u00a0\u2013 apsaugo nuo vabzd\u017ei\u0173, lap\u0173 ir smulki\u0173 ter\u0161al\u0173.<\/li>\n<li><strong>Antialergin\u012f tinklel\u012f<\/strong>\u00a0\u2013 sulaiko ne tik vabzd\u017eius, bet ir ore esan\u010dias dulki\u0173 daleles bei \u017eiedadulkes.<\/li>\n<\/ul>\n","protected":false},"excerpt":{"rendered":"<p>Tinklelis nuo uod\u0173 (r\u0117melis) langams \u2013 vienas populiariausi\u0173 apsaugini\u0173 tinkleli\u0173 tip\u0173. Tinkamas vis\u0173 tip\u0173 langams (plastikiniams langams, mediniams langams), lengvai \u012fdedamas ant lang\u0173 bei nuimamas.<\/p>\n","protected":false},"featured_media":205,"template":"","meta":{"inline_featured_image":false},"product_brand":[],"product_cat":[22],"product_tag":[],"class_list":{"0":"post-980","1":"product","2":"type-product","3":"status-publish","4":"has-post-thumbnail","6":"product_cat-tinkleliai-nuo-uodu","7":"product_shipping_class-vidaus-gaminiai","8":"tm-has-options","10":"first","11":"instock","12":"taxable","13":"shipping-taxable","14":"purchasable","15":"product-type-simple"},"acf":[],"yoast_head":"<!-- This site is optimized with the Yoast SEO plugin v27.4 - https:\/\/yoast.com\/product\/yoast-seo-wordpress\/ -->\n<title>Tinkleliai Nuo Uod\u0173 \u017dema Kaina - e.dextea.lt<\/title>\n<meta name=\"description\" content=\"Tinkleliai nuo uod\u0173 ir skraidan\u010di\u0173 vabzd\u017ei\u0173, v\u0117jo ne\u0161am\u0173 p\u016bk\u0173 ar lap\u0173. \u012esigykite internetu pigiau ir m\u0117gaukit\u0117s patogiu pristatymu visoje Lietuvoje!\" \/>\n<meta name=\"robots\" content=\"index, follow, max-snippet:-1, max-image-preview:large, max-video-preview:-1\" \/>\n<link rel=\"canonical\" href=\"https:\/\/sunnyblinds.lv\/gaminys\/tinklelis-remelis\/\" \/>\n<meta property=\"og:locale\" content=\"lt_LT\" \/>\n<meta property=\"og:type\" content=\"article\" \/>\n<meta property=\"og:title\" content=\"Tinkleliai Nuo Uod\u0173 \u017dema Kaina - e.dextea.lt\" \/>\n<meta property=\"og:description\" content=\"Tinkleliai nuo uod\u0173 ir skraidan\u010di\u0173 vabzd\u017ei\u0173, v\u0117jo ne\u0161am\u0173 p\u016bk\u0173 ar lap\u0173. \u012esigykite internetu pigiau ir m\u0117gaukit\u0117s patogiu pristatymu visoje Lietuvoje!\" \/>\n<meta property=\"og:url\" content=\"https:\/\/sunnyblinds.lv\/gaminys\/tinklelis-remelis\/\" \/>\n<meta property=\"og:site_name\" content=\"Dextera\" \/>\n<meta property=\"article:modified_time\" content=\"2025-03-27T12:51:42+00:00\" \/>\n<meta property=\"og:image\" content=\"https:\/\/sunnyblinds.lv\/wp-content\/uploads\/2023\/07\/miegam-min.png\" \/>\n\t<meta property=\"og:image:width\" content=\"2000\" \/>\n\t<meta property=\"og:image:height\" content=\"2000\" \/>\n\t<meta property=\"og:image:type\" content=\"image\/png\" \/>\n<meta name=\"twitter:card\" content=\"summary_large_image\" \/>\n<meta name=\"twitter:label1\" content=\"Est. reading time\" \/>\n\t<meta name=\"twitter:data1\" content=\"2 minut\u0117s\" \/>\n<script type=\"application\/ld+json\" class=\"yoast-schema-graph\">{\"@context\":\"https:\\\/\\\/schema.org\",\"@graph\":[{\"@type\":\"WebPage\",\"@id\":\"https:\\\/\\\/sunnyblinds.lv\\\/gaminys\\\/tinklelis-remelis\\\/\",\"url\":\"https:\\\/\\\/sunnyblinds.lv\\\/gaminys\\\/tinklelis-remelis\\\/\",\"name\":\"Tinkleliai Nuo Uod\u0173 \u017dema Kaina - e.dextea.lt\",\"isPartOf\":{\"@id\":\"https:\\\/\\\/sunnyblinds.lv\\\/#website\"},\"primaryImageOfPage\":{\"@id\":\"https:\\\/\\\/sunnyblinds.lv\\\/gaminys\\\/tinklelis-remelis\\\/#primaryimage\"},\"image\":{\"@id\":\"https:\\\/\\\/sunnyblinds.lv\\\/gaminys\\\/tinklelis-remelis\\\/#primaryimage\"},\"thumbnailUrl\":\"https:\\\/\\\/sunnyblinds.lv\\\/wp-content\\\/uploads\\\/2023\\\/07\\\/miegam-min.png\",\"datePublished\":\"2023-11-22T05:31:40+00:00\",\"dateModified\":\"2025-03-27T12:51:42+00:00\",\"description\":\"Tinkleliai nuo uod\u0173 ir skraidan\u010di\u0173 vabzd\u017ei\u0173, v\u0117jo ne\u0161am\u0173 p\u016bk\u0173 ar lap\u0173. \u012esigykite internetu pigiau ir m\u0117gaukit\u0117s patogiu pristatymu visoje Lietuvoje!\",\"breadcrumb\":{\"@id\":\"https:\\\/\\\/sunnyblinds.lv\\\/gaminys\\\/tinklelis-remelis\\\/#breadcrumb\"},\"inLanguage\":\"lt-LT\",\"potentialAction\":[{\"@type\":\"ReadAction\",\"target\":[\"https:\\\/\\\/sunnyblinds.lv\\\/gaminys\\\/tinklelis-remelis\\\/\"]}]},{\"@type\":\"ImageObject\",\"inLanguage\":\"lt-LT\",\"@id\":\"https:\\\/\\\/sunnyblinds.lv\\\/gaminys\\\/tinklelis-remelis\\\/#primaryimage\",\"url\":\"https:\\\/\\\/sunnyblinds.lv\\\/wp-content\\\/uploads\\\/2023\\\/07\\\/miegam-min.png\",\"contentUrl\":\"https:\\\/\\\/sunnyblinds.lv\\\/wp-content\\\/uploads\\\/2023\\\/07\\\/miegam-min.png\",\"width\":2000,\"height\":2000,\"caption\":\"magamojo zona\"},{\"@type\":\"BreadcrumbList\",\"@id\":\"https:\\\/\\\/sunnyblinds.lv\\\/gaminys\\\/tinklelis-remelis\\\/#breadcrumb\",\"itemListElement\":[{\"@type\":\"ListItem\",\"position\":1,\"name\":\"Home\",\"item\":\"https:\\\/\\\/sunnyblinds.lv\\\/\"},{\"@type\":\"ListItem\",\"position\":2,\"name\":\"Elektronin\u0117 parduotuv\u0117\",\"item\":\"https:\\\/\\\/sunnyblinds.lv\\\/parduotuve\\\/\"},{\"@type\":\"ListItem\",\"position\":3,\"name\":\"Tinklelis r\u0117melis\"}]},{\"@type\":\"WebSite\",\"@id\":\"https:\\\/\\\/sunnyblinds.lv\\\/#website\",\"url\":\"https:\\\/\\\/sunnyblinds.lv\\\/\",\"name\":\"Dextera\",\"description\":\"LV eshop\",\"publisher\":{\"@id\":\"https:\\\/\\\/sunnyblinds.lv\\\/#organization\"},\"potentialAction\":[{\"@type\":\"SearchAction\",\"target\":{\"@type\":\"EntryPoint\",\"urlTemplate\":\"https:\\\/\\\/sunnyblinds.lv\\\/?s={search_term_string}\"},\"query-input\":{\"@type\":\"PropertyValueSpecification\",\"valueRequired\":true,\"valueName\":\"search_term_string\"}}],\"inLanguage\":\"lt-LT\"},{\"@type\":\"Organization\",\"@id\":\"https:\\\/\\\/sunnyblinds.lv\\\/#organization\",\"name\":\"Dextera\",\"url\":\"https:\\\/\\\/sunnyblinds.lv\\\/\",\"logo\":{\"@type\":\"ImageObject\",\"inLanguage\":\"lt-LT\",\"@id\":\"https:\\\/\\\/sunnyblinds.lv\\\/#\\\/schema\\\/logo\\\/image\\\/\",\"url\":\"https:\\\/\\\/sunnyblinds.lv\\\/wp-content\\\/uploads\\\/2024\\\/03\\\/DEXTERA_su-sukiu_tamsiai-melynas-e1710914216478.png\",\"contentUrl\":\"https:\\\/\\\/sunnyblinds.lv\\\/wp-content\\\/uploads\\\/2024\\\/03\\\/DEXTERA_su-sukiu_tamsiai-melynas-e1710914216478.png\",\"width\":200,\"height\":53,\"caption\":\"Dextera\"},\"image\":{\"@id\":\"https:\\\/\\\/sunnyblinds.lv\\\/#\\\/schema\\\/logo\\\/image\\\/\"}}]}<\/script>\n<!-- \/ Yoast SEO plugin. -->","yoast_head_json":{"title":"Tinkleliai Nuo Uod\u0173 \u017dema Kaina - e.dextea.lt","description":"Tinkleliai nuo uod\u0173 ir skraidan\u010di\u0173 vabzd\u017ei\u0173, v\u0117jo ne\u0161am\u0173 p\u016bk\u0173 ar lap\u0173. \u012esigykite internetu pigiau ir m\u0117gaukit\u0117s patogiu pristatymu visoje Lietuvoje!","robots":{"index":"index","follow":"follow","max-snippet":"max-snippet:-1","max-image-preview":"max-image-preview:large","max-video-preview":"max-video-preview:-1"},"canonical":"https:\/\/sunnyblinds.lv\/gaminys\/tinklelis-remelis\/","og_locale":"lt_LT","og_type":"article","og_title":"Tinkleliai Nuo Uod\u0173 \u017dema Kaina - e.dextea.lt","og_description":"Tinkleliai nuo uod\u0173 ir skraidan\u010di\u0173 vabzd\u017ei\u0173, v\u0117jo ne\u0161am\u0173 p\u016bk\u0173 ar lap\u0173. \u012esigykite internetu pigiau ir m\u0117gaukit\u0117s patogiu pristatymu visoje Lietuvoje!","og_url":"https:\/\/sunnyblinds.lv\/gaminys\/tinklelis-remelis\/","og_site_name":"Dextera","article_modified_time":"2025-03-27T12:51:42+00:00","og_image":[{"width":2000,"height":2000,"url":"https:\/\/sunnyblinds.lv\/wp-content\/uploads\/2023\/07\/miegam-min.png","type":"image\/png"}],"twitter_card":"summary_large_image","twitter_misc":{"Est. reading time":"2 minut\u0117s"},"schema":{"@context":"https:\/\/schema.org","@graph":[{"@type":"WebPage","@id":"https:\/\/sunnyblinds.lv\/gaminys\/tinklelis-remelis\/","url":"https:\/\/sunnyblinds.lv\/gaminys\/tinklelis-remelis\/","name":"Tinkleliai Nuo Uod\u0173 \u017dema Kaina - e.dextea.lt","isPartOf":{"@id":"https:\/\/sunnyblinds.lv\/#website"},"primaryImageOfPage":{"@id":"https:\/\/sunnyblinds.lv\/gaminys\/tinklelis-remelis\/#primaryimage"},"image":{"@id":"https:\/\/sunnyblinds.lv\/gaminys\/tinklelis-remelis\/#primaryimage"},"thumbnailUrl":"https:\/\/sunnyblinds.lv\/wp-content\/uploads\/2023\/07\/miegam-min.png","datePublished":"2023-11-22T05:31:40+00:00","dateModified":"2025-03-27T12:51:42+00:00","description":"Tinkleliai nuo uod\u0173 ir skraidan\u010di\u0173 vabzd\u017ei\u0173, v\u0117jo ne\u0161am\u0173 p\u016bk\u0173 ar lap\u0173. \u012esigykite internetu pigiau ir m\u0117gaukit\u0117s patogiu pristatymu visoje Lietuvoje!","breadcrumb":{"@id":"https:\/\/sunnyblinds.lv\/gaminys\/tinklelis-remelis\/#breadcrumb"},"inLanguage":"lt-LT","potentialAction":[{"@type":"ReadAction","target":["https:\/\/sunnyblinds.lv\/gaminys\/tinklelis-remelis\/"]}]},{"@type":"ImageObject","inLanguage":"lt-LT","@id":"https:\/\/sunnyblinds.lv\/gaminys\/tinklelis-remelis\/#primaryimage","url":"https:\/\/sunnyblinds.lv\/wp-content\/uploads\/2023\/07\/miegam-min.png","contentUrl":"https:\/\/sunnyblinds.lv\/wp-content\/uploads\/2023\/07\/miegam-min.png","width":2000,"height":2000,"caption":"magamojo zona"},{"@type":"BreadcrumbList","@id":"https:\/\/sunnyblinds.lv\/gaminys\/tinklelis-remelis\/#breadcrumb","itemListElement":[{"@type":"ListItem","position":1,"name":"Home","item":"https:\/\/sunnyblinds.lv\/"},{"@type":"ListItem","position":2,"name":"Elektronin\u0117 parduotuv\u0117","item":"https:\/\/sunnyblinds.lv\/parduotuve\/"},{"@type":"ListItem","position":3,"name":"Tinklelis r\u0117melis"}]},{"@type":"WebSite","@id":"https:\/\/sunnyblinds.lv\/#website","url":"https:\/\/sunnyblinds.lv\/","name":"Dextera","description":"LV eshop","publisher":{"@id":"https:\/\/sunnyblinds.lv\/#organization"},"potentialAction":[{"@type":"SearchAction","target":{"@type":"EntryPoint","urlTemplate":"https:\/\/sunnyblinds.lv\/?s={search_term_string}"},"query-input":{"@type":"PropertyValueSpecification","valueRequired":true,"valueName":"search_term_string"}}],"inLanguage":"lt-LT"},{"@type":"Organization","@id":"https:\/\/sunnyblinds.lv\/#organization","name":"Dextera","url":"https:\/\/sunnyblinds.lv\/","logo":{"@type":"ImageObject","inLanguage":"lt-LT","@id":"https:\/\/sunnyblinds.lv\/#\/schema\/logo\/image\/","url":"https:\/\/sunnyblinds.lv\/wp-content\/uploads\/2024\/03\/DEXTERA_su-sukiu_tamsiai-melynas-e1710914216478.png","contentUrl":"https:\/\/sunnyblinds.lv\/wp-content\/uploads\/2024\/03\/DEXTERA_su-sukiu_tamsiai-melynas-e1710914216478.png","width":200,"height":53,"caption":"Dextera"},"image":{"@id":"https:\/\/sunnyblinds.lv\/#\/schema\/logo\/image\/"}}]}},"_links":{"self":[{"href":"https:\/\/sunnyblinds.lv\/lt\/wp-json\/wp\/v2\/product\/980","targetHints":{"allow":["GET"]}}],"collection":[{"href":"https:\/\/sunnyblinds.lv\/lt\/wp-json\/wp\/v2\/product"}],"about":[{"href":"https:\/\/sunnyblinds.lv\/lt\/wp-json\/wp\/v2\/types\/product"}],"wp:featuredmedia":[{"embeddable":true,"href":"https:\/\/sunnyblinds.lv\/lt\/wp-json\/wp\/v2\/media\/205"}],"wp:attachment":[{"href":"https:\/\/sunnyblinds.lv\/lt\/wp-json\/wp\/v2\/media?parent=980"}],"wp:term":[{"taxonomy":"product_brand","embeddable":true,"href":"https:\/\/sunnyblinds.lv\/lt\/wp-json\/wp\/v2\/product_brand?post=980"},{"taxonomy":"product_cat","embeddable":true,"href":"https:\/\/sunnyblinds.lv\/lt\/wp-json\/wp\/v2\/product_cat?post=980"},{"taxonomy":"product_tag","embeddable":true,"href":"https:\/\/sunnyblinds.lv\/lt\/wp-json\/wp\/v2\/product_tag?post=980"}],"curies":[{"name":"wp","href":"https:\/\/api.w.org\/{rel}","templated":true}]}}