{"id":7721,"date":"2026-01-08T16:26:43","date_gmt":"2026-01-08T14:26:43","guid":{"rendered":"https:\/\/sunnyblinds.lv\/gaminys\/klasikiniai-roletai-classic-reflex-dark-grey\/"},"modified":"2026-03-17T15:07:46","modified_gmt":"2026-03-17T13:07:46","slug":"klasiskas-rullo-zaluzijas-classic-reflex-dark-grey","status":"publish","type":"product","link":"https:\/\/sunnyblinds.lv\/lt\/gaminys\/klasiskas-rullo-zaluzijas-classic-reflex-dark-grey\/","title":{"rendered":"Klasikiniai roletai"},"content":{"rendered":"<p><b><span data-contrast=\"none\">Rullo\u00a0\u017eal\u016bzijas\u00a0pret\u00a0sauli\u00a0\u2013\u00a0komforts\u00a0gai\u0161\u0101s\u00a0telp\u0101s<\/span><\/b><span data-ccp-props=\"{&quot;134233117&quot;:false,&quot;134233118&quot;:false,&quot;335559738&quot;:240,&quot;335559739&quot;:240}\">\u00a0<\/span><\/p>\n<p><span data-contrast=\"none\">Klasisk\u0101s\u00a0rullo\u00a0\u017eal\u016bzijas\u00a0internet\u0101\u00a0ir\u00a0praktisks\u00a0un\u00a0\u0113rts\u00a0risin\u0101jums\u00a0telp\u0101m,\u00a0kur\u00a0svar\u012bgi\u00a0pasarg\u0101ties\u00a0no\u00a0intens\u012bviem\u00a0saules\u00a0stariem.\u00a0\u0160\u012bs\u00a0rullo\u00a0\u017eal\u016bzijas\u00a0pal\u012bdz\u00a0rad\u012bt\u00a0komfortablu\u00a0iek\u0161telpu\u00a0vidi,\u00a0samazin\u0101t\u00a0atsp\u012bdumu\u00a0un\u00a0uztur\u0113t\u00a0pat\u012bkamu\u00a0temperat\u016bru\u00a0pat\u00a0\u013coti\u00a0gai\u0161\u0101s\u00a0telp\u0101s.<\/span><span data-ccp-props=\"{&quot;134233117&quot;:false,&quot;134233118&quot;:false,&quot;335559738&quot;:240,&quot;335559739&quot;:240}\">\u00a0<\/span><\/p>\n<p><span data-contrast=\"none\">Pateicoties\u00a0savai\u00a0univers\u0101lajai\u00a0konstrukcijai,\u00a0klasisk\u0101s\u00a0rullo\u00a0\u017eal\u016bzijas\u00a0lieliski\u00a0piem\u0113rotas\u00a0gan\u00a0dz\u012bvojam\u0101m,\u00a0gan\u00a0darba\u00a0telp\u0101m.<\/span><span data-ccp-props=\"{&quot;134233117&quot;:false,&quot;134233118&quot;:false,&quot;335559738&quot;:240,&quot;335559739&quot;:240}\">\u00a0<\/span><\/p>\n<p><b><span data-contrast=\"none\">Efekt\u012bva\u00a0aizsardz\u012bba\u00a0pret\u00a0saules\u00a0stariem<\/span><\/b><span data-ccp-props=\"{&quot;134233117&quot;:false,&quot;134233118&quot;:false,&quot;335559738&quot;:240,&quot;335559739&quot;:240}\">\u00a0<\/span><\/p>\n<p><span data-contrast=\"none\">Rullo\u00a0\u017eal\u016bzijas\u00a0\u013cauj\u00a0efekt\u012bvi\u00a0kontrol\u0113t\u00a0telp\u0101\u00a0ien\u0101ko\u0161\u0101s\u00a0gaismas\u00a0daudzumu.\u00a0T\u0101s\u00a0samazina\u00a0tie\u0161o\u00a0saules\u00a0staru\u00a0ietekmi, kas var\u00a0rad\u012bt\u00a0diskomfortu\u00a0vai\u00a0izbalin\u0101t\u00a0m\u0113beles\u00a0un\u00a0gr\u012bdas\u00a0segumu. Tas\u00a0ir\u00a0\u012bpa\u0161i\u00a0aktu\u0101li\u00a0telp\u0101m, kuru\u00a0logi\u00a0v\u0113rsti\u00a0uz\u00a0dienvidiem\u00a0vai\u00a0rietumiem,\u00a0kur\u00a0saules\u00a0starojums\u00a0ir\u00a0visintens\u012bv\u0101kais<\/span><\/p>\n<p><b><span data-contrast=\"none\">Risin\u0101jums\u00a0ikdienas\u00a0komfortam<\/span><\/b><span data-ccp-props=\"{&quot;134233117&quot;:false,&quot;134233118&quot;:false,&quot;335559738&quot;:240,&quot;335559739&quot;:240}\">\u00a0<\/span><\/p>\n<p><span data-contrast=\"none\">Pareizi\u00a0izv\u0113l\u0113tas\u00a0klasisk\u0101s\u00a0rullo\u00a0\u017eal\u016bzijas\u00a0pal\u012bdz\u00a0uztur\u0113t\u00a0l\u012bdzsvaru\u00a0starp\u00a0dabisko\u00a0apgaismojumu\u00a0un\u00a0aizsardz\u012bbu\u00a0pret\u00a0p\u0101rkar\u0161anu.\u00a0Dienas\u00a0laik\u0101\u00a0t\u0101s\u00a0m\u012bkstina\u00a0gaismu, bet\u00a0vakar\u0101\u00a0nodro\u0161ina\u00a0papildu\u00a0priv\u0101tumu.<\/span><span data-ccp-props=\"{&quot;134233117&quot;:false,&quot;134233118&quot;:false,&quot;335559738&quot;:240,&quot;335559739&quot;:240}\">\u00a0<\/span><\/p>\n<p><span data-contrast=\"none\">\u0160\u0101das\u00a0rullo\u00a0\u017eal\u016bzijas\u00a0pal\u012bdz\u00a0rad\u012bt\u00a0m\u0101j\u012bg\u0101ku\u00a0atmosf\u0113ru\u00a0un\u00a0\u013cauj\u00a0justies\u00a0komfortabli\u00a0m\u0101j\u0101s\u00a0visas\u00a0dienas\u00a0garum\u0101.<\/span><span data-ccp-props=\"{&quot;134233117&quot;:false,&quot;134233118&quot;:false,&quot;335559738&quot;:240,&quot;335559739&quot;:240}\">\u00a0<\/span><\/p>\n<p><b><span data-contrast=\"none\">Standarta\u00a0izm\u0113ri\u00a0\u2013\u00a0\u0101tra\u00a0izv\u0113le<\/span><\/b><span data-ccp-props=\"{&quot;134233117&quot;:false,&quot;134233118&quot;:false,&quot;335559738&quot;:240,&quot;335559739&quot;:240}\">\u00a0<\/span><\/p>\n<p><span data-contrast=\"none\">Standarta\u00a0izm\u0113ru\u00a0klasisk\u0101s\u00a0rullo\u00a0\u017eal\u016bzijas\u00a0internet\u0101\u00a0ir\u00a0\u0113rta\u00a0izv\u0113le\u00a0tiem,\u00a0kuri\u00a0nov\u0113rt\u0113\u00a0\u0101tru\u00a0risin\u0101jumu\u00a0\u012bsteno\u0161anu.\u00a0Skaidri\u00a0noteiktie\u00a0izm\u0113ri\u00a0\u013cauj\u00a0izvair\u012bties\u00a0no\u00a0sare\u017e\u0123\u012btiem\u00a0m\u0113r\u012bjumiem\u00a0vai\u00a0ilgsto\u0161as\u00a0saska\u0146o\u0161anas, bet\u00a0ra\u017eo\u0161anas\u00a0un\u00a0pieg\u0101des\u00a0termi\u0146i\u00a0saglab\u0101jas\u00a0\u012bsi.<\/span><span data-ccp-props=\"{&quot;134233117&quot;:false,&quot;134233118&quot;:false,&quot;335559738&quot;:240,&quot;335559739&quot;:240}\">\u00a0<\/span><\/p>\n<p><b><span data-contrast=\"none\">Vienk\u0101r\u0161a\u00a0mont\u0101\u017ea\u00a0bez\u00a0liek\u0101m\u00a0r\u016bp\u0113m<\/span><\/b><span data-ccp-props=\"{&quot;134233117&quot;:false,&quot;134233118&quot;:false,&quot;335559738&quot;:240,&quot;335559739&quot;:240}\">\u00a0<\/span><\/p>\n<p><span data-contrast=\"none\">Rullo\u00a0\u017eal\u016bzijas\u00a0ir\u00a0paredz\u0113tas\u00a0pa\u0161mont\u0101\u017eai,\u00a0t\u0101p\u0113c\u00a0to\u00a0uzst\u0101d\u012b\u0161anai\u00a0nav\u00a0nepiecie\u0161ama\u00a0meistaru\u00a0pal\u012bdz\u012bba\u00a0vai\u00a0\u012bpa\u0161i\u00a0instrumenti. Tas\u00a0\u013cauj\u00a0ietaup\u012bt\u00a0laiku\u00a0un\u00a0izvair\u012bties\u00a0no\u00a0papildu\u00a0izmaks\u0101m.<\/span><span data-ccp-props=\"{&quot;134233117&quot;:false,&quot;134233118&quot;:false,&quot;335559738&quot;:240,&quot;335559739&quot;:240}\">\u00a0<\/span><\/p>\n<p><b><span data-contrast=\"none\">Uzticams\u00a0risin\u0101jums\u00a0gai\u0161\u0101m\u00a0telp\u0101m<\/span><\/b><span data-ccp-props=\"{&quot;134233117&quot;:false,&quot;134233118&quot;:false,&quot;335559738&quot;:240,&quot;335559739&quot;:240}\">\u00a0<\/span><\/p>\n<p><span data-contrast=\"none\">Klasisk\u0101s\u00a0rullo\u00a0\u017eal\u016bzijas\u00a0internet\u0101\u00a0ir\u00a0est\u0113tisks,\u00a0funkcion\u0101ls\u00a0un\u00a0ilgm\u016b\u017e\u012bgs\u00a0risin\u0101jums, kas\u00a0pal\u012bdz\u00a0nodro\u0161in\u0101t\u00a0komfortu,\u00a0aizsardz\u012bbu\u00a0pret\u00a0sauli\u00a0un\u00a0harmonisku\u00a0interjera\u00a0izskatu\u00a0ikdien\u0101.<\/span><span data-ccp-props=\"{&quot;134233117&quot;:false,&quot;134233118&quot;:false,&quot;335559738&quot;:240,&quot;335559739&quot;:240}\">\u00a0<\/span><\/p>\n","protected":false},"excerpt":{"rendered":"<p data-start=\"140\" data-end=\"311\"><span class=\"TextRun SCXW194102252 BCX0\" lang=\"EN-US\" xml:lang=\"EN-US\" data-contrast=\"auto\"><span class=\"NormalTextRun SpellingErrorV2Themed SCXW194102252 BCX0\">Standarta<\/span><span class=\"NormalTextRun SCXW194102252 BCX0\">\u00a0<\/span><span class=\"NormalTextRun SpellingErrorV2Themed SCXW194102252 BCX0\">izm\u0113ru<\/span><span class=\"NormalTextRun SCXW194102252 BCX0\">\u00a0<\/span><span class=\"NormalTextRun SpellingErrorV2Themed SCXW194102252 BCX0\">rullo<\/span><span class=\"NormalTextRun SCXW194102252 BCX0\">\u00a0<\/span><span class=\"NormalTextRun SpellingErrorV2Themed SCXW194102252 BCX0\">\u017eal\u016bzijas<\/span><span class=\"NormalTextRun SCXW194102252 BCX0\">\u00a0<\/span><span class=\"NormalTextRun SCXW194102252 BCX0\">&#8211;\u00a0<\/span><span class=\"NormalTextRun SpellingErrorV2Themed SCXW194102252 BCX0\">\u0101trs<\/span><span class=\"NormalTextRun SCXW194102252 BCX0\">\u00a0un\u00a0<\/span><span class=\"NormalTextRun SpellingErrorV2Themed SCXW194102252 BCX0\">\u0113rts<\/span><span class=\"NormalTextRun SCXW194102252 BCX0\">\u00a0<\/span><span class=\"NormalTextRun SpellingErrorV2Themed SCXW194102252 BCX0\">risin\u0101jums<\/span><span class=\"NormalTextRun SCXW194102252 BCX0\">\u00a0<\/span><span class=\"NormalTextRun SpellingErrorV2Themed SCXW194102252 BCX0\">interjera<\/span><span class=\"NormalTextRun SCXW194102252 BCX0\">\u00a0<\/span><span class=\"NormalTextRun SpellingErrorV2Themed SCXW194102252 BCX0\">atjauno\u0161anai<\/span><span class=\"NormalTextRun SCXW194102252 BCX0\">.\u00a0<\/span><span class=\"NormalTextRun SpellingErrorV2Themed SCXW194102252 BCX0\">\u012asie<\/span><span class=\"NormalTextRun SCXW194102252 BCX0\">\u00a0<\/span><span class=\"NormalTextRun SpellingErrorV2Themed SCXW194102252 BCX0\">ra\u017eo\u0161anas<\/span><span class=\"NormalTextRun SCXW194102252 BCX0\">\u00a0<\/span><span class=\"NormalTextRun SpellingErrorV2Themed SCXW194102252 BCX0\">termi\u0146i<\/span><span class=\"NormalTextRun SCXW194102252 BCX0\">\u00a0<\/span><span class=\"NormalTextRun SpellingErrorV2Themed SCXW194102252 BCX0\">nodro\u0161ina<\/span><span class=\"NormalTextRun SCXW194102252 BCX0\">\u00a0<\/span><span class=\"NormalTextRun SpellingErrorV2Themed SCXW194102252 BCX0\">operat\u012bvu<\/span><span class=\"NormalTextRun SCXW194102252 BCX0\">\u00a0<\/span><span class=\"NormalTextRun SpellingErrorV2Themed SCXW194102252 BCX0\">pas\u016bt\u012bjuma<\/span><span class=\"NormalTextRun SCXW194102252 BCX0\">\u00a0<\/span><span class=\"NormalTextRun SpellingErrorV2Themed SCXW194102252 BCX0\">izpildi<\/span><span class=\"NormalTextRun SCXW194102252 BCX0\">\u00a0un\u00a0<\/span><span class=\"NormalTextRun SpellingErrorV2Themed SCXW194102252 BCX0\">\u0101tru<\/span><span class=\"NormalTextRun SCXW194102252 BCX0\">\u00a0<\/span><span class=\"NormalTextRun SpellingErrorV2Themed SCXW194102252 BCX0\">pieg\u0101di<\/span><span class=\"NormalTextRun SCXW194102252 BCX0\">.<\/span><\/span><span class=\"EOP Selected SCXW194102252 BCX0\" data-ccp-props=\"{&quot;134233117&quot;:false,&quot;134233118&quot;:false,&quot;335559738&quot;:240,&quot;335559739&quot;:240}\">\u00a0<\/span><\/p>\n<p data-start=\"140\" data-end=\"311\"><span style=\"text-decoration: underline;\">CLASSIC REFLEX DARK GREY &#8211; <span class=\"TextRun SCXW228541529 BCX0\" lang=\"EN-US\" xml:lang=\"EN-US\" data-contrast=\"auto\"><span class=\"NormalTextRun SCXW228541529 BCX0\">\u00a0<\/span><span class=\"NormalTextRun SpellingErrorV2Themed SCXW228541529 BCX0\">gaismu<\/span><span class=\"NormalTextRun SCXW228541529 BCX0\">\u00a0<\/span><span class=\"NormalTextRun SpellingErrorV2Themed SCXW228541529 BCX0\">atstarojo\u0161s<\/span><span class=\"NormalTextRun SCXW228541529 BCX0\">\u00a0<\/span><span class=\"NormalTextRun SpellingErrorV2Themed SCXW228541529 BCX0\">audums<\/span><span class=\"NormalTextRun SCXW228541529 BCX0\">, kas\u00a0<\/span><span class=\"NormalTextRun SpellingErrorV2Themed SCXW228541529 BCX0\">pal\u012bdz<\/span><span class=\"NormalTextRun SCXW228541529 BCX0\">\u00a0<\/span><span class=\"NormalTextRun SpellingErrorV2Themed SCXW228541529 BCX0\">samazin\u0101t<\/span><span class=\"NormalTextRun SCXW228541529 BCX0\">\u00a0<\/span><span class=\"NormalTextRun SpellingErrorV2Themed SCXW228541529 BCX0\">karstuma<\/span><span class=\"NormalTextRun SCXW228541529 BCX0\">\u00a0<\/span><span class=\"NormalTextRun SpellingErrorV2Themed SCXW228541529 BCX0\">iek\u013c\u016b\u0161anu<\/span><span class=\"NormalTextRun SCXW228541529 BCX0\">\u00a0<\/span><span class=\"NormalTextRun SpellingErrorV2Themed SCXW228541529 BCX0\">telp\u0101<\/span><span class=\"NormalTextRun SCXW228541529 BCX0\">.<\/span><\/span><span class=\"EOP SCXW228541529 BCX0\" data-ccp-props=\"{&quot;134233117&quot;:false,&quot;134233118&quot;:false,&quot;335559738&quot;:240,&quot;335559739&quot;:240}\">\u00a0<\/span><\/span><\/p>\n<p><b><span data-contrast=\"auto\">\u21d2\u00a0Piez\u012bme:<\/span><\/b><span data-contrast=\"auto\">\u00a0auduma\u00a0kr\u0101sa\u00a0un\u00a0raksts\u00a0att\u0113los\u00a0var\u00a0nedaudz\u00a0at\u0161\u0137irties\u00a0no\u00a0faktisk\u0101\u00a0izskata\u00a0da\u017e\u0101du\u00a0ekr\u0101nu\u00a0kr\u0101su\u00a0att\u0113lo\u0161anas\u00a0iestat\u012bjumu\u00a0d\u0113\u013c.<\/span><span data-ccp-props=\"{&quot;134233117&quot;:false,&quot;134233118&quot;:false,&quot;335559738&quot;:240,&quot;335559739&quot;:240}\">\u00a0<\/span><\/p>\n<p><span style=\"color: #ff0000;\"><b>Svar\u012bgi:<\/b><\/span><span data-contrast=\"auto\">\u00a0izv\u0113loties\u00a0izstr\u0101d\u0101juma\u00a0izm\u0113rus,\u00a0j\u016bs\u00a0izv\u0113laties\u00a0auduma\u00a0platumu.\u00a0Kop\u0113jais\u00a0izstr\u0101d\u0101juma\u00a0platums\u00a0b\u016bs\u00a0par\u00a0<\/span><b><span data-contrast=\"auto\">34 mm<\/span><\/b><span data-contrast=\"auto\">\u00a0liel\u0101ks,\u00a0\u0146emot\u00a0v\u0113r\u0101\u00a0izv\u0113l\u0113to\u00a0auduma\u00a0platumu.<\/span><span data-ccp-props=\"{&quot;134233117&quot;:false,&quot;134233118&quot;:false,&quot;335559738&quot;:240,&quot;335559739&quot;:240}\">\u00a0<\/span><\/p>\n","protected":false},"featured_media":7919,"template":"","meta":{"inline_featured_image":false},"product_brand":[],"product_cat":[15,36,32],"product_tag":[],"class_list":{"0":"post-7721","1":"product","2":"type-product","3":"status-publish","4":"has-post-thumbnail","6":"product_cat-produktas","7":"product_cat-vidaus-gaminiai","8":"product_cat-standartiniai-gaminiai","9":"product_shipping_class-vidaus-gaminiai","10":"pa_matmenys-cm-60-x-170","11":"pa_matmenys-cm-80-x-170","12":"tm-no-options","14":"first","15":"instock","16":"taxable","17":"shipping-taxable","18":"purchasable","19":"product-type-variable","20":"wvs-archive-product-wrapper"},"acf":[],"yoast_head":"<!-- This site is optimized with the Yoast SEO plugin v27.4 - https:\/\/yoast.com\/product\/yoast-seo-wordpress\/ -->\n<title>Klasisk\u0101s rullo \u017eal\u016bzijas \u2013 \ud83d\uded2 INTERNET\u0100 | sunnyblinds.lv<\/title>\n<meta name=\"description\" content=\"Klasisk\u0101s rullo \u017eal\u016bzijas standarta izm\u0113ros \u2013 praktisks un stil\u012bgs logu aizsegs. \u012asi ra\u017eo\u0161anas termi\u0146i un pla\u0161a audumu izv\u0113le.\" \/>\n<meta name=\"robots\" content=\"index, follow, max-snippet:-1, max-image-preview:large, max-video-preview:-1\" \/>\n<link rel=\"canonical\" href=\"https:\/\/sunnyblinds.lv\/lt\/gaminys\/klasiskas-rullo-zaluzijas-classic-reflex-dark-grey\/\" \/>\n<meta property=\"og:locale\" content=\"lt_LT\" \/>\n<meta property=\"og:type\" content=\"article\" \/>\n<meta property=\"og:title\" content=\"Klasisk\u0101s rullo \u017eal\u016bzijas \u2013 \ud83d\uded2 INTERNET\u0100 | sunnyblinds.lv\" \/>\n<meta property=\"og:description\" content=\"Klasisk\u0101s rullo \u017eal\u016bzijas standarta izm\u0113ros \u2013 praktisks un stil\u012bgs logu aizsegs. \u012asi ra\u017eo\u0161anas termi\u0146i un pla\u0161a audumu izv\u0113le.\" \/>\n<meta property=\"og:url\" content=\"https:\/\/sunnyblinds.lv\/lt\/gaminys\/klasiskas-rullo-zaluzijas-classic-reflex-dark-grey\/\" \/>\n<meta property=\"og:site_name\" content=\"Dextera\" \/>\n<meta property=\"article:modified_time\" content=\"2026-03-17T13:07:46+00:00\" \/>\n<meta property=\"og:image\" content=\"https:\/\/sunnyblinds.lv\/wp-content\/uploads\/2026\/03\/REFLEX-DARK-GREY-9119-1000x1000px.jpg\" \/>\n\t<meta property=\"og:image:width\" content=\"1000\" \/>\n\t<meta property=\"og:image:height\" content=\"1000\" \/>\n\t<meta property=\"og:image:type\" content=\"image\/jpeg\" \/>\n<meta name=\"twitter:card\" content=\"summary_large_image\" \/>\n<meta name=\"twitter:label1\" content=\"Est. reading time\" \/>\n\t<meta name=\"twitter:data1\" content=\"2 minut\u0117s\" \/>\n<script type=\"application\/ld+json\" class=\"yoast-schema-graph\">{\"@context\":\"https:\\\/\\\/schema.org\",\"@graph\":[{\"@type\":\"WebPage\",\"@id\":\"https:\\\/\\\/sunnyblinds.lv\\\/lt\\\/gaminys\\\/klasiskas-rullo-zaluzijas-classic-reflex-dark-grey\\\/\",\"url\":\"https:\\\/\\\/sunnyblinds.lv\\\/lt\\\/gaminys\\\/klasiskas-rullo-zaluzijas-classic-reflex-dark-grey\\\/\",\"name\":\"Klasisk\u0101s rullo \u017eal\u016bzijas \u2013 \ud83d\uded2 INTERNET\u0100 | sunnyblinds.lv\",\"isPartOf\":{\"@id\":\"https:\\\/\\\/sunnyblinds.lv\\\/#website\"},\"primaryImageOfPage\":{\"@id\":\"https:\\\/\\\/sunnyblinds.lv\\\/lt\\\/gaminys\\\/klasiskas-rullo-zaluzijas-classic-reflex-dark-grey\\\/#primaryimage\"},\"image\":{\"@id\":\"https:\\\/\\\/sunnyblinds.lv\\\/lt\\\/gaminys\\\/klasiskas-rullo-zaluzijas-classic-reflex-dark-grey\\\/#primaryimage\"},\"thumbnailUrl\":\"https:\\\/\\\/sunnyblinds.lv\\\/wp-content\\\/uploads\\\/2026\\\/03\\\/REFLEX-DARK-GREY-9119-1000x1000px.jpg\",\"datePublished\":\"2026-01-08T14:26:43+00:00\",\"dateModified\":\"2026-03-17T13:07:46+00:00\",\"description\":\"Klasisk\u0101s rullo \u017eal\u016bzijas standarta izm\u0113ros \u2013 praktisks un stil\u012bgs logu aizsegs. \u012asi ra\u017eo\u0161anas termi\u0146i un pla\u0161a audumu izv\u0113le.\",\"breadcrumb\":{\"@id\":\"https:\\\/\\\/sunnyblinds.lv\\\/lt\\\/gaminys\\\/klasiskas-rullo-zaluzijas-classic-reflex-dark-grey\\\/#breadcrumb\"},\"inLanguage\":\"lt-LT\",\"potentialAction\":[{\"@type\":\"ReadAction\",\"target\":[\"https:\\\/\\\/sunnyblinds.lv\\\/lt\\\/gaminys\\\/klasiskas-rullo-zaluzijas-classic-reflex-dark-grey\\\/\"]}]},{\"@type\":\"ImageObject\",\"inLanguage\":\"lt-LT\",\"@id\":\"https:\\\/\\\/sunnyblinds.lv\\\/lt\\\/gaminys\\\/klasiskas-rullo-zaluzijas-classic-reflex-dark-grey\\\/#primaryimage\",\"url\":\"https:\\\/\\\/sunnyblinds.lv\\\/wp-content\\\/uploads\\\/2026\\\/03\\\/REFLEX-DARK-GREY-9119-1000x1000px.jpg\",\"contentUrl\":\"https:\\\/\\\/sunnyblinds.lv\\\/wp-content\\\/uploads\\\/2026\\\/03\\\/REFLEX-DARK-GREY-9119-1000x1000px.jpg\",\"width\":1000,\"height\":1000},{\"@type\":\"BreadcrumbList\",\"@id\":\"https:\\\/\\\/sunnyblinds.lv\\\/lt\\\/gaminys\\\/klasiskas-rullo-zaluzijas-classic-reflex-dark-grey\\\/#breadcrumb\",\"itemListElement\":[{\"@type\":\"ListItem\",\"position\":1,\"name\":\"Home\",\"item\":\"https:\\\/\\\/sunnyblinds.lv\\\/\"},{\"@type\":\"ListItem\",\"position\":2,\"name\":\"Elektronin\u0117 parduotuv\u0117\",\"item\":\"https:\\\/\\\/sunnyblinds.lv\\\/parduotuve\\\/\"},{\"@type\":\"ListItem\",\"position\":3,\"name\":\"Klasikiniai roletai\"}]},{\"@type\":\"WebSite\",\"@id\":\"https:\\\/\\\/sunnyblinds.lv\\\/#website\",\"url\":\"https:\\\/\\\/sunnyblinds.lv\\\/\",\"name\":\"Dextera\",\"description\":\"LV eshop\",\"publisher\":{\"@id\":\"https:\\\/\\\/sunnyblinds.lv\\\/#organization\"},\"potentialAction\":[{\"@type\":\"SearchAction\",\"target\":{\"@type\":\"EntryPoint\",\"urlTemplate\":\"https:\\\/\\\/sunnyblinds.lv\\\/?s={search_term_string}\"},\"query-input\":{\"@type\":\"PropertyValueSpecification\",\"valueRequired\":true,\"valueName\":\"search_term_string\"}}],\"inLanguage\":\"lt-LT\"},{\"@type\":\"Organization\",\"@id\":\"https:\\\/\\\/sunnyblinds.lv\\\/#organization\",\"name\":\"Dextera\",\"url\":\"https:\\\/\\\/sunnyblinds.lv\\\/\",\"logo\":{\"@type\":\"ImageObject\",\"inLanguage\":\"lt-LT\",\"@id\":\"https:\\\/\\\/sunnyblinds.lv\\\/#\\\/schema\\\/logo\\\/image\\\/\",\"url\":\"https:\\\/\\\/sunnyblinds.lv\\\/wp-content\\\/uploads\\\/2024\\\/03\\\/DEXTERA_su-sukiu_tamsiai-melynas-e1710914216478.png\",\"contentUrl\":\"https:\\\/\\\/sunnyblinds.lv\\\/wp-content\\\/uploads\\\/2024\\\/03\\\/DEXTERA_su-sukiu_tamsiai-melynas-e1710914216478.png\",\"width\":200,\"height\":53,\"caption\":\"Dextera\"},\"image\":{\"@id\":\"https:\\\/\\\/sunnyblinds.lv\\\/#\\\/schema\\\/logo\\\/image\\\/\"}}]}<\/script>\n<!-- \/ Yoast SEO plugin. -->","yoast_head_json":{"title":"Klasisk\u0101s rullo \u017eal\u016bzijas \u2013 \ud83d\uded2 INTERNET\u0100 | sunnyblinds.lv","description":"Klasisk\u0101s rullo \u017eal\u016bzijas standarta izm\u0113ros \u2013 praktisks un stil\u012bgs logu aizsegs. \u012asi ra\u017eo\u0161anas termi\u0146i un pla\u0161a audumu izv\u0113le.","robots":{"index":"index","follow":"follow","max-snippet":"max-snippet:-1","max-image-preview":"max-image-preview:large","max-video-preview":"max-video-preview:-1"},"canonical":"https:\/\/sunnyblinds.lv\/lt\/gaminys\/klasiskas-rullo-zaluzijas-classic-reflex-dark-grey\/","og_locale":"lt_LT","og_type":"article","og_title":"Klasisk\u0101s rullo \u017eal\u016bzijas \u2013 \ud83d\uded2 INTERNET\u0100 | sunnyblinds.lv","og_description":"Klasisk\u0101s rullo \u017eal\u016bzijas standarta izm\u0113ros \u2013 praktisks un stil\u012bgs logu aizsegs. \u012asi ra\u017eo\u0161anas termi\u0146i un pla\u0161a audumu izv\u0113le.","og_url":"https:\/\/sunnyblinds.lv\/lt\/gaminys\/klasiskas-rullo-zaluzijas-classic-reflex-dark-grey\/","og_site_name":"Dextera","article_modified_time":"2026-03-17T13:07:46+00:00","og_image":[{"width":1000,"height":1000,"url":"https:\/\/sunnyblinds.lv\/wp-content\/uploads\/2026\/03\/REFLEX-DARK-GREY-9119-1000x1000px.jpg","type":"image\/jpeg"}],"twitter_card":"summary_large_image","twitter_misc":{"Est. reading time":"2 minut\u0117s"},"schema":{"@context":"https:\/\/schema.org","@graph":[{"@type":"WebPage","@id":"https:\/\/sunnyblinds.lv\/lt\/gaminys\/klasiskas-rullo-zaluzijas-classic-reflex-dark-grey\/","url":"https:\/\/sunnyblinds.lv\/lt\/gaminys\/klasiskas-rullo-zaluzijas-classic-reflex-dark-grey\/","name":"Klasisk\u0101s rullo \u017eal\u016bzijas \u2013 \ud83d\uded2 INTERNET\u0100 | sunnyblinds.lv","isPartOf":{"@id":"https:\/\/sunnyblinds.lv\/#website"},"primaryImageOfPage":{"@id":"https:\/\/sunnyblinds.lv\/lt\/gaminys\/klasiskas-rullo-zaluzijas-classic-reflex-dark-grey\/#primaryimage"},"image":{"@id":"https:\/\/sunnyblinds.lv\/lt\/gaminys\/klasiskas-rullo-zaluzijas-classic-reflex-dark-grey\/#primaryimage"},"thumbnailUrl":"https:\/\/sunnyblinds.lv\/wp-content\/uploads\/2026\/03\/REFLEX-DARK-GREY-9119-1000x1000px.jpg","datePublished":"2026-01-08T14:26:43+00:00","dateModified":"2026-03-17T13:07:46+00:00","description":"Klasisk\u0101s rullo \u017eal\u016bzijas standarta izm\u0113ros \u2013 praktisks un stil\u012bgs logu aizsegs. \u012asi ra\u017eo\u0161anas termi\u0146i un pla\u0161a audumu izv\u0113le.","breadcrumb":{"@id":"https:\/\/sunnyblinds.lv\/lt\/gaminys\/klasiskas-rullo-zaluzijas-classic-reflex-dark-grey\/#breadcrumb"},"inLanguage":"lt-LT","potentialAction":[{"@type":"ReadAction","target":["https:\/\/sunnyblinds.lv\/lt\/gaminys\/klasiskas-rullo-zaluzijas-classic-reflex-dark-grey\/"]}]},{"@type":"ImageObject","inLanguage":"lt-LT","@id":"https:\/\/sunnyblinds.lv\/lt\/gaminys\/klasiskas-rullo-zaluzijas-classic-reflex-dark-grey\/#primaryimage","url":"https:\/\/sunnyblinds.lv\/wp-content\/uploads\/2026\/03\/REFLEX-DARK-GREY-9119-1000x1000px.jpg","contentUrl":"https:\/\/sunnyblinds.lv\/wp-content\/uploads\/2026\/03\/REFLEX-DARK-GREY-9119-1000x1000px.jpg","width":1000,"height":1000},{"@type":"BreadcrumbList","@id":"https:\/\/sunnyblinds.lv\/lt\/gaminys\/klasiskas-rullo-zaluzijas-classic-reflex-dark-grey\/#breadcrumb","itemListElement":[{"@type":"ListItem","position":1,"name":"Home","item":"https:\/\/sunnyblinds.lv\/"},{"@type":"ListItem","position":2,"name":"Elektronin\u0117 parduotuv\u0117","item":"https:\/\/sunnyblinds.lv\/parduotuve\/"},{"@type":"ListItem","position":3,"name":"Klasikiniai roletai"}]},{"@type":"WebSite","@id":"https:\/\/sunnyblinds.lv\/#website","url":"https:\/\/sunnyblinds.lv\/","name":"Dextera","description":"LV eshop","publisher":{"@id":"https:\/\/sunnyblinds.lv\/#organization"},"potentialAction":[{"@type":"SearchAction","target":{"@type":"EntryPoint","urlTemplate":"https:\/\/sunnyblinds.lv\/?s={search_term_string}"},"query-input":{"@type":"PropertyValueSpecification","valueRequired":true,"valueName":"search_term_string"}}],"inLanguage":"lt-LT"},{"@type":"Organization","@id":"https:\/\/sunnyblinds.lv\/#organization","name":"Dextera","url":"https:\/\/sunnyblinds.lv\/","logo":{"@type":"ImageObject","inLanguage":"lt-LT","@id":"https:\/\/sunnyblinds.lv\/#\/schema\/logo\/image\/","url":"https:\/\/sunnyblinds.lv\/wp-content\/uploads\/2024\/03\/DEXTERA_su-sukiu_tamsiai-melynas-e1710914216478.png","contentUrl":"https:\/\/sunnyblinds.lv\/wp-content\/uploads\/2024\/03\/DEXTERA_su-sukiu_tamsiai-melynas-e1710914216478.png","width":200,"height":53,"caption":"Dextera"},"image":{"@id":"https:\/\/sunnyblinds.lv\/#\/schema\/logo\/image\/"}}]}},"_links":{"self":[{"href":"https:\/\/sunnyblinds.lv\/lt\/wp-json\/wp\/v2\/product\/7721","targetHints":{"allow":["GET"]}}],"collection":[{"href":"https:\/\/sunnyblinds.lv\/lt\/wp-json\/wp\/v2\/product"}],"about":[{"href":"https:\/\/sunnyblinds.lv\/lt\/wp-json\/wp\/v2\/types\/product"}],"wp:featuredmedia":[{"embeddable":true,"href":"https:\/\/sunnyblinds.lv\/lt\/wp-json\/wp\/v2\/media\/7919"}],"wp:attachment":[{"href":"https:\/\/sunnyblinds.lv\/lt\/wp-json\/wp\/v2\/media?parent=7721"}],"wp:term":[{"taxonomy":"product_brand","embeddable":true,"href":"https:\/\/sunnyblinds.lv\/lt\/wp-json\/wp\/v2\/product_brand?post=7721"},{"taxonomy":"product_cat","embeddable":true,"href":"https:\/\/sunnyblinds.lv\/lt\/wp-json\/wp\/v2\/product_cat?post=7721"},{"taxonomy":"product_tag","embeddable":true,"href":"https:\/\/sunnyblinds.lv\/lt\/wp-json\/wp\/v2\/product_tag?post=7721"}],"curies":[{"name":"wp","href":"https:\/\/api.w.org\/{rel}","templated":true}]}}