{"id":5675,"date":"2025-09-24T14:35:52","date_gmt":"2025-09-24T11:35:52","guid":{"rendered":"https:\/\/e.dextera.lt\/?post_type=product&#038;p=5675"},"modified":"2025-09-29T08:40:13","modified_gmt":"2025-09-29T05:40:13","slug":"roletas-i-diena-naktis-7710023","status":"publish","type":"product","link":"https:\/\/sunnyblinds.lv\/lt\/gaminys\/roletas-i-diena-naktis-7710023\/","title":{"rendered":"Roletas  I   DIENA-NAKTIS"},"content":{"rendered":"<h2 class=\"markdown__heading\">Roletai diena naktis <strong>(100&#215;170 cm)<\/strong> \u2013 prakti\u0161kas ir modernus lang\u0173 dengimo sprendimas<\/h2>\n<p>Ie\u0161kote prakti\u0161ko, lengvai naudojamo ir esteti\u0161kai patrauklaus lang\u0173 dengimo sprendimo savo namams ar biurui? Si\u016blome jums auk\u0161tos kokyb\u0117s roletus diena naktis (100x170cm), kuriuos galite patogiai \u012fsigyti internetu. \u0160ie roletai leid\u017eia reguliuoti patalpos ap\u0161vietim\u0105 ir u\u017etikrina norim\u0105 privatumo lyg\u012f.<\/p>\n<p><strong>Roletai diena naktis (100&#215;170 cm)<\/strong> yra pagaminti naudojant inovatyvi\u0105 dvigubo audinio technologij\u0105. Specialiai sukurtas audinys leid\u017eia lengvai reguliuoti \u0161viesos sraut\u0105 \u2013 nuo u\u017etemdymo iki \u0161velnios dienos \u0161viesos \u012f\u0117jimo. Unikalaus dizaino d\u0117ka \u0161ie roletai tampa stilingu akcentu, kuris lengvai dera tiek moderniame, tiek klasikiniame interjere.<\/p>\n<p>M\u016bs\u0173 sand\u0117lyje turime \u012fvairi\u0173 standartini\u0173 dyd\u017ei\u0173 rolet\u0173 diena naktis, \u012fskaitant j\u016bs\u0173 pasirinkt\u0105 dyd\u012f (100x170cm). Keli\u0173 skirting\u0173 spalv\u0173 asortimentas leis jums lengvai derinti roletus pagal individual\u0173 nam\u0173 ar biuro interjer\u0105. Lengva montavimo instrukcija u\u017etikrins greit\u0105, paprast\u0105 ir skland\u0173 rolet\u0173 \u012frengim\u0105.<\/p>\n<p>\u0160ie roletai i\u0161siskiria ne tik patraukliu dizainu, bet ir puikiu funkcionalumu bei ilgaam\u017ei\u0161kumu. Oro konstrukcijai palankios savyb\u0117s suma\u017eina dulki\u0173 kaupim\u0105si, tod\u0117l prie\u017ei\u016bra neu\u017eima daug laiko \u2013 u\u017etenka valyti audin\u012f \u0161velnia dr\u0117gna \u0161luostele.<\/p>\n<p>Taip pat rekomenduojame pa\u017evelgti \u012f m\u016bs\u0173 kit\u0173 dyd\u017ei\u0173 roletus diena naktis (<a class=\"theme markdown__link\" href=\"https:\/\/sunnyblinds.lv\/kategorija\/standartiniai-gaminiai\/vidaus-gaminiai\/\" target=\"_blank\" rel=\"noopener noreferrer\">\u017er. visus rolet\u0173 dyd\u017eius<\/a>), o kilus klausimams, visuomet galite kreiptis \u012f m\u016bs\u0173 specialistus d\u0117l profesionalios konsultacijos.<\/p>\n<p>\u012esigykite auk\u0161tos kokyb\u0117s roletus diena naktis (100x170cm) dabar internetu ir u\u017esitikrinkite maksimal\u0173 patogum\u0105 ir elegancij\u0105 savo interjere!<\/p>\n<p>U\u017etikrina puiki\u0105 \u0161viesos kontrol\u0119, privatumo jausm\u0105 ir eleganti\u0161k\u0105 i\u0161vaizd\u0105. Netiko \u0161is modelis? <a href=\"https:\/\/sunnyblinds.lv\/kategorija\/roletai-diena-naktis\/\" target=\"_blank\" rel=\"noopener\">Pasirinkite i\u0161 keli\u0173 spalvos variant\u0173 ir dyd\u017ei\u0173, u\u017esisakykite internetu jau dabar! <\/a>Jei jus sudomins automatinio valdymo roleti diena naktis, <a href=\"https:\/\/sunnyblinds.lv\/kategorija\/roletai-automatiniai\/\" target=\"_blank\" rel=\"noopener\">juos rasite \u010dia:<\/a><\/p>\n<p>Roletai diena naktis 100&#215;170 cm \u2013 tai idealus pasirinkimas vidutinio dyd\u017eio langams. U\u017etikrina puiki\u0105 \u0161viesos kontrol\u0119, privatumo jausm\u0105 ir eleganti\u0161k\u0105 i\u0161vaizd\u0105. Lengvai valomi bei pri\u017ei\u016brimi, pagaminti i\u0161 patvari\u0173 ir kokybi\u0161k\u0173 med\u017eiag\u0173. Pasirinkite i\u0161 keli\u0173 spalvos variant\u0173 ir u\u017esisakykite internetu jau dabar! Netiko matmenys? Pagaminsime pagl j\u016bs\u0173 matmenis, <a href=\"https:\/\/sunnyblinds.lv\/kategorija\/roletai-diena-naktis\/\" target=\"_blank\" rel=\"noopener\">rinktis \u010dia&gt;&gt;<\/a><\/p>\n","protected":false},"excerpt":{"rendered":"<p>Matmenys:<\/p>\n<p>Plotis (W) &#8211; 100 cm<\/p>\n<p>Auk\u0161tis (H) &#8211;\u00a0 170 cm<\/p>\n<p>Kodas: Nr.: 7710023<\/p>\n<p>Spalva: BH-01 B1<\/p>\n<hr \/>\n<p><em>*Audinio spalva nuotraukoje ir realyb\u0117je gali skirtis,\u00a0 d\u0117l skirtingo spalvos atvaizdavimo skirtinguose ekranuose.<\/em><\/p>\n","protected":false},"featured_media":5702,"template":"","meta":{"inline_featured_image":false},"product_brand":[],"product_cat":[36,32],"product_tag":[],"class_list":{"0":"post-5675","1":"product","2":"type-product","3":"status-publish","4":"has-post-thumbnail","6":"product_cat-vidaus-gaminiai","7":"product_cat-standartiniai-gaminiai","8":"product_shipping_class-vidaus-gaminiai","9":"tm-no-options","11":"first","12":"instock","13":"sale","14":"taxable","15":"shipping-taxable","16":"purchasable","17":"product-type-simple"},"acf":[],"yoast_head":"<!-- This site is optimized with the Yoast SEO plugin v27.4 - https:\/\/yoast.com\/product\/yoast-seo-wordpress\/ -->\n<title>Roletai diena naktis 100x170 cm \u2013 puiki kokyb\u0117 | sunnyblinds.lv<\/title>\n<meta name=\"description\" content=\"Internetu parduodami roletai diena naktis 100x170 cm \u2013 optimalus dydis, stilingas dizainas, greitai montuojami. Greitas pristatymas visoje Lietuvoje!\" \/>\n<meta name=\"robots\" content=\"index, follow, max-snippet:-1, max-image-preview:large, max-video-preview:-1\" \/>\n<link rel=\"canonical\" href=\"https:\/\/sunnyblinds.lv\/gaminys\/roletas-i-diena-naktis-7710023\/\" \/>\n<meta property=\"og:locale\" content=\"lt_LT\" \/>\n<meta property=\"og:type\" content=\"article\" \/>\n<meta property=\"og:title\" content=\"Roletai diena naktis 100x170 cm \u2013 puiki kokyb\u0117 | sunnyblinds.lv\" \/>\n<meta property=\"og:description\" content=\"Internetu parduodami roletai diena naktis 100x170 cm \u2013 optimalus dydis, stilingas dizainas, greitai montuojami. Greitas pristatymas visoje Lietuvoje!\" \/>\n<meta property=\"og:url\" content=\"https:\/\/sunnyblinds.lv\/gaminys\/roletas-i-diena-naktis-7710023\/\" \/>\n<meta property=\"og:site_name\" content=\"Dextera\" \/>\n<meta property=\"article:modified_time\" content=\"2025-09-29T05:40:13+00:00\" \/>\n<meta property=\"og:image\" content=\"https:\/\/sunnyblinds.lv\/wp-content\/uploads\/2025\/09\/Sunnyday-D-N-BH-01-vizualas-1000x1000px.jpg\" \/>\n\t<meta property=\"og:image:width\" content=\"1000\" \/>\n\t<meta property=\"og:image:height\" content=\"1000\" \/>\n\t<meta property=\"og:image:type\" content=\"image\/jpeg\" \/>\n<meta name=\"twitter:card\" content=\"summary_large_image\" \/>\n<meta name=\"twitter:label1\" content=\"Est. reading time\" \/>\n\t<meta name=\"twitter:data1\" content=\"2 minut\u0117s\" \/>\n<script type=\"application\/ld+json\" class=\"yoast-schema-graph\">{\"@context\":\"https:\\\/\\\/schema.org\",\"@graph\":[{\"@type\":\"WebPage\",\"@id\":\"https:\\\/\\\/sunnyblinds.lv\\\/gaminys\\\/roletas-i-diena-naktis-7710023\\\/\",\"url\":\"https:\\\/\\\/sunnyblinds.lv\\\/gaminys\\\/roletas-i-diena-naktis-7710023\\\/\",\"name\":\"Roletai diena naktis 100x170 cm \u2013 puiki kokyb\u0117 | sunnyblinds.lv\",\"isPartOf\":{\"@id\":\"https:\\\/\\\/sunnyblinds.lv\\\/#website\"},\"primaryImageOfPage\":{\"@id\":\"https:\\\/\\\/sunnyblinds.lv\\\/gaminys\\\/roletas-i-diena-naktis-7710023\\\/#primaryimage\"},\"image\":{\"@id\":\"https:\\\/\\\/sunnyblinds.lv\\\/gaminys\\\/roletas-i-diena-naktis-7710023\\\/#primaryimage\"},\"thumbnailUrl\":\"https:\\\/\\\/sunnyblinds.lv\\\/wp-content\\\/uploads\\\/2025\\\/09\\\/Sunnyday-D-N-BH-01-vizualas-1000x1000px.jpg\",\"datePublished\":\"2025-09-24T11:35:52+00:00\",\"dateModified\":\"2025-09-29T05:40:13+00:00\",\"description\":\"Internetu parduodami roletai diena naktis 100x170 cm \u2013 optimalus dydis, stilingas dizainas, greitai montuojami. Greitas pristatymas visoje Lietuvoje!\",\"breadcrumb\":{\"@id\":\"https:\\\/\\\/sunnyblinds.lv\\\/gaminys\\\/roletas-i-diena-naktis-7710023\\\/#breadcrumb\"},\"inLanguage\":\"lt-LT\",\"potentialAction\":[{\"@type\":\"ReadAction\",\"target\":[\"https:\\\/\\\/sunnyblinds.lv\\\/gaminys\\\/roletas-i-diena-naktis-7710023\\\/\"]}]},{\"@type\":\"ImageObject\",\"inLanguage\":\"lt-LT\",\"@id\":\"https:\\\/\\\/sunnyblinds.lv\\\/gaminys\\\/roletas-i-diena-naktis-7710023\\\/#primaryimage\",\"url\":\"https:\\\/\\\/sunnyblinds.lv\\\/wp-content\\\/uploads\\\/2025\\\/09\\\/Sunnyday-D-N-BH-01-vizualas-1000x1000px.jpg\",\"contentUrl\":\"https:\\\/\\\/sunnyblinds.lv\\\/wp-content\\\/uploads\\\/2025\\\/09\\\/Sunnyday-D-N-BH-01-vizualas-1000x1000px.jpg\",\"width\":1000,\"height\":1000,\"caption\":\"sunnyday roletai Dextera\"},{\"@type\":\"BreadcrumbList\",\"@id\":\"https:\\\/\\\/sunnyblinds.lv\\\/gaminys\\\/roletas-i-diena-naktis-7710023\\\/#breadcrumb\",\"itemListElement\":[{\"@type\":\"ListItem\",\"position\":1,\"name\":\"Home\",\"item\":\"https:\\\/\\\/sunnyblinds.lv\\\/\"},{\"@type\":\"ListItem\",\"position\":2,\"name\":\"Elektronin\u0117 parduotuv\u0117\",\"item\":\"https:\\\/\\\/sunnyblinds.lv\\\/parduotuve\\\/\"},{\"@type\":\"ListItem\",\"position\":3,\"name\":\"Roletas I DIENA-NAKTIS\"}]},{\"@type\":\"WebSite\",\"@id\":\"https:\\\/\\\/sunnyblinds.lv\\\/#website\",\"url\":\"https:\\\/\\\/sunnyblinds.lv\\\/\",\"name\":\"Dextera\",\"description\":\"LV eshop\",\"publisher\":{\"@id\":\"https:\\\/\\\/sunnyblinds.lv\\\/#organization\"},\"potentialAction\":[{\"@type\":\"SearchAction\",\"target\":{\"@type\":\"EntryPoint\",\"urlTemplate\":\"https:\\\/\\\/sunnyblinds.lv\\\/?s={search_term_string}\"},\"query-input\":{\"@type\":\"PropertyValueSpecification\",\"valueRequired\":true,\"valueName\":\"search_term_string\"}}],\"inLanguage\":\"lt-LT\"},{\"@type\":\"Organization\",\"@id\":\"https:\\\/\\\/sunnyblinds.lv\\\/#organization\",\"name\":\"Dextera\",\"url\":\"https:\\\/\\\/sunnyblinds.lv\\\/\",\"logo\":{\"@type\":\"ImageObject\",\"inLanguage\":\"lt-LT\",\"@id\":\"https:\\\/\\\/sunnyblinds.lv\\\/#\\\/schema\\\/logo\\\/image\\\/\",\"url\":\"https:\\\/\\\/sunnyblinds.lv\\\/wp-content\\\/uploads\\\/2024\\\/03\\\/DEXTERA_su-sukiu_tamsiai-melynas-e1710914216478.png\",\"contentUrl\":\"https:\\\/\\\/sunnyblinds.lv\\\/wp-content\\\/uploads\\\/2024\\\/03\\\/DEXTERA_su-sukiu_tamsiai-melynas-e1710914216478.png\",\"width\":200,\"height\":53,\"caption\":\"Dextera\"},\"image\":{\"@id\":\"https:\\\/\\\/sunnyblinds.lv\\\/#\\\/schema\\\/logo\\\/image\\\/\"}}]}<\/script>\n<!-- \/ Yoast SEO plugin. -->","yoast_head_json":{"title":"Roletai diena naktis 100x170 cm \u2013 puiki kokyb\u0117 | sunnyblinds.lv","description":"Internetu parduodami roletai diena naktis 100x170 cm \u2013 optimalus dydis, stilingas dizainas, greitai montuojami. Greitas pristatymas visoje Lietuvoje!","robots":{"index":"index","follow":"follow","max-snippet":"max-snippet:-1","max-image-preview":"max-image-preview:large","max-video-preview":"max-video-preview:-1"},"canonical":"https:\/\/sunnyblinds.lv\/gaminys\/roletas-i-diena-naktis-7710023\/","og_locale":"lt_LT","og_type":"article","og_title":"Roletai diena naktis 100x170 cm \u2013 puiki kokyb\u0117 | sunnyblinds.lv","og_description":"Internetu parduodami roletai diena naktis 100x170 cm \u2013 optimalus dydis, stilingas dizainas, greitai montuojami. Greitas pristatymas visoje Lietuvoje!","og_url":"https:\/\/sunnyblinds.lv\/gaminys\/roletas-i-diena-naktis-7710023\/","og_site_name":"Dextera","article_modified_time":"2025-09-29T05:40:13+00:00","og_image":[{"width":1000,"height":1000,"url":"https:\/\/sunnyblinds.lv\/wp-content\/uploads\/2025\/09\/Sunnyday-D-N-BH-01-vizualas-1000x1000px.jpg","type":"image\/jpeg"}],"twitter_card":"summary_large_image","twitter_misc":{"Est. reading time":"2 minut\u0117s"},"schema":{"@context":"https:\/\/schema.org","@graph":[{"@type":"WebPage","@id":"https:\/\/sunnyblinds.lv\/gaminys\/roletas-i-diena-naktis-7710023\/","url":"https:\/\/sunnyblinds.lv\/gaminys\/roletas-i-diena-naktis-7710023\/","name":"Roletai diena naktis 100x170 cm \u2013 puiki kokyb\u0117 | sunnyblinds.lv","isPartOf":{"@id":"https:\/\/sunnyblinds.lv\/#website"},"primaryImageOfPage":{"@id":"https:\/\/sunnyblinds.lv\/gaminys\/roletas-i-diena-naktis-7710023\/#primaryimage"},"image":{"@id":"https:\/\/sunnyblinds.lv\/gaminys\/roletas-i-diena-naktis-7710023\/#primaryimage"},"thumbnailUrl":"https:\/\/sunnyblinds.lv\/wp-content\/uploads\/2025\/09\/Sunnyday-D-N-BH-01-vizualas-1000x1000px.jpg","datePublished":"2025-09-24T11:35:52+00:00","dateModified":"2025-09-29T05:40:13+00:00","description":"Internetu parduodami roletai diena naktis 100x170 cm \u2013 optimalus dydis, stilingas dizainas, greitai montuojami. Greitas pristatymas visoje Lietuvoje!","breadcrumb":{"@id":"https:\/\/sunnyblinds.lv\/gaminys\/roletas-i-diena-naktis-7710023\/#breadcrumb"},"inLanguage":"lt-LT","potentialAction":[{"@type":"ReadAction","target":["https:\/\/sunnyblinds.lv\/gaminys\/roletas-i-diena-naktis-7710023\/"]}]},{"@type":"ImageObject","inLanguage":"lt-LT","@id":"https:\/\/sunnyblinds.lv\/gaminys\/roletas-i-diena-naktis-7710023\/#primaryimage","url":"https:\/\/sunnyblinds.lv\/wp-content\/uploads\/2025\/09\/Sunnyday-D-N-BH-01-vizualas-1000x1000px.jpg","contentUrl":"https:\/\/sunnyblinds.lv\/wp-content\/uploads\/2025\/09\/Sunnyday-D-N-BH-01-vizualas-1000x1000px.jpg","width":1000,"height":1000,"caption":"sunnyday roletai Dextera"},{"@type":"BreadcrumbList","@id":"https:\/\/sunnyblinds.lv\/gaminys\/roletas-i-diena-naktis-7710023\/#breadcrumb","itemListElement":[{"@type":"ListItem","position":1,"name":"Home","item":"https:\/\/sunnyblinds.lv\/"},{"@type":"ListItem","position":2,"name":"Elektronin\u0117 parduotuv\u0117","item":"https:\/\/sunnyblinds.lv\/parduotuve\/"},{"@type":"ListItem","position":3,"name":"Roletas I DIENA-NAKTIS"}]},{"@type":"WebSite","@id":"https:\/\/sunnyblinds.lv\/#website","url":"https:\/\/sunnyblinds.lv\/","name":"Dextera","description":"LV eshop","publisher":{"@id":"https:\/\/sunnyblinds.lv\/#organization"},"potentialAction":[{"@type":"SearchAction","target":{"@type":"EntryPoint","urlTemplate":"https:\/\/sunnyblinds.lv\/?s={search_term_string}"},"query-input":{"@type":"PropertyValueSpecification","valueRequired":true,"valueName":"search_term_string"}}],"inLanguage":"lt-LT"},{"@type":"Organization","@id":"https:\/\/sunnyblinds.lv\/#organization","name":"Dextera","url":"https:\/\/sunnyblinds.lv\/","logo":{"@type":"ImageObject","inLanguage":"lt-LT","@id":"https:\/\/sunnyblinds.lv\/#\/schema\/logo\/image\/","url":"https:\/\/sunnyblinds.lv\/wp-content\/uploads\/2024\/03\/DEXTERA_su-sukiu_tamsiai-melynas-e1710914216478.png","contentUrl":"https:\/\/sunnyblinds.lv\/wp-content\/uploads\/2024\/03\/DEXTERA_su-sukiu_tamsiai-melynas-e1710914216478.png","width":200,"height":53,"caption":"Dextera"},"image":{"@id":"https:\/\/sunnyblinds.lv\/#\/schema\/logo\/image\/"}}]}},"_links":{"self":[{"href":"https:\/\/sunnyblinds.lv\/lt\/wp-json\/wp\/v2\/product\/5675","targetHints":{"allow":["GET"]}}],"collection":[{"href":"https:\/\/sunnyblinds.lv\/lt\/wp-json\/wp\/v2\/product"}],"about":[{"href":"https:\/\/sunnyblinds.lv\/lt\/wp-json\/wp\/v2\/types\/product"}],"wp:featuredmedia":[{"embeddable":true,"href":"https:\/\/sunnyblinds.lv\/lt\/wp-json\/wp\/v2\/media\/5702"}],"wp:attachment":[{"href":"https:\/\/sunnyblinds.lv\/lt\/wp-json\/wp\/v2\/media?parent=5675"}],"wp:term":[{"taxonomy":"product_brand","embeddable":true,"href":"https:\/\/sunnyblinds.lv\/lt\/wp-json\/wp\/v2\/product_brand?post=5675"},{"taxonomy":"product_cat","embeddable":true,"href":"https:\/\/sunnyblinds.lv\/lt\/wp-json\/wp\/v2\/product_cat?post=5675"},{"taxonomy":"product_tag","embeddable":true,"href":"https:\/\/sunnyblinds.lv\/lt\/wp-json\/wp\/v2\/product_tag?post=5675"}],"curies":[{"name":"wp","href":"https:\/\/api.w.org\/{rel}","templated":true}]}}