{"id":4255,"date":"2025-01-28T11:35:35","date_gmt":"2025-01-28T09:35:35","guid":{"rendered":"https:\/\/e.dextera.lt\/?post_type=product&#038;p=4255"},"modified":"2025-07-29T10:14:34","modified_gmt":"2025-07-29T07:14:34","slug":"terasine-markize-apollo-5000x3500-7742110","status":"publish","type":"product","link":"https:\/\/sunnyblinds.lv\/lt\/gaminys\/terasine-markize-apollo-5000x3500-7742110\/","title":{"rendered":"Terasin\u0117 markiz\u0117 APOLLO (5000&#215;3500)"},"content":{"rendered":"<h1 class=\"markdown__heading\" style=\"text-align: justify;\">Terasin\u0117 markiz\u0117 APOLLO \u2013 Funkcionalumas ir komfortas j\u016bs\u0173 terasoje<\/h1>\n<p>Terasin\u0117 markiz\u0117<a href=\"https:\/\/dextera.lt\/markizes-pavesines\/terasines-markizes\/apollo\/\" target=\"_blank\" rel=\"noopener\"> <strong>APOLLO<\/strong> <\/a>\u2013 puikus sprendimas j\u016bs\u0173 nam\u0173 balkonams, terasoms ar caf\u00e9 tipo erdv\u0117ms. Tvirtas ir atsparus audinys u\u017etikrina ilgalaik\u0119 apsaug\u0105 nuo kaitrios saul\u0117s bei smulkaus lietaus, leisdamas m\u0117gautis poilsiu gryname ore.<\/p>\n<h2 class=\"markdown__heading\">Konstrukcijos ir audinio privalumai<\/h2>\n<p>Konstrukcija pagaminta i\u0161 auk\u0161tos kokyb\u0117s aliuminio lydinio, dengto milteliniu b\u016bdu, tod\u0117l pavir\u0161ius yra atsparus korozijai, brai\u017eymui ir oro s\u0105lyg\u0173 \u012ftakai. Aliuminio alk\u016bn\u0117s sujungtos specialia grandine, garantuojan\u010dia stabilum\u0105 ir patvarum\u0105.<\/p>\n<h2 class=\"markdown__heading\">Terasin\u0117 markiz\u0117 Apollo: Eksploatacijos ir prie\u017ei\u016bros privalumai<\/h2>\n<p>Markiz\u0117s prie\u017ei\u016br\u0105 palengvina speciali \u0161onin\u0117 vandens nub\u0117gimo sistema ir technin\u0117s detal\u0117s, apsaugotos plastiko dangteliais.<\/p>\n<h3 class=\"markdown__heading\">Montavimo instrukcijos ir svarbios pastabos<\/h3>\n<p><a class=\"theme markdown__link\" href=\"https:\/\/sunnyblinds.lv\/wp-content\/uploads\/2025\/03\/Dextera-Montavimo-instrukcijos-Apollo-2025-03-01.pdf\" target=\"_blank\" rel=\"noopener noreferrer\"><strong>Markiz\u0117s APOLLO montavimo instrukcija \u010dia \u2192<\/strong><\/a><\/p>\n<ul class=\"markdown__list\">\n<li><strong>Gaminio kodas:<b>7742100<\/b><\/strong><\/li>\n<li><strong>Gaminio matmenys:<\/strong>\u00a0plotis 5000 mm; gylis 3500 mm<\/li>\n<li>Rankinis valdymas kair\u0117je pus\u0117je<\/li>\n<li style=\"text-align: left;\">Audinio spalva &#8211; tamsiai pilka, antracito<\/li>\n<li>Konstrukcijos spalva: antracito<\/li>\n<li>Galimyb\u0117 reguliuoti nuolyd\u017eio kamp\u0105<\/li>\n<\/ul>\n<h3 class=\"markdown__heading\">Atsargumo priemon\u0117s<\/h3>\n<p><em>Prie\u0161 u\u017esakydami markiz\u0119, \u012fsitikinkite d\u0117l montuojamo ploto dyd\u017eio ir tinkamumo.\u00a0<\/em><\/p>\n<p>Visas markizes esan\u010dias sand\u0117lyje <a href=\"https:\/\/sunnyblinds.lv\/kategorija\/standartiniai-gaminiai\/lauko-gaminiai\/\" target=\"_blank\" rel=\"noopener\">rasite \u010dia:\u00a0<\/a><\/p>\n","protected":false},"excerpt":{"rendered":"<p>Pusiau kasetin\u0117, rankinio valdymo terasin\u0117 markiz\u0117 APOLLO pasi\u017eymi tvirtumu ir rafinuotu dizainu. Jos konstrukcijos detal\u0117s pagamintos i\u0161 specialaus aliuminio lydinio, o mechanizmai da\u017eyti milteliniu b\u016bdu \u2013 taip nuda\u017eytos detal\u0117s turi lygi\u0105, atspari\u0105 \u012fbr\u0117\u017eimams ir pavir\u0161i\u0173 apsaugan\u010di\u0105 dang\u0105.<\/p>\n<p>Markiz\u0117 itin paprastai sumontuojama, o \u0161onin\u0117 vandens nub\u0117gimo sistema palengvina prie\u017ei\u016br\u0105.<\/p>\n<ul>\n<li><strong>Gaminio kodas: <b>7742100<\/b><\/strong><\/li>\n<li><strong>Gaminio matmenys:\u00a0<\/strong> plotis 5000 mm; gylis 3500 mm<\/li>\n<li>Rankinis valdymas kair\u0117je pus\u0117je.<\/li>\n<li>Audinio spalva &#8211; tamsiai pilka, antracito.<\/li>\n<li>Markiz\u0117s audinys su bangele, kuri papildomai apsaugo nuo \u017eemai krentan\u010di\u0173 saul\u0117s spinduli\u0173.<\/li>\n<li>Kontrukcijos spalva: antracito<\/li>\n<li>Aliuminin\u0117s alk\u016bn\u0117s lankstuose sujungtos grandine, tod\u0117l tokia konstrukcija yra itin patvari. Sujungimo vietose naudojamos vibracij\u0105 sugerian\u010dios gumos.<\/li>\n<li>Technin\u0117s detal\u0117s (ner\u016bdijan\u010dio plieno var\u017etai, profili\u0173 galai) papildomai apsaugotos plastiko dangteliais, tod\u0117l nesikaupia dulk\u0117s, u\u017ekertamas kelias apsigyventi vabzd\u017eiams ir voragyviams.<\/li>\n<li>Galimyb\u0117 reguliuoti nuolyd\u017eio kamp\u0105.<\/li>\n<\/ul>\n<p><strong>Markiz\u0117 APOLLO \u2013 jauki erdv\u0117 jums ir j\u016bs\u0173 sve\u010diams!<\/strong><\/p>\n<hr \/>\n<p><span style=\"color: #ff0000;\">SVARBU!<\/span><\/p>\n<div class=\"content-width-custom\">\n<p><em>Prie\u0161 u\u017esakydami markiz\u0119, \u012fsitikinkite, kad u\u017esakoma markiz\u0117 tilps ant sienos, kur planuojamas montavimas. Pasir\u016bpinkite ir b\u016bkite tikri, jog tur\u0117site galimyb\u0117 susimontuoti gamin\u012f.<\/em><\/p>\n<p><em>Tvirtinimo elementai n\u0117ra pridedami. Tvirtinimo elementus (var\u017etus, inkarus ir pan.) b\u016btina \u012fsigyti prie\u0161 montavim\u0105, atsi\u017evelgiant \u012f sienos strukt\u016br\u0105, \u012f kuri\u0105 bus tvirtinama. Jei nesate tikri d\u0117l tvirtinimo element\u0173 pasirinkimo, pasitarkite su \u0161ios srities (tvirtinimo element\u0173) specialistais, perkant elektronin\u0117je parduotuv\u0117je markiz\u0117s montavimo paslauga neteikiama.<\/em><\/p>\n<p><em>Prie\u0161 \u012fsigydami ar montuodami markiz\u0119, matavimo rulet\u0117s pagalba i\u0161matuokite erdv\u0119 (sien\u0105), ant kurios montuosite markiz\u0119. Markiz\u0117s montavimui reikalingas plotis yra lygus markiz\u0117s plo\u010diui + 5 cm. laisvumo i\u0161 abiej\u0173 markiz\u0117s pusi\u0173. Montavimui reikalingas auk\u0161tis yra 30 cm.<\/em><\/p>\n<p><strong>Kaip sumontuoti terasin\u0119 markiz\u0119 APOLLO<\/strong>\u00a0<span style=\"color: #3366ff;\"><a style=\"color: #3366ff;\" href=\"https:\/\/sunnyblinds.lv\/wp-content\/uploads\/2025\/03\/Dextera-Montavimo-instrukcijos-Apollo-2025-03-01.pdf\" target=\"_blank\" rel=\"noopener\">\u017ei\u016br\u0117ti \u010dia -&gt;<\/a><\/span><\/p>\n<\/div>\n<hr \/>\n<p><em>*Markiz\u0117s audinio ir konstrukcijos spalva nuotraukoje ir realyb\u0117je gali skirtis,\u00a0 d\u0117l skirtingo spalvos atvaizdavimo skirtinguose ekranuose.<\/em><\/p>\n","protected":false},"featured_media":4256,"template":"","meta":{"inline_featured_image":false},"product_brand":[],"product_cat":[38,32,41,60],"product_tag":[],"class_list":{"0":"post-4255","1":"product","2":"type-product","3":"status-publish","4":"has-post-thumbnail","6":"product_cat-lauko-gaminiai","7":"product_cat-standartiniai-gaminiai","8":"product_cat-standartiniu-matmenu-markizes","9":"product_cat-terasines-markizes-internetu","10":"product_shipping_class-isores-gaminiai","11":"tm-no-options","13":"first","14":"instock","15":"taxable","16":"shipping-taxable","17":"purchasable","18":"product-type-simple"},"acf":[],"yoast_head":"<!-- This site is optimized with the Yoast SEO plugin v27.4 - https:\/\/yoast.com\/product\/yoast-seo-wordpress\/ -->\n<title>Terasin\u0117 markiz\u0117 APOLLO (5000x3500) - internetu pigiau!<\/title>\n<meta name=\"description\" content=\"Terasin\u0117 markiz\u0117 APOLLO internetu \u2013 tvirtos, stilingos ir lengvai valdomos. Efektyvi apsauga nuo saul\u0117s terasai. Greitas pristatymas visoje Lietuvoje!\" \/>\n<meta name=\"robots\" content=\"index, follow, max-snippet:-1, max-image-preview:large, max-video-preview:-1\" \/>\n<link rel=\"canonical\" href=\"https:\/\/sunnyblinds.lv\/gaminys\/terasine-markize-apollo-5000x3500-7742110\/\" \/>\n<meta property=\"og:locale\" content=\"lt_LT\" \/>\n<meta property=\"og:type\" content=\"article\" \/>\n<meta property=\"og:title\" content=\"Terasin\u0117 markiz\u0117 APOLLO (5000x3500) - internetu pigiau!\" \/>\n<meta property=\"og:description\" content=\"Terasin\u0117 markiz\u0117 APOLLO internetu \u2013 tvirtos, stilingos ir lengvai valdomos. Efektyvi apsauga nuo saul\u0117s terasai. Greitas pristatymas visoje Lietuvoje!\" \/>\n<meta property=\"og:url\" content=\"https:\/\/sunnyblinds.lv\/gaminys\/terasine-markize-apollo-5000x3500-7742110\/\" \/>\n<meta property=\"og:site_name\" content=\"Dextera\" \/>\n<meta property=\"article:modified_time\" content=\"2025-07-29T07:14:34+00:00\" \/>\n<meta property=\"og:image\" content=\"https:\/\/sunnyblinds.lv\/wp-content\/uploads\/2025\/01\/apollo-markize-dextera.jpg\" \/>\n\t<meta property=\"og:image:width\" content=\"900\" \/>\n\t<meta property=\"og:image:height\" content=\"900\" \/>\n\t<meta property=\"og:image:type\" content=\"image\/jpeg\" \/>\n<meta name=\"twitter:card\" content=\"summary_large_image\" \/>\n<meta name=\"twitter:label1\" content=\"Est. reading time\" \/>\n\t<meta name=\"twitter:data1\" content=\"2 minut\u0117s\" \/>\n<script type=\"application\/ld+json\" class=\"yoast-schema-graph\">{\"@context\":\"https:\\\/\\\/schema.org\",\"@graph\":[{\"@type\":\"WebPage\",\"@id\":\"https:\\\/\\\/sunnyblinds.lv\\\/gaminys\\\/terasine-markize-apollo-5000x3500-7742110\\\/\",\"url\":\"https:\\\/\\\/sunnyblinds.lv\\\/gaminys\\\/terasine-markize-apollo-5000x3500-7742110\\\/\",\"name\":\"Terasin\u0117 markiz\u0117 APOLLO (5000x3500) - internetu pigiau!\",\"isPartOf\":{\"@id\":\"https:\\\/\\\/sunnyblinds.lv\\\/#website\"},\"primaryImageOfPage\":{\"@id\":\"https:\\\/\\\/sunnyblinds.lv\\\/gaminys\\\/terasine-markize-apollo-5000x3500-7742110\\\/#primaryimage\"},\"image\":{\"@id\":\"https:\\\/\\\/sunnyblinds.lv\\\/gaminys\\\/terasine-markize-apollo-5000x3500-7742110\\\/#primaryimage\"},\"thumbnailUrl\":\"https:\\\/\\\/sunnyblinds.lv\\\/wp-content\\\/uploads\\\/2025\\\/01\\\/apollo-markize-dextera.jpg\",\"datePublished\":\"2025-01-28T09:35:35+00:00\",\"dateModified\":\"2025-07-29T07:14:34+00:00\",\"description\":\"Terasin\u0117 markiz\u0117 APOLLO internetu \u2013 tvirtos, stilingos ir lengvai valdomos. Efektyvi apsauga nuo saul\u0117s terasai. Greitas pristatymas visoje Lietuvoje!\",\"breadcrumb\":{\"@id\":\"https:\\\/\\\/sunnyblinds.lv\\\/gaminys\\\/terasine-markize-apollo-5000x3500-7742110\\\/#breadcrumb\"},\"inLanguage\":\"lt-LT\",\"potentialAction\":[{\"@type\":\"ReadAction\",\"target\":[\"https:\\\/\\\/sunnyblinds.lv\\\/gaminys\\\/terasine-markize-apollo-5000x3500-7742110\\\/\"]}]},{\"@type\":\"ImageObject\",\"inLanguage\":\"lt-LT\",\"@id\":\"https:\\\/\\\/sunnyblinds.lv\\\/gaminys\\\/terasine-markize-apollo-5000x3500-7742110\\\/#primaryimage\",\"url\":\"https:\\\/\\\/sunnyblinds.lv\\\/wp-content\\\/uploads\\\/2025\\\/01\\\/apollo-markize-dextera.jpg\",\"contentUrl\":\"https:\\\/\\\/sunnyblinds.lv\\\/wp-content\\\/uploads\\\/2025\\\/01\\\/apollo-markize-dextera.jpg\",\"width\":900,\"height\":900,\"caption\":\"Terasin\u0117 markiz\u0117 APOLLO dextera\"},{\"@type\":\"BreadcrumbList\",\"@id\":\"https:\\\/\\\/sunnyblinds.lv\\\/gaminys\\\/terasine-markize-apollo-5000x3500-7742110\\\/#breadcrumb\",\"itemListElement\":[{\"@type\":\"ListItem\",\"position\":1,\"name\":\"Home\",\"item\":\"https:\\\/\\\/sunnyblinds.lv\\\/\"},{\"@type\":\"ListItem\",\"position\":2,\"name\":\"Elektronin\u0117 parduotuv\u0117\",\"item\":\"https:\\\/\\\/sunnyblinds.lv\\\/parduotuve\\\/\"},{\"@type\":\"ListItem\",\"position\":3,\"name\":\"Terasin\u0117 markiz\u0117 APOLLO (5000&#215;3500)\"}]},{\"@type\":\"WebSite\",\"@id\":\"https:\\\/\\\/sunnyblinds.lv\\\/#website\",\"url\":\"https:\\\/\\\/sunnyblinds.lv\\\/\",\"name\":\"Dextera\",\"description\":\"LV eshop\",\"publisher\":{\"@id\":\"https:\\\/\\\/sunnyblinds.lv\\\/#organization\"},\"potentialAction\":[{\"@type\":\"SearchAction\",\"target\":{\"@type\":\"EntryPoint\",\"urlTemplate\":\"https:\\\/\\\/sunnyblinds.lv\\\/?s={search_term_string}\"},\"query-input\":{\"@type\":\"PropertyValueSpecification\",\"valueRequired\":true,\"valueName\":\"search_term_string\"}}],\"inLanguage\":\"lt-LT\"},{\"@type\":\"Organization\",\"@id\":\"https:\\\/\\\/sunnyblinds.lv\\\/#organization\",\"name\":\"Dextera\",\"url\":\"https:\\\/\\\/sunnyblinds.lv\\\/\",\"logo\":{\"@type\":\"ImageObject\",\"inLanguage\":\"lt-LT\",\"@id\":\"https:\\\/\\\/sunnyblinds.lv\\\/#\\\/schema\\\/logo\\\/image\\\/\",\"url\":\"https:\\\/\\\/sunnyblinds.lv\\\/wp-content\\\/uploads\\\/2024\\\/03\\\/DEXTERA_su-sukiu_tamsiai-melynas-e1710914216478.png\",\"contentUrl\":\"https:\\\/\\\/sunnyblinds.lv\\\/wp-content\\\/uploads\\\/2024\\\/03\\\/DEXTERA_su-sukiu_tamsiai-melynas-e1710914216478.png\",\"width\":200,\"height\":53,\"caption\":\"Dextera\"},\"image\":{\"@id\":\"https:\\\/\\\/sunnyblinds.lv\\\/#\\\/schema\\\/logo\\\/image\\\/\"}}]}<\/script>\n<!-- \/ Yoast SEO plugin. -->","yoast_head_json":{"title":"Terasin\u0117 markiz\u0117 APOLLO (5000x3500) - internetu pigiau!","description":"Terasin\u0117 markiz\u0117 APOLLO internetu \u2013 tvirtos, stilingos ir lengvai valdomos. Efektyvi apsauga nuo saul\u0117s terasai. Greitas pristatymas visoje Lietuvoje!","robots":{"index":"index","follow":"follow","max-snippet":"max-snippet:-1","max-image-preview":"max-image-preview:large","max-video-preview":"max-video-preview:-1"},"canonical":"https:\/\/sunnyblinds.lv\/gaminys\/terasine-markize-apollo-5000x3500-7742110\/","og_locale":"lt_LT","og_type":"article","og_title":"Terasin\u0117 markiz\u0117 APOLLO (5000x3500) - internetu pigiau!","og_description":"Terasin\u0117 markiz\u0117 APOLLO internetu \u2013 tvirtos, stilingos ir lengvai valdomos. Efektyvi apsauga nuo saul\u0117s terasai. Greitas pristatymas visoje Lietuvoje!","og_url":"https:\/\/sunnyblinds.lv\/gaminys\/terasine-markize-apollo-5000x3500-7742110\/","og_site_name":"Dextera","article_modified_time":"2025-07-29T07:14:34+00:00","og_image":[{"width":900,"height":900,"url":"https:\/\/sunnyblinds.lv\/wp-content\/uploads\/2025\/01\/apollo-markize-dextera.jpg","type":"image\/jpeg"}],"twitter_card":"summary_large_image","twitter_misc":{"Est. reading time":"2 minut\u0117s"},"schema":{"@context":"https:\/\/schema.org","@graph":[{"@type":"WebPage","@id":"https:\/\/sunnyblinds.lv\/gaminys\/terasine-markize-apollo-5000x3500-7742110\/","url":"https:\/\/sunnyblinds.lv\/gaminys\/terasine-markize-apollo-5000x3500-7742110\/","name":"Terasin\u0117 markiz\u0117 APOLLO (5000x3500) - internetu pigiau!","isPartOf":{"@id":"https:\/\/sunnyblinds.lv\/#website"},"primaryImageOfPage":{"@id":"https:\/\/sunnyblinds.lv\/gaminys\/terasine-markize-apollo-5000x3500-7742110\/#primaryimage"},"image":{"@id":"https:\/\/sunnyblinds.lv\/gaminys\/terasine-markize-apollo-5000x3500-7742110\/#primaryimage"},"thumbnailUrl":"https:\/\/sunnyblinds.lv\/wp-content\/uploads\/2025\/01\/apollo-markize-dextera.jpg","datePublished":"2025-01-28T09:35:35+00:00","dateModified":"2025-07-29T07:14:34+00:00","description":"Terasin\u0117 markiz\u0117 APOLLO internetu \u2013 tvirtos, stilingos ir lengvai valdomos. Efektyvi apsauga nuo saul\u0117s terasai. Greitas pristatymas visoje Lietuvoje!","breadcrumb":{"@id":"https:\/\/sunnyblinds.lv\/gaminys\/terasine-markize-apollo-5000x3500-7742110\/#breadcrumb"},"inLanguage":"lt-LT","potentialAction":[{"@type":"ReadAction","target":["https:\/\/sunnyblinds.lv\/gaminys\/terasine-markize-apollo-5000x3500-7742110\/"]}]},{"@type":"ImageObject","inLanguage":"lt-LT","@id":"https:\/\/sunnyblinds.lv\/gaminys\/terasine-markize-apollo-5000x3500-7742110\/#primaryimage","url":"https:\/\/sunnyblinds.lv\/wp-content\/uploads\/2025\/01\/apollo-markize-dextera.jpg","contentUrl":"https:\/\/sunnyblinds.lv\/wp-content\/uploads\/2025\/01\/apollo-markize-dextera.jpg","width":900,"height":900,"caption":"Terasin\u0117 markiz\u0117 APOLLO dextera"},{"@type":"BreadcrumbList","@id":"https:\/\/sunnyblinds.lv\/gaminys\/terasine-markize-apollo-5000x3500-7742110\/#breadcrumb","itemListElement":[{"@type":"ListItem","position":1,"name":"Home","item":"https:\/\/sunnyblinds.lv\/"},{"@type":"ListItem","position":2,"name":"Elektronin\u0117 parduotuv\u0117","item":"https:\/\/sunnyblinds.lv\/parduotuve\/"},{"@type":"ListItem","position":3,"name":"Terasin\u0117 markiz\u0117 APOLLO (5000&#215;3500)"}]},{"@type":"WebSite","@id":"https:\/\/sunnyblinds.lv\/#website","url":"https:\/\/sunnyblinds.lv\/","name":"Dextera","description":"LV eshop","publisher":{"@id":"https:\/\/sunnyblinds.lv\/#organization"},"potentialAction":[{"@type":"SearchAction","target":{"@type":"EntryPoint","urlTemplate":"https:\/\/sunnyblinds.lv\/?s={search_term_string}"},"query-input":{"@type":"PropertyValueSpecification","valueRequired":true,"valueName":"search_term_string"}}],"inLanguage":"lt-LT"},{"@type":"Organization","@id":"https:\/\/sunnyblinds.lv\/#organization","name":"Dextera","url":"https:\/\/sunnyblinds.lv\/","logo":{"@type":"ImageObject","inLanguage":"lt-LT","@id":"https:\/\/sunnyblinds.lv\/#\/schema\/logo\/image\/","url":"https:\/\/sunnyblinds.lv\/wp-content\/uploads\/2024\/03\/DEXTERA_su-sukiu_tamsiai-melynas-e1710914216478.png","contentUrl":"https:\/\/sunnyblinds.lv\/wp-content\/uploads\/2024\/03\/DEXTERA_su-sukiu_tamsiai-melynas-e1710914216478.png","width":200,"height":53,"caption":"Dextera"},"image":{"@id":"https:\/\/sunnyblinds.lv\/#\/schema\/logo\/image\/"}}]}},"_links":{"self":[{"href":"https:\/\/sunnyblinds.lv\/lt\/wp-json\/wp\/v2\/product\/4255","targetHints":{"allow":["GET"]}}],"collection":[{"href":"https:\/\/sunnyblinds.lv\/lt\/wp-json\/wp\/v2\/product"}],"about":[{"href":"https:\/\/sunnyblinds.lv\/lt\/wp-json\/wp\/v2\/types\/product"}],"wp:featuredmedia":[{"embeddable":true,"href":"https:\/\/sunnyblinds.lv\/lt\/wp-json\/wp\/v2\/media\/4256"}],"wp:attachment":[{"href":"https:\/\/sunnyblinds.lv\/lt\/wp-json\/wp\/v2\/media?parent=4255"}],"wp:term":[{"taxonomy":"product_brand","embeddable":true,"href":"https:\/\/sunnyblinds.lv\/lt\/wp-json\/wp\/v2\/product_brand?post=4255"},{"taxonomy":"product_cat","embeddable":true,"href":"https:\/\/sunnyblinds.lv\/lt\/wp-json\/wp\/v2\/product_cat?post=4255"},{"taxonomy":"product_tag","embeddable":true,"href":"https:\/\/sunnyblinds.lv\/lt\/wp-json\/wp\/v2\/product_tag?post=4255"}],"curies":[{"name":"wp","href":"https:\/\/api.w.org\/{rel}","templated":true}]}}