{"id":4254,"date":"2025-01-28T11:20:17","date_gmt":"2025-01-28T09:20:17","guid":{"rendered":"https:\/\/e.dextera.lt\/?post_type=product&#038;p=4254"},"modified":"2025-10-16T13:27:40","modified_gmt":"2025-10-16T10:27:40","slug":"terasine-markize-helios-5000x3500-7742121","status":"publish","type":"product","link":"https:\/\/sunnyblinds.lv\/lt\/gaminys\/terasine-markize-helios-5000x3500-7742121\/","title":{"rendered":"Terasin\u0117 markiz\u0117 HELIOS (5000&#215;3500)"},"content":{"rendered":"<p data-start=\"268\" data-end=\"322\"><strong data-start=\"268\" data-end=\"320\">Stilingos ir funkcionalios markiz\u0117s j\u016bs\u0173 terasai<\/strong><\/p>\n<p data-start=\"324\" data-end=\"681\">Ie\u0161kote prakti\u0161ko b\u016bdo apsisaugoti nuo saul\u0117s ir suteikti savo terasai elegancijos? <strong data-start=\"408\" data-end=\"430\">Terasin\u0117s markiz\u0117s<\/strong> \u2013 tai patogus ir modernus sprendimas. Jos ne tik u\u017etikrina pav\u0117s\u012f kar\u0161tomis dienomis, bet ir puo\u0161ia j\u016bs\u0173 lauko erdv\u0119. Auk\u0161tos kokyb\u0117s mechanizmas leid\u017eia lengvai reguliuoti markiz\u0117s pad\u0117t\u012f, o atspar\u016bs oro s\u0105lygoms audiniai garantuoja ilgaam\u017ei\u0161kum\u0105.<\/p>\n<p data-start=\"683\" data-end=\"955\">Terasin\u0117, kasetin\u0117 markiz\u0117 <strong data-start=\"710\" data-end=\"720\">HELIOS<\/strong> \u2013 patikima saul\u0117s kontrol\u0117s sistema ie\u0161kantiems ilgaam\u017ei\u0161kumo. \u0160i\u0105 ypa\u010d tvirt\u0105 markiz\u0119 su kasete galima montuoti tiek nuo aplinkos poveikio apsaugotose, tiek neapsaugotose vietose. Kaset\u0117 apsaugo audin\u012f nuo lietaus, sniego ir purvo.<\/p>\n<p data-start=\"957\" data-end=\"1011\"><strong data-start=\"957\" data-end=\"1009\">Markiz\u0117 HELIOS \u2013 i\u0161skirtinis komfortas terasoje!<\/strong><\/p>\n<p data-start=\"1013\" data-end=\"1106\">Markiz\u0117s konstrukcija nuda\u017eyta milteliniu b\u016bdu yra atspari tiek \u012fbr\u0117\u017eimams, tiek korozijai.<\/p>\n<ul>\n<li><strong data-start=\"1108\" data-end=\"1126\">Gaminio kodas:<\/strong> 7742121<\/li>\n<li><strong data-start=\"1137\" data-end=\"1158\">Gaminio matmenys:<\/strong> plotis 5000 mm; gylis 3500 mm<\/li>\n<li>Automatinis valdymas de\u0161in\u0117je pus\u0117je<\/li>\n<li>Konstrukcijos ir audinio spalva: antracitas<\/li>\n<li>Aliuminio konstrukcija<\/li>\n<li>Aliuminin\u0117s alk\u016bn\u0117s lankstuose sujungtos grandine, tod\u0117l tokia konstrukcija yra itin patvari. Sujungimo vietose naudojamos vibracij\u0105 sugerian\u010dios gumos.<\/li>\n<li>Technin\u0117s detal\u0117s (ner\u016bdijan\u010dio plieno var\u017etai, profili\u0173 galai) papildomai apsaugotos plastiko dangteliais, tod\u0117l nesikaupia dulk\u0117s, u\u017ekertamas kelias apsigyventi vabzd\u017eiams ir voragyviams.<\/li>\n<li>Galimyb\u0117 reguliuoti nuolyd\u017eio kamp\u0105.<\/li>\n<\/ul>\n<p data-start=\"1688\" data-end=\"2017\"><span style=\"color: #ff0000;\"><strong data-start=\"1688\" data-end=\"1699\">SVARBU!<\/strong><\/span><br data-start=\"1699\" data-end=\"1702\" \/>Prie\u0161 u\u017esakydami markiz\u0119, \u012fsitikinkite, kad u\u017esakoma markiz\u0117 tilps ant sienos, kur planuojamas montavimas. Pasirinkite pristatymo b\u016bd\u0105 \u2013 atsi\u0117mimas vietoje, atsi\u017evelkite \u012f markiz\u0117s matmenis ir svor\u012f. Pasir\u016bpinkite tinkamu transportu markiz\u0117s parsi\u0117mimui ir b\u016bkite tikri, jog tur\u0117site galimyb\u0119 susimontuoti gamin\u012f.<\/p>\n<p data-start=\"2019\" data-end=\"2389\">Tvirtinimo elementai n\u0117ra pridedami. Tvirtinimo elementus (var\u017etus, inkarus ir pan.) b\u016btina \u012fsigyti prie\u0161 montavim\u0105, atsi\u017evelgiant \u012f sienos strukt\u016br\u0105, \u012f kuri\u0105 bus tvirtinama. Jei nesate tikri d\u0117l tvirtinimo element\u0173 pasirinkimo, pasitarkite su \u0161ios srities (tvirtinimo element\u0173) specialistais, perkant elektronin\u0117je parduotuv\u0117je markiz\u0117s montavimo paslauga neteikiama.<\/p>\n<p data-start=\"2391\" data-end=\"2664\">Prie\u0161 \u012fsigydami ar montuodami markiz\u0119, matavimo rulet\u0117s pagalba i\u0161matuokite erdv\u0119 (sien\u0105), ant kurios montuosite markiz\u0119. Markiz\u0117s montavimui reikalingas plotis yra lygus markiz\u0117s plo\u010diui + 5 cm laisvumo i\u0161 abiej\u0173 markiz\u0117s pusi\u0173. Montavimui reikalingas auk\u0161tis yra 30 cm.<\/p>\n<p data-start=\"2666\" data-end=\"2722\"><strong>Kaip sumontuoti terasin\u0119 markiz\u0119 HELIOS \u017ei\u016br\u0117ti \u010dia -&gt;<\/strong><\/p>\n<hr \/>\n<p data-start=\"2724\" data-end=\"2866\"><em data-start=\"2724\" data-end=\"2864\">Markiz\u0117s audinio ir konstrukcijos spalva nuotraukoje ir realyb\u0117je gali skirtis, d\u0117l skirtingo spalvos atvaizdavimo skirtinguose ekranuose.<\/em><\/p>\n","protected":false},"excerpt":{"rendered":"<p data-start=\"426\" data-end=\"688\">Terasin\u0117, kasetin\u0117 markiz\u0117 HELIOS \u2013 patikima saul\u0117s kontrol\u0117s sistema ie\u0161kantiems ilgaam\u017ei\u0161kumo. \u0160i\u0105 ypa\u010d tvirt\u0105 markiz\u0119 su kasete galima montuoti tiek nuo aplinkos poveikio apsaugotose, tiek neapsaugotose vietose. Kaset\u0117 apsaugo audin\u012f nuo lietaus, sniego ir purvo.<\/p>\n<p data-start=\"426\" data-end=\"688\"><strong> Markiz\u0117 HELIOS \u2013 i\u0161skirtinis komfortas terasoje! <\/strong><\/p>\n<p data-start=\"426\" data-end=\"688\">Markiz\u0117s konstrukcija nuda\u017eyta milteliniu b\u016bdu yra atspari tiek \u012fbr\u0117\u017eimams, tiek korozijai.<\/p>\n<ul>\n<li><strong data-start=\"1108\" data-end=\"1126\">Gaminio kodas:<\/strong> 7742121<\/li>\n<li><strong data-start=\"1137\" data-end=\"1158\">Gaminio matmenys:<\/strong> plotis 5000 mm; gylis 3500 mm<\/li>\n<li>Automatinis valdymas de\u0161in\u0117je pus\u0117je<\/li>\n<li>Konstrukcijos ir audinio spalva: antracitas<\/li>\n<li>Aliuminio konstrukcija<\/li>\n<li>Aliuminin\u0117s alk\u016bn\u0117s lankstuose sujungtos grandine, tod\u0117l tokia konstrukcija yra itin patvari. Sujungimo vietose naudojamos vibracij\u0105 sugerian\u010dios gumos.<\/li>\n<li>Technin\u0117s detal\u0117s (ner\u016bdijan\u010dio plieno var\u017etai, profili\u0173 galai) papildomai apsaugotos plastiko dangteliais, tod\u0117l nesikaupia dulk\u0117s, u\u017ekertamas kelias apsigyventi vabzd\u017eiams ir voragyviams.<\/li>\n<li>Galimyb\u0117 reguliuoti nuolyd\u017eio kamp\u0105.<\/li>\n<\/ul>\n<hr \/>\n<p data-start=\"983\" data-end=\"997\"><span style=\"color: #ff0000;\">SVARBU!\u00a0<\/span><\/p>\n<p data-start=\"983\" data-end=\"997\">Prie\u0161 u\u017esakydami markiz\u0119, \u012fsitikinkite, kad u\u017esakoma markiz\u0117 tilps ant sienos, kur planuojamas montavimas. Pasirink\u0119 pristatymo b\u016bd\u0105 \u2013 atsi\u0117mimas vietoje, atsi\u017evelkite \u012f markiz\u0117s matmenis ir svor\u012f. Pasir\u016bpinkite tinkamu transportu markiz\u0117s parsive\u017eimui ir b\u016bkite tikri, jog tur\u0117site galimyb\u0117 susimontuoti gamin\u012f. Tvirtinimo elementai n\u0117ra pridedami. Tvirtinimo elementus (var\u017etus, inkarus ir pan.) b\u016btina \u012fsigyti prie\u0161 montavim\u0105, atsi\u017evelgiant \u012f sienos strukt\u016br\u0105, \u012f kuri\u0105 bus tvirtinama. Jei nesate tikri d\u0117l tvirtinimo element\u0173 pasirinkimo, pasitarkite su \u0161ios srities (tvirtinimo element\u0173) specialistais, perkant elektronin\u0117je parduotuv\u0117je markiz\u0117s montavimo paslauga neteikiama. Prie\u0161 \u012fsigydami ar montuodami markiz\u0119, matavimo rulet\u0117s pagalba i\u0161matuokite erdv\u0119 (sien\u0105), ant kurios montuosite markiz\u0119. Markiz\u0117s montavimui reikalingas plotis yra lygus markiz\u0117s plo\u010diui + 5 cm. laisvumo i\u0161 abiej\u0173 markiz\u0117s pusi\u0173. Montavimui reikalingas auk\u0161tis yra 30 cm.&#8221;<\/p>\n<div class=\"content-width-custom\">\n<p><strong>Kaip sumontuoti terasin\u0119 markiz\u0119 HELIOS \u017ei\u016br\u0117ti \u010dia -&gt;<\/strong><\/p>\n<\/div>\n<hr \/>\n<p><em>*Markiz\u0117s audinio ir konstrukcijos spalva nuotraukoje ir realyb\u0117je gali skirtis, d\u0117l skirtingo spalvos atvaizdavimo skirtinguose ekranuose.<\/em><\/p>\n","protected":false},"featured_media":4250,"template":"","meta":{"inline_featured_image":false},"product_brand":[],"product_cat":[38,32,41,60],"product_tag":[],"class_list":{"0":"post-4254","1":"product","2":"type-product","3":"status-publish","4":"has-post-thumbnail","6":"product_cat-lauko-gaminiai","7":"product_cat-standartiniai-gaminiai","8":"product_cat-standartiniu-matmenu-markizes","9":"product_cat-terasines-markizes-internetu","10":"product_shipping_class-isores-gaminiai","11":"tm-no-options","13":"first","14":"instock","15":"taxable","16":"shipping-taxable","17":"purchasable","18":"product-type-simple"},"acf":[],"yoast_head":"<!-- This site is optimized with the Yoast SEO plugin v27.4 - https:\/\/yoast.com\/product\/yoast-seo-wordpress\/ -->\n<title>Terasin\u0117 markiz\u0117 HELIOS (5000x3500) - internetu pigiau!<\/title>\n<meta name=\"description\" content=\"Atraskite terasin\u0117s markiz\u0117s internetu pigiau! Markiz\u0117 HELIOS (5x3,5m) \u2013 i\u0161skirtinis komfortas terasoje! Turime sand\u0117lyje!\" \/>\n<meta name=\"robots\" content=\"index, follow, max-snippet:-1, max-image-preview:large, max-video-preview:-1\" \/>\n<link rel=\"canonical\" href=\"https:\/\/sunnyblinds.lv\/gaminys\/terasine-markize-helios-5000x3500-7742121\/\" \/>\n<meta property=\"og:locale\" content=\"lt_LT\" \/>\n<meta property=\"og:type\" content=\"article\" \/>\n<meta property=\"og:title\" content=\"Terasin\u0117 markiz\u0117 HELIOS (5000x3500) - internetu pigiau!\" \/>\n<meta property=\"og:description\" content=\"Atraskite terasin\u0117s markiz\u0117s internetu pigiau! Markiz\u0117 HELIOS (5x3,5m) \u2013 i\u0161skirtinis komfortas terasoje! Turime sand\u0117lyje!\" \/>\n<meta property=\"og:url\" content=\"https:\/\/sunnyblinds.lv\/gaminys\/terasine-markize-helios-5000x3500-7742121\/\" \/>\n<meta property=\"og:site_name\" content=\"Dextera\" \/>\n<meta property=\"article:modified_time\" content=\"2025-10-16T10:27:40+00:00\" \/>\n<meta property=\"og:image\" content=\"https:\/\/sunnyblinds.lv\/wp-content\/uploads\/2023\/09\/Markize-antracitas_helios.png\" \/>\n\t<meta property=\"og:image:width\" content=\"1389\" \/>\n\t<meta property=\"og:image:height\" content=\"1388\" \/>\n\t<meta property=\"og:image:type\" content=\"image\/png\" \/>\n<meta name=\"twitter:card\" content=\"summary_large_image\" \/>\n<meta name=\"twitter:label1\" content=\"Est. reading time\" \/>\n\t<meta name=\"twitter:data1\" content=\"2 minut\u0117s\" \/>\n<script type=\"application\/ld+json\" class=\"yoast-schema-graph\">{\"@context\":\"https:\\\/\\\/schema.org\",\"@graph\":[{\"@type\":\"WebPage\",\"@id\":\"https:\\\/\\\/sunnyblinds.lv\\\/gaminys\\\/terasine-markize-helios-5000x3500-7742121\\\/\",\"url\":\"https:\\\/\\\/sunnyblinds.lv\\\/gaminys\\\/terasine-markize-helios-5000x3500-7742121\\\/\",\"name\":\"Terasin\u0117 markiz\u0117 HELIOS (5000x3500) - internetu pigiau!\",\"isPartOf\":{\"@id\":\"https:\\\/\\\/sunnyblinds.lv\\\/#website\"},\"primaryImageOfPage\":{\"@id\":\"https:\\\/\\\/sunnyblinds.lv\\\/gaminys\\\/terasine-markize-helios-5000x3500-7742121\\\/#primaryimage\"},\"image\":{\"@id\":\"https:\\\/\\\/sunnyblinds.lv\\\/gaminys\\\/terasine-markize-helios-5000x3500-7742121\\\/#primaryimage\"},\"thumbnailUrl\":\"https:\\\/\\\/sunnyblinds.lv\\\/wp-content\\\/uploads\\\/2025\\\/01\\\/Helios-markize-dextera.jpg\",\"datePublished\":\"2025-01-28T09:20:17+00:00\",\"dateModified\":\"2025-10-16T10:27:40+00:00\",\"description\":\"Atraskite terasin\u0117s markiz\u0117s internetu pigiau! Markiz\u0117 HELIOS (5x3,5m) \u2013 i\u0161skirtinis komfortas terasoje! Turime sand\u0117lyje!\",\"breadcrumb\":{\"@id\":\"https:\\\/\\\/sunnyblinds.lv\\\/gaminys\\\/terasine-markize-helios-5000x3500-7742121\\\/#breadcrumb\"},\"inLanguage\":\"lt-LT\",\"potentialAction\":[{\"@type\":\"ReadAction\",\"target\":[\"https:\\\/\\\/sunnyblinds.lv\\\/gaminys\\\/terasine-markize-helios-5000x3500-7742121\\\/\"]}]},{\"@type\":\"ImageObject\",\"inLanguage\":\"lt-LT\",\"@id\":\"https:\\\/\\\/sunnyblinds.lv\\\/gaminys\\\/terasine-markize-helios-5000x3500-7742121\\\/#primaryimage\",\"url\":\"https:\\\/\\\/sunnyblinds.lv\\\/wp-content\\\/uploads\\\/2025\\\/01\\\/Helios-markize-dextera.jpg\",\"contentUrl\":\"https:\\\/\\\/sunnyblinds.lv\\\/wp-content\\\/uploads\\\/2025\\\/01\\\/Helios-markize-dextera.jpg\",\"width\":900,\"height\":900,\"caption\":\"terasin\u0117 markiz\u0117 helios\"},{\"@type\":\"BreadcrumbList\",\"@id\":\"https:\\\/\\\/sunnyblinds.lv\\\/gaminys\\\/terasine-markize-helios-5000x3500-7742121\\\/#breadcrumb\",\"itemListElement\":[{\"@type\":\"ListItem\",\"position\":1,\"name\":\"Home\",\"item\":\"https:\\\/\\\/sunnyblinds.lv\\\/\"},{\"@type\":\"ListItem\",\"position\":2,\"name\":\"Elektronin\u0117 parduotuv\u0117\",\"item\":\"https:\\\/\\\/sunnyblinds.lv\\\/parduotuve\\\/\"},{\"@type\":\"ListItem\",\"position\":3,\"name\":\"Terasin\u0117 markiz\u0117 HELIOS (5000&#215;3500)\"}]},{\"@type\":\"WebSite\",\"@id\":\"https:\\\/\\\/sunnyblinds.lv\\\/#website\",\"url\":\"https:\\\/\\\/sunnyblinds.lv\\\/\",\"name\":\"Dextera\",\"description\":\"LV eshop\",\"publisher\":{\"@id\":\"https:\\\/\\\/sunnyblinds.lv\\\/#organization\"},\"potentialAction\":[{\"@type\":\"SearchAction\",\"target\":{\"@type\":\"EntryPoint\",\"urlTemplate\":\"https:\\\/\\\/sunnyblinds.lv\\\/?s={search_term_string}\"},\"query-input\":{\"@type\":\"PropertyValueSpecification\",\"valueRequired\":true,\"valueName\":\"search_term_string\"}}],\"inLanguage\":\"lt-LT\"},{\"@type\":\"Organization\",\"@id\":\"https:\\\/\\\/sunnyblinds.lv\\\/#organization\",\"name\":\"Dextera\",\"url\":\"https:\\\/\\\/sunnyblinds.lv\\\/\",\"logo\":{\"@type\":\"ImageObject\",\"inLanguage\":\"lt-LT\",\"@id\":\"https:\\\/\\\/sunnyblinds.lv\\\/#\\\/schema\\\/logo\\\/image\\\/\",\"url\":\"https:\\\/\\\/sunnyblinds.lv\\\/wp-content\\\/uploads\\\/2024\\\/03\\\/DEXTERA_su-sukiu_tamsiai-melynas-e1710914216478.png\",\"contentUrl\":\"https:\\\/\\\/sunnyblinds.lv\\\/wp-content\\\/uploads\\\/2024\\\/03\\\/DEXTERA_su-sukiu_tamsiai-melynas-e1710914216478.png\",\"width\":200,\"height\":53,\"caption\":\"Dextera\"},\"image\":{\"@id\":\"https:\\\/\\\/sunnyblinds.lv\\\/#\\\/schema\\\/logo\\\/image\\\/\"}}]}<\/script>\n<!-- \/ Yoast SEO plugin. -->","yoast_head_json":{"title":"Terasin\u0117 markiz\u0117 HELIOS (5000x3500) - internetu pigiau!","description":"Atraskite terasin\u0117s markiz\u0117s internetu pigiau! Markiz\u0117 HELIOS (5x3,5m) \u2013 i\u0161skirtinis komfortas terasoje! Turime sand\u0117lyje!","robots":{"index":"index","follow":"follow","max-snippet":"max-snippet:-1","max-image-preview":"max-image-preview:large","max-video-preview":"max-video-preview:-1"},"canonical":"https:\/\/sunnyblinds.lv\/gaminys\/terasine-markize-helios-5000x3500-7742121\/","og_locale":"lt_LT","og_type":"article","og_title":"Terasin\u0117 markiz\u0117 HELIOS (5000x3500) - internetu pigiau!","og_description":"Atraskite terasin\u0117s markiz\u0117s internetu pigiau! Markiz\u0117 HELIOS (5x3,5m) \u2013 i\u0161skirtinis komfortas terasoje! Turime sand\u0117lyje!","og_url":"https:\/\/sunnyblinds.lv\/gaminys\/terasine-markize-helios-5000x3500-7742121\/","og_site_name":"Dextera","article_modified_time":"2025-10-16T10:27:40+00:00","og_image":[{"width":1389,"height":1388,"url":"https:\/\/sunnyblinds.lv\/wp-content\/uploads\/2023\/09\/Markize-antracitas_helios.png","type":"image\/png"}],"twitter_card":"summary_large_image","twitter_misc":{"Est. reading time":"2 minut\u0117s"},"schema":{"@context":"https:\/\/schema.org","@graph":[{"@type":"WebPage","@id":"https:\/\/sunnyblinds.lv\/gaminys\/terasine-markize-helios-5000x3500-7742121\/","url":"https:\/\/sunnyblinds.lv\/gaminys\/terasine-markize-helios-5000x3500-7742121\/","name":"Terasin\u0117 markiz\u0117 HELIOS (5000x3500) - internetu pigiau!","isPartOf":{"@id":"https:\/\/sunnyblinds.lv\/#website"},"primaryImageOfPage":{"@id":"https:\/\/sunnyblinds.lv\/gaminys\/terasine-markize-helios-5000x3500-7742121\/#primaryimage"},"image":{"@id":"https:\/\/sunnyblinds.lv\/gaminys\/terasine-markize-helios-5000x3500-7742121\/#primaryimage"},"thumbnailUrl":"https:\/\/sunnyblinds.lv\/wp-content\/uploads\/2025\/01\/Helios-markize-dextera.jpg","datePublished":"2025-01-28T09:20:17+00:00","dateModified":"2025-10-16T10:27:40+00:00","description":"Atraskite terasin\u0117s markiz\u0117s internetu pigiau! Markiz\u0117 HELIOS (5x3,5m) \u2013 i\u0161skirtinis komfortas terasoje! Turime sand\u0117lyje!","breadcrumb":{"@id":"https:\/\/sunnyblinds.lv\/gaminys\/terasine-markize-helios-5000x3500-7742121\/#breadcrumb"},"inLanguage":"lt-LT","potentialAction":[{"@type":"ReadAction","target":["https:\/\/sunnyblinds.lv\/gaminys\/terasine-markize-helios-5000x3500-7742121\/"]}]},{"@type":"ImageObject","inLanguage":"lt-LT","@id":"https:\/\/sunnyblinds.lv\/gaminys\/terasine-markize-helios-5000x3500-7742121\/#primaryimage","url":"https:\/\/sunnyblinds.lv\/wp-content\/uploads\/2025\/01\/Helios-markize-dextera.jpg","contentUrl":"https:\/\/sunnyblinds.lv\/wp-content\/uploads\/2025\/01\/Helios-markize-dextera.jpg","width":900,"height":900,"caption":"terasin\u0117 markiz\u0117 helios"},{"@type":"BreadcrumbList","@id":"https:\/\/sunnyblinds.lv\/gaminys\/terasine-markize-helios-5000x3500-7742121\/#breadcrumb","itemListElement":[{"@type":"ListItem","position":1,"name":"Home","item":"https:\/\/sunnyblinds.lv\/"},{"@type":"ListItem","position":2,"name":"Elektronin\u0117 parduotuv\u0117","item":"https:\/\/sunnyblinds.lv\/parduotuve\/"},{"@type":"ListItem","position":3,"name":"Terasin\u0117 markiz\u0117 HELIOS (5000&#215;3500)"}]},{"@type":"WebSite","@id":"https:\/\/sunnyblinds.lv\/#website","url":"https:\/\/sunnyblinds.lv\/","name":"Dextera","description":"LV eshop","publisher":{"@id":"https:\/\/sunnyblinds.lv\/#organization"},"potentialAction":[{"@type":"SearchAction","target":{"@type":"EntryPoint","urlTemplate":"https:\/\/sunnyblinds.lv\/?s={search_term_string}"},"query-input":{"@type":"PropertyValueSpecification","valueRequired":true,"valueName":"search_term_string"}}],"inLanguage":"lt-LT"},{"@type":"Organization","@id":"https:\/\/sunnyblinds.lv\/#organization","name":"Dextera","url":"https:\/\/sunnyblinds.lv\/","logo":{"@type":"ImageObject","inLanguage":"lt-LT","@id":"https:\/\/sunnyblinds.lv\/#\/schema\/logo\/image\/","url":"https:\/\/sunnyblinds.lv\/wp-content\/uploads\/2024\/03\/DEXTERA_su-sukiu_tamsiai-melynas-e1710914216478.png","contentUrl":"https:\/\/sunnyblinds.lv\/wp-content\/uploads\/2024\/03\/DEXTERA_su-sukiu_tamsiai-melynas-e1710914216478.png","width":200,"height":53,"caption":"Dextera"},"image":{"@id":"https:\/\/sunnyblinds.lv\/#\/schema\/logo\/image\/"}}]}},"_links":{"self":[{"href":"https:\/\/sunnyblinds.lv\/lt\/wp-json\/wp\/v2\/product\/4254","targetHints":{"allow":["GET"]}}],"collection":[{"href":"https:\/\/sunnyblinds.lv\/lt\/wp-json\/wp\/v2\/product"}],"about":[{"href":"https:\/\/sunnyblinds.lv\/lt\/wp-json\/wp\/v2\/types\/product"}],"wp:featuredmedia":[{"embeddable":true,"href":"https:\/\/sunnyblinds.lv\/lt\/wp-json\/wp\/v2\/media\/4250"}],"wp:attachment":[{"href":"https:\/\/sunnyblinds.lv\/lt\/wp-json\/wp\/v2\/media?parent=4254"}],"wp:term":[{"taxonomy":"product_brand","embeddable":true,"href":"https:\/\/sunnyblinds.lv\/lt\/wp-json\/wp\/v2\/product_brand?post=4254"},{"taxonomy":"product_cat","embeddable":true,"href":"https:\/\/sunnyblinds.lv\/lt\/wp-json\/wp\/v2\/product_cat?post=4254"},{"taxonomy":"product_tag","embeddable":true,"href":"https:\/\/sunnyblinds.lv\/lt\/wp-json\/wp\/v2\/product_tag?post=4254"}],"curies":[{"name":"wp","href":"https:\/\/api.w.org\/{rel}","templated":true}]}}