{"id":4179,"date":"2025-01-23T14:34:34","date_gmt":"2025-01-23T12:34:34","guid":{"rendered":"https:\/\/e.dextera.lt\/?post_type=product&#038;p=4179"},"modified":"2025-04-11T13:45:33","modified_gmt":"2025-04-11T10:45:33","slug":"plisuotos-zaliuzes-honeycomb-basic","status":"publish","type":"product","link":"https:\/\/sunnyblinds.lv\/lt\/gaminys\/plisuotos-zaliuzes-honeycomb-basic\/","title":{"rendered":"Plisuotos \u017ealiuz\u0117s (Honeycomb) BASIC"},"content":{"rendered":"<h3 data-start=\"0\" data-end=\"94\"><strong data-start=\"4\" data-end=\"92\">Plisuotos \u017ealiuz\u0117s \u201eHoneycomb Basic\u201c \u2013 eleganti\u0161kas ir energij\u0105 taupantis sprendimas<\/strong><\/h3>\n<p data-start=\"95\" data-end=\"644\"><strong data-start=\"95\" data-end=\"135\">Plisuotos<a href=\"https:\/\/sunnyblinds.lv\/kategorija\/plisuotos-zaliuzes\/\" target=\"_blank\" rel=\"noopener\"> \u017ealiuz\u0117s<\/a> \u201eHoneycomb Basic\u201c<\/strong> \u2013 tai inovatyvus lang\u0173 u\u017edengimo sprendimas, padedantis i\u0161laikyti \u0161ilum\u0105 \u017eiem\u0105 ir v\u0117s\u0105 vasar\u0105. D\u0117l specialios <strong data-start=\"246\" data-end=\"288\">kor\u0117tos (<a href=\"https:\/\/www.youtube.com\/watch?v=wzycMbpCTgM&amp;list=PLwYRFfvZ9SHySNXtbYZPzxS9OX0PPt8JH&amp;index=3\" target=\"_blank\" rel=\"noopener\">Honeycomb<\/a>) audinio strukt\u016bros<\/strong>, \u0161ios \u017ealiuz\u0117s veikia kaip nat\u016brali izoliacija, suma\u017eindamos \u0161ilumos praradim\u0105 per langus ir prisid\u0117damos prie energijos taupymo. \u201eBasic\u201c modelio profiliai si\u016blomi <strong data-start=\"453\" data-end=\"475\">tik baltos spalvos<\/strong>, tod\u0117l puikiai dera prie \u0161viesi\u0173 interjer\u0173.<\/p>\n<p class=\"\" data-start=\"612\" data-end=\"954\">Plisuotos \u017ealiuz\u0117s \u201eHoneycomb Basic\u201c taip pat pasi\u017eymi puikiomis \u0161viesos reguliavimo savyb\u0117mis. Jos leid\u017eia lengvai kontroliuoti \u0161viesos sraut\u0105, neprarandant privatumo, kas ypa\u010d svarbu tiek gyvenamosiose, tiek darbo erdv\u0117se. Toks dizainas ne tik pagerina \u0161viesos \u012fsiskverbim\u0105 \u012f patalp\u0105, bet ir padeda sukurti jauki\u0105 ir komforti\u0161k\u0105 atmosfer\u0105.<\/p>\n<p class=\"\" data-start=\"956\" data-end=\"1386\">Be to, \u0161ios \u017ealiuz\u0117s yra labai paprastai pri\u017ei\u016brimos. Lengvas audinio valymas ir tvirtas mechanizmas u\u017etikrina ilgaam\u017ei\u0161kum\u0105 bei patikimum\u0105. Jos yra ideali alternatyva tradiciniams lang\u0173 u\u017edengimo sprendimams, nes puikiai atlieka savo funkcij\u0105 ir tuo pa\u010diu prideda \u0161iuolaiki\u0161ko dizaino element\u0105. Rinkit\u0117s plisuotas \u017ealiuzes \u201eHoneycomb Basic\u201c ir m\u0117gaukit\u0117s komfortu bei efektyvia apsauga nuo \u0161al\u010dio ar kar\u0161\u010dio visais met\u0173 laikais.<\/p>\n","protected":false},"excerpt":{"rendered":"<p>Plisuotos \u017ealiuz\u0117s \u201eHoneycomb Basic\u201c \u2013 eleganti\u0161kas ir energij\u0105 taupantis sprendimas Plisuotos \u017ealiuz\u0117s \u201eHoneycomb Basic\u201c \u2013 tai inovatyvus lang\u0173 u\u017edengimo sprendimas, padedantis i\u0161laikyti \u0161ilum\u0105 \u017eiem\u0105 ir v\u0117s\u0105 vasar\u0105. D\u0117l specialios kor\u0117tos (Honeycomb) audinio strukt\u016bros, \u0161ios \u017ealiuz\u0117s veikia kaip nat\u016brali izoliacija, suma\u017eindamos \u0161ilumos praradim\u0105 per langus ir prisid\u0117damos prie energijos taupymo. \u201eBasic\u201c modelio profiliai si\u016blomi tik baltos [&hellip;]<\/p>\n","protected":false},"featured_media":208,"template":"","meta":{"inline_featured_image":false},"product_brand":[],"product_cat":[30,45,59],"product_tag":[],"class_list":{"0":"post-4179","1":"product","2":"type-product","3":"status-publish","4":"has-post-thumbnail","6":"product_cat-plisuotos-zaliuzes","7":"product_cat-plisuotos-zaliuzes-honeycomb","8":"product_cat-zaliuzes-internetu","9":"product_shipping_class-vidaus-gaminiai","10":"tm-has-options","12":"first","13":"instock","14":"taxable","15":"shipping-taxable","16":"purchasable","17":"product-type-simple"},"acf":[],"yoast_head":"<!-- This site is optimized with the Yoast SEO plugin v27.4 - https:\/\/yoast.com\/product\/yoast-seo-wordpress\/ -->\n<title>Plisuotos \u017ealiuz\u0117s (Honeycomb) BASIC - sunnyblinds.lv<\/title>\n<meta name=\"description\" content=\"Plisuotos \u017ealiuz\u0117s Honeycomb \u2013 stilingas ir funkcionalus sprendimas j\u016bs\u0173 langams. \u0160ilumos ir garso izoliacija, lengvas valdymas ir eleganti\u0161kas dizainas!\" \/>\n<meta name=\"robots\" content=\"index, follow, max-snippet:-1, max-image-preview:large, max-video-preview:-1\" \/>\n<link rel=\"canonical\" href=\"https:\/\/sunnyblinds.lv\/gaminys\/plisuotos-zaliuzes-honeycomb-basic\/\" \/>\n<meta property=\"og:locale\" content=\"lt_LT\" \/>\n<meta property=\"og:type\" content=\"article\" \/>\n<meta property=\"og:title\" content=\"Plisuotos \u017ealiuz\u0117s (Honeycomb) BASIC - sunnyblinds.lv\" \/>\n<meta property=\"og:description\" content=\"Plisuotos \u017ealiuz\u0117s Honeycomb \u2013 stilingas ir funkcionalus sprendimas j\u016bs\u0173 langams. \u0160ilumos ir garso izoliacija, lengvas valdymas ir eleganti\u0161kas dizainas!\" \/>\n<meta property=\"og:url\" content=\"https:\/\/sunnyblinds.lv\/gaminys\/plisuotos-zaliuzes-honeycomb-basic\/\" \/>\n<meta property=\"og:site_name\" content=\"Dextera\" \/>\n<meta property=\"article:modified_time\" content=\"2025-04-11T10:45:33+00:00\" \/>\n<meta property=\"og:image\" content=\"https:\/\/sunnyblinds.lv\/wp-content\/uploads\/2023\/07\/ofis-min.png\" \/>\n\t<meta property=\"og:image:width\" content=\"2000\" \/>\n\t<meta property=\"og:image:height\" content=\"2000\" \/>\n\t<meta property=\"og:image:type\" content=\"image\/png\" \/>\n<meta name=\"twitter:card\" content=\"summary_large_image\" \/>\n<meta name=\"twitter:label1\" content=\"Est. reading time\" \/>\n\t<meta name=\"twitter:data1\" content=\"2 minut\u0117s\" \/>\n<script type=\"application\/ld+json\" class=\"yoast-schema-graph\">{\"@context\":\"https:\\\/\\\/schema.org\",\"@graph\":[{\"@type\":\"WebPage\",\"@id\":\"https:\\\/\\\/sunnyblinds.lv\\\/gaminys\\\/plisuotos-zaliuzes-honeycomb-basic\\\/\",\"url\":\"https:\\\/\\\/sunnyblinds.lv\\\/gaminys\\\/plisuotos-zaliuzes-honeycomb-basic\\\/\",\"name\":\"Plisuotos \u017ealiuz\u0117s (Honeycomb) BASIC - sunnyblinds.lv\",\"isPartOf\":{\"@id\":\"https:\\\/\\\/sunnyblinds.lv\\\/#website\"},\"primaryImageOfPage\":{\"@id\":\"https:\\\/\\\/sunnyblinds.lv\\\/gaminys\\\/plisuotos-zaliuzes-honeycomb-basic\\\/#primaryimage\"},\"image\":{\"@id\":\"https:\\\/\\\/sunnyblinds.lv\\\/gaminys\\\/plisuotos-zaliuzes-honeycomb-basic\\\/#primaryimage\"},\"thumbnailUrl\":\"https:\\\/\\\/sunnyblinds.lv\\\/wp-content\\\/uploads\\\/2023\\\/07\\\/ofis-min.png\",\"datePublished\":\"2025-01-23T12:34:34+00:00\",\"dateModified\":\"2025-04-11T10:45:33+00:00\",\"description\":\"Plisuotos \u017ealiuz\u0117s Honeycomb \u2013 stilingas ir funkcionalus sprendimas j\u016bs\u0173 langams. \u0160ilumos ir garso izoliacija, lengvas valdymas ir eleganti\u0161kas dizainas!\",\"breadcrumb\":{\"@id\":\"https:\\\/\\\/sunnyblinds.lv\\\/gaminys\\\/plisuotos-zaliuzes-honeycomb-basic\\\/#breadcrumb\"},\"inLanguage\":\"lt-LT\",\"potentialAction\":[{\"@type\":\"ReadAction\",\"target\":[\"https:\\\/\\\/sunnyblinds.lv\\\/gaminys\\\/plisuotos-zaliuzes-honeycomb-basic\\\/\"]}]},{\"@type\":\"ImageObject\",\"inLanguage\":\"lt-LT\",\"@id\":\"https:\\\/\\\/sunnyblinds.lv\\\/gaminys\\\/plisuotos-zaliuzes-honeycomb-basic\\\/#primaryimage\",\"url\":\"https:\\\/\\\/sunnyblinds.lv\\\/wp-content\\\/uploads\\\/2023\\\/07\\\/ofis-min.png\",\"contentUrl\":\"https:\\\/\\\/sunnyblinds.lv\\\/wp-content\\\/uploads\\\/2023\\\/07\\\/ofis-min.png\",\"width\":2000,\"height\":2000,\"caption\":\"darbo kambarys\"},{\"@type\":\"BreadcrumbList\",\"@id\":\"https:\\\/\\\/sunnyblinds.lv\\\/gaminys\\\/plisuotos-zaliuzes-honeycomb-basic\\\/#breadcrumb\",\"itemListElement\":[{\"@type\":\"ListItem\",\"position\":1,\"name\":\"Home\",\"item\":\"https:\\\/\\\/sunnyblinds.lv\\\/\"},{\"@type\":\"ListItem\",\"position\":2,\"name\":\"Elektronin\u0117 parduotuv\u0117\",\"item\":\"https:\\\/\\\/sunnyblinds.lv\\\/parduotuve\\\/\"},{\"@type\":\"ListItem\",\"position\":3,\"name\":\"Plisuotos \u017ealiuz\u0117s (Honeycomb) BASIC\"}]},{\"@type\":\"WebSite\",\"@id\":\"https:\\\/\\\/sunnyblinds.lv\\\/#website\",\"url\":\"https:\\\/\\\/sunnyblinds.lv\\\/\",\"name\":\"Dextera\",\"description\":\"LV eshop\",\"publisher\":{\"@id\":\"https:\\\/\\\/sunnyblinds.lv\\\/#organization\"},\"potentialAction\":[{\"@type\":\"SearchAction\",\"target\":{\"@type\":\"EntryPoint\",\"urlTemplate\":\"https:\\\/\\\/sunnyblinds.lv\\\/?s={search_term_string}\"},\"query-input\":{\"@type\":\"PropertyValueSpecification\",\"valueRequired\":true,\"valueName\":\"search_term_string\"}}],\"inLanguage\":\"lt-LT\"},{\"@type\":\"Organization\",\"@id\":\"https:\\\/\\\/sunnyblinds.lv\\\/#organization\",\"name\":\"Dextera\",\"url\":\"https:\\\/\\\/sunnyblinds.lv\\\/\",\"logo\":{\"@type\":\"ImageObject\",\"inLanguage\":\"lt-LT\",\"@id\":\"https:\\\/\\\/sunnyblinds.lv\\\/#\\\/schema\\\/logo\\\/image\\\/\",\"url\":\"https:\\\/\\\/sunnyblinds.lv\\\/wp-content\\\/uploads\\\/2024\\\/03\\\/DEXTERA_su-sukiu_tamsiai-melynas-e1710914216478.png\",\"contentUrl\":\"https:\\\/\\\/sunnyblinds.lv\\\/wp-content\\\/uploads\\\/2024\\\/03\\\/DEXTERA_su-sukiu_tamsiai-melynas-e1710914216478.png\",\"width\":200,\"height\":53,\"caption\":\"Dextera\"},\"image\":{\"@id\":\"https:\\\/\\\/sunnyblinds.lv\\\/#\\\/schema\\\/logo\\\/image\\\/\"}}]}<\/script>\n<!-- \/ Yoast SEO plugin. -->","yoast_head_json":{"title":"Plisuotos \u017ealiuz\u0117s (Honeycomb) BASIC - sunnyblinds.lv","description":"Plisuotos \u017ealiuz\u0117s Honeycomb \u2013 stilingas ir funkcionalus sprendimas j\u016bs\u0173 langams. \u0160ilumos ir garso izoliacija, lengvas valdymas ir eleganti\u0161kas dizainas!","robots":{"index":"index","follow":"follow","max-snippet":"max-snippet:-1","max-image-preview":"max-image-preview:large","max-video-preview":"max-video-preview:-1"},"canonical":"https:\/\/sunnyblinds.lv\/gaminys\/plisuotos-zaliuzes-honeycomb-basic\/","og_locale":"lt_LT","og_type":"article","og_title":"Plisuotos \u017ealiuz\u0117s (Honeycomb) BASIC - sunnyblinds.lv","og_description":"Plisuotos \u017ealiuz\u0117s Honeycomb \u2013 stilingas ir funkcionalus sprendimas j\u016bs\u0173 langams. \u0160ilumos ir garso izoliacija, lengvas valdymas ir eleganti\u0161kas dizainas!","og_url":"https:\/\/sunnyblinds.lv\/gaminys\/plisuotos-zaliuzes-honeycomb-basic\/","og_site_name":"Dextera","article_modified_time":"2025-04-11T10:45:33+00:00","og_image":[{"width":2000,"height":2000,"url":"https:\/\/sunnyblinds.lv\/wp-content\/uploads\/2023\/07\/ofis-min.png","type":"image\/png"}],"twitter_card":"summary_large_image","twitter_misc":{"Est. reading time":"2 minut\u0117s"},"schema":{"@context":"https:\/\/schema.org","@graph":[{"@type":"WebPage","@id":"https:\/\/sunnyblinds.lv\/gaminys\/plisuotos-zaliuzes-honeycomb-basic\/","url":"https:\/\/sunnyblinds.lv\/gaminys\/plisuotos-zaliuzes-honeycomb-basic\/","name":"Plisuotos \u017ealiuz\u0117s (Honeycomb) BASIC - sunnyblinds.lv","isPartOf":{"@id":"https:\/\/sunnyblinds.lv\/#website"},"primaryImageOfPage":{"@id":"https:\/\/sunnyblinds.lv\/gaminys\/plisuotos-zaliuzes-honeycomb-basic\/#primaryimage"},"image":{"@id":"https:\/\/sunnyblinds.lv\/gaminys\/plisuotos-zaliuzes-honeycomb-basic\/#primaryimage"},"thumbnailUrl":"https:\/\/sunnyblinds.lv\/wp-content\/uploads\/2023\/07\/ofis-min.png","datePublished":"2025-01-23T12:34:34+00:00","dateModified":"2025-04-11T10:45:33+00:00","description":"Plisuotos \u017ealiuz\u0117s Honeycomb \u2013 stilingas ir funkcionalus sprendimas j\u016bs\u0173 langams. \u0160ilumos ir garso izoliacija, lengvas valdymas ir eleganti\u0161kas dizainas!","breadcrumb":{"@id":"https:\/\/sunnyblinds.lv\/gaminys\/plisuotos-zaliuzes-honeycomb-basic\/#breadcrumb"},"inLanguage":"lt-LT","potentialAction":[{"@type":"ReadAction","target":["https:\/\/sunnyblinds.lv\/gaminys\/plisuotos-zaliuzes-honeycomb-basic\/"]}]},{"@type":"ImageObject","inLanguage":"lt-LT","@id":"https:\/\/sunnyblinds.lv\/gaminys\/plisuotos-zaliuzes-honeycomb-basic\/#primaryimage","url":"https:\/\/sunnyblinds.lv\/wp-content\/uploads\/2023\/07\/ofis-min.png","contentUrl":"https:\/\/sunnyblinds.lv\/wp-content\/uploads\/2023\/07\/ofis-min.png","width":2000,"height":2000,"caption":"darbo kambarys"},{"@type":"BreadcrumbList","@id":"https:\/\/sunnyblinds.lv\/gaminys\/plisuotos-zaliuzes-honeycomb-basic\/#breadcrumb","itemListElement":[{"@type":"ListItem","position":1,"name":"Home","item":"https:\/\/sunnyblinds.lv\/"},{"@type":"ListItem","position":2,"name":"Elektronin\u0117 parduotuv\u0117","item":"https:\/\/sunnyblinds.lv\/parduotuve\/"},{"@type":"ListItem","position":3,"name":"Plisuotos \u017ealiuz\u0117s (Honeycomb) BASIC"}]},{"@type":"WebSite","@id":"https:\/\/sunnyblinds.lv\/#website","url":"https:\/\/sunnyblinds.lv\/","name":"Dextera","description":"LV eshop","publisher":{"@id":"https:\/\/sunnyblinds.lv\/#organization"},"potentialAction":[{"@type":"SearchAction","target":{"@type":"EntryPoint","urlTemplate":"https:\/\/sunnyblinds.lv\/?s={search_term_string}"},"query-input":{"@type":"PropertyValueSpecification","valueRequired":true,"valueName":"search_term_string"}}],"inLanguage":"lt-LT"},{"@type":"Organization","@id":"https:\/\/sunnyblinds.lv\/#organization","name":"Dextera","url":"https:\/\/sunnyblinds.lv\/","logo":{"@type":"ImageObject","inLanguage":"lt-LT","@id":"https:\/\/sunnyblinds.lv\/#\/schema\/logo\/image\/","url":"https:\/\/sunnyblinds.lv\/wp-content\/uploads\/2024\/03\/DEXTERA_su-sukiu_tamsiai-melynas-e1710914216478.png","contentUrl":"https:\/\/sunnyblinds.lv\/wp-content\/uploads\/2024\/03\/DEXTERA_su-sukiu_tamsiai-melynas-e1710914216478.png","width":200,"height":53,"caption":"Dextera"},"image":{"@id":"https:\/\/sunnyblinds.lv\/#\/schema\/logo\/image\/"}}]}},"_links":{"self":[{"href":"https:\/\/sunnyblinds.lv\/lt\/wp-json\/wp\/v2\/product\/4179","targetHints":{"allow":["GET"]}}],"collection":[{"href":"https:\/\/sunnyblinds.lv\/lt\/wp-json\/wp\/v2\/product"}],"about":[{"href":"https:\/\/sunnyblinds.lv\/lt\/wp-json\/wp\/v2\/types\/product"}],"wp:featuredmedia":[{"embeddable":true,"href":"https:\/\/sunnyblinds.lv\/lt\/wp-json\/wp\/v2\/media\/208"}],"wp:attachment":[{"href":"https:\/\/sunnyblinds.lv\/lt\/wp-json\/wp\/v2\/media?parent=4179"}],"wp:term":[{"taxonomy":"product_brand","embeddable":true,"href":"https:\/\/sunnyblinds.lv\/lt\/wp-json\/wp\/v2\/product_brand?post=4179"},{"taxonomy":"product_cat","embeddable":true,"href":"https:\/\/sunnyblinds.lv\/lt\/wp-json\/wp\/v2\/product_cat?post=4179"},{"taxonomy":"product_tag","embeddable":true,"href":"https:\/\/sunnyblinds.lv\/lt\/wp-json\/wp\/v2\/product_tag?post=4179"}],"curies":[{"name":"wp","href":"https:\/\/api.w.org\/{rel}","templated":true}]}}