{"id":4167,"date":"2025-01-23T11:45:42","date_gmt":"2025-01-23T09:45:42","guid":{"rendered":"https:\/\/e.dextera.lt\/?post_type=product&#038;p=4167"},"modified":"2025-03-27T15:03:23","modified_gmt":"2025-03-27T13:03:23","slug":"plisuotos-zaliuzes-plisse-premium","status":"publish","type":"product","link":"https:\/\/sunnyblinds.lv\/lt\/gaminys\/plisuotos-zaliuzes-plisse-premium\/","title":{"rendered":"Plisuotos \u017ealiuz\u0117s (PLISSE) Premium"},"content":{"rendered":"<h2 class=\"markdown__heading\"><strong>Plisuotos \u017daliuz\u0117s Plisse Premium \u2013 Prabanga ir Daugiau Pasirinkim\u0173 J\u016bs\u0173 Interjerui<\/strong><\/h2>\n<h3 class=\"markdown__heading\"><strong>Kod\u0117l Rinktis Plisuotas \u017daliuzes PLISSE?<\/strong><\/h3>\n<p data-start=\"825\" data-end=\"1381\">Plisuotos \u017ealiuz\u0117s PLISSE reprezentuoja auk\u0161tos kokyb\u0117s ir esteti\u0161k\u0105 sprendim\u0105 \u017emon\u0117ms, kurie vertina tiek funkcionalum\u0105, tiek i\u0161skirtin\u012f dizain\u0105. Galimos <strong>trys profilio spalv\u0173<\/strong> versijos \u2013 balta, antracito ir sidabrin\u0117, leid\u017eia lengvai priderinti \u017ealiuzes prie esam\u0173 interjero element\u0173. Naudojama <strong>plisuoto audinio technologija<\/strong> ne tik efektyviai reguliuoja \u0161viesos sraut\u0105, bet ir apsaugo nuo perteklin\u0117s saul\u0117s \u0161ilumos, taigi u\u017etikrina moderni\u0105 ir prabangi\u0105 atmosfer\u0105 j\u016bs\u0173 namuose. U\u017esisakykite <strong>plisuotas \u017ealiuzes \u201ePremium\u201c<\/strong> jau \u0161iandien!<\/p>\n<h3>Audiniai<\/h3>\n<p><a href=\"https:\/\/dextera.lt\/audiniai\/zaliuziu-audiniai\/plisuotu-zaliuziu-audiniai\/\" target=\"_blank\" rel=\"noopener\">Plisuotas audinys<\/a> praleisdamas \u0161vies\u0105 interjere sukuria svajing\u0105 ir romanti\u0161k\u0105 atmosfer\u0105. Tai sprendimas varstomiems langams ir durims, kadangi \u0161ios \u017ealiuz\u0117s montuojamos labai arti lango stiklo. Net ir pilnai atidarant lang\u0105, nebus lau\u017eoma lango angokra\u0161\u010dio apdaila.<\/p>\n<p><a href=\"https:\/\/dextera.lt\/zaliuzes\/plisuotos-zaliuzes\/\" target=\"_blank\" rel=\"noopener\">Plisuotos \u017ealiuz\u0117s<\/a><\/p>\n<p>PLISSE yra spar\u010diai populiar\u0117jantis sprendimas saul\u0117s kontrolei. Modernios ir universalios plisuotos \u017ealiuz\u0117s pad\u0117s u\u017etikrinti optimal\u0173 \u0161viesos sraut\u0105 patalpoje ir suteiks privatumo. Naudojant dalinai \u0161vies\u0105 atspindin\u010dius audinius, galima suma\u017einti oro kondicionavimo ka\u0161tus. DEXTERA plisuotoms \u017ealiuz\u0117ms naudoja voki\u0161k\u0105 COSIFLOR sistem\u0105. Ilgaam\u017ei\u0161kumas, tvirta aliuminio konstrukcija, nesenstantis dizainas ir voki\u0161ka kokyb\u0117 \u2013 tokie yra did\u017eiausi COSIFLOR sistemos privalumai. \u0160io tipo mechanizmas yra sukurtas taip, kad j\u012f b\u016bt\u0173 lengva valyti ir pri\u017ei\u016br\u0117ti.<\/p>\n<p>SVARBU! \u012esigydami plisuotas \u017ealiuzes nepamir\u0161kite, kad virvel\u0117s yra vertikaliai perv\u0117rusios \u017ealiuzi\u0173 audin\u012f. D\u0117l \u0161ios prie\u017easties plisuotos \u017ealiuz\u0117s turi nedideles skylutes, pro kurias \u012f patalp\u0105 gali patekti \u0161viesa. Skylu\u010di\u0173 nebus jei pasirinksite HONEYCOMB audinius.<\/p>\n<p>Plisuot\u0173 \u017ealiuzi\u0173 PREMIUM montavimas, <a href=\"https:\/\/www.youtube.com\/watch?v=zHanvFtBsH8\" target=\"_blank\" rel=\"noopener\">\u017ei\u016br\u0117ti \u010dia:<\/a><\/p>\n<hr \/>\n<p>DEXTERA savo klientams si\u016blo plat\u0173 plisuot\u0173 \u017ealiuzi\u0173 audini\u0173 pasirinkim\u0105. Nuo ry\u0161ki\u0173 ir ak\u012f traukian\u010di\u0173 iki \u0161velni\u0173, pastelini\u0173 ar neutrali\u0173 spalv\u0173.<\/p>\n<p>Renkantis plisuot\u0173 \u017ealiuzi\u0173 audinius si\u016blome atkreipti d\u0117mes\u012f ne tik \u012f audinio spalv\u0105, bet ir jo funkcionalum\u0105. Galime pasi\u016blyti standartinius plisuot\u0173 \u017ealiuzi\u0173 audinius arba\u00a0<b>dengtus teflonu<\/b>\u00a0(t.y. atsparesnius kar\u0161\u010diui), audinius dengtus su\u00a0<b>PERLEX danga\u00a0<\/b>arba<b>\u00a0aliuminio folija,\u00a0<\/b>\u0161io tipo audiniai\u00a0patiks tiems, kurie nori pilnai u\u017etemdyti patalp\u0105 ir kuriems reikalingas ypatingai auk\u0161tas \u0161viesos atspind\u0117jimas\u00a0apsaugantis patalpas nuo kar\u0161\u010dio.\u00a0Naudojant dalinai \u0161vies\u0105 atspindin\u010dius audinius, galima suma\u017einti oro kondicionavimo ka\u0161tus.<\/p>\n","protected":false},"excerpt":{"rendered":"<p>Plisuotos \u017daliuz\u0117s Plisse Premium \u2013 Prabanga ir Daugiau Pasirinkim\u0173 J\u016bs\u0173 Interjerui Kod\u0117l Rinktis Plisuotas \u017daliuzes PLISSE? Plisuotos \u017ealiuz\u0117s PLISSE reprezentuoja auk\u0161tos kokyb\u0117s ir esteti\u0161k\u0105 sprendim\u0105 \u017emon\u0117ms, kurie vertina tiek funkcionalum\u0105, tiek i\u0161skirtin\u012f dizain\u0105. Galimos trys profilio spalv\u0173 versijos \u2013 balta, antracito ir sidabrin\u0117, leid\u017eia lengvai priderinti \u017ealiuzes prie esam\u0173 interjero element\u0173. Naudojama plisuoto audinio technologija [&hellip;]<\/p>\n","protected":false},"featured_media":206,"template":"","meta":{"inline_featured_image":false},"product_brand":[],"product_cat":[30,46,59],"product_tag":[],"class_list":{"0":"post-4167","1":"product","2":"type-product","3":"status-publish","4":"has-post-thumbnail","6":"product_cat-plisuotos-zaliuzes","7":"product_cat-plisuotos-zaliuzes-plisse","8":"product_cat-zaliuzes-internetu","9":"product_shipping_class-vidaus-gaminiai","10":"tm-has-options","12":"first","13":"instock","14":"taxable","15":"shipping-taxable","16":"purchasable","17":"product-type-simple"},"acf":[],"yoast_head":"<!-- This site is optimized with the Yoast SEO plugin v27.4 - https:\/\/yoast.com\/product\/yoast-seo-wordpress\/ -->\n<title>Plisuotos \u017ealiuz\u0117s (PLISSE) Premium - sunnyblinds.lv<\/title>\n<meta name=\"description\" content=\"Plisuotos \u017ealiuz\u0117s \u2013 efektyvi saul\u0117s kontrol\u0117, ilgaam\u017e\u0117s med\u017eiagos ir platus spalv\u0173 pasirinkimas. Atraskite tobul\u0105 variant\u0105 sau!\" \/>\n<meta name=\"robots\" content=\"index, follow, max-snippet:-1, max-image-preview:large, max-video-preview:-1\" \/>\n<link rel=\"canonical\" href=\"https:\/\/sunnyblinds.lv\/gaminys\/plisuotos-zaliuzes-plisse-premium\/\" \/>\n<meta property=\"og:locale\" content=\"lt_LT\" \/>\n<meta property=\"og:type\" content=\"article\" \/>\n<meta property=\"og:title\" content=\"Plisuotos \u017ealiuz\u0117s (PLISSE) Premium - sunnyblinds.lv\" \/>\n<meta property=\"og:description\" content=\"Plisuotos \u017ealiuz\u0117s \u2013 efektyvi saul\u0117s kontrol\u0117, ilgaam\u017e\u0117s med\u017eiagos ir platus spalv\u0173 pasirinkimas. Atraskite tobul\u0105 variant\u0105 sau!\" \/>\n<meta property=\"og:url\" content=\"https:\/\/sunnyblinds.lv\/gaminys\/plisuotos-zaliuzes-plisse-premium\/\" \/>\n<meta property=\"og:site_name\" content=\"Dextera\" \/>\n<meta property=\"article:modified_time\" content=\"2025-03-27T13:03:23+00:00\" \/>\n<meta property=\"og:image\" content=\"https:\/\/sunnyblinds.lv\/wp-content\/uploads\/2023\/07\/virtu-min.png\" \/>\n\t<meta property=\"og:image:width\" content=\"2000\" \/>\n\t<meta property=\"og:image:height\" content=\"2000\" \/>\n\t<meta property=\"og:image:type\" content=\"image\/png\" \/>\n<meta name=\"twitter:card\" content=\"summary_large_image\" \/>\n<meta name=\"twitter:label1\" content=\"Est. reading time\" \/>\n\t<meta name=\"twitter:data1\" content=\"2 minut\u0117s\" \/>\n<script type=\"application\/ld+json\" class=\"yoast-schema-graph\">{\"@context\":\"https:\\\/\\\/schema.org\",\"@graph\":[{\"@type\":\"WebPage\",\"@id\":\"https:\\\/\\\/sunnyblinds.lv\\\/gaminys\\\/plisuotos-zaliuzes-plisse-premium\\\/\",\"url\":\"https:\\\/\\\/sunnyblinds.lv\\\/gaminys\\\/plisuotos-zaliuzes-plisse-premium\\\/\",\"name\":\"Plisuotos \u017ealiuz\u0117s (PLISSE) Premium - sunnyblinds.lv\",\"isPartOf\":{\"@id\":\"https:\\\/\\\/sunnyblinds.lv\\\/#website\"},\"primaryImageOfPage\":{\"@id\":\"https:\\\/\\\/sunnyblinds.lv\\\/gaminys\\\/plisuotos-zaliuzes-plisse-premium\\\/#primaryimage\"},\"image\":{\"@id\":\"https:\\\/\\\/sunnyblinds.lv\\\/gaminys\\\/plisuotos-zaliuzes-plisse-premium\\\/#primaryimage\"},\"thumbnailUrl\":\"https:\\\/\\\/sunnyblinds.lv\\\/wp-content\\\/uploads\\\/2023\\\/07\\\/virtu-min.png\",\"datePublished\":\"2025-01-23T09:45:42+00:00\",\"dateModified\":\"2025-03-27T13:03:23+00:00\",\"description\":\"Plisuotos \u017ealiuz\u0117s \u2013 efektyvi saul\u0117s kontrol\u0117, ilgaam\u017e\u0117s med\u017eiagos ir platus spalv\u0173 pasirinkimas. Atraskite tobul\u0105 variant\u0105 sau!\",\"breadcrumb\":{\"@id\":\"https:\\\/\\\/sunnyblinds.lv\\\/gaminys\\\/plisuotos-zaliuzes-plisse-premium\\\/#breadcrumb\"},\"inLanguage\":\"lt-LT\",\"potentialAction\":[{\"@type\":\"ReadAction\",\"target\":[\"https:\\\/\\\/sunnyblinds.lv\\\/gaminys\\\/plisuotos-zaliuzes-plisse-premium\\\/\"]}]},{\"@type\":\"ImageObject\",\"inLanguage\":\"lt-LT\",\"@id\":\"https:\\\/\\\/sunnyblinds.lv\\\/gaminys\\\/plisuotos-zaliuzes-plisse-premium\\\/#primaryimage\",\"url\":\"https:\\\/\\\/sunnyblinds.lv\\\/wp-content\\\/uploads\\\/2023\\\/07\\\/virtu-min.png\",\"contentUrl\":\"https:\\\/\\\/sunnyblinds.lv\\\/wp-content\\\/uploads\\\/2023\\\/07\\\/virtu-min.png\",\"width\":2000,\"height\":2000,\"caption\":\"virtuv\u0117s zona\"},{\"@type\":\"BreadcrumbList\",\"@id\":\"https:\\\/\\\/sunnyblinds.lv\\\/gaminys\\\/plisuotos-zaliuzes-plisse-premium\\\/#breadcrumb\",\"itemListElement\":[{\"@type\":\"ListItem\",\"position\":1,\"name\":\"Home\",\"item\":\"https:\\\/\\\/sunnyblinds.lv\\\/\"},{\"@type\":\"ListItem\",\"position\":2,\"name\":\"Elektronin\u0117 parduotuv\u0117\",\"item\":\"https:\\\/\\\/sunnyblinds.lv\\\/parduotuve\\\/\"},{\"@type\":\"ListItem\",\"position\":3,\"name\":\"Plisuotos \u017ealiuz\u0117s (PLISSE) Premium\"}]},{\"@type\":\"WebSite\",\"@id\":\"https:\\\/\\\/sunnyblinds.lv\\\/#website\",\"url\":\"https:\\\/\\\/sunnyblinds.lv\\\/\",\"name\":\"Dextera\",\"description\":\"LV eshop\",\"publisher\":{\"@id\":\"https:\\\/\\\/sunnyblinds.lv\\\/#organization\"},\"potentialAction\":[{\"@type\":\"SearchAction\",\"target\":{\"@type\":\"EntryPoint\",\"urlTemplate\":\"https:\\\/\\\/sunnyblinds.lv\\\/?s={search_term_string}\"},\"query-input\":{\"@type\":\"PropertyValueSpecification\",\"valueRequired\":true,\"valueName\":\"search_term_string\"}}],\"inLanguage\":\"lt-LT\"},{\"@type\":\"Organization\",\"@id\":\"https:\\\/\\\/sunnyblinds.lv\\\/#organization\",\"name\":\"Dextera\",\"url\":\"https:\\\/\\\/sunnyblinds.lv\\\/\",\"logo\":{\"@type\":\"ImageObject\",\"inLanguage\":\"lt-LT\",\"@id\":\"https:\\\/\\\/sunnyblinds.lv\\\/#\\\/schema\\\/logo\\\/image\\\/\",\"url\":\"https:\\\/\\\/sunnyblinds.lv\\\/wp-content\\\/uploads\\\/2024\\\/03\\\/DEXTERA_su-sukiu_tamsiai-melynas-e1710914216478.png\",\"contentUrl\":\"https:\\\/\\\/sunnyblinds.lv\\\/wp-content\\\/uploads\\\/2024\\\/03\\\/DEXTERA_su-sukiu_tamsiai-melynas-e1710914216478.png\",\"width\":200,\"height\":53,\"caption\":\"Dextera\"},\"image\":{\"@id\":\"https:\\\/\\\/sunnyblinds.lv\\\/#\\\/schema\\\/logo\\\/image\\\/\"}}]}<\/script>\n<!-- \/ Yoast SEO plugin. -->","yoast_head_json":{"title":"Plisuotos \u017ealiuz\u0117s (PLISSE) Premium - sunnyblinds.lv","description":"Plisuotos \u017ealiuz\u0117s \u2013 efektyvi saul\u0117s kontrol\u0117, ilgaam\u017e\u0117s med\u017eiagos ir platus spalv\u0173 pasirinkimas. Atraskite tobul\u0105 variant\u0105 sau!","robots":{"index":"index","follow":"follow","max-snippet":"max-snippet:-1","max-image-preview":"max-image-preview:large","max-video-preview":"max-video-preview:-1"},"canonical":"https:\/\/sunnyblinds.lv\/gaminys\/plisuotos-zaliuzes-plisse-premium\/","og_locale":"lt_LT","og_type":"article","og_title":"Plisuotos \u017ealiuz\u0117s (PLISSE) Premium - sunnyblinds.lv","og_description":"Plisuotos \u017ealiuz\u0117s \u2013 efektyvi saul\u0117s kontrol\u0117, ilgaam\u017e\u0117s med\u017eiagos ir platus spalv\u0173 pasirinkimas. Atraskite tobul\u0105 variant\u0105 sau!","og_url":"https:\/\/sunnyblinds.lv\/gaminys\/plisuotos-zaliuzes-plisse-premium\/","og_site_name":"Dextera","article_modified_time":"2025-03-27T13:03:23+00:00","og_image":[{"width":2000,"height":2000,"url":"https:\/\/sunnyblinds.lv\/wp-content\/uploads\/2023\/07\/virtu-min.png","type":"image\/png"}],"twitter_card":"summary_large_image","twitter_misc":{"Est. reading time":"2 minut\u0117s"},"schema":{"@context":"https:\/\/schema.org","@graph":[{"@type":"WebPage","@id":"https:\/\/sunnyblinds.lv\/gaminys\/plisuotos-zaliuzes-plisse-premium\/","url":"https:\/\/sunnyblinds.lv\/gaminys\/plisuotos-zaliuzes-plisse-premium\/","name":"Plisuotos \u017ealiuz\u0117s (PLISSE) Premium - sunnyblinds.lv","isPartOf":{"@id":"https:\/\/sunnyblinds.lv\/#website"},"primaryImageOfPage":{"@id":"https:\/\/sunnyblinds.lv\/gaminys\/plisuotos-zaliuzes-plisse-premium\/#primaryimage"},"image":{"@id":"https:\/\/sunnyblinds.lv\/gaminys\/plisuotos-zaliuzes-plisse-premium\/#primaryimage"},"thumbnailUrl":"https:\/\/sunnyblinds.lv\/wp-content\/uploads\/2023\/07\/virtu-min.png","datePublished":"2025-01-23T09:45:42+00:00","dateModified":"2025-03-27T13:03:23+00:00","description":"Plisuotos \u017ealiuz\u0117s \u2013 efektyvi saul\u0117s kontrol\u0117, ilgaam\u017e\u0117s med\u017eiagos ir platus spalv\u0173 pasirinkimas. Atraskite tobul\u0105 variant\u0105 sau!","breadcrumb":{"@id":"https:\/\/sunnyblinds.lv\/gaminys\/plisuotos-zaliuzes-plisse-premium\/#breadcrumb"},"inLanguage":"lt-LT","potentialAction":[{"@type":"ReadAction","target":["https:\/\/sunnyblinds.lv\/gaminys\/plisuotos-zaliuzes-plisse-premium\/"]}]},{"@type":"ImageObject","inLanguage":"lt-LT","@id":"https:\/\/sunnyblinds.lv\/gaminys\/plisuotos-zaliuzes-plisse-premium\/#primaryimage","url":"https:\/\/sunnyblinds.lv\/wp-content\/uploads\/2023\/07\/virtu-min.png","contentUrl":"https:\/\/sunnyblinds.lv\/wp-content\/uploads\/2023\/07\/virtu-min.png","width":2000,"height":2000,"caption":"virtuv\u0117s zona"},{"@type":"BreadcrumbList","@id":"https:\/\/sunnyblinds.lv\/gaminys\/plisuotos-zaliuzes-plisse-premium\/#breadcrumb","itemListElement":[{"@type":"ListItem","position":1,"name":"Home","item":"https:\/\/sunnyblinds.lv\/"},{"@type":"ListItem","position":2,"name":"Elektronin\u0117 parduotuv\u0117","item":"https:\/\/sunnyblinds.lv\/parduotuve\/"},{"@type":"ListItem","position":3,"name":"Plisuotos \u017ealiuz\u0117s (PLISSE) Premium"}]},{"@type":"WebSite","@id":"https:\/\/sunnyblinds.lv\/#website","url":"https:\/\/sunnyblinds.lv\/","name":"Dextera","description":"LV eshop","publisher":{"@id":"https:\/\/sunnyblinds.lv\/#organization"},"potentialAction":[{"@type":"SearchAction","target":{"@type":"EntryPoint","urlTemplate":"https:\/\/sunnyblinds.lv\/?s={search_term_string}"},"query-input":{"@type":"PropertyValueSpecification","valueRequired":true,"valueName":"search_term_string"}}],"inLanguage":"lt-LT"},{"@type":"Organization","@id":"https:\/\/sunnyblinds.lv\/#organization","name":"Dextera","url":"https:\/\/sunnyblinds.lv\/","logo":{"@type":"ImageObject","inLanguage":"lt-LT","@id":"https:\/\/sunnyblinds.lv\/#\/schema\/logo\/image\/","url":"https:\/\/sunnyblinds.lv\/wp-content\/uploads\/2024\/03\/DEXTERA_su-sukiu_tamsiai-melynas-e1710914216478.png","contentUrl":"https:\/\/sunnyblinds.lv\/wp-content\/uploads\/2024\/03\/DEXTERA_su-sukiu_tamsiai-melynas-e1710914216478.png","width":200,"height":53,"caption":"Dextera"},"image":{"@id":"https:\/\/sunnyblinds.lv\/#\/schema\/logo\/image\/"}}]}},"_links":{"self":[{"href":"https:\/\/sunnyblinds.lv\/lt\/wp-json\/wp\/v2\/product\/4167","targetHints":{"allow":["GET"]}}],"collection":[{"href":"https:\/\/sunnyblinds.lv\/lt\/wp-json\/wp\/v2\/product"}],"about":[{"href":"https:\/\/sunnyblinds.lv\/lt\/wp-json\/wp\/v2\/types\/product"}],"wp:featuredmedia":[{"embeddable":true,"href":"https:\/\/sunnyblinds.lv\/lt\/wp-json\/wp\/v2\/media\/206"}],"wp:attachment":[{"href":"https:\/\/sunnyblinds.lv\/lt\/wp-json\/wp\/v2\/media?parent=4167"}],"wp:term":[{"taxonomy":"product_brand","embeddable":true,"href":"https:\/\/sunnyblinds.lv\/lt\/wp-json\/wp\/v2\/product_brand?post=4167"},{"taxonomy":"product_cat","embeddable":true,"href":"https:\/\/sunnyblinds.lv\/lt\/wp-json\/wp\/v2\/product_cat?post=4167"},{"taxonomy":"product_tag","embeddable":true,"href":"https:\/\/sunnyblinds.lv\/lt\/wp-json\/wp\/v2\/product_tag?post=4167"}],"curies":[{"name":"wp","href":"https:\/\/api.w.org\/{rel}","templated":true}]}}