{"id":3772,"date":"2024-12-09T15:16:31","date_gmt":"2024-12-09T13:16:31","guid":{"rendered":"https:\/\/e.dextera.lt\/?post_type=product&#038;p=3772"},"modified":"2025-05-22T11:28:53","modified_gmt":"2025-05-22T08:28:53","slug":"markize-apollo-automatinis-valdymas","status":"publish","type":"product","link":"https:\/\/sunnyblinds.lv\/lt\/gaminys\/markize-apollo-automatinis-valdymas\/","title":{"rendered":"Markiz\u0117 APOLLO (automatinis valdymas)"},"content":{"rendered":"<h1 class=\"markdown__heading\">Terasin\u0117 markiz\u0117 APOLLO \u2013 Funkcionalumas ir komfortas j\u016bs\u0173 terasoje<\/h1>\n<h3 data-start=\"813\" data-end=\"901\"><strong data-start=\"817\" data-end=\"899\">Individualiai gaminamos automatin\u0117s markiz\u0117s \u2013 moderni apsauga j\u016bs\u0173 terasai<\/strong><\/h3>\n<p data-start=\"902\" data-end=\"1395\"><strong data-start=\"902\" data-end=\"951\">Automatin\u0117s terasin\u0117s markiz\u0117s pagal u\u017esakym\u0105<\/strong> suteikia maksimali\u0105 saul\u0117s kontrol\u0119 ir estetik\u0105 j\u016bs\u0173 lauko erdvei. \u0160ios <strong data-start=\"1024\" data-end=\"1075\">pagal individualius matmenis gaminamos markiz\u0117s<\/strong> leid\u017eia lengvai reguliuoti pav\u0117s\u012f ir apsisaugoti nuo kaitrios saul\u0117s. D\u0117l integruoto <strong data-start=\"1161\" data-end=\"1182\">elektros variklio<\/strong>, markiz\u0117 veikia tyliai ir skland\u017eiai, o valdymas nuotoliniu pulteliu arba program\u0117le suteikia papildom\u0105 patogum\u0105. Investuokite \u012f <strong data-start=\"1312\" data-end=\"1348\"><a href=\"https:\/\/sunnyblinds.lv\/kategorija\/terasines-markizes\/automatinis-valdymas\/\" target=\"_blank\" rel=\"noopener\" data-start=\"1314\" data-end=\"1346\">automatin\u0119 terasin\u0119 markiz\u0119<\/a><\/strong> ir m\u0117gaukit\u0117s tobulu komfortu savo terasoje!<\/p>\n<p><a href=\"https:\/\/dextera.lt\/markizes-pavesines\/terasines-markizes\/apollo\/\" target=\"_blank\" rel=\"noopener\"><strong>Tersin\u0117 markiz\u0117 APOLLO<\/strong> <\/a>\u2013 puikus sprendimas j\u016bs\u0173 nam\u0173 balkonams, terasoms ar caf\u00e9 tipo erdv\u0117ms. Su tvirtu aliuminio r\u0117mu, ji teikia patikim\u0105 apsaug\u0105 nuo saul\u0117s ir yra lengvai valdoma, tod\u0117l u\u017etikrina ilgaam\u017ei\u0161kum\u0105 ir komfort\u0105. \u00a0\u0160ios <strong data-start=\"246\" data-end=\"297\">pagal individualius matmenis gaminamos markiz\u0117s<\/strong> leid\u017eia pritaikyti jas prie bet kokio eksterjero. Mechaninis valdymas u\u017etikrina lengv\u0105 naudojim\u0105 ir patikimum\u0105, nereikalaujant elektros. Pasirinkite <strong>automatinio\u00a0valdymo terasines markizes<\/strong> ir m\u0117gaukit\u0117s komfortu lauke!<\/p>\n<h2 class=\"markdown__heading\">Konstrukcijos ir audinio privalumai<\/h2>\n<p>Konstrukcija pagaminta i\u0161 auk\u0161tos kokyb\u0117s aliuminio lydinio, dengto milteliniu b\u016bdu, tod\u0117l pavir\u0161ius yra atsparus korozijai, brai\u017eymui ir oro s\u0105lyg\u0173 \u012ftakai. Aliuminio alk\u016bn\u0117s sujungtos specialia grandine, garantuojan\u010dia stabilum\u0105 ir patvarum\u0105.<\/p>\n<h3 class=\"markdown__heading\">Audinio ypatyb\u0117s<\/h3>\n<p>Tvirtas ir atsparus audinys u\u017etikrina ilgalaik\u0119 apsaug\u0105 nuo kaitrios saul\u0117s bei smulkaus lietaus, leisdamas m\u0117gautis poilsiu gryname ore, o papildoma audinio bangel\u0117 apsaugos nuo \u017eemai krentan\u010dios saul\u0117s.<\/p>\n<h2 class=\"markdown__heading\">Terasin\u0117 markiz\u0117 Apollo: Eksploatacijos ir prie\u017ei\u016bros privalumai<\/h2>\n<p>Markiz\u0117s prie\u017ei\u016br\u0105 palengvina speciali \u0161onin\u0117 vandens nub\u0117gimo sistema ir technin\u0117s detal\u0117s, apsaugotos plastiko dangteliais.<\/p>\n<p><strong>Montavimo procesas ir prie\u017ei\u016bra:<\/strong> Terasin\u0117s markiz\u0117s APOLLO montavimas yra paprastas. Jums tereikia tinkam\u0173 tvirtinimo detali\u0173, kurios garantuoja stabilum\u0105 bet kokiomis oro s\u0105lygomis. Reguliari prie\u017ei\u016bra apima audinio valym\u0105 mink\u0161tu \u0161epe\u010diu, kas apsaugo nuo dulki\u0173 kaupimosi.<\/p>\n<h3 class=\"markdown__heading\">Montavimo instrukcijos ir svarbios pastabos<\/h3>\n<p>SVARBU!<\/p>\n<div class=\"content-width-custom\">\n<p><em>Prie\u0161 u\u017esakydami markiz\u0119, \u012fsitikinkite, kad u\u017esakoma markiz\u0117 tilps ant sienos, kur planuojamas montavimas. Pasir\u016bpinkite ir b\u016bkite tikri, jog tur\u0117site galimyb\u0117 susimontuoti gamin\u012f.<\/em><\/p>\n<p><em>Tvirtinimo elementai n\u0117ra pridedami. Tvirtinimo elementus (var\u017etus, inkarus ir pan.) b\u016btina \u012fsigyti prie\u0161 montavim\u0105, atsi\u017evelgiant \u012f sienos strukt\u016br\u0105, \u012f kuri\u0105 bus tvirtinama. Jei nesate tikri d\u0117l tvirtinimo element\u0173 pasirinkimo, pasitarkite su \u0161ios srities (tvirtinimo element\u0173) specialistais, perkant elektronin\u0117je parduotuv\u0117je markiz\u0117s montavimo paslauga neteikiama.<\/em><\/p>\n<p><em>Prie\u0161 \u012fsigydami ar montuodami markiz\u0119, matavimo rulet\u0117s pagalba i\u0161matuokite erdv\u0119 (sien\u0105), ant kurios montuosite markiz\u0119. Markiz\u0117s montavimui reikalingas plotis yra lygus markiz\u0117s plo\u010diui + 5 cm. laisvumo i\u0161 abiej\u0173 markiz\u0117s pusi\u0173. Montavimui reikalingas auk\u0161tis yra 30 cm.<\/em><\/p>\n<\/div>\n<p><a class=\"theme markdown__link\" href=\"https:\/\/sunnyblinds.lv\/wp-content\/uploads\/2025\/03\/Dextera-Montavimo-instrukcijos-Apollo-2025-03-01.pdf\" target=\"_blank\" rel=\"noopener noreferrer\"><strong>Markiz\u0117s APOLLO montavimo instrukcija \u010dia \u2192<\/strong><\/a><\/p>\n","protected":false},"excerpt":{"rendered":"<p><strong>APOLLO<\/strong>\u00a0&#8211; pusiau kasetin\u0117 terasin\u0117 markiz\u0117 pasi\u017eymi tvirtumu ir rafinuotu dizainu. Jos konstrukcijos detal\u0117s pagamintos i\u0161 specialaus aliuminio lydinio, o mechanizmai da\u017eyti milteliniu b\u016bdu \u2013 taip nuda\u017eytos detal\u0117s turi lygi\u0105, atspari\u0105 \u012fbr\u0117\u017eimams ir pavir\u0161i\u0173 apsaugan\u010di\u0105 dang\u0105.<\/p>\n","protected":false},"featured_media":3776,"template":"","meta":{"inline_featured_image":false},"product_brand":[],"product_cat":[15,40,35,33,60],"product_tag":[],"class_list":{"0":"post-3772","1":"product","2":"type-product","3":"status-publish","4":"has-post-thumbnail","6":"product_cat-produktas","7":"product_cat-automatinis-valdymas","8":"product_cat-gaminamos-terasines-markizes","9":"product_cat-terasines-markizes","10":"product_cat-terasines-markizes-internetu","11":"product_shipping_class-isores-gaminiai","12":"tm-has-options","14":"first","15":"instock","16":"taxable","17":"shipping-taxable","18":"purchasable","19":"product-type-simple"},"acf":[],"yoast_head":"<!-- This site is optimized with the Yoast SEO plugin v27.4 - https:\/\/yoast.com\/product\/yoast-seo-wordpress\/ -->\n<title>Markiz\u0117 APOLLO (automatinis valdymas) - sunnyblinds.lv<\/title>\n<meta name=\"description\" content=\"\u012esigykite kokybi\u0161kas automatinio valdymo terasines markizes i\u0161 sunnyblinds.lv Patikima apsauga nuo saul\u0117s, paprastas valdymas ir ilgaam\u017ei\u0161kumas.\" \/>\n<meta name=\"robots\" content=\"index, follow, max-snippet:-1, max-image-preview:large, max-video-preview:-1\" \/>\n<link rel=\"canonical\" href=\"https:\/\/sunnyblinds.lv\/gaminys\/markize-apollo-automatinis-valdymas\/\" \/>\n<meta property=\"og:locale\" content=\"lt_LT\" \/>\n<meta property=\"og:type\" content=\"article\" \/>\n<meta property=\"og:title\" content=\"Markiz\u0117 APOLLO (automatinis valdymas) - sunnyblinds.lv\" \/>\n<meta property=\"og:description\" content=\"\u012esigykite kokybi\u0161kas automatinio valdymo terasines markizes i\u0161 sunnyblinds.lv Patikima apsauga nuo saul\u0117s, paprastas valdymas ir ilgaam\u017ei\u0161kumas.\" \/>\n<meta property=\"og:url\" content=\"https:\/\/sunnyblinds.lv\/gaminys\/markize-apollo-automatinis-valdymas\/\" \/>\n<meta property=\"og:site_name\" content=\"Dextera\" \/>\n<meta property=\"article:modified_time\" content=\"2025-05-22T08:28:53+00:00\" \/>\n<meta property=\"og:image\" content=\"https:\/\/sunnyblinds.lv\/wp-content\/uploads\/2024\/12\/APOLLO-4.jpg\" \/>\n\t<meta property=\"og:image:width\" content=\"1080\" \/>\n\t<meta property=\"og:image:height\" content=\"1080\" \/>\n\t<meta property=\"og:image:type\" content=\"image\/jpeg\" \/>\n<meta name=\"twitter:card\" content=\"summary_large_image\" \/>\n<meta name=\"twitter:label1\" content=\"Est. reading time\" \/>\n\t<meta name=\"twitter:data1\" content=\"3 minut\u0117s\" \/>\n<script type=\"application\/ld+json\" class=\"yoast-schema-graph\">{\"@context\":\"https:\\\/\\\/schema.org\",\"@graph\":[{\"@type\":\"WebPage\",\"@id\":\"https:\\\/\\\/sunnyblinds.lv\\\/gaminys\\\/markize-apollo-automatinis-valdymas\\\/\",\"url\":\"https:\\\/\\\/sunnyblinds.lv\\\/gaminys\\\/markize-apollo-automatinis-valdymas\\\/\",\"name\":\"Markiz\u0117 APOLLO (automatinis valdymas) - sunnyblinds.lv\",\"isPartOf\":{\"@id\":\"https:\\\/\\\/sunnyblinds.lv\\\/#website\"},\"primaryImageOfPage\":{\"@id\":\"https:\\\/\\\/sunnyblinds.lv\\\/gaminys\\\/markize-apollo-automatinis-valdymas\\\/#primaryimage\"},\"image\":{\"@id\":\"https:\\\/\\\/sunnyblinds.lv\\\/gaminys\\\/markize-apollo-automatinis-valdymas\\\/#primaryimage\"},\"thumbnailUrl\":\"https:\\\/\\\/sunnyblinds.lv\\\/wp-content\\\/uploads\\\/2024\\\/12\\\/APOLLO-4.jpg\",\"datePublished\":\"2024-12-09T13:16:31+00:00\",\"dateModified\":\"2025-05-22T08:28:53+00:00\",\"description\":\"\u012esigykite kokybi\u0161kas automatinio valdymo terasines markizes i\u0161 sunnyblinds.lv Patikima apsauga nuo saul\u0117s, paprastas valdymas ir ilgaam\u017ei\u0161kumas.\",\"breadcrumb\":{\"@id\":\"https:\\\/\\\/sunnyblinds.lv\\\/gaminys\\\/markize-apollo-automatinis-valdymas\\\/#breadcrumb\"},\"inLanguage\":\"lt-LT\",\"potentialAction\":[{\"@type\":\"ReadAction\",\"target\":[\"https:\\\/\\\/sunnyblinds.lv\\\/gaminys\\\/markize-apollo-automatinis-valdymas\\\/\"]}]},{\"@type\":\"ImageObject\",\"inLanguage\":\"lt-LT\",\"@id\":\"https:\\\/\\\/sunnyblinds.lv\\\/gaminys\\\/markize-apollo-automatinis-valdymas\\\/#primaryimage\",\"url\":\"https:\\\/\\\/sunnyblinds.lv\\\/wp-content\\\/uploads\\\/2024\\\/12\\\/APOLLO-4.jpg\",\"contentUrl\":\"https:\\\/\\\/sunnyblinds.lv\\\/wp-content\\\/uploads\\\/2024\\\/12\\\/APOLLO-4.jpg\",\"width\":1080,\"height\":1080,\"caption\":\"Terasin\u0117 markiz\u0117 apollo automatin\u0117\"},{\"@type\":\"BreadcrumbList\",\"@id\":\"https:\\\/\\\/sunnyblinds.lv\\\/gaminys\\\/markize-apollo-automatinis-valdymas\\\/#breadcrumb\",\"itemListElement\":[{\"@type\":\"ListItem\",\"position\":1,\"name\":\"Home\",\"item\":\"https:\\\/\\\/sunnyblinds.lv\\\/\"},{\"@type\":\"ListItem\",\"position\":2,\"name\":\"Elektronin\u0117 parduotuv\u0117\",\"item\":\"https:\\\/\\\/sunnyblinds.lv\\\/parduotuve\\\/\"},{\"@type\":\"ListItem\",\"position\":3,\"name\":\"Markiz\u0117 APOLLO (automatinis valdymas)\"}]},{\"@type\":\"WebSite\",\"@id\":\"https:\\\/\\\/sunnyblinds.lv\\\/#website\",\"url\":\"https:\\\/\\\/sunnyblinds.lv\\\/\",\"name\":\"Dextera\",\"description\":\"LV eshop\",\"publisher\":{\"@id\":\"https:\\\/\\\/sunnyblinds.lv\\\/#organization\"},\"potentialAction\":[{\"@type\":\"SearchAction\",\"target\":{\"@type\":\"EntryPoint\",\"urlTemplate\":\"https:\\\/\\\/sunnyblinds.lv\\\/?s={search_term_string}\"},\"query-input\":{\"@type\":\"PropertyValueSpecification\",\"valueRequired\":true,\"valueName\":\"search_term_string\"}}],\"inLanguage\":\"lt-LT\"},{\"@type\":\"Organization\",\"@id\":\"https:\\\/\\\/sunnyblinds.lv\\\/#organization\",\"name\":\"Dextera\",\"url\":\"https:\\\/\\\/sunnyblinds.lv\\\/\",\"logo\":{\"@type\":\"ImageObject\",\"inLanguage\":\"lt-LT\",\"@id\":\"https:\\\/\\\/sunnyblinds.lv\\\/#\\\/schema\\\/logo\\\/image\\\/\",\"url\":\"https:\\\/\\\/sunnyblinds.lv\\\/wp-content\\\/uploads\\\/2024\\\/03\\\/DEXTERA_su-sukiu_tamsiai-melynas-e1710914216478.png\",\"contentUrl\":\"https:\\\/\\\/sunnyblinds.lv\\\/wp-content\\\/uploads\\\/2024\\\/03\\\/DEXTERA_su-sukiu_tamsiai-melynas-e1710914216478.png\",\"width\":200,\"height\":53,\"caption\":\"Dextera\"},\"image\":{\"@id\":\"https:\\\/\\\/sunnyblinds.lv\\\/#\\\/schema\\\/logo\\\/image\\\/\"}}]}<\/script>\n<!-- \/ Yoast SEO plugin. -->","yoast_head_json":{"title":"Markiz\u0117 APOLLO (automatinis valdymas) - sunnyblinds.lv","description":"\u012esigykite kokybi\u0161kas automatinio valdymo terasines markizes i\u0161 sunnyblinds.lv Patikima apsauga nuo saul\u0117s, paprastas valdymas ir ilgaam\u017ei\u0161kumas.","robots":{"index":"index","follow":"follow","max-snippet":"max-snippet:-1","max-image-preview":"max-image-preview:large","max-video-preview":"max-video-preview:-1"},"canonical":"https:\/\/sunnyblinds.lv\/gaminys\/markize-apollo-automatinis-valdymas\/","og_locale":"lt_LT","og_type":"article","og_title":"Markiz\u0117 APOLLO (automatinis valdymas) - sunnyblinds.lv","og_description":"\u012esigykite kokybi\u0161kas automatinio valdymo terasines markizes i\u0161 sunnyblinds.lv Patikima apsauga nuo saul\u0117s, paprastas valdymas ir ilgaam\u017ei\u0161kumas.","og_url":"https:\/\/sunnyblinds.lv\/gaminys\/markize-apollo-automatinis-valdymas\/","og_site_name":"Dextera","article_modified_time":"2025-05-22T08:28:53+00:00","og_image":[{"width":1080,"height":1080,"url":"https:\/\/sunnyblinds.lv\/wp-content\/uploads\/2024\/12\/APOLLO-4.jpg","type":"image\/jpeg"}],"twitter_card":"summary_large_image","twitter_misc":{"Est. reading time":"3 minut\u0117s"},"schema":{"@context":"https:\/\/schema.org","@graph":[{"@type":"WebPage","@id":"https:\/\/sunnyblinds.lv\/gaminys\/markize-apollo-automatinis-valdymas\/","url":"https:\/\/sunnyblinds.lv\/gaminys\/markize-apollo-automatinis-valdymas\/","name":"Markiz\u0117 APOLLO (automatinis valdymas) - sunnyblinds.lv","isPartOf":{"@id":"https:\/\/sunnyblinds.lv\/#website"},"primaryImageOfPage":{"@id":"https:\/\/sunnyblinds.lv\/gaminys\/markize-apollo-automatinis-valdymas\/#primaryimage"},"image":{"@id":"https:\/\/sunnyblinds.lv\/gaminys\/markize-apollo-automatinis-valdymas\/#primaryimage"},"thumbnailUrl":"https:\/\/sunnyblinds.lv\/wp-content\/uploads\/2024\/12\/APOLLO-4.jpg","datePublished":"2024-12-09T13:16:31+00:00","dateModified":"2025-05-22T08:28:53+00:00","description":"\u012esigykite kokybi\u0161kas automatinio valdymo terasines markizes i\u0161 sunnyblinds.lv Patikima apsauga nuo saul\u0117s, paprastas valdymas ir ilgaam\u017ei\u0161kumas.","breadcrumb":{"@id":"https:\/\/sunnyblinds.lv\/gaminys\/markize-apollo-automatinis-valdymas\/#breadcrumb"},"inLanguage":"lt-LT","potentialAction":[{"@type":"ReadAction","target":["https:\/\/sunnyblinds.lv\/gaminys\/markize-apollo-automatinis-valdymas\/"]}]},{"@type":"ImageObject","inLanguage":"lt-LT","@id":"https:\/\/sunnyblinds.lv\/gaminys\/markize-apollo-automatinis-valdymas\/#primaryimage","url":"https:\/\/sunnyblinds.lv\/wp-content\/uploads\/2024\/12\/APOLLO-4.jpg","contentUrl":"https:\/\/sunnyblinds.lv\/wp-content\/uploads\/2024\/12\/APOLLO-4.jpg","width":1080,"height":1080,"caption":"Terasin\u0117 markiz\u0117 apollo automatin\u0117"},{"@type":"BreadcrumbList","@id":"https:\/\/sunnyblinds.lv\/gaminys\/markize-apollo-automatinis-valdymas\/#breadcrumb","itemListElement":[{"@type":"ListItem","position":1,"name":"Home","item":"https:\/\/sunnyblinds.lv\/"},{"@type":"ListItem","position":2,"name":"Elektronin\u0117 parduotuv\u0117","item":"https:\/\/sunnyblinds.lv\/parduotuve\/"},{"@type":"ListItem","position":3,"name":"Markiz\u0117 APOLLO (automatinis valdymas)"}]},{"@type":"WebSite","@id":"https:\/\/sunnyblinds.lv\/#website","url":"https:\/\/sunnyblinds.lv\/","name":"Dextera","description":"LV eshop","publisher":{"@id":"https:\/\/sunnyblinds.lv\/#organization"},"potentialAction":[{"@type":"SearchAction","target":{"@type":"EntryPoint","urlTemplate":"https:\/\/sunnyblinds.lv\/?s={search_term_string}"},"query-input":{"@type":"PropertyValueSpecification","valueRequired":true,"valueName":"search_term_string"}}],"inLanguage":"lt-LT"},{"@type":"Organization","@id":"https:\/\/sunnyblinds.lv\/#organization","name":"Dextera","url":"https:\/\/sunnyblinds.lv\/","logo":{"@type":"ImageObject","inLanguage":"lt-LT","@id":"https:\/\/sunnyblinds.lv\/#\/schema\/logo\/image\/","url":"https:\/\/sunnyblinds.lv\/wp-content\/uploads\/2024\/03\/DEXTERA_su-sukiu_tamsiai-melynas-e1710914216478.png","contentUrl":"https:\/\/sunnyblinds.lv\/wp-content\/uploads\/2024\/03\/DEXTERA_su-sukiu_tamsiai-melynas-e1710914216478.png","width":200,"height":53,"caption":"Dextera"},"image":{"@id":"https:\/\/sunnyblinds.lv\/#\/schema\/logo\/image\/"}}]}},"_links":{"self":[{"href":"https:\/\/sunnyblinds.lv\/lt\/wp-json\/wp\/v2\/product\/3772","targetHints":{"allow":["GET"]}}],"collection":[{"href":"https:\/\/sunnyblinds.lv\/lt\/wp-json\/wp\/v2\/product"}],"about":[{"href":"https:\/\/sunnyblinds.lv\/lt\/wp-json\/wp\/v2\/types\/product"}],"wp:featuredmedia":[{"embeddable":true,"href":"https:\/\/sunnyblinds.lv\/lt\/wp-json\/wp\/v2\/media\/3776"}],"wp:attachment":[{"href":"https:\/\/sunnyblinds.lv\/lt\/wp-json\/wp\/v2\/media?parent=3772"}],"wp:term":[{"taxonomy":"product_brand","embeddable":true,"href":"https:\/\/sunnyblinds.lv\/lt\/wp-json\/wp\/v2\/product_brand?post=3772"},{"taxonomy":"product_cat","embeddable":true,"href":"https:\/\/sunnyblinds.lv\/lt\/wp-json\/wp\/v2\/product_cat?post=3772"},{"taxonomy":"product_tag","embeddable":true,"href":"https:\/\/sunnyblinds.lv\/lt\/wp-json\/wp\/v2\/product_tag?post=3772"}],"curies":[{"name":"wp","href":"https:\/\/api.w.org\/{rel}","templated":true}]}}