{"id":3769,"date":"2024-12-09T14:42:04","date_gmt":"2024-12-09T12:42:04","guid":{"rendered":"https:\/\/e.dextera.lt\/?post_type=product&#038;p=3769"},"modified":"2025-05-22T11:27:46","modified_gmt":"2025-05-22T08:27:46","slug":"markize-sunna-automatinis-valdymas","status":"publish","type":"product","link":"https:\/\/sunnyblinds.lv\/lt\/gaminys\/markize-sunna-automatinis-valdymas\/","title":{"rendered":"Markiz\u0117 SUNNA (automatinis valdymas)"},"content":{"rendered":"<h1 class=\"markdown__heading\">Automatinio valdymo terasin\u0117 markiz\u0117 SUNNA \u2013 Tvirtumas ir Prakti\u0161kumas j\u016bs\u0173 terasoje<\/h1>\n<p>Automatinio valdymo terasin\u0117 markiz\u0117 SUNNA\u00a0 \u2013 tai ekonomi\u0161kas ir patikimas sprendimas apsaugai nuo saul\u0117s. <strong>Terasin\u0117 markiz\u0117 SUNNA<\/strong> yra ypatingai pritaikoma pagal individualius i\u0161matavimus, tad gali b\u016bti lengvai pritaikyta bet kokiai terasai ar balkonui.<\/p>\n<h2 class=\"markdown__heading\"><a href=\"https:\/\/dextera.lt\/markizes-pavesines\/terasines-markizes\/sunna\/\" target=\"_blank\" rel=\"noopener\">SUNNA<\/a> \u2013 Tobulas sprendimas<\/h2>\n<p>Tobulas pasirinkimas didesn\u0117ms terasoms arba komerciniams objektams, pavyzd\u017eiui, lauko kavin\u0117ms. Markiz\u0117 SUNNA u\u017etikrina efektyvi\u0105 apsaug\u0105 nuo saul\u0117s spinduli\u0173, o kartu ir nuo smalsi\u0173 praeivi\u0173 \u017evilgsni\u0173.<\/p>\n<h3 class=\"markdown__heading\">Automatinio terasin\u0117s markiz\u0117s valdymo privalumai<\/h3>\n<p>Automatinis valdymas leid\u017eia lengvai reguliuoti u\u017edengim\u0105, o auk\u0161tos kokyb\u0117s audiniai garantuoja apsaug\u0105 nuo UV spinduli\u0173 ir lengv\u0105 prie\u017ei\u016br\u0105. Rinkit\u0117s i\u0161manaus, automatinio valdymo terasin\u0119 markiz\u0119 ir m\u0117gaukit\u0117s pav\u0117siu bet kuriuo met\u0173 laiku!<\/p>\n<h3 data-start=\"1551\" data-end=\"1633\"><strong data-start=\"1555\" data-end=\"1631\">Elektrin\u0117s terasin\u0117s markiz\u0117s \u2013 modernus sprendimas j\u016bs\u0173 lauko erdvei<\/strong><\/h3>\n<p data-start=\"1634\" data-end=\"2156\">Suteikite savo terasai nauj\u0105 lyg\u012f su <strong data-start=\"1671\" data-end=\"1717\">automatinio valdymo terasin\u0117mis markiz\u0117mis<\/strong>! \u0160ios <strong data-start=\"1724\" data-end=\"1761\">pagal u\u017esakym\u0105 gaminamos markiz\u0117s<\/strong> ne tik apsaugo nuo saul\u0117s ir lietaus, bet ir palengvina naudojim\u0105 d\u0117l patogaus nuotolinio valdymo. Auk\u0161tos kokyb\u0117s atspar\u016bs audiniai u\u017etikrina ilgaam\u017ei\u0161kum\u0105, o galimyb\u0117 rinktis papildomas funkcijas, tokias kaip <strong data-start=\"1973\" data-end=\"2001\">v\u0117jo ar saul\u0117s jutikliai<\/strong>, leid\u017eia pritaikyti markiz\u0119 pagal j\u016bs\u0173 poreikius. U\u017esisakykite <strong data-start=\"2065\" data-end=\"2101\"><a href=\"#\" rel=\"noopener\" data-start=\"2067\" data-end=\"2099\">automatin\u0119 terasin\u0119 markiz\u0119<\/a><\/strong> ir paverskite savo teras\u0105 komforti\u0161ka poilsio vieta!<\/p>\n<h3 class=\"markdown__heading\">Daugiau informacijos ir naudotoj\u0173 patirtis<\/h3>\n<p>SVARBU!<\/p>\n<div class=\"content-width-custom\">\n<p><em>Prie\u0161 u\u017esakydami markiz\u0119, \u012fsitikinkite, kad u\u017esakoma markiz\u0117 tilps ant sienos, kur planuojamas montavimas. Pasir\u016bpinkite ir b\u016bkite tikri, jog tur\u0117site galimyb\u0117 susimontuoti gamin\u012f.<\/em><\/p>\n<p><em>Tvirtinimo elementai n\u0117ra pridedami. Tvirtinimo elementus (var\u017etus, inkarus ir pan.) b\u016btina \u012fsigyti prie\u0161 montavim\u0105, atsi\u017evelgiant \u012f sienos strukt\u016br\u0105, \u012f kuri\u0105 bus tvirtinama. Jei nesate tikri d\u0117l tvirtinimo element\u0173 pasirinkimo, pasitarkite su \u0161ios srities (tvirtinimo element\u0173) specialistais, perkant elektronin\u0117je parduotuv\u0117je markiz\u0117s montavimo paslauga neteikiama.<\/em><\/p>\n<p><em>Prie\u0161 \u012fsigydami ar montuodami markiz\u0119, matavimo rulet\u0117s pagalba i\u0161matuokite erdv\u0119 (sien\u0105), ant kurios montuosite markiz\u0119. Markiz\u0117s montavimui reikalingas plotis yra lygus markiz\u0117s plo\u010diui + 5 cm. laisvumo i\u0161 abiej\u0173 markiz\u0117s pusi\u0173. Montavimui reikalingas auk\u0161tis yra 30 cm.<\/em><\/p>\n<\/div>\n<p><strong>Markiz\u0117s SUNNA montavimo <a href=\"https:\/\/sunnyblinds.lv\/wp-content\/uploads\/2025\/03\/Dextera-Montavimo-instrukcijos-Sunna-2025-03-01.pdf\" target=\"_blank\" rel=\"noopener\">instrukcija \u010dia \u2192<\/a><\/strong><\/p>\n<p>&nbsp;<\/p>\n<hr \/>\n<p>Pasikonsultuokite d\u0117l tinkamos markiz\u0117s j\u016bs\u0173 vie\u0161ajai ar priva\u010diai erdvei ir pasirinkite kokyb\u0119. Jei turite klausim\u0173 ar norite su\u017einoti daugiau apie produkt\u0105, susisiekite su m\u016bs\u0173 specialistais.<\/p>\n<p data-start=\"1634\" data-end=\"2156\">\n","protected":false},"excerpt":{"rendered":"<p><strong>SUNNA<\/strong>\u00a0&#8211; tobulas sprendimas didesn\u0117ms terasoms arba komerciniams objektams. \u0160i markiz\u0117 populiarus sprendimas lauko kavini\u0173 erdv\u0117se, o didesni\u0173 matmen\u0173 priva\u010di\u0105 teras\u0105 apsaugos tiek nuo saul\u0117s spinduli\u0173, tiek nuo smalsi\u0173 praeivi\u0173 \u017evilgsni\u0173.<\/p>\n","protected":false},"featured_media":3771,"template":"","meta":{"inline_featured_image":false},"product_brand":[],"product_cat":[15,40,35,60],"product_tag":[],"class_list":{"0":"post-3769","1":"product","2":"type-product","3":"status-publish","4":"has-post-thumbnail","6":"product_cat-produktas","7":"product_cat-automatinis-valdymas","8":"product_cat-gaminamos-terasines-markizes","9":"product_cat-terasines-markizes-internetu","10":"product_shipping_class-isores-gaminiai","11":"tm-has-options","13":"first","14":"instock","15":"taxable","16":"shipping-taxable","17":"purchasable","18":"product-type-simple"},"acf":[],"yoast_head":"<!-- This site is optimized with the Yoast SEO plugin v27.4 - https:\/\/yoast.com\/product\/yoast-seo-wordpress\/ -->\n<title>Markiz\u0117 SUNNA (automatinis valdymas) - Dextera<\/title>\n<meta name=\"description\" content=\"\u012esigykite kokybi\u0161kas automatinio valdymo terasines markizes i\u0161 sunnyblinds.lv - PIGIAU! Lengvas naudojimas ir stilingas dizainas \u2013 j\u016bs\u0173 kiemo erdvei.\" \/>\n<meta name=\"robots\" content=\"index, follow, max-snippet:-1, max-image-preview:large, max-video-preview:-1\" \/>\n<link rel=\"canonical\" href=\"https:\/\/sunnyblinds.lv\/gaminys\/markize-sunna-automatinis-valdymas\/\" \/>\n<meta property=\"og:locale\" content=\"lt_LT\" \/>\n<meta property=\"og:type\" content=\"article\" \/>\n<meta property=\"og:title\" content=\"Markiz\u0117 SUNNA (automatinis valdymas) - Dextera\" \/>\n<meta property=\"og:description\" content=\"\u012esigykite kokybi\u0161kas automatinio valdymo terasines markizes i\u0161 sunnyblinds.lv - PIGIAU! Lengvas naudojimas ir stilingas dizainas \u2013 j\u016bs\u0173 kiemo erdvei.\" \/>\n<meta property=\"og:url\" content=\"https:\/\/sunnyblinds.lv\/gaminys\/markize-sunna-automatinis-valdymas\/\" \/>\n<meta property=\"og:site_name\" content=\"Dextera\" \/>\n<meta property=\"article:modified_time\" content=\"2025-05-22T08:27:46+00:00\" \/>\n<meta property=\"og:image\" content=\"https:\/\/sunnyblinds.lv\/wp-content\/uploads\/2024\/12\/SUNNA-2.jpg\" \/>\n\t<meta property=\"og:image:width\" content=\"1080\" \/>\n\t<meta property=\"og:image:height\" content=\"1080\" \/>\n\t<meta property=\"og:image:type\" content=\"image\/jpeg\" \/>\n<meta name=\"twitter:card\" content=\"summary_large_image\" \/>\n<meta name=\"twitter:label1\" content=\"Est. reading time\" \/>\n\t<meta name=\"twitter:data1\" content=\"2 minut\u0117s\" \/>\n<script type=\"application\/ld+json\" class=\"yoast-schema-graph\">{\"@context\":\"https:\\\/\\\/schema.org\",\"@graph\":[{\"@type\":\"WebPage\",\"@id\":\"https:\\\/\\\/sunnyblinds.lv\\\/gaminys\\\/markize-sunna-automatinis-valdymas\\\/\",\"url\":\"https:\\\/\\\/sunnyblinds.lv\\\/gaminys\\\/markize-sunna-automatinis-valdymas\\\/\",\"name\":\"Markiz\u0117 SUNNA (automatinis valdymas) - Dextera\",\"isPartOf\":{\"@id\":\"https:\\\/\\\/sunnyblinds.lv\\\/#website\"},\"primaryImageOfPage\":{\"@id\":\"https:\\\/\\\/sunnyblinds.lv\\\/gaminys\\\/markize-sunna-automatinis-valdymas\\\/#primaryimage\"},\"image\":{\"@id\":\"https:\\\/\\\/sunnyblinds.lv\\\/gaminys\\\/markize-sunna-automatinis-valdymas\\\/#primaryimage\"},\"thumbnailUrl\":\"https:\\\/\\\/sunnyblinds.lv\\\/wp-content\\\/uploads\\\/2024\\\/12\\\/SUNNA-2.jpg\",\"datePublished\":\"2024-12-09T12:42:04+00:00\",\"dateModified\":\"2025-05-22T08:27:46+00:00\",\"description\":\"\u012esigykite kokybi\u0161kas automatinio valdymo terasines markizes i\u0161 sunnyblinds.lv - PIGIAU! Lengvas naudojimas ir stilingas dizainas \u2013 j\u016bs\u0173 kiemo erdvei.\",\"breadcrumb\":{\"@id\":\"https:\\\/\\\/sunnyblinds.lv\\\/gaminys\\\/markize-sunna-automatinis-valdymas\\\/#breadcrumb\"},\"inLanguage\":\"lt-LT\",\"potentialAction\":[{\"@type\":\"ReadAction\",\"target\":[\"https:\\\/\\\/sunnyblinds.lv\\\/gaminys\\\/markize-sunna-automatinis-valdymas\\\/\"]}]},{\"@type\":\"ImageObject\",\"inLanguage\":\"lt-LT\",\"@id\":\"https:\\\/\\\/sunnyblinds.lv\\\/gaminys\\\/markize-sunna-automatinis-valdymas\\\/#primaryimage\",\"url\":\"https:\\\/\\\/sunnyblinds.lv\\\/wp-content\\\/uploads\\\/2024\\\/12\\\/SUNNA-2.jpg\",\"contentUrl\":\"https:\\\/\\\/sunnyblinds.lv\\\/wp-content\\\/uploads\\\/2024\\\/12\\\/SUNNA-2.jpg\",\"width\":1080,\"height\":1080,\"caption\":\"Terasin\u0117 markiz\u0117 sunna automatinis valdymas, dextera\"},{\"@type\":\"BreadcrumbList\",\"@id\":\"https:\\\/\\\/sunnyblinds.lv\\\/gaminys\\\/markize-sunna-automatinis-valdymas\\\/#breadcrumb\",\"itemListElement\":[{\"@type\":\"ListItem\",\"position\":1,\"name\":\"Home\",\"item\":\"https:\\\/\\\/sunnyblinds.lv\\\/\"},{\"@type\":\"ListItem\",\"position\":2,\"name\":\"Elektronin\u0117 parduotuv\u0117\",\"item\":\"https:\\\/\\\/sunnyblinds.lv\\\/parduotuve\\\/\"},{\"@type\":\"ListItem\",\"position\":3,\"name\":\"Markiz\u0117 SUNNA (automatinis valdymas)\"}]},{\"@type\":\"WebSite\",\"@id\":\"https:\\\/\\\/sunnyblinds.lv\\\/#website\",\"url\":\"https:\\\/\\\/sunnyblinds.lv\\\/\",\"name\":\"Dextera\",\"description\":\"LV eshop\",\"publisher\":{\"@id\":\"https:\\\/\\\/sunnyblinds.lv\\\/#organization\"},\"potentialAction\":[{\"@type\":\"SearchAction\",\"target\":{\"@type\":\"EntryPoint\",\"urlTemplate\":\"https:\\\/\\\/sunnyblinds.lv\\\/?s={search_term_string}\"},\"query-input\":{\"@type\":\"PropertyValueSpecification\",\"valueRequired\":true,\"valueName\":\"search_term_string\"}}],\"inLanguage\":\"lt-LT\"},{\"@type\":\"Organization\",\"@id\":\"https:\\\/\\\/sunnyblinds.lv\\\/#organization\",\"name\":\"Dextera\",\"url\":\"https:\\\/\\\/sunnyblinds.lv\\\/\",\"logo\":{\"@type\":\"ImageObject\",\"inLanguage\":\"lt-LT\",\"@id\":\"https:\\\/\\\/sunnyblinds.lv\\\/#\\\/schema\\\/logo\\\/image\\\/\",\"url\":\"https:\\\/\\\/sunnyblinds.lv\\\/wp-content\\\/uploads\\\/2024\\\/03\\\/DEXTERA_su-sukiu_tamsiai-melynas-e1710914216478.png\",\"contentUrl\":\"https:\\\/\\\/sunnyblinds.lv\\\/wp-content\\\/uploads\\\/2024\\\/03\\\/DEXTERA_su-sukiu_tamsiai-melynas-e1710914216478.png\",\"width\":200,\"height\":53,\"caption\":\"Dextera\"},\"image\":{\"@id\":\"https:\\\/\\\/sunnyblinds.lv\\\/#\\\/schema\\\/logo\\\/image\\\/\"}}]}<\/script>\n<!-- \/ Yoast SEO plugin. -->","yoast_head_json":{"title":"Markiz\u0117 SUNNA (automatinis valdymas) - Dextera","description":"\u012esigykite kokybi\u0161kas automatinio valdymo terasines markizes i\u0161 sunnyblinds.lv - PIGIAU! Lengvas naudojimas ir stilingas dizainas \u2013 j\u016bs\u0173 kiemo erdvei.","robots":{"index":"index","follow":"follow","max-snippet":"max-snippet:-1","max-image-preview":"max-image-preview:large","max-video-preview":"max-video-preview:-1"},"canonical":"https:\/\/sunnyblinds.lv\/gaminys\/markize-sunna-automatinis-valdymas\/","og_locale":"lt_LT","og_type":"article","og_title":"Markiz\u0117 SUNNA (automatinis valdymas) - Dextera","og_description":"\u012esigykite kokybi\u0161kas automatinio valdymo terasines markizes i\u0161 sunnyblinds.lv - PIGIAU! Lengvas naudojimas ir stilingas dizainas \u2013 j\u016bs\u0173 kiemo erdvei.","og_url":"https:\/\/sunnyblinds.lv\/gaminys\/markize-sunna-automatinis-valdymas\/","og_site_name":"Dextera","article_modified_time":"2025-05-22T08:27:46+00:00","og_image":[{"width":1080,"height":1080,"url":"https:\/\/sunnyblinds.lv\/wp-content\/uploads\/2024\/12\/SUNNA-2.jpg","type":"image\/jpeg"}],"twitter_card":"summary_large_image","twitter_misc":{"Est. reading time":"2 minut\u0117s"},"schema":{"@context":"https:\/\/schema.org","@graph":[{"@type":"WebPage","@id":"https:\/\/sunnyblinds.lv\/gaminys\/markize-sunna-automatinis-valdymas\/","url":"https:\/\/sunnyblinds.lv\/gaminys\/markize-sunna-automatinis-valdymas\/","name":"Markiz\u0117 SUNNA (automatinis valdymas) - Dextera","isPartOf":{"@id":"https:\/\/sunnyblinds.lv\/#website"},"primaryImageOfPage":{"@id":"https:\/\/sunnyblinds.lv\/gaminys\/markize-sunna-automatinis-valdymas\/#primaryimage"},"image":{"@id":"https:\/\/sunnyblinds.lv\/gaminys\/markize-sunna-automatinis-valdymas\/#primaryimage"},"thumbnailUrl":"https:\/\/sunnyblinds.lv\/wp-content\/uploads\/2024\/12\/SUNNA-2.jpg","datePublished":"2024-12-09T12:42:04+00:00","dateModified":"2025-05-22T08:27:46+00:00","description":"\u012esigykite kokybi\u0161kas automatinio valdymo terasines markizes i\u0161 sunnyblinds.lv - PIGIAU! Lengvas naudojimas ir stilingas dizainas \u2013 j\u016bs\u0173 kiemo erdvei.","breadcrumb":{"@id":"https:\/\/sunnyblinds.lv\/gaminys\/markize-sunna-automatinis-valdymas\/#breadcrumb"},"inLanguage":"lt-LT","potentialAction":[{"@type":"ReadAction","target":["https:\/\/sunnyblinds.lv\/gaminys\/markize-sunna-automatinis-valdymas\/"]}]},{"@type":"ImageObject","inLanguage":"lt-LT","@id":"https:\/\/sunnyblinds.lv\/gaminys\/markize-sunna-automatinis-valdymas\/#primaryimage","url":"https:\/\/sunnyblinds.lv\/wp-content\/uploads\/2024\/12\/SUNNA-2.jpg","contentUrl":"https:\/\/sunnyblinds.lv\/wp-content\/uploads\/2024\/12\/SUNNA-2.jpg","width":1080,"height":1080,"caption":"Terasin\u0117 markiz\u0117 sunna automatinis valdymas, dextera"},{"@type":"BreadcrumbList","@id":"https:\/\/sunnyblinds.lv\/gaminys\/markize-sunna-automatinis-valdymas\/#breadcrumb","itemListElement":[{"@type":"ListItem","position":1,"name":"Home","item":"https:\/\/sunnyblinds.lv\/"},{"@type":"ListItem","position":2,"name":"Elektronin\u0117 parduotuv\u0117","item":"https:\/\/sunnyblinds.lv\/parduotuve\/"},{"@type":"ListItem","position":3,"name":"Markiz\u0117 SUNNA (automatinis valdymas)"}]},{"@type":"WebSite","@id":"https:\/\/sunnyblinds.lv\/#website","url":"https:\/\/sunnyblinds.lv\/","name":"Dextera","description":"LV eshop","publisher":{"@id":"https:\/\/sunnyblinds.lv\/#organization"},"potentialAction":[{"@type":"SearchAction","target":{"@type":"EntryPoint","urlTemplate":"https:\/\/sunnyblinds.lv\/?s={search_term_string}"},"query-input":{"@type":"PropertyValueSpecification","valueRequired":true,"valueName":"search_term_string"}}],"inLanguage":"lt-LT"},{"@type":"Organization","@id":"https:\/\/sunnyblinds.lv\/#organization","name":"Dextera","url":"https:\/\/sunnyblinds.lv\/","logo":{"@type":"ImageObject","inLanguage":"lt-LT","@id":"https:\/\/sunnyblinds.lv\/#\/schema\/logo\/image\/","url":"https:\/\/sunnyblinds.lv\/wp-content\/uploads\/2024\/03\/DEXTERA_su-sukiu_tamsiai-melynas-e1710914216478.png","contentUrl":"https:\/\/sunnyblinds.lv\/wp-content\/uploads\/2024\/03\/DEXTERA_su-sukiu_tamsiai-melynas-e1710914216478.png","width":200,"height":53,"caption":"Dextera"},"image":{"@id":"https:\/\/sunnyblinds.lv\/#\/schema\/logo\/image\/"}}]}},"_links":{"self":[{"href":"https:\/\/sunnyblinds.lv\/lt\/wp-json\/wp\/v2\/product\/3769","targetHints":{"allow":["GET"]}}],"collection":[{"href":"https:\/\/sunnyblinds.lv\/lt\/wp-json\/wp\/v2\/product"}],"about":[{"href":"https:\/\/sunnyblinds.lv\/lt\/wp-json\/wp\/v2\/types\/product"}],"wp:featuredmedia":[{"embeddable":true,"href":"https:\/\/sunnyblinds.lv\/lt\/wp-json\/wp\/v2\/media\/3771"}],"wp:attachment":[{"href":"https:\/\/sunnyblinds.lv\/lt\/wp-json\/wp\/v2\/media?parent=3769"}],"wp:term":[{"taxonomy":"product_brand","embeddable":true,"href":"https:\/\/sunnyblinds.lv\/lt\/wp-json\/wp\/v2\/product_brand?post=3769"},{"taxonomy":"product_cat","embeddable":true,"href":"https:\/\/sunnyblinds.lv\/lt\/wp-json\/wp\/v2\/product_cat?post=3769"},{"taxonomy":"product_tag","embeddable":true,"href":"https:\/\/sunnyblinds.lv\/lt\/wp-json\/wp\/v2\/product_tag?post=3769"}],"curies":[{"name":"wp","href":"https:\/\/api.w.org\/{rel}","templated":true}]}}