{"id":3764,"date":"2024-12-09T14:25:04","date_gmt":"2024-12-09T12:25:04","guid":{"rendered":"https:\/\/e.dextera.lt\/?post_type=product&#038;p=3764"},"modified":"2025-05-22T11:31:44","modified_gmt":"2025-05-22T08:31:44","slug":"markize-arinna-automatinis-valdymas","status":"publish","type":"product","link":"https:\/\/sunnyblinds.lv\/lt\/gaminys\/markize-arinna-automatinis-valdymas\/","title":{"rendered":"Markiz\u0117 ARINNA (automatinis valdymas)"},"content":{"rendered":"<h1 class=\"markdown__heading\">Terasos markiz\u0117 ARINNA \u2013 Automatinis valdymas<\/h1>\n<p>Jei ie\u0161kote patvarios ir funkcionalios <strong>terasos markiz\u0117s<\/strong>, automatinio valdymo terasin\u0117s markiz\u0117s <strong>ARINNA<\/strong> yra idealus pasirinkimas. Individualiai gaminamos pagal j\u016bs\u0173 terasos poreikius, \u0161ios markiz\u0117s suteikia ne tik apsaug\u0105 nuo saul\u0117s spinduli\u0173, bet ir patogum\u0105 kasdieniame naudojime.<\/p>\n<h2 class=\"markdown__heading\">Individual\u016bs poreikiai \u2013 unikalus sprendimas<\/h2>\n<h1 data-start=\"2315\" data-end=\"2396\"><strong data-start=\"2319\" data-end=\"2394\">Automatin\u0117s markiz\u0117s terasai pagal u\u017esakym\u0105 \u2013 patogumas ir i\u0161skirtin\u0117 kokyb\u0117<\/strong><\/h1>\n<p data-start=\"2397\" data-end=\"2893\"><strong data-start=\"2397\" data-end=\"2429\">Automatinio valdymo markiz\u0117s<\/strong> \u2013 tai i\u0161manus ir funkcionalus sprendimas j\u016bs\u0173 terasai. Gaminamos <strong data-start=\"2495\" data-end=\"2527\">pagal individualius matmenis<\/strong>, jos u\u017etikrina optimal\u0173 \u0161e\u0161\u0117l\u012f ir efektyvi\u0105 apsaug\u0105 nuo saul\u0117s ar lietaus. Valdymo sistema leid\u017eia lengvai reguliuoti markiz\u0117s pozicij\u0105 nuotoliniu b\u016bdu, o patvarios konstrukcijos garantuoja ilgalaik\u012f naudojim\u0105. Jei ie\u0161kote prakti\u0161ko ir stilingo sprendimo savo lauko erdvei, rinkit\u0117s <strong data-start=\"2811\" data-end=\"2846\"><a href=\"https:\/\/dextera.lt\/markizes-pavesines\/terasines-markizes\/arinna\/\" target=\"_blank\" rel=\"noopener\" data-start=\"2813\" data-end=\"2844\">elektrin\u0119 terasin\u0119 markiz\u0119<\/a><\/strong> ir m\u0117gaukit\u0117s maksimalia komforto patirtimi!<\/p>\n<h3 class=\"markdown__heading\"><a href=\"https:\/\/dextera.lt\/markizes-pavesines\/terasines-markizes\/arinna\/\" target=\"_blank\" rel=\"noopener\">Terasos markiz\u0117 ARINNA <\/a>\u00a0privalumai<\/h3>\n<ul class=\"markdown__list\">\n<li>Pagal u\u017esakym\u0105 gaminama.<\/li>\n<li>Efektyvi apsauga nuo UV spinduli\u0173.<\/li>\n<li>Patvarus mechanizmas ilgam naudojimui.<\/li>\n<li>V\u0116JO DAVIKLIS. Papildomai \u012frengus v\u0117jo davikl\u012f markiz\u0117 i\u0161maniai reaguos \u012f kintant\u012f v\u0117jo greit\u012f ir automati\u0161kai susiskleis.<\/li>\n<li>AUTOMATINIS VALDYMAS. Galimyb\u0117 integruoti varikl\u012f su avarinio u\u017edarymo galimybe, nuotolinio valdymo pultelis, v\u0117jo daviklis \u2013 leis i\u0161naudoti visus markiz\u0117s privalumus.<\/li>\n<li>SPALVOS. Platus markzi\u0173 audini\u0173 pasirinkimas ir galimyb\u0117 derinti prie 4 konstrukcijos spalv\u0173: balta, sidabrin\u0117, ruda ir antracito.<\/li>\n<li>LED AP\u0160VIETIMAS. \u012erengus LED ap\u0161vietim\u0105 vakare nereik\u0117s galvoti apie papildom\u0105 \u0161viesos sraut\u0105 terasoje.<\/li>\n<\/ul>\n<h4 class=\"markdown__heading\">Daugiau apie terasin\u0117s markiz\u0117s pasirinkimus<\/h4>\n<p>Nor\u0117dami su\u017einoti daugiau apie automatinio valdymo markizes, apsilankykite <a class=\"theme markdown__link\" href=\"https:\/\/dextera.lt\/markizes-pavesines\/terasines-markizes\/arinna\/\" target=\"_blank\" rel=\"noopener noreferrer\">\u010dia<\/a> arba per\u017ei\u016br\u0117kite terasini\u0173 markizi\u0173 atliktus darbus<a href=\"https:\/\/dextera.lt\/darbai\/helios-terasine-markize\/\" target=\"_blank\" rel=\"noopener\"> \u010dia<\/a><\/p>\n<hr \/>\n<h3 class=\"markdown__heading\">Daugiau informacijos ir naudotoj\u0173 patirtis<\/h3>\n<p>SVARBU!<\/p>\n<div class=\"content-width-custom\">\n<p><em>Prie\u0161 u\u017esakydami markiz\u0119, \u012fsitikinkite, kad u\u017esakoma markiz\u0117 tilps ant sienos, kur planuojamas montavimas. Pasir\u016bpinkite ir b\u016bkite tikri, jog tur\u0117site galimyb\u0117 susimontuoti gamin\u012f.<\/em><\/p>\n<p><em>Tvirtinimo elementai n\u0117ra pridedami. Tvirtinimo elementus (var\u017etus, inkarus ir pan.) b\u016btina \u012fsigyti prie\u0161 montavim\u0105, atsi\u017evelgiant \u012f sienos strukt\u016br\u0105, \u012f kuri\u0105 bus tvirtinama. Jei nesate tikri d\u0117l tvirtinimo element\u0173 pasirinkimo, pasitarkite su \u0161ios srities (tvirtinimo element\u0173) specialistais, perkant elektronin\u0117je parduotuv\u0117je markiz\u0117s montavimo paslauga neteikiama.<\/em><\/p>\n<p><em>Prie\u0161 \u012fsigydami ar montuodami markiz\u0119, matavimo rulet\u0117s pagalba i\u0161matuokite erdv\u0119 (sien\u0105), ant kurios montuosite markiz\u0119. Markiz\u0117s montavimui reikalingas plotis yra lygus markiz\u0117s plo\u010diui + 5 cm. laisvumo i\u0161 abiej\u0173 markiz\u0117s pusi\u0173. Montavimui reikalingas auk\u0161tis yra 30 cm.<\/em><\/p>\n<\/div>\n<p><strong>Terasos markiz\u0117 ARINNA montavimo <a href=\"https:\/\/sunnyblinds.lv\/wp-content\/uploads\/2025\/03\/Dextera-Montavimo-instrukcijos-Arinna-2025-03-01.pdf\" target=\"_blank\" rel=\"noopener\">instrukcija \u010dia \u2192<\/a><\/strong><\/p>\n<p>&nbsp;<\/p>\n<hr \/>\n<p>Pasikonsultuokite d\u0117l tinkamos markiz\u0117s j\u016bs\u0173 vie\u0161ajai ar priva\u010diai erdvei ir pasirinkite kokyb\u0119. Jei turite klausim\u0173 ar norite su\u017einoti daugiau apie produkt\u0105, susisiekite su m\u016bs\u0173 specialistais.<\/p>\n","protected":false},"excerpt":{"rendered":"<p><strong>ARINNA<\/strong>\u00a0&#8211; kasetin\u0117 terasin\u0117 markiz\u0117 pasi\u017eymi i\u0161skirtinai rafinuotu, sta\u010di\u0173 kamp\u0173 profilio dizainu\u00a0<span class=\"ui-provider gp b c d e f g h i j k l m n o p q r s t u v w x y z ab ac ae af ag ah ai aj ak\" dir=\"ltr\">ir galimyb\u0117 rinktis juodos spalvos konstrukcij\u0105.\u00a0<\/span>Kvadrato formos markiz\u0117s tiems, kurie m\u0117gsta tiesias, grie\u017etas linijas ir supaprastint\u0105, minimalistin\u012f dizain\u0105. \u0160i terasin\u0117 markiz\u0117 ypa\u010d rekomenduojama modernaus stiliaus namams su plok\u0161\u010diu ar vien\u0161lai\u010diu stogu.<\/p>\n","protected":false},"featured_media":3765,"template":"","meta":{"inline_featured_image":false},"product_brand":[],"product_cat":[15,40,35,33,60],"product_tag":[],"class_list":{"0":"post-3764","1":"product","2":"type-product","3":"status-publish","4":"has-post-thumbnail","6":"product_cat-produktas","7":"product_cat-automatinis-valdymas","8":"product_cat-gaminamos-terasines-markizes","9":"product_cat-terasines-markizes","10":"product_cat-terasines-markizes-internetu","11":"product_shipping_class-isores-gaminiai","12":"tm-has-options","14":"first","15":"instock","16":"taxable","17":"shipping-taxable","18":"purchasable","19":"product-type-simple"},"acf":[],"yoast_head":"<!-- This site is optimized with the Yoast SEO plugin v27.4 - https:\/\/yoast.com\/product\/yoast-seo-wordpress\/ -->\n<title>Markiz\u0117 ARINNA (automatinis valdymas) - Dextera<\/title>\n<meta name=\"description\" content=\"Kokybi\u0161kos terasos markiz\u0117s i\u0161 sunnyblinds.lv - PIGIAU, Patvarus audinys, automatinis valdymas ir stilingas dizainas \u2013 j\u016bs\u0173 kiemo erdvei.\" \/>\n<meta name=\"robots\" content=\"index, follow, max-snippet:-1, max-image-preview:large, max-video-preview:-1\" \/>\n<link rel=\"canonical\" href=\"https:\/\/sunnyblinds.lv\/gaminys\/markize-arinna-automatinis-valdymas\/\" \/>\n<meta property=\"og:locale\" content=\"lt_LT\" \/>\n<meta property=\"og:type\" content=\"article\" \/>\n<meta property=\"og:title\" content=\"Markiz\u0117 ARINNA (automatinis valdymas) - Dextera\" \/>\n<meta property=\"og:description\" content=\"Kokybi\u0161kos terasos markiz\u0117s i\u0161 sunnyblinds.lv - PIGIAU, Patvarus audinys, automatinis valdymas ir stilingas dizainas \u2013 j\u016bs\u0173 kiemo erdvei.\" \/>\n<meta property=\"og:url\" content=\"https:\/\/sunnyblinds.lv\/gaminys\/markize-arinna-automatinis-valdymas\/\" \/>\n<meta property=\"og:site_name\" content=\"Dextera\" \/>\n<meta property=\"article:modified_time\" content=\"2025-05-22T08:31:44+00:00\" \/>\n<meta property=\"og:image\" content=\"https:\/\/sunnyblinds.lv\/wp-content\/uploads\/2024\/12\/ARINNA-1.jpg\" \/>\n\t<meta property=\"og:image:width\" content=\"1080\" \/>\n\t<meta property=\"og:image:height\" content=\"1080\" \/>\n\t<meta property=\"og:image:type\" content=\"image\/jpeg\" \/>\n<meta name=\"twitter:card\" content=\"summary_large_image\" \/>\n<meta name=\"twitter:label1\" content=\"Est. reading time\" \/>\n\t<meta name=\"twitter:data1\" content=\"3 minut\u0117s\" \/>\n<script type=\"application\/ld+json\" class=\"yoast-schema-graph\">{\"@context\":\"https:\\\/\\\/schema.org\",\"@graph\":[{\"@type\":\"WebPage\",\"@id\":\"https:\\\/\\\/sunnyblinds.lv\\\/gaminys\\\/markize-arinna-automatinis-valdymas\\\/\",\"url\":\"https:\\\/\\\/sunnyblinds.lv\\\/gaminys\\\/markize-arinna-automatinis-valdymas\\\/\",\"name\":\"Markiz\u0117 ARINNA (automatinis valdymas) - Dextera\",\"isPartOf\":{\"@id\":\"https:\\\/\\\/sunnyblinds.lv\\\/#website\"},\"primaryImageOfPage\":{\"@id\":\"https:\\\/\\\/sunnyblinds.lv\\\/gaminys\\\/markize-arinna-automatinis-valdymas\\\/#primaryimage\"},\"image\":{\"@id\":\"https:\\\/\\\/sunnyblinds.lv\\\/gaminys\\\/markize-arinna-automatinis-valdymas\\\/#primaryimage\"},\"thumbnailUrl\":\"https:\\\/\\\/sunnyblinds.lv\\\/wp-content\\\/uploads\\\/2024\\\/12\\\/ARINNA-1.jpg\",\"datePublished\":\"2024-12-09T12:25:04+00:00\",\"dateModified\":\"2025-05-22T08:31:44+00:00\",\"description\":\"Kokybi\u0161kos terasos markiz\u0117s i\u0161 sunnyblinds.lv - PIGIAU, Patvarus audinys, automatinis valdymas ir stilingas dizainas \u2013 j\u016bs\u0173 kiemo erdvei.\",\"breadcrumb\":{\"@id\":\"https:\\\/\\\/sunnyblinds.lv\\\/gaminys\\\/markize-arinna-automatinis-valdymas\\\/#breadcrumb\"},\"inLanguage\":\"lt-LT\",\"potentialAction\":[{\"@type\":\"ReadAction\",\"target\":[\"https:\\\/\\\/sunnyblinds.lv\\\/gaminys\\\/markize-arinna-automatinis-valdymas\\\/\"]}]},{\"@type\":\"ImageObject\",\"inLanguage\":\"lt-LT\",\"@id\":\"https:\\\/\\\/sunnyblinds.lv\\\/gaminys\\\/markize-arinna-automatinis-valdymas\\\/#primaryimage\",\"url\":\"https:\\\/\\\/sunnyblinds.lv\\\/wp-content\\\/uploads\\\/2024\\\/12\\\/ARINNA-1.jpg\",\"contentUrl\":\"https:\\\/\\\/sunnyblinds.lv\\\/wp-content\\\/uploads\\\/2024\\\/12\\\/ARINNA-1.jpg\",\"width\":1080,\"height\":1080,\"caption\":\"Terasin\u0117 markiz\u0117 arinna automatinis valdymas dextera\"},{\"@type\":\"BreadcrumbList\",\"@id\":\"https:\\\/\\\/sunnyblinds.lv\\\/gaminys\\\/markize-arinna-automatinis-valdymas\\\/#breadcrumb\",\"itemListElement\":[{\"@type\":\"ListItem\",\"position\":1,\"name\":\"Home\",\"item\":\"https:\\\/\\\/sunnyblinds.lv\\\/\"},{\"@type\":\"ListItem\",\"position\":2,\"name\":\"Elektronin\u0117 parduotuv\u0117\",\"item\":\"https:\\\/\\\/sunnyblinds.lv\\\/parduotuve\\\/\"},{\"@type\":\"ListItem\",\"position\":3,\"name\":\"Markiz\u0117 ARINNA (automatinis valdymas)\"}]},{\"@type\":\"WebSite\",\"@id\":\"https:\\\/\\\/sunnyblinds.lv\\\/#website\",\"url\":\"https:\\\/\\\/sunnyblinds.lv\\\/\",\"name\":\"Dextera\",\"description\":\"LV eshop\",\"publisher\":{\"@id\":\"https:\\\/\\\/sunnyblinds.lv\\\/#organization\"},\"potentialAction\":[{\"@type\":\"SearchAction\",\"target\":{\"@type\":\"EntryPoint\",\"urlTemplate\":\"https:\\\/\\\/sunnyblinds.lv\\\/?s={search_term_string}\"},\"query-input\":{\"@type\":\"PropertyValueSpecification\",\"valueRequired\":true,\"valueName\":\"search_term_string\"}}],\"inLanguage\":\"lt-LT\"},{\"@type\":\"Organization\",\"@id\":\"https:\\\/\\\/sunnyblinds.lv\\\/#organization\",\"name\":\"Dextera\",\"url\":\"https:\\\/\\\/sunnyblinds.lv\\\/\",\"logo\":{\"@type\":\"ImageObject\",\"inLanguage\":\"lt-LT\",\"@id\":\"https:\\\/\\\/sunnyblinds.lv\\\/#\\\/schema\\\/logo\\\/image\\\/\",\"url\":\"https:\\\/\\\/sunnyblinds.lv\\\/wp-content\\\/uploads\\\/2024\\\/03\\\/DEXTERA_su-sukiu_tamsiai-melynas-e1710914216478.png\",\"contentUrl\":\"https:\\\/\\\/sunnyblinds.lv\\\/wp-content\\\/uploads\\\/2024\\\/03\\\/DEXTERA_su-sukiu_tamsiai-melynas-e1710914216478.png\",\"width\":200,\"height\":53,\"caption\":\"Dextera\"},\"image\":{\"@id\":\"https:\\\/\\\/sunnyblinds.lv\\\/#\\\/schema\\\/logo\\\/image\\\/\"}}]}<\/script>\n<!-- \/ Yoast SEO plugin. -->","yoast_head_json":{"title":"Markiz\u0117 ARINNA (automatinis valdymas) - Dextera","description":"Kokybi\u0161kos terasos markiz\u0117s i\u0161 sunnyblinds.lv - PIGIAU, Patvarus audinys, automatinis valdymas ir stilingas dizainas \u2013 j\u016bs\u0173 kiemo erdvei.","robots":{"index":"index","follow":"follow","max-snippet":"max-snippet:-1","max-image-preview":"max-image-preview:large","max-video-preview":"max-video-preview:-1"},"canonical":"https:\/\/sunnyblinds.lv\/gaminys\/markize-arinna-automatinis-valdymas\/","og_locale":"lt_LT","og_type":"article","og_title":"Markiz\u0117 ARINNA (automatinis valdymas) - Dextera","og_description":"Kokybi\u0161kos terasos markiz\u0117s i\u0161 sunnyblinds.lv - PIGIAU, Patvarus audinys, automatinis valdymas ir stilingas dizainas \u2013 j\u016bs\u0173 kiemo erdvei.","og_url":"https:\/\/sunnyblinds.lv\/gaminys\/markize-arinna-automatinis-valdymas\/","og_site_name":"Dextera","article_modified_time":"2025-05-22T08:31:44+00:00","og_image":[{"width":1080,"height":1080,"url":"https:\/\/sunnyblinds.lv\/wp-content\/uploads\/2024\/12\/ARINNA-1.jpg","type":"image\/jpeg"}],"twitter_card":"summary_large_image","twitter_misc":{"Est. reading time":"3 minut\u0117s"},"schema":{"@context":"https:\/\/schema.org","@graph":[{"@type":"WebPage","@id":"https:\/\/sunnyblinds.lv\/gaminys\/markize-arinna-automatinis-valdymas\/","url":"https:\/\/sunnyblinds.lv\/gaminys\/markize-arinna-automatinis-valdymas\/","name":"Markiz\u0117 ARINNA (automatinis valdymas) - Dextera","isPartOf":{"@id":"https:\/\/sunnyblinds.lv\/#website"},"primaryImageOfPage":{"@id":"https:\/\/sunnyblinds.lv\/gaminys\/markize-arinna-automatinis-valdymas\/#primaryimage"},"image":{"@id":"https:\/\/sunnyblinds.lv\/gaminys\/markize-arinna-automatinis-valdymas\/#primaryimage"},"thumbnailUrl":"https:\/\/sunnyblinds.lv\/wp-content\/uploads\/2024\/12\/ARINNA-1.jpg","datePublished":"2024-12-09T12:25:04+00:00","dateModified":"2025-05-22T08:31:44+00:00","description":"Kokybi\u0161kos terasos markiz\u0117s i\u0161 sunnyblinds.lv - PIGIAU, Patvarus audinys, automatinis valdymas ir stilingas dizainas \u2013 j\u016bs\u0173 kiemo erdvei.","breadcrumb":{"@id":"https:\/\/sunnyblinds.lv\/gaminys\/markize-arinna-automatinis-valdymas\/#breadcrumb"},"inLanguage":"lt-LT","potentialAction":[{"@type":"ReadAction","target":["https:\/\/sunnyblinds.lv\/gaminys\/markize-arinna-automatinis-valdymas\/"]}]},{"@type":"ImageObject","inLanguage":"lt-LT","@id":"https:\/\/sunnyblinds.lv\/gaminys\/markize-arinna-automatinis-valdymas\/#primaryimage","url":"https:\/\/sunnyblinds.lv\/wp-content\/uploads\/2024\/12\/ARINNA-1.jpg","contentUrl":"https:\/\/sunnyblinds.lv\/wp-content\/uploads\/2024\/12\/ARINNA-1.jpg","width":1080,"height":1080,"caption":"Terasin\u0117 markiz\u0117 arinna automatinis valdymas dextera"},{"@type":"BreadcrumbList","@id":"https:\/\/sunnyblinds.lv\/gaminys\/markize-arinna-automatinis-valdymas\/#breadcrumb","itemListElement":[{"@type":"ListItem","position":1,"name":"Home","item":"https:\/\/sunnyblinds.lv\/"},{"@type":"ListItem","position":2,"name":"Elektronin\u0117 parduotuv\u0117","item":"https:\/\/sunnyblinds.lv\/parduotuve\/"},{"@type":"ListItem","position":3,"name":"Markiz\u0117 ARINNA (automatinis valdymas)"}]},{"@type":"WebSite","@id":"https:\/\/sunnyblinds.lv\/#website","url":"https:\/\/sunnyblinds.lv\/","name":"Dextera","description":"LV eshop","publisher":{"@id":"https:\/\/sunnyblinds.lv\/#organization"},"potentialAction":[{"@type":"SearchAction","target":{"@type":"EntryPoint","urlTemplate":"https:\/\/sunnyblinds.lv\/?s={search_term_string}"},"query-input":{"@type":"PropertyValueSpecification","valueRequired":true,"valueName":"search_term_string"}}],"inLanguage":"lt-LT"},{"@type":"Organization","@id":"https:\/\/sunnyblinds.lv\/#organization","name":"Dextera","url":"https:\/\/sunnyblinds.lv\/","logo":{"@type":"ImageObject","inLanguage":"lt-LT","@id":"https:\/\/sunnyblinds.lv\/#\/schema\/logo\/image\/","url":"https:\/\/sunnyblinds.lv\/wp-content\/uploads\/2024\/03\/DEXTERA_su-sukiu_tamsiai-melynas-e1710914216478.png","contentUrl":"https:\/\/sunnyblinds.lv\/wp-content\/uploads\/2024\/03\/DEXTERA_su-sukiu_tamsiai-melynas-e1710914216478.png","width":200,"height":53,"caption":"Dextera"},"image":{"@id":"https:\/\/sunnyblinds.lv\/#\/schema\/logo\/image\/"}}]}},"_links":{"self":[{"href":"https:\/\/sunnyblinds.lv\/lt\/wp-json\/wp\/v2\/product\/3764","targetHints":{"allow":["GET"]}}],"collection":[{"href":"https:\/\/sunnyblinds.lv\/lt\/wp-json\/wp\/v2\/product"}],"about":[{"href":"https:\/\/sunnyblinds.lv\/lt\/wp-json\/wp\/v2\/types\/product"}],"wp:featuredmedia":[{"embeddable":true,"href":"https:\/\/sunnyblinds.lv\/lt\/wp-json\/wp\/v2\/media\/3765"}],"wp:attachment":[{"href":"https:\/\/sunnyblinds.lv\/lt\/wp-json\/wp\/v2\/media?parent=3764"}],"wp:term":[{"taxonomy":"product_brand","embeddable":true,"href":"https:\/\/sunnyblinds.lv\/lt\/wp-json\/wp\/v2\/product_brand?post=3764"},{"taxonomy":"product_cat","embeddable":true,"href":"https:\/\/sunnyblinds.lv\/lt\/wp-json\/wp\/v2\/product_cat?post=3764"},{"taxonomy":"product_tag","embeddable":true,"href":"https:\/\/sunnyblinds.lv\/lt\/wp-json\/wp\/v2\/product_tag?post=3764"}],"curies":[{"name":"wp","href":"https:\/\/api.w.org\/{rel}","templated":true}]}}