{"id":3755,"date":"2024-12-09T08:52:13","date_gmt":"2024-12-09T06:52:13","guid":{"rendered":"https:\/\/e.dextera.lt\/?post_type=product&#038;p=3755"},"modified":"2025-05-22T11:30:33","modified_gmt":"2025-05-22T08:30:33","slug":"markize-helios-automatine","status":"publish","type":"product","link":"https:\/\/sunnyblinds.lv\/lt\/gaminys\/markize-helios-automatine\/","title":{"rendered":"Markiz\u0117 HELIOS (automatinis valdymas)"},"content":{"rendered":"<h1 data-start=\"0\" data-end=\"88\"><strong data-start=\"4\" data-end=\"86\">Automatin\u0117s terasin\u0117s markiz\u0117s \u2013 maksimalus komfortas ir apsauga nuo saul\u0117s<\/strong><\/h1>\n<p data-start=\"89\" data-end=\"641\"><strong data-start=\"89\" data-end=\"131\">Automatinio valdymo terasin\u0117s markiz\u0117s<\/strong> \u2013 tai modernus ir patogus sprendimas, leid\u017eiantis reguliuoti pav\u0117s\u012f vienu mygtuko paspaudimu. \u0160ios <strong data-start=\"231\" data-end=\"282\">pagal individualius matmenis gaminamos markiz\u0117s<\/strong> u\u017etikrina efektyvi\u0105 apsaug\u0105 nuo saul\u0117s, v\u0117jo ar lietaus bei puikiai papildo j\u016bs\u0173 terasos eksterjer\u0105. Integruotas elektros variklis leid\u017eia lengvai valdyti markiz\u0117s i\u0161skleidim\u0105 ir suskleidim\u0105, o papildomos funkcijos, tokios kaip saul\u0117s ir v\u0117jo davikliai, padeda optimizuoti naudojim\u0105. Rinkit\u0117s <strong data-start=\"576\" data-end=\"615\"><a href=\"https:\/\/sunnyblinds.lv\/kategorija\/terasines-markizes\/automatinis-valdymas\/\" target=\"_blank\" rel=\"noopener\" data-start=\"578\" data-end=\"613\">automatines terasines markizes<\/a><\/strong> ir m\u0117gaukit\u0117s komfortu!<\/p>\n<h1 class=\"markdown__heading\">Terasin\u0117 markiz\u0117 HELIOS (automatinis valdymas)<\/h1>\n<p>Terasin\u0117 markiz\u0117 HELIOS yra puikus pasirinkimas norintiems efektyvios saul\u0117s kontrol\u0117s sistemos.<\/p>\n<p><strong>Funkcionalumas ir estetika j\u016bs\u0173 terasoje<\/strong><\/p>\n<p>Terasin\u0117 markiz\u0117 HELIOS \u2013 Inovatyvi saul\u0117s kontrol\u0117. Automatinio valdymo<strong> terasin\u0117 markiz\u0117 HELIOS<\/strong> yra patikimas\u00a0 ir prakti\u0161kas pasirinkimas. \u0160ioms markiz\u0117ms b\u016bdingas ilgaam\u017ei\u0161kumas ir paprastas naudojimas, o patvarus audinys u\u017etikrina apsaug\u0105 nuo kar\u0161\u010dio ir tiesiogini\u0173 saul\u0117s spinduli\u0173.<\/p>\n<h2 class=\"markdown__heading\">Privalumai:<\/h2>\n<ul class=\"markdown__list\">\n<li><strong>Automatinis, i\u0161manus valdymas:<\/strong>\u00a0paprasta reguliuoti pav\u0117s\u012f<\/li>\n<li><strong>Praturtinta papildomais komponentais:<\/strong>\u00a0pasirinktos med\u017eiagos ir dizainas<\/li>\n<li><strong>Konstrukcijos spalv\u0173 pasirinkimas:<\/strong>\u00a0balt\u0105, sidabrin\u0119, rud\u0105 arba antracito<\/li>\n<li>Pagal u\u017esakym\u0105 gaminama.<\/li>\n<li>Efektyvi apsauga nuo UV spinduli\u0173.<\/li>\n<li>Patvarus mechanizmas ilgam naudojimui.<\/li>\n<li>V\u0116JO DAVIKLIS. Papildomai \u012frengus v\u0117jo davikl\u012f markiz\u0117 i\u0161maniai reaguos \u012f kintant\u012f v\u0117jo greit\u012f ir automati\u0161kai susiskleis.<\/li>\n<li>AUTOMATINIS VALDYMAS. Galimyb\u0117 integruoti varikl\u012f su avarinio u\u017edarymo galimybe, nuotolinio valdymo pultelis, v\u0117jo daviklis \u2013 leis i\u0161naudoti visus markiz\u0117s privalumus.<\/li>\n<li>SPALVOS. Platus markzi\u0173 audini\u0173 pasirinkimas ir galimyb\u0117 derinti prie 4 konstrukcijos spalv\u0173.<\/li>\n<li>LED AP\u0160VIETIMAS. \u012erengus LED ap\u0161vietim\u0105 vakare nereik\u0117s galvoti apie papildom\u0105 \u0161viesos sraut\u0105 terasoje.<\/li>\n<\/ul>\n<h3 class=\"markdown__heading\">Kiti patarimai:<\/h3>\n<p>Nor\u0117dami su\u017einoti daugiau apie automatinio valdymo markizes, apsilankykite <a class=\"theme markdown__link\" href=\"https:\/\/dextera.lt\/markizes-pavesines\/terasines-markizes\/helios\/\" target=\"_blank\" rel=\"noopener noreferrer\">\u010dia<\/a> arba per\u017ei\u016br\u0117kite terasini\u0173 markizi\u0173 atliktus darbus<a href=\"https:\/\/dextera.lt\/markizes-pavesines\/terasines-markizes\/helios\/\" target=\"_blank\" rel=\"noopener\"> \u010dia<\/a><\/p>\n<hr \/>\n<p>SVARBU!<\/p>\n<div class=\"content-width-custom\">\n<p><em>Prie\u0161 u\u017esakydami markiz\u0119, \u012fsitikinkite, kad u\u017esakoma markiz\u0117 tilps ant sienos, kur planuojamas montavimas. Pasir\u016bpinkite ir b\u016bkite tikri, jog tur\u0117site galimyb\u0117 susimontuoti gamin\u012f.<\/em><\/p>\n<p><em>Tvirtinimo elementai n\u0117ra pridedami. Tvirtinimo elementus (var\u017etus, inkarus ir pan.) b\u016btina \u012fsigyti prie\u0161 montavim\u0105, atsi\u017evelgiant \u012f sienos strukt\u016br\u0105, \u012f kuri\u0105 bus tvirtinama. Jei nesate tikri d\u0117l tvirtinimo element\u0173 pasirinkimo, pasitarkite su \u0161ios srities (tvirtinimo element\u0173) specialistais, perkant elektronin\u0117je parduotuv\u0117je markiz\u0117s montavimo paslauga neteikiama.<\/em><\/p>\n<p><em>Prie\u0161 \u012fsigydami ar montuodami markiz\u0119, matavimo rulet\u0117s pagalba i\u0161matuokite erdv\u0119 (sien\u0105), ant kurios montuosite markiz\u0119. Markiz\u0117s montavimui reikalingas plotis yra lygus markiz\u0117s plo\u010diui + 5 cm. laisvumo i\u0161 abiej\u0173 markiz\u0117s pusi\u0173. Montavimui reikalingas auk\u0161tis yra 30 cm.<\/em><\/p>\n<\/div>\n<p><strong>Terasin\u0117 markiz\u0117 HELIOS &#8211; montavimo <a href=\"https:\/\/sunnyblinds.lv\/wp-content\/uploads\/2024\/12\/Montavimo-Markizes-Kasetines-HELIOS.pdf\" target=\"_blank\" rel=\"noopener\">instrukcija \u010dia \u2192\u00a0<\/a><\/strong><\/p>\n<p>&nbsp;<\/p>\n<hr \/>\n<p>Pasikonsultuokite d\u0117l tinkamos markiz\u0117s j\u016bs\u0173 vie\u0161ajai ar priva\u010diai erdvei ir pasirinkite kokyb\u0119. Jei turite klausim\u0173 ar norite su\u017einoti daugiau apie produkt\u0105, susisiekite su m\u016bs\u0173 specialistais.<\/p>\n","protected":false},"excerpt":{"rendered":"<p><strong>HELIOS<\/strong> \u2013 patikima saul\u0117s kontrol\u0117s sistema ie\u0161kantiems ilgaam\u017ei\u0161kumo. \u0160i\u0105 ypa\u010d tvirt\u0105 markiz\u0119 su kasete galima montuoti tiek nuo aplinkos poveikio apsaugotose, tiek neapsaugotose vietose. Kaset\u0117 apsaugo audin\u012f nuo lietaus, sniego ir purvo.<\/p>\n","protected":false},"featured_media":3763,"template":"","meta":{"inline_featured_image":false},"product_brand":[],"product_cat":[15,40,35,33,60],"product_tag":[],"class_list":{"0":"post-3755","1":"product","2":"type-product","3":"status-publish","4":"has-post-thumbnail","6":"product_cat-produktas","7":"product_cat-automatinis-valdymas","8":"product_cat-gaminamos-terasines-markizes","9":"product_cat-terasines-markizes","10":"product_cat-terasines-markizes-internetu","11":"product_shipping_class-isores-gaminiai","12":"tm-has-options","14":"first","15":"instock","16":"taxable","17":"shipping-taxable","18":"purchasable","19":"product-type-simple"},"acf":[],"yoast_head":"<!-- This site is optimized with the Yoast SEO plugin v27.4 - https:\/\/yoast.com\/product\/yoast-seo-wordpress\/ -->\n<title>Markiz\u0117 HELIOS (automatinis valdymas) - sunnyblinds.lv<\/title>\n<meta name=\"description\" content=\"\u012esigykite kokybi\u0161kas automatinio valdymo terasines markizes i\u0161 sunnyblinds.lv, Patvarus audinys, lengvas naudojimas ir stilingas dizainas \u2013 j\u016bs\u0173 kiemo erdvei.\" \/>\n<meta name=\"robots\" content=\"index, follow, max-snippet:-1, max-image-preview:large, max-video-preview:-1\" \/>\n<link rel=\"canonical\" href=\"https:\/\/sunnyblinds.lv\/gaminys\/markize-helios-automatine\/\" \/>\n<meta property=\"og:locale\" content=\"lt_LT\" \/>\n<meta property=\"og:type\" content=\"article\" \/>\n<meta property=\"og:title\" content=\"Markiz\u0117 HELIOS (automatinis valdymas) - sunnyblinds.lv\" \/>\n<meta property=\"og:description\" content=\"\u012esigykite kokybi\u0161kas automatinio valdymo terasines markizes i\u0161 sunnyblinds.lv, Patvarus audinys, lengvas naudojimas ir stilingas dizainas \u2013 j\u016bs\u0173 kiemo erdvei.\" \/>\n<meta property=\"og:url\" content=\"https:\/\/sunnyblinds.lv\/gaminys\/markize-helios-automatine\/\" \/>\n<meta property=\"og:site_name\" content=\"Dextera\" \/>\n<meta property=\"article:modified_time\" content=\"2025-05-22T08:30:33+00:00\" \/>\n<meta property=\"og:image\" content=\"https:\/\/sunnyblinds.lv\/wp-content\/uploads\/2024\/12\/HELIOS-3.jpg\" \/>\n\t<meta property=\"og:image:width\" content=\"1080\" \/>\n\t<meta property=\"og:image:height\" content=\"1080\" \/>\n\t<meta property=\"og:image:type\" content=\"image\/jpeg\" \/>\n<meta name=\"twitter:card\" content=\"summary_large_image\" \/>\n<meta name=\"twitter:label1\" content=\"Est. reading time\" \/>\n\t<meta name=\"twitter:data1\" content=\"3 minut\u0117s\" \/>\n<script type=\"application\/ld+json\" class=\"yoast-schema-graph\">{\"@context\":\"https:\\\/\\\/schema.org\",\"@graph\":[{\"@type\":\"WebPage\",\"@id\":\"https:\\\/\\\/sunnyblinds.lv\\\/gaminys\\\/markize-helios-automatine\\\/\",\"url\":\"https:\\\/\\\/sunnyblinds.lv\\\/gaminys\\\/markize-helios-automatine\\\/\",\"name\":\"Markiz\u0117 HELIOS (automatinis valdymas) - sunnyblinds.lv\",\"isPartOf\":{\"@id\":\"https:\\\/\\\/sunnyblinds.lv\\\/#website\"},\"primaryImageOfPage\":{\"@id\":\"https:\\\/\\\/sunnyblinds.lv\\\/gaminys\\\/markize-helios-automatine\\\/#primaryimage\"},\"image\":{\"@id\":\"https:\\\/\\\/sunnyblinds.lv\\\/gaminys\\\/markize-helios-automatine\\\/#primaryimage\"},\"thumbnailUrl\":\"https:\\\/\\\/sunnyblinds.lv\\\/wp-content\\\/uploads\\\/2024\\\/12\\\/HELIOS-3.jpg\",\"datePublished\":\"2024-12-09T06:52:13+00:00\",\"dateModified\":\"2025-05-22T08:30:33+00:00\",\"description\":\"\u012esigykite kokybi\u0161kas automatinio valdymo terasines markizes i\u0161 sunnyblinds.lv, Patvarus audinys, lengvas naudojimas ir stilingas dizainas \u2013 j\u016bs\u0173 kiemo erdvei.\",\"breadcrumb\":{\"@id\":\"https:\\\/\\\/sunnyblinds.lv\\\/gaminys\\\/markize-helios-automatine\\\/#breadcrumb\"},\"inLanguage\":\"lt-LT\",\"potentialAction\":[{\"@type\":\"ReadAction\",\"target\":[\"https:\\\/\\\/sunnyblinds.lv\\\/gaminys\\\/markize-helios-automatine\\\/\"]}]},{\"@type\":\"ImageObject\",\"inLanguage\":\"lt-LT\",\"@id\":\"https:\\\/\\\/sunnyblinds.lv\\\/gaminys\\\/markize-helios-automatine\\\/#primaryimage\",\"url\":\"https:\\\/\\\/sunnyblinds.lv\\\/wp-content\\\/uploads\\\/2024\\\/12\\\/HELIOS-3.jpg\",\"contentUrl\":\"https:\\\/\\\/sunnyblinds.lv\\\/wp-content\\\/uploads\\\/2024\\\/12\\\/HELIOS-3.jpg\",\"width\":1080,\"height\":1080,\"caption\":\"terasin\u0117 markiz\u0117 helios automatinis valdymas dextera\"},{\"@type\":\"BreadcrumbList\",\"@id\":\"https:\\\/\\\/sunnyblinds.lv\\\/gaminys\\\/markize-helios-automatine\\\/#breadcrumb\",\"itemListElement\":[{\"@type\":\"ListItem\",\"position\":1,\"name\":\"Home\",\"item\":\"https:\\\/\\\/sunnyblinds.lv\\\/\"},{\"@type\":\"ListItem\",\"position\":2,\"name\":\"Elektronin\u0117 parduotuv\u0117\",\"item\":\"https:\\\/\\\/sunnyblinds.lv\\\/parduotuve\\\/\"},{\"@type\":\"ListItem\",\"position\":3,\"name\":\"Markiz\u0117 HELIOS (automatinis valdymas)\"}]},{\"@type\":\"WebSite\",\"@id\":\"https:\\\/\\\/sunnyblinds.lv\\\/#website\",\"url\":\"https:\\\/\\\/sunnyblinds.lv\\\/\",\"name\":\"Dextera\",\"description\":\"LV eshop\",\"publisher\":{\"@id\":\"https:\\\/\\\/sunnyblinds.lv\\\/#organization\"},\"potentialAction\":[{\"@type\":\"SearchAction\",\"target\":{\"@type\":\"EntryPoint\",\"urlTemplate\":\"https:\\\/\\\/sunnyblinds.lv\\\/?s={search_term_string}\"},\"query-input\":{\"@type\":\"PropertyValueSpecification\",\"valueRequired\":true,\"valueName\":\"search_term_string\"}}],\"inLanguage\":\"lt-LT\"},{\"@type\":\"Organization\",\"@id\":\"https:\\\/\\\/sunnyblinds.lv\\\/#organization\",\"name\":\"Dextera\",\"url\":\"https:\\\/\\\/sunnyblinds.lv\\\/\",\"logo\":{\"@type\":\"ImageObject\",\"inLanguage\":\"lt-LT\",\"@id\":\"https:\\\/\\\/sunnyblinds.lv\\\/#\\\/schema\\\/logo\\\/image\\\/\",\"url\":\"https:\\\/\\\/sunnyblinds.lv\\\/wp-content\\\/uploads\\\/2024\\\/03\\\/DEXTERA_su-sukiu_tamsiai-melynas-e1710914216478.png\",\"contentUrl\":\"https:\\\/\\\/sunnyblinds.lv\\\/wp-content\\\/uploads\\\/2024\\\/03\\\/DEXTERA_su-sukiu_tamsiai-melynas-e1710914216478.png\",\"width\":200,\"height\":53,\"caption\":\"Dextera\"},\"image\":{\"@id\":\"https:\\\/\\\/sunnyblinds.lv\\\/#\\\/schema\\\/logo\\\/image\\\/\"}}]}<\/script>\n<!-- \/ Yoast SEO plugin. -->","yoast_head_json":{"title":"Markiz\u0117 HELIOS (automatinis valdymas) - sunnyblinds.lv","description":"\u012esigykite kokybi\u0161kas automatinio valdymo terasines markizes i\u0161 sunnyblinds.lv, Patvarus audinys, lengvas naudojimas ir stilingas dizainas \u2013 j\u016bs\u0173 kiemo erdvei.","robots":{"index":"index","follow":"follow","max-snippet":"max-snippet:-1","max-image-preview":"max-image-preview:large","max-video-preview":"max-video-preview:-1"},"canonical":"https:\/\/sunnyblinds.lv\/gaminys\/markize-helios-automatine\/","og_locale":"lt_LT","og_type":"article","og_title":"Markiz\u0117 HELIOS (automatinis valdymas) - sunnyblinds.lv","og_description":"\u012esigykite kokybi\u0161kas automatinio valdymo terasines markizes i\u0161 sunnyblinds.lv, Patvarus audinys, lengvas naudojimas ir stilingas dizainas \u2013 j\u016bs\u0173 kiemo erdvei.","og_url":"https:\/\/sunnyblinds.lv\/gaminys\/markize-helios-automatine\/","og_site_name":"Dextera","article_modified_time":"2025-05-22T08:30:33+00:00","og_image":[{"width":1080,"height":1080,"url":"https:\/\/sunnyblinds.lv\/wp-content\/uploads\/2024\/12\/HELIOS-3.jpg","type":"image\/jpeg"}],"twitter_card":"summary_large_image","twitter_misc":{"Est. reading time":"3 minut\u0117s"},"schema":{"@context":"https:\/\/schema.org","@graph":[{"@type":"WebPage","@id":"https:\/\/sunnyblinds.lv\/gaminys\/markize-helios-automatine\/","url":"https:\/\/sunnyblinds.lv\/gaminys\/markize-helios-automatine\/","name":"Markiz\u0117 HELIOS (automatinis valdymas) - sunnyblinds.lv","isPartOf":{"@id":"https:\/\/sunnyblinds.lv\/#website"},"primaryImageOfPage":{"@id":"https:\/\/sunnyblinds.lv\/gaminys\/markize-helios-automatine\/#primaryimage"},"image":{"@id":"https:\/\/sunnyblinds.lv\/gaminys\/markize-helios-automatine\/#primaryimage"},"thumbnailUrl":"https:\/\/sunnyblinds.lv\/wp-content\/uploads\/2024\/12\/HELIOS-3.jpg","datePublished":"2024-12-09T06:52:13+00:00","dateModified":"2025-05-22T08:30:33+00:00","description":"\u012esigykite kokybi\u0161kas automatinio valdymo terasines markizes i\u0161 sunnyblinds.lv, Patvarus audinys, lengvas naudojimas ir stilingas dizainas \u2013 j\u016bs\u0173 kiemo erdvei.","breadcrumb":{"@id":"https:\/\/sunnyblinds.lv\/gaminys\/markize-helios-automatine\/#breadcrumb"},"inLanguage":"lt-LT","potentialAction":[{"@type":"ReadAction","target":["https:\/\/sunnyblinds.lv\/gaminys\/markize-helios-automatine\/"]}]},{"@type":"ImageObject","inLanguage":"lt-LT","@id":"https:\/\/sunnyblinds.lv\/gaminys\/markize-helios-automatine\/#primaryimage","url":"https:\/\/sunnyblinds.lv\/wp-content\/uploads\/2024\/12\/HELIOS-3.jpg","contentUrl":"https:\/\/sunnyblinds.lv\/wp-content\/uploads\/2024\/12\/HELIOS-3.jpg","width":1080,"height":1080,"caption":"terasin\u0117 markiz\u0117 helios automatinis valdymas dextera"},{"@type":"BreadcrumbList","@id":"https:\/\/sunnyblinds.lv\/gaminys\/markize-helios-automatine\/#breadcrumb","itemListElement":[{"@type":"ListItem","position":1,"name":"Home","item":"https:\/\/sunnyblinds.lv\/"},{"@type":"ListItem","position":2,"name":"Elektronin\u0117 parduotuv\u0117","item":"https:\/\/sunnyblinds.lv\/parduotuve\/"},{"@type":"ListItem","position":3,"name":"Markiz\u0117 HELIOS (automatinis valdymas)"}]},{"@type":"WebSite","@id":"https:\/\/sunnyblinds.lv\/#website","url":"https:\/\/sunnyblinds.lv\/","name":"Dextera","description":"LV eshop","publisher":{"@id":"https:\/\/sunnyblinds.lv\/#organization"},"potentialAction":[{"@type":"SearchAction","target":{"@type":"EntryPoint","urlTemplate":"https:\/\/sunnyblinds.lv\/?s={search_term_string}"},"query-input":{"@type":"PropertyValueSpecification","valueRequired":true,"valueName":"search_term_string"}}],"inLanguage":"lt-LT"},{"@type":"Organization","@id":"https:\/\/sunnyblinds.lv\/#organization","name":"Dextera","url":"https:\/\/sunnyblinds.lv\/","logo":{"@type":"ImageObject","inLanguage":"lt-LT","@id":"https:\/\/sunnyblinds.lv\/#\/schema\/logo\/image\/","url":"https:\/\/sunnyblinds.lv\/wp-content\/uploads\/2024\/03\/DEXTERA_su-sukiu_tamsiai-melynas-e1710914216478.png","contentUrl":"https:\/\/sunnyblinds.lv\/wp-content\/uploads\/2024\/03\/DEXTERA_su-sukiu_tamsiai-melynas-e1710914216478.png","width":200,"height":53,"caption":"Dextera"},"image":{"@id":"https:\/\/sunnyblinds.lv\/#\/schema\/logo\/image\/"}}]}},"_links":{"self":[{"href":"https:\/\/sunnyblinds.lv\/lt\/wp-json\/wp\/v2\/product\/3755","targetHints":{"allow":["GET"]}}],"collection":[{"href":"https:\/\/sunnyblinds.lv\/lt\/wp-json\/wp\/v2\/product"}],"about":[{"href":"https:\/\/sunnyblinds.lv\/lt\/wp-json\/wp\/v2\/types\/product"}],"wp:featuredmedia":[{"embeddable":true,"href":"https:\/\/sunnyblinds.lv\/lt\/wp-json\/wp\/v2\/media\/3763"}],"wp:attachment":[{"href":"https:\/\/sunnyblinds.lv\/lt\/wp-json\/wp\/v2\/media?parent=3755"}],"wp:term":[{"taxonomy":"product_brand","embeddable":true,"href":"https:\/\/sunnyblinds.lv\/lt\/wp-json\/wp\/v2\/product_brand?post=3755"},{"taxonomy":"product_cat","embeddable":true,"href":"https:\/\/sunnyblinds.lv\/lt\/wp-json\/wp\/v2\/product_cat?post=3755"},{"taxonomy":"product_tag","embeddable":true,"href":"https:\/\/sunnyblinds.lv\/lt\/wp-json\/wp\/v2\/product_tag?post=3755"}],"curies":[{"name":"wp","href":"https:\/\/api.w.org\/{rel}","templated":true}]}}