{"id":3305,"date":"2024-09-09T14:58:16","date_gmt":"2024-09-09T11:58:16","guid":{"rendered":"https:\/\/e.dextera.lt\/?post_type=product&#038;p=3305"},"modified":"2025-07-07T16:43:05","modified_gmt":"2025-07-07T13:43:05","slug":"ikrovimo-adapteris-214ad9000","status":"publish","type":"product","link":"https:\/\/sunnyblinds.lv\/lt\/gaminys\/ikrovimo-adapteris-214ad9000\/","title":{"rendered":"USB \u012fkrovimo adapteris"},"content":{"rendered":"<h1>USB \u012fkrovimo laido adapteris<\/h1>\n<p>USB \u012fkrovimo adapteris\u00a0 tinkamas MOTION CM-03 ir YOODA COMFORT varikliui 220V &#8211; 5V USB (WS) ABS [1]<\/p>\n<p>Kodas: 214AD9000<\/p>\n<p>Spalva: Balta<\/p>\n<h3>USB \u012fkrovimo adapteris<\/h3>\n<p>Suderinamas su \u012fvairiais prietaisais, u\u017etikrina stabil\u0173 veikim\u0105.<\/p>\n<p>Universalus\u00a0 adapteris \u2013 greitam ir patikimam j\u016bs\u0173 \u012frengini\u0173 \u012fkrovimui. Rinktis <a href=\"https:\/\/sunnyblinds.lv\/kategorija\/roletai-automatiniai\/\" target=\"_blank\" rel=\"noopener\">\u012fkraunamus roletus \u010dia..<\/a><\/p>\n<p>Daugiau apie \u012fkraunamus roletus, kuriems reiklaingi USB \u012fkrovimo adapteriai informacijos<a href=\"https:\/\/dextera.lt\/ismanus-valdymas\/motionblinds\/\" target=\"_blank\" rel=\"noopener\"> rasite \u010dia..<\/a><\/p>\n<hr \/>\n<p>DEXTERA savo klientams si\u016blo itin auk\u0161tos kokyb\u0117s Nyderland\u0173 gamintojo COULISSE i\u0161manaus valdymo, motorizuot\u0105 valdymo sistem\u0105 roletams ir \u017ealiuz\u0117ms. \u0160io prek\u0117s \u017eenklo misija kartu su partneriais visame pasaulyje \u2013 tiekti individualiai pritaikytus i\u0161maniojo valdymo sprendimus lang\u0173 u\u017edengimo sistemoms (\u017ealiuz\u0117ms bei roletams).<\/p>\n<p><strong>I\u0161manaus valdymo Motionblinds privalumai:<\/strong><\/p>\n<ul>\n<li>Patogus valdymas ir lengvas \u012fdiegimas;<\/li>\n<li>Lang\u0173 u\u017edengimai reguliuojami radijo da\u017eniais valdomais nuotoliniais valdymo pulteliais;<\/li>\n<li>Programa gali b\u016bti valdoma ir i\u0161maniuoju telefonu per WiFi (MOTION WiFi tiltas prie \u017ealiuzi\u0173 yra prijungiamas per Motionblinds\u00a0<a href=\"https:\/\/www.youtube.com\/watch?v=xKqrkEaBnns\">aplikacij\u0105<\/a>);<\/li>\n<li>MotionBlinds programa yra suderinama tik su motorizuotais roletais, kurie turi radijo da\u017en\u012f;<\/li>\n<li>Suderinama su kitomis nam\u0173 automatin\u0117mis sistemomis;<\/li>\n<li>Galimyb\u0117 nustatyti scenas ir laikus rolet\u0173 automatizavimui (<a href=\"https:\/\/www.youtube.com\/watch?v=RgcFWsiKWho\" target=\"_blank\" rel=\"noopener\">\u017er. nuorod\u0105<\/a>);<\/li>\n<li>Sistema suteikia galimyb\u0119 kontroliuoti\u00a0<a href=\"https:\/\/www.youtube.com\/watch?v=gzOIQ99rDJ8\" target=\"_blank\" rel=\"noopener\">nam\u0173 klimat\u0105<\/a>, taip taupant energij\u0105 ir kuriant jauki\u0105 aplink\u0105.<\/li>\n<\/ul>\n","protected":false},"excerpt":{"rendered":"<p>USB \u012fkrovimo laido adapteris<\/p>\n<p>MOTION CM-03 ir YOODA COMFORT varikliui 220V &#8211; 5V USB (WS) ABS [1]<\/p>\n<p>Kodas: 214AD9000<\/p>\n<p>Spalva: Balta<\/p>\n","protected":false},"featured_media":4292,"template":"","meta":{"inline_featured_image":false},"product_brand":[],"product_cat":[34],"product_tag":[],"class_list":{"0":"post-3305","1":"product","2":"type-product","3":"status-publish","4":"has-post-thumbnail","6":"product_cat-aksesuari-zaluzijam-un-rullo","7":"product_shipping_class-vidaus-gaminiai","8":"tm-no-options","10":"first","11":"instock","12":"virtual","13":"taxable","14":"purchasable","15":"product-type-simple"},"acf":[],"yoast_head":"<!-- This site is optimized with the Yoast SEO plugin v27.4 - https:\/\/yoast.com\/product\/yoast-seo-wordpress\/ -->\n<title>USB \u012fkrovimo adapteris - Dextera<\/title>\n<meta name=\"description\" content=\"Universalus USB \u012fkrovimo adapteris \u2013 greitam ir patikimam j\u016bs\u0173 \u012frengini\u0173 \u012fkrovimui. Suderinamas su \u012fvairiais prietaisais, u\u017etikrina stabil\u0173 veikim\u0105.\" \/>\n<meta name=\"robots\" content=\"index, follow, max-snippet:-1, max-image-preview:large, max-video-preview:-1\" \/>\n<link rel=\"canonical\" href=\"https:\/\/sunnyblinds.lv\/gaminys\/ikrovimo-adapteris-214ad9000\/\" \/>\n<meta property=\"og:locale\" content=\"lt_LT\" \/>\n<meta property=\"og:type\" content=\"article\" \/>\n<meta property=\"og:title\" content=\"USB \u012fkrovimo adapteris - Dextera\" \/>\n<meta property=\"og:description\" content=\"Universalus USB \u012fkrovimo adapteris \u2013 greitam ir patikimam j\u016bs\u0173 \u012frengini\u0173 \u012fkrovimui. Suderinamas su \u012fvairiais prietaisais, u\u017etikrina stabil\u0173 veikim\u0105.\" \/>\n<meta property=\"og:url\" content=\"https:\/\/sunnyblinds.lv\/gaminys\/ikrovimo-adapteris-214ad9000\/\" \/>\n<meta property=\"og:site_name\" content=\"Dextera\" \/>\n<meta property=\"article:modified_time\" content=\"2025-07-07T13:43:05+00:00\" \/>\n<meta property=\"og:image\" content=\"https:\/\/sunnyblinds.lv\/wp-content\/uploads\/2024\/09\/ikrovimo-antgalis.jpg\" \/>\n\t<meta property=\"og:image:width\" content=\"500\" \/>\n\t<meta property=\"og:image:height\" content=\"500\" \/>\n\t<meta property=\"og:image:type\" content=\"image\/jpeg\" \/>\n<meta name=\"twitter:card\" content=\"summary_large_image\" \/>\n<meta name=\"twitter:label1\" content=\"Est. reading time\" \/>\n\t<meta name=\"twitter:data1\" content=\"2 minut\u0117s\" \/>\n<script type=\"application\/ld+json\" class=\"yoast-schema-graph\">{\"@context\":\"https:\\\/\\\/schema.org\",\"@graph\":[{\"@type\":\"WebPage\",\"@id\":\"https:\\\/\\\/sunnyblinds.lv\\\/gaminys\\\/ikrovimo-adapteris-214ad9000\\\/\",\"url\":\"https:\\\/\\\/sunnyblinds.lv\\\/gaminys\\\/ikrovimo-adapteris-214ad9000\\\/\",\"name\":\"USB \u012fkrovimo adapteris - Dextera\",\"isPartOf\":{\"@id\":\"https:\\\/\\\/sunnyblinds.lv\\\/#website\"},\"primaryImageOfPage\":{\"@id\":\"https:\\\/\\\/sunnyblinds.lv\\\/gaminys\\\/ikrovimo-adapteris-214ad9000\\\/#primaryimage\"},\"image\":{\"@id\":\"https:\\\/\\\/sunnyblinds.lv\\\/gaminys\\\/ikrovimo-adapteris-214ad9000\\\/#primaryimage\"},\"thumbnailUrl\":\"https:\\\/\\\/sunnyblinds.lv\\\/wp-content\\\/uploads\\\/2024\\\/09\\\/ikrovimo-antgalis.jpg\",\"datePublished\":\"2024-09-09T11:58:16+00:00\",\"dateModified\":\"2025-07-07T13:43:05+00:00\",\"description\":\"Universalus USB \u012fkrovimo adapteris \u2013 greitam ir patikimam j\u016bs\u0173 \u012frengini\u0173 \u012fkrovimui. Suderinamas su \u012fvairiais prietaisais, u\u017etikrina stabil\u0173 veikim\u0105.\",\"breadcrumb\":{\"@id\":\"https:\\\/\\\/sunnyblinds.lv\\\/gaminys\\\/ikrovimo-adapteris-214ad9000\\\/#breadcrumb\"},\"inLanguage\":\"lt-LT\",\"potentialAction\":[{\"@type\":\"ReadAction\",\"target\":[\"https:\\\/\\\/sunnyblinds.lv\\\/gaminys\\\/ikrovimo-adapteris-214ad9000\\\/\"]}]},{\"@type\":\"ImageObject\",\"inLanguage\":\"lt-LT\",\"@id\":\"https:\\\/\\\/sunnyblinds.lv\\\/gaminys\\\/ikrovimo-adapteris-214ad9000\\\/#primaryimage\",\"url\":\"https:\\\/\\\/sunnyblinds.lv\\\/wp-content\\\/uploads\\\/2024\\\/09\\\/ikrovimo-antgalis.jpg\",\"contentUrl\":\"https:\\\/\\\/sunnyblinds.lv\\\/wp-content\\\/uploads\\\/2024\\\/09\\\/ikrovimo-antgalis.jpg\",\"width\":500,\"height\":500,\"caption\":\"USB \u012fkrovimo antaglis\"},{\"@type\":\"BreadcrumbList\",\"@id\":\"https:\\\/\\\/sunnyblinds.lv\\\/gaminys\\\/ikrovimo-adapteris-214ad9000\\\/#breadcrumb\",\"itemListElement\":[{\"@type\":\"ListItem\",\"position\":1,\"name\":\"Home\",\"item\":\"https:\\\/\\\/sunnyblinds.lv\\\/\"},{\"@type\":\"ListItem\",\"position\":2,\"name\":\"Elektronin\u0117 parduotuv\u0117\",\"item\":\"https:\\\/\\\/sunnyblinds.lv\\\/parduotuve\\\/\"},{\"@type\":\"ListItem\",\"position\":3,\"name\":\"USB \u012fkrovimo adapteris\"}]},{\"@type\":\"WebSite\",\"@id\":\"https:\\\/\\\/sunnyblinds.lv\\\/#website\",\"url\":\"https:\\\/\\\/sunnyblinds.lv\\\/\",\"name\":\"Dextera\",\"description\":\"LV eshop\",\"publisher\":{\"@id\":\"https:\\\/\\\/sunnyblinds.lv\\\/#organization\"},\"potentialAction\":[{\"@type\":\"SearchAction\",\"target\":{\"@type\":\"EntryPoint\",\"urlTemplate\":\"https:\\\/\\\/sunnyblinds.lv\\\/?s={search_term_string}\"},\"query-input\":{\"@type\":\"PropertyValueSpecification\",\"valueRequired\":true,\"valueName\":\"search_term_string\"}}],\"inLanguage\":\"lt-LT\"},{\"@type\":\"Organization\",\"@id\":\"https:\\\/\\\/sunnyblinds.lv\\\/#organization\",\"name\":\"Dextera\",\"url\":\"https:\\\/\\\/sunnyblinds.lv\\\/\",\"logo\":{\"@type\":\"ImageObject\",\"inLanguage\":\"lt-LT\",\"@id\":\"https:\\\/\\\/sunnyblinds.lv\\\/#\\\/schema\\\/logo\\\/image\\\/\",\"url\":\"https:\\\/\\\/sunnyblinds.lv\\\/wp-content\\\/uploads\\\/2024\\\/03\\\/DEXTERA_su-sukiu_tamsiai-melynas-e1710914216478.png\",\"contentUrl\":\"https:\\\/\\\/sunnyblinds.lv\\\/wp-content\\\/uploads\\\/2024\\\/03\\\/DEXTERA_su-sukiu_tamsiai-melynas-e1710914216478.png\",\"width\":200,\"height\":53,\"caption\":\"Dextera\"},\"image\":{\"@id\":\"https:\\\/\\\/sunnyblinds.lv\\\/#\\\/schema\\\/logo\\\/image\\\/\"}}]}<\/script>\n<!-- \/ Yoast SEO plugin. -->","yoast_head_json":{"title":"USB \u012fkrovimo adapteris - Dextera","description":"Universalus USB \u012fkrovimo adapteris \u2013 greitam ir patikimam j\u016bs\u0173 \u012frengini\u0173 \u012fkrovimui. Suderinamas su \u012fvairiais prietaisais, u\u017etikrina stabil\u0173 veikim\u0105.","robots":{"index":"index","follow":"follow","max-snippet":"max-snippet:-1","max-image-preview":"max-image-preview:large","max-video-preview":"max-video-preview:-1"},"canonical":"https:\/\/sunnyblinds.lv\/gaminys\/ikrovimo-adapteris-214ad9000\/","og_locale":"lt_LT","og_type":"article","og_title":"USB \u012fkrovimo adapteris - Dextera","og_description":"Universalus USB \u012fkrovimo adapteris \u2013 greitam ir patikimam j\u016bs\u0173 \u012frengini\u0173 \u012fkrovimui. Suderinamas su \u012fvairiais prietaisais, u\u017etikrina stabil\u0173 veikim\u0105.","og_url":"https:\/\/sunnyblinds.lv\/gaminys\/ikrovimo-adapteris-214ad9000\/","og_site_name":"Dextera","article_modified_time":"2025-07-07T13:43:05+00:00","og_image":[{"width":500,"height":500,"url":"https:\/\/sunnyblinds.lv\/wp-content\/uploads\/2024\/09\/ikrovimo-antgalis.jpg","type":"image\/jpeg"}],"twitter_card":"summary_large_image","twitter_misc":{"Est. reading time":"2 minut\u0117s"},"schema":{"@context":"https:\/\/schema.org","@graph":[{"@type":"WebPage","@id":"https:\/\/sunnyblinds.lv\/gaminys\/ikrovimo-adapteris-214ad9000\/","url":"https:\/\/sunnyblinds.lv\/gaminys\/ikrovimo-adapteris-214ad9000\/","name":"USB \u012fkrovimo adapteris - Dextera","isPartOf":{"@id":"https:\/\/sunnyblinds.lv\/#website"},"primaryImageOfPage":{"@id":"https:\/\/sunnyblinds.lv\/gaminys\/ikrovimo-adapteris-214ad9000\/#primaryimage"},"image":{"@id":"https:\/\/sunnyblinds.lv\/gaminys\/ikrovimo-adapteris-214ad9000\/#primaryimage"},"thumbnailUrl":"https:\/\/sunnyblinds.lv\/wp-content\/uploads\/2024\/09\/ikrovimo-antgalis.jpg","datePublished":"2024-09-09T11:58:16+00:00","dateModified":"2025-07-07T13:43:05+00:00","description":"Universalus USB \u012fkrovimo adapteris \u2013 greitam ir patikimam j\u016bs\u0173 \u012frengini\u0173 \u012fkrovimui. Suderinamas su \u012fvairiais prietaisais, u\u017etikrina stabil\u0173 veikim\u0105.","breadcrumb":{"@id":"https:\/\/sunnyblinds.lv\/gaminys\/ikrovimo-adapteris-214ad9000\/#breadcrumb"},"inLanguage":"lt-LT","potentialAction":[{"@type":"ReadAction","target":["https:\/\/sunnyblinds.lv\/gaminys\/ikrovimo-adapteris-214ad9000\/"]}]},{"@type":"ImageObject","inLanguage":"lt-LT","@id":"https:\/\/sunnyblinds.lv\/gaminys\/ikrovimo-adapteris-214ad9000\/#primaryimage","url":"https:\/\/sunnyblinds.lv\/wp-content\/uploads\/2024\/09\/ikrovimo-antgalis.jpg","contentUrl":"https:\/\/sunnyblinds.lv\/wp-content\/uploads\/2024\/09\/ikrovimo-antgalis.jpg","width":500,"height":500,"caption":"USB \u012fkrovimo antaglis"},{"@type":"BreadcrumbList","@id":"https:\/\/sunnyblinds.lv\/gaminys\/ikrovimo-adapteris-214ad9000\/#breadcrumb","itemListElement":[{"@type":"ListItem","position":1,"name":"Home","item":"https:\/\/sunnyblinds.lv\/"},{"@type":"ListItem","position":2,"name":"Elektronin\u0117 parduotuv\u0117","item":"https:\/\/sunnyblinds.lv\/parduotuve\/"},{"@type":"ListItem","position":3,"name":"USB \u012fkrovimo adapteris"}]},{"@type":"WebSite","@id":"https:\/\/sunnyblinds.lv\/#website","url":"https:\/\/sunnyblinds.lv\/","name":"Dextera","description":"LV eshop","publisher":{"@id":"https:\/\/sunnyblinds.lv\/#organization"},"potentialAction":[{"@type":"SearchAction","target":{"@type":"EntryPoint","urlTemplate":"https:\/\/sunnyblinds.lv\/?s={search_term_string}"},"query-input":{"@type":"PropertyValueSpecification","valueRequired":true,"valueName":"search_term_string"}}],"inLanguage":"lt-LT"},{"@type":"Organization","@id":"https:\/\/sunnyblinds.lv\/#organization","name":"Dextera","url":"https:\/\/sunnyblinds.lv\/","logo":{"@type":"ImageObject","inLanguage":"lt-LT","@id":"https:\/\/sunnyblinds.lv\/#\/schema\/logo\/image\/","url":"https:\/\/sunnyblinds.lv\/wp-content\/uploads\/2024\/03\/DEXTERA_su-sukiu_tamsiai-melynas-e1710914216478.png","contentUrl":"https:\/\/sunnyblinds.lv\/wp-content\/uploads\/2024\/03\/DEXTERA_su-sukiu_tamsiai-melynas-e1710914216478.png","width":200,"height":53,"caption":"Dextera"},"image":{"@id":"https:\/\/sunnyblinds.lv\/#\/schema\/logo\/image\/"}}]}},"_links":{"self":[{"href":"https:\/\/sunnyblinds.lv\/lt\/wp-json\/wp\/v2\/product\/3305","targetHints":{"allow":["GET"]}}],"collection":[{"href":"https:\/\/sunnyblinds.lv\/lt\/wp-json\/wp\/v2\/product"}],"about":[{"href":"https:\/\/sunnyblinds.lv\/lt\/wp-json\/wp\/v2\/types\/product"}],"wp:featuredmedia":[{"embeddable":true,"href":"https:\/\/sunnyblinds.lv\/lt\/wp-json\/wp\/v2\/media\/4292"}],"wp:attachment":[{"href":"https:\/\/sunnyblinds.lv\/lt\/wp-json\/wp\/v2\/media?parent=3305"}],"wp:term":[{"taxonomy":"product_brand","embeddable":true,"href":"https:\/\/sunnyblinds.lv\/lt\/wp-json\/wp\/v2\/product_brand?post=3305"},{"taxonomy":"product_cat","embeddable":true,"href":"https:\/\/sunnyblinds.lv\/lt\/wp-json\/wp\/v2\/product_cat?post=3305"},{"taxonomy":"product_tag","embeddable":true,"href":"https:\/\/sunnyblinds.lv\/lt\/wp-json\/wp\/v2\/product_tag?post=3305"}],"curies":[{"name":"wp","href":"https:\/\/api.w.org\/{rel}","templated":true}]}}