{"id":3301,"date":"2024-09-09T14:40:48","date_gmt":"2024-09-09T11:40:48","guid":{"rendered":"https:\/\/e.dextera.lt\/?post_type=product&#038;p=3301"},"modified":"2025-07-28T16:35:56","modified_gmt":"2025-07-28T13:35:56","slug":"pultelis-5-k-254el0702","status":"publish","type":"product","link":"https:\/\/sunnyblinds.lv\/lt\/gaminys\/pultelis-5-k-254el0702\/","title":{"rendered":"Pultelis 5K"},"content":{"rendered":"<h1 data-start=\"31\" data-end=\"109\"><strong data-start=\"31\" data-end=\"107\">Nuotolinio valdymo pultelis DEXTERA \u2013 maksimalus komfortas j\u016bs\u0173 namuose!<\/strong><\/h1>\n<p data-start=\"111\" data-end=\"470\">Valdykite savo roletus ir \u017ealiuzes lengvai bei patogiai ir \u012f pagalb\u0105 jums ateis <strong data-start=\"177\" data-end=\"215\">nuotolinio valdymo pultelis <\/strong>. Modernus ir ergonomi\u0161kas dizainas leid\u017eia tiksliai reguliuoti \u0161viesos sraut\u0105 bei u\u017etikrinti privatum\u0105 vienu mygtuko paspaudimu.<\/p>\n<h3 data-start=\"111\" data-end=\"470\">Nuotolinio valdymo pultelis veikia belaid\u017eiu ry\u0161iu, u\u017etikrindamas skland\u0173 ir patikim\u0105 veikim\u0105.<\/h3>\n<p data-start=\"111\" data-end=\"470\">I\u0161manus gamini\u0173 valdymas &#8211; tai puikus sprendimas tiek namams, tiek biurui!<\/p>\n<p data-start=\"472\" data-end=\"676\">\u2714 <strong data-start=\"474\" data-end=\"505\">Patogus ir lengvas valdymas tiek <a href=\"https:\/\/sunnyblinds.lv\/kategorija\/roletai-automatiniai\/\" target=\"_blank\" rel=\"noopener\">automatini\u0173 rolet\u0173<\/a>, <a href=\"https:\/\/sunnyblinds.lv\/gaminys\/medines-zaliuzes-automatinis-valdymas\/\" target=\"_blank\" rel=\"noopener\">medini\u0173 \u017ealiuzi\u0173<\/a>, ar <a href=\"https:\/\/sunnyblinds.lv\/kategorija\/terasines-markizes\/automatinis-valdymas\/\" target=\"_blank\" rel=\"noopener\">terasini\u0173 markizi\u0173 automatiniam valdymui<\/a>.<\/strong><br data-start=\"505\" data-end=\"508\" \/>\u2714 <strong data-start=\"510\" data-end=\"528\">Belaidis ry\u0161ys<\/strong> \u2013 stabilus ir efektyvus veikimas<br data-start=\"561\" data-end=\"564\" \/>\u2714 <strong data-start=\"566\" data-end=\"587\">Modernus dizainas<\/strong>, tinkantis bet kokiam interjerui<br data-start=\"620\" data-end=\"623\" \/>\u2714 <strong data-start=\"625\" data-end=\"674\">Tinka \u012fvairiems DEXTERA roletams ir \u017ealiuz\u0117ms<\/strong><\/p>\n<p data-start=\"678\" data-end=\"747\">Investuokite \u012f patogum\u0105 su <strong data-start=\"705\" data-end=\"744\">DEXTERA nuotolinio valdymo pulteliu<\/strong>! I\u0161maniai valdykite savo roletus ar \u017ealiuzes, <a href=\"https:\/\/dextera.lt\/ismanus-valdymas\/motionblinds\/\" target=\"_blank\" rel=\"noopener\">daugiau informacijos \u010dia:\u00a0<\/a><\/p>\n<h2><strong>I\u0161manaus valdymo Motionblinds privalumai ir nuotolio valdymo pultelis<\/strong><\/h2>\n<ul>\n<li>Patogus valdymas ir lengvas \u012fdiegimas;<\/li>\n<li>Lang\u0173 u\u017edengimai reguliuojami radijo da\u017eniais valdomais nuotoliniais valdymo pulteliais;<\/li>\n<li>Programa gali b\u016bti valdoma ir i\u0161maniuoju telefonu per WiFi (MOTION WiFi tiltas prie \u017ealiuzi\u0173 yra prijungiamas per Motionblinds\u00a0<a href=\"https:\/\/www.youtube.com\/watch?v=xKqrkEaBnns\">aplikacij\u0105<\/a>);<\/li>\n<li>MotionBlinds programa yra suderinama tik su motorizuotais roletais, kurie turi radijo da\u017en\u012f;<\/li>\n<li>Suderinama su kitomis nam\u0173 automatin\u0117mis sistemomis;<\/li>\n<li>Galimyb\u0117 nustatyti scenas ir laikus rolet\u0173 automatizavimui (<a href=\"https:\/\/www.youtube.com\/watch?v=RgcFWsiKWho\" target=\"_blank\" rel=\"noopener\">\u017er. nuorod\u0105<\/a>);<\/li>\n<li>Sistema suteikia galimyb\u0119 kontroliuoti\u00a0<a href=\"https:\/\/www.youtube.com\/watch?v=gzOIQ99rDJ8\" target=\"_blank\" rel=\"noopener\">nam\u0173 klimat\u0105<\/a>, taip taupant energij\u0105 ir kuriant jauki\u0105 aplink\u0105.<strong>Radijo technologija visuose varikliuose<\/strong>\n<p>Varikliai gali b\u016bti valdomi bet kokio tipo\u00a0<em>Motionblinds<\/em>\u00a0nuotolinio valdymo pulteliu, naudojant 433 MHz belaid\u0119 radijo technologij\u0105. Tai atveria plat\u0173 galimybi\u0173 pasaul\u012f \u2013 nesvarbu ar pageidaujate patogaus nuotolinio valdymo pultelio ar eleganti\u0161ko ant sienos tvirtinamo sprendimo, \u0161ie varikliai tiksliai reaguos \u012f j\u016bs\u0173 komandas. Pasitik\u0117kite patogiu lang\u0173 u\u017edengimo valdymu be pastang\u0173.<\/p>\n<hr \/>\n<p>DEXTERA savo klientams si\u016blo itin auk\u0161tos kokyb\u0117s Nyderland\u0173 gamintojo COULISSE i\u0161manaus valdymo, motorizuot\u0105 valdymo sistem\u0105 roletams ir \u017ealiuz\u0117ms. \u0160io prek\u0117s \u017eenklo misija kartu su partneriais visame pasaulyje \u2013 tiekti individualiai pritaikytus i\u0161maniojo valdymo sprendimus lang\u0173 u\u017edengimo sistemoms (medin\u0117ms \u017ealiuz\u0117ms bei klasikiniams ar diena-naktis roletams).<\/li>\n<\/ul>\n<h4>I\u0161manus rolet\u0173 ar \u017ealiuzi\u0173 valdymas \u0161iandien jau \u012fperkama prabanga! sunnyblinds.lv<\/h4>\n","protected":false},"excerpt":{"rendered":"<p>Pultelis MOTION CM-12-BK 5 kanal\u0173 juodas ABS [10]<\/p>\n<hr \/>\n<p>5 kanal\u0173 nuotolinio valdymo pulteliu galite valdyti iki 5vnt skirting\u0173 automatinio valdymo gamini\u0173<\/p>\n<p>Kodas: 254EL0702<\/p>\n<p>Spalva: Juoda<\/p>\n","protected":false},"featured_media":3292,"template":"","meta":{"inline_featured_image":false},"product_brand":[],"product_cat":[34],"product_tag":[],"class_list":{"0":"post-3301","1":"product","2":"type-product","3":"status-publish","4":"has-post-thumbnail","6":"product_cat-aksesuari-zaluzijam-un-rullo","7":"product_shipping_class-vidaus-gaminiai","8":"tm-no-options","10":"first","11":"instock","12":"taxable","13":"shipping-taxable","14":"purchasable","15":"product-type-simple"},"acf":[],"yoast_head":"<!-- This site is optimized with the Yoast SEO plugin v27.4 - https:\/\/yoast.com\/product\/yoast-seo-wordpress\/ -->\n<title>Nuotolinio valdymo pultelis 5K I sunnyblinds.lv<\/title>\n<meta name=\"description\" content=\"Nuotolinio valdymo pultelis - valdykite savo roletus ir \u017ealiuzes patogiai ir i\u0161maniai. Lengvai reguliuokite \u0161vies\u0105 ir privatum\u0105 vienu mygtuko paspaudimu.\" \/>\n<meta name=\"robots\" content=\"index, follow, max-snippet:-1, max-image-preview:large, max-video-preview:-1\" \/>\n<link rel=\"canonical\" href=\"https:\/\/sunnyblinds.lv\/gaminys\/pultelis-5-k-254el0702\/\" \/>\n<meta property=\"og:locale\" content=\"lt_LT\" \/>\n<meta property=\"og:type\" content=\"article\" \/>\n<meta property=\"og:title\" content=\"Nuotolinio valdymo pultelis 5K I sunnyblinds.lv\" \/>\n<meta property=\"og:description\" content=\"Nuotolinio valdymo pultelis - valdykite savo roletus ir \u017ealiuzes patogiai ir i\u0161maniai. Lengvai reguliuokite \u0161vies\u0105 ir privatum\u0105 vienu mygtuko paspaudimu.\" \/>\n<meta property=\"og:url\" content=\"https:\/\/sunnyblinds.lv\/gaminys\/pultelis-5-k-254el0702\/\" \/>\n<meta property=\"og:site_name\" content=\"Dextera\" \/>\n<meta property=\"article:modified_time\" content=\"2025-07-28T13:35:56+00:00\" \/>\n<meta property=\"og:image\" content=\"https:\/\/sunnyblinds.lv\/wp-content\/uploads\/2024\/09\/CM-12-2000px.jpg\" \/>\n\t<meta property=\"og:image:width\" content=\"2000\" \/>\n\t<meta property=\"og:image:height\" content=\"2000\" \/>\n\t<meta property=\"og:image:type\" content=\"image\/jpeg\" \/>\n<meta name=\"twitter:card\" content=\"summary_large_image\" \/>\n<meta name=\"twitter:label1\" content=\"Est. reading time\" \/>\n\t<meta name=\"twitter:data1\" content=\"2 minut\u0117s\" \/>\n<script type=\"application\/ld+json\" class=\"yoast-schema-graph\">{\"@context\":\"https:\\\/\\\/schema.org\",\"@graph\":[{\"@type\":\"WebPage\",\"@id\":\"https:\\\/\\\/sunnyblinds.lv\\\/gaminys\\\/pultelis-5-k-254el0702\\\/\",\"url\":\"https:\\\/\\\/sunnyblinds.lv\\\/gaminys\\\/pultelis-5-k-254el0702\\\/\",\"name\":\"Nuotolinio valdymo pultelis 5K I sunnyblinds.lv\",\"isPartOf\":{\"@id\":\"https:\\\/\\\/sunnyblinds.lv\\\/#website\"},\"primaryImageOfPage\":{\"@id\":\"https:\\\/\\\/sunnyblinds.lv\\\/gaminys\\\/pultelis-5-k-254el0702\\\/#primaryimage\"},\"image\":{\"@id\":\"https:\\\/\\\/sunnyblinds.lv\\\/gaminys\\\/pultelis-5-k-254el0702\\\/#primaryimage\"},\"thumbnailUrl\":\"https:\\\/\\\/sunnyblinds.lv\\\/wp-content\\\/uploads\\\/2024\\\/09\\\/CM-12-2000px.jpg\",\"datePublished\":\"2024-09-09T11:40:48+00:00\",\"dateModified\":\"2025-07-28T13:35:56+00:00\",\"description\":\"Nuotolinio valdymo pultelis - valdykite savo roletus ir \u017ealiuzes patogiai ir i\u0161maniai. Lengvai reguliuokite \u0161vies\u0105 ir privatum\u0105 vienu mygtuko paspaudimu.\",\"breadcrumb\":{\"@id\":\"https:\\\/\\\/sunnyblinds.lv\\\/gaminys\\\/pultelis-5-k-254el0702\\\/#breadcrumb\"},\"inLanguage\":\"lt-LT\",\"potentialAction\":[{\"@type\":\"ReadAction\",\"target\":[\"https:\\\/\\\/sunnyblinds.lv\\\/gaminys\\\/pultelis-5-k-254el0702\\\/\"]}]},{\"@type\":\"ImageObject\",\"inLanguage\":\"lt-LT\",\"@id\":\"https:\\\/\\\/sunnyblinds.lv\\\/gaminys\\\/pultelis-5-k-254el0702\\\/#primaryimage\",\"url\":\"https:\\\/\\\/sunnyblinds.lv\\\/wp-content\\\/uploads\\\/2024\\\/09\\\/CM-12-2000px.jpg\",\"contentUrl\":\"https:\\\/\\\/sunnyblinds.lv\\\/wp-content\\\/uploads\\\/2024\\\/09\\\/CM-12-2000px.jpg\",\"width\":2000,\"height\":2000,\"caption\":\"Belaidis valdymo pultelis roletams\"},{\"@type\":\"BreadcrumbList\",\"@id\":\"https:\\\/\\\/sunnyblinds.lv\\\/gaminys\\\/pultelis-5-k-254el0702\\\/#breadcrumb\",\"itemListElement\":[{\"@type\":\"ListItem\",\"position\":1,\"name\":\"Home\",\"item\":\"https:\\\/\\\/sunnyblinds.lv\\\/\"},{\"@type\":\"ListItem\",\"position\":2,\"name\":\"Elektronin\u0117 parduotuv\u0117\",\"item\":\"https:\\\/\\\/sunnyblinds.lv\\\/parduotuve\\\/\"},{\"@type\":\"ListItem\",\"position\":3,\"name\":\"Pultelis 5K\"}]},{\"@type\":\"WebSite\",\"@id\":\"https:\\\/\\\/sunnyblinds.lv\\\/#website\",\"url\":\"https:\\\/\\\/sunnyblinds.lv\\\/\",\"name\":\"Dextera\",\"description\":\"LV eshop\",\"publisher\":{\"@id\":\"https:\\\/\\\/sunnyblinds.lv\\\/#organization\"},\"potentialAction\":[{\"@type\":\"SearchAction\",\"target\":{\"@type\":\"EntryPoint\",\"urlTemplate\":\"https:\\\/\\\/sunnyblinds.lv\\\/?s={search_term_string}\"},\"query-input\":{\"@type\":\"PropertyValueSpecification\",\"valueRequired\":true,\"valueName\":\"search_term_string\"}}],\"inLanguage\":\"lt-LT\"},{\"@type\":\"Organization\",\"@id\":\"https:\\\/\\\/sunnyblinds.lv\\\/#organization\",\"name\":\"Dextera\",\"url\":\"https:\\\/\\\/sunnyblinds.lv\\\/\",\"logo\":{\"@type\":\"ImageObject\",\"inLanguage\":\"lt-LT\",\"@id\":\"https:\\\/\\\/sunnyblinds.lv\\\/#\\\/schema\\\/logo\\\/image\\\/\",\"url\":\"https:\\\/\\\/sunnyblinds.lv\\\/wp-content\\\/uploads\\\/2024\\\/03\\\/DEXTERA_su-sukiu_tamsiai-melynas-e1710914216478.png\",\"contentUrl\":\"https:\\\/\\\/sunnyblinds.lv\\\/wp-content\\\/uploads\\\/2024\\\/03\\\/DEXTERA_su-sukiu_tamsiai-melynas-e1710914216478.png\",\"width\":200,\"height\":53,\"caption\":\"Dextera\"},\"image\":{\"@id\":\"https:\\\/\\\/sunnyblinds.lv\\\/#\\\/schema\\\/logo\\\/image\\\/\"}}]}<\/script>\n<!-- \/ Yoast SEO plugin. -->","yoast_head_json":{"title":"Nuotolinio valdymo pultelis 5K I sunnyblinds.lv","description":"Nuotolinio valdymo pultelis - valdykite savo roletus ir \u017ealiuzes patogiai ir i\u0161maniai. Lengvai reguliuokite \u0161vies\u0105 ir privatum\u0105 vienu mygtuko paspaudimu.","robots":{"index":"index","follow":"follow","max-snippet":"max-snippet:-1","max-image-preview":"max-image-preview:large","max-video-preview":"max-video-preview:-1"},"canonical":"https:\/\/sunnyblinds.lv\/gaminys\/pultelis-5-k-254el0702\/","og_locale":"lt_LT","og_type":"article","og_title":"Nuotolinio valdymo pultelis 5K I sunnyblinds.lv","og_description":"Nuotolinio valdymo pultelis - valdykite savo roletus ir \u017ealiuzes patogiai ir i\u0161maniai. Lengvai reguliuokite \u0161vies\u0105 ir privatum\u0105 vienu mygtuko paspaudimu.","og_url":"https:\/\/sunnyblinds.lv\/gaminys\/pultelis-5-k-254el0702\/","og_site_name":"Dextera","article_modified_time":"2025-07-28T13:35:56+00:00","og_image":[{"width":2000,"height":2000,"url":"https:\/\/sunnyblinds.lv\/wp-content\/uploads\/2024\/09\/CM-12-2000px.jpg","type":"image\/jpeg"}],"twitter_card":"summary_large_image","twitter_misc":{"Est. reading time":"2 minut\u0117s"},"schema":{"@context":"https:\/\/schema.org","@graph":[{"@type":"WebPage","@id":"https:\/\/sunnyblinds.lv\/gaminys\/pultelis-5-k-254el0702\/","url":"https:\/\/sunnyblinds.lv\/gaminys\/pultelis-5-k-254el0702\/","name":"Nuotolinio valdymo pultelis 5K I sunnyblinds.lv","isPartOf":{"@id":"https:\/\/sunnyblinds.lv\/#website"},"primaryImageOfPage":{"@id":"https:\/\/sunnyblinds.lv\/gaminys\/pultelis-5-k-254el0702\/#primaryimage"},"image":{"@id":"https:\/\/sunnyblinds.lv\/gaminys\/pultelis-5-k-254el0702\/#primaryimage"},"thumbnailUrl":"https:\/\/sunnyblinds.lv\/wp-content\/uploads\/2024\/09\/CM-12-2000px.jpg","datePublished":"2024-09-09T11:40:48+00:00","dateModified":"2025-07-28T13:35:56+00:00","description":"Nuotolinio valdymo pultelis - valdykite savo roletus ir \u017ealiuzes patogiai ir i\u0161maniai. Lengvai reguliuokite \u0161vies\u0105 ir privatum\u0105 vienu mygtuko paspaudimu.","breadcrumb":{"@id":"https:\/\/sunnyblinds.lv\/gaminys\/pultelis-5-k-254el0702\/#breadcrumb"},"inLanguage":"lt-LT","potentialAction":[{"@type":"ReadAction","target":["https:\/\/sunnyblinds.lv\/gaminys\/pultelis-5-k-254el0702\/"]}]},{"@type":"ImageObject","inLanguage":"lt-LT","@id":"https:\/\/sunnyblinds.lv\/gaminys\/pultelis-5-k-254el0702\/#primaryimage","url":"https:\/\/sunnyblinds.lv\/wp-content\/uploads\/2024\/09\/CM-12-2000px.jpg","contentUrl":"https:\/\/sunnyblinds.lv\/wp-content\/uploads\/2024\/09\/CM-12-2000px.jpg","width":2000,"height":2000,"caption":"Belaidis valdymo pultelis roletams"},{"@type":"BreadcrumbList","@id":"https:\/\/sunnyblinds.lv\/gaminys\/pultelis-5-k-254el0702\/#breadcrumb","itemListElement":[{"@type":"ListItem","position":1,"name":"Home","item":"https:\/\/sunnyblinds.lv\/"},{"@type":"ListItem","position":2,"name":"Elektronin\u0117 parduotuv\u0117","item":"https:\/\/sunnyblinds.lv\/parduotuve\/"},{"@type":"ListItem","position":3,"name":"Pultelis 5K"}]},{"@type":"WebSite","@id":"https:\/\/sunnyblinds.lv\/#website","url":"https:\/\/sunnyblinds.lv\/","name":"Dextera","description":"LV eshop","publisher":{"@id":"https:\/\/sunnyblinds.lv\/#organization"},"potentialAction":[{"@type":"SearchAction","target":{"@type":"EntryPoint","urlTemplate":"https:\/\/sunnyblinds.lv\/?s={search_term_string}"},"query-input":{"@type":"PropertyValueSpecification","valueRequired":true,"valueName":"search_term_string"}}],"inLanguage":"lt-LT"},{"@type":"Organization","@id":"https:\/\/sunnyblinds.lv\/#organization","name":"Dextera","url":"https:\/\/sunnyblinds.lv\/","logo":{"@type":"ImageObject","inLanguage":"lt-LT","@id":"https:\/\/sunnyblinds.lv\/#\/schema\/logo\/image\/","url":"https:\/\/sunnyblinds.lv\/wp-content\/uploads\/2024\/03\/DEXTERA_su-sukiu_tamsiai-melynas-e1710914216478.png","contentUrl":"https:\/\/sunnyblinds.lv\/wp-content\/uploads\/2024\/03\/DEXTERA_su-sukiu_tamsiai-melynas-e1710914216478.png","width":200,"height":53,"caption":"Dextera"},"image":{"@id":"https:\/\/sunnyblinds.lv\/#\/schema\/logo\/image\/"}}]}},"_links":{"self":[{"href":"https:\/\/sunnyblinds.lv\/lt\/wp-json\/wp\/v2\/product\/3301","targetHints":{"allow":["GET"]}}],"collection":[{"href":"https:\/\/sunnyblinds.lv\/lt\/wp-json\/wp\/v2\/product"}],"about":[{"href":"https:\/\/sunnyblinds.lv\/lt\/wp-json\/wp\/v2\/types\/product"}],"wp:featuredmedia":[{"embeddable":true,"href":"https:\/\/sunnyblinds.lv\/lt\/wp-json\/wp\/v2\/media\/3292"}],"wp:attachment":[{"href":"https:\/\/sunnyblinds.lv\/lt\/wp-json\/wp\/v2\/media?parent=3301"}],"wp:term":[{"taxonomy":"product_brand","embeddable":true,"href":"https:\/\/sunnyblinds.lv\/lt\/wp-json\/wp\/v2\/product_brand?post=3301"},{"taxonomy":"product_cat","embeddable":true,"href":"https:\/\/sunnyblinds.lv\/lt\/wp-json\/wp\/v2\/product_cat?post=3301"},{"taxonomy":"product_tag","embeddable":true,"href":"https:\/\/sunnyblinds.lv\/lt\/wp-json\/wp\/v2\/product_tag?post=3301"}],"curies":[{"name":"wp","href":"https:\/\/api.w.org\/{rel}","templated":true}]}}