{"id":3296,"date":"2024-09-09T14:26:48","date_gmt":"2024-09-09T11:26:48","guid":{"rendered":"https:\/\/e.dextera.lt\/?post_type=product&#038;p=3296"},"modified":"2025-03-17T15:15:34","modified_gmt":"2025-03-17T13:15:34","slug":"ikrovimo-laidas-3-m","status":"publish","type":"product","link":"https:\/\/sunnyblinds.lv\/lt\/gaminys\/ikrovimo-laidas-3-m\/","title":{"rendered":"\u012ekrovimo laidas 3 (m)"},"content":{"rendered":"<h1 data-start=\"31\" data-end=\"147\">\u012ekrovimo laidas 3m<\/h1>\n<p data-start=\"31\" data-end=\"147\"><strong data-start=\"31\" data-end=\"145\">Universalus \u012fkrovimo laidas su USB ir C tipo jungtimis, skirtas greitam ir patogiam automatini\u0173 rolet\u0173 ir \u017ealiuzi\u0173 \u012fkrovimui.\u00a0<\/strong><\/p>\n<p data-start=\"149\" data-end=\"438\">\u0160is <strong data-start=\"153\" data-end=\"192\">universalus USB C tipo laidas <\/strong>su <strong data-start=\"196\" data-end=\"223\">USB ir C tipo jungtimis<\/strong> u\u017etikrina patikim\u0105 ir efektyv\u0173 automatini\u0173 rolet\u0173 bei \u017ealiuzi\u0173 \u012fkrovim\u0105. Suderinamas su \u012fvairiais modeliais, \u0161is adapteris leid\u017eia lengvai ir greitai prijungti j\u016bs\u0173 \u012frenginius, u\u017etikrinant nepertraukiam\u0105 veikim\u0105.<\/p>\n<p data-start=\"440\" data-end=\"621\">\u2714 <strong data-start=\"442\" data-end=\"467\">USB ir C tipo jungtys<\/strong> \u2013 platus suderinamumas<br data-start=\"490\" data-end=\"493\" \/>\u2714 <strong data-start=\"495\" data-end=\"527\">Greitas ir patogus \u012fkrovimas<\/strong><br data-start=\"527\" data-end=\"530\" \/>\u2714 <strong data-start=\"532\" data-end=\"577\">Tinka automatiniams roletams ir \u017ealiuz\u0117ms<\/strong><br data-start=\"577\" data-end=\"580\" \/>\u2714 <strong data-start=\"582\" data-end=\"619\">Kompakti\u0161kas ir patvarus dizainas<\/strong><\/p>\n<h3 data-start=\"623\" data-end=\"737\">\u012ekraukite savo automatinius roletus bei \u017ealiuzes lengvai ir patogiai su <strong data-start=\"695\" data-end=\"734\">universaliu \u012fkrovimo laidu<\/strong>!<\/h3>\n<p data-start=\"31\" data-end=\"147\">USB C tipo \u012fkrovimo 3 metr\u0173 \u012fkrovimo laidas <a href=\"https:\/\/sunnyblinds.lv\/kategorija\/roletai-automatiniai\/\" target=\"_blank\" rel=\"noopener\">automatiniams roletams<\/a> ir<a href=\"https:\/\/sunnyblinds.lv\/gaminys\/medines-zaliuzes-automatinis-valdymas\/\" target=\"_blank\" rel=\"noopener\"> automatin\u0117ms medin\u0117ms \u017ealiuz\u0117ms<\/a> su \u012fkraunamais varikliais \u012fkrauti.<\/p>\n<hr \/>\n<p>USB-C type laidas CM-41 (MOTION CM-03 IR CM-03-E varikliui \u012fkrauti)<\/p>\n<p>Kodas: 254EL0041<\/p>\n<p>Spalva: balta<\/p>\n<hr \/>\n<p>DEXTERA savo klientams si\u016blo itin auk\u0161tos kokyb\u0117s Nyderland\u0173 gamintojo <a href=\"https:\/\/dextera.lt\/ismanus-valdymas\/motionblinds\/\" target=\"_blank\" rel=\"noopener\">COULISSE i\u0161manaus valdymo<\/a>, motorizuot\u0105 valdymo sistem\u0105 roletams ir \u017ealiuz\u0117ms. \u0160io prek\u0117s \u017eenklo misija kartu su partneriais visame pasaulyje \u2013 tiekti individualiai pritaikytus i\u0161maniojo valdymo sprendimus lang\u0173 u\u017edengimo sistemoms (\u017ealiuz\u0117ms bei roletams).<\/p>\n<p><strong>I\u0161manaus valdymo Motionblinds privalumai:<\/strong><\/p>\n<ul>\n<li>Patogus valdymas ir lengvas \u012fdiegimas;<\/li>\n<li>Lang\u0173 u\u017edengimai reguliuojami radijo da\u017eniais valdomais nuotoliniais valdymo pulteliais;<\/li>\n<li>Programa gali b\u016bti valdoma ir i\u0161maniuoju telefonu per WiFi (MOTION WiFi tiltas prie \u017ealiuzi\u0173 yra prijungiamas per Motionblinds\u00a0<a href=\"https:\/\/www.youtube.com\/watch?v=xKqrkEaBnns\">aplikacij\u0105<\/a>);<\/li>\n<li>MotionBlinds programa yra suderinama tik su motorizuotais roletais, kurie turi radijo da\u017en\u012f;<\/li>\n<li>Suderinama su kitomis nam\u0173 automatin\u0117mis sistemomis;<\/li>\n<li>Galimyb\u0117 nustatyti scenas ir laikus rolet\u0173 automatizavimui (<a href=\"https:\/\/www.youtube.com\/watch?v=RgcFWsiKWho\" target=\"_blank\" rel=\"noopener\">\u017er. nuorod\u0105<\/a>);<\/li>\n<li>Sistema suteikia galimyb\u0119 kontroliuoti\u00a0<a href=\"https:\/\/www.youtube.com\/watch?v=gzOIQ99rDJ8\" target=\"_blank\" rel=\"noopener\">nam\u0173 klimat\u0105<\/a>, taip taupant energij\u0105 ir kuriant jauki\u0105 aplink\u0105.<\/li>\n<\/ul>\n","protected":false},"excerpt":{"rendered":"<p>3 metr\u0173 \u012fkrovimo laidas roletams\/\u017ealiuz\u0117ms su \u012fkraunamais varikliais \u012fkrauti.<\/p>\n<hr \/>\n<p>USB-C type laidas CM-41 (MOTION CM-03 IR CM-03-E varikliui \u012fkrauti)<\/p>\n<p>Kodas: 254EL0041<\/p>\n<p>Spalva: balta<\/p>\n","protected":false},"featured_media":4291,"template":"","meta":{"inline_featured_image":false},"product_brand":[],"product_cat":[34],"product_tag":[],"class_list":{"0":"post-3296","1":"product","2":"type-product","3":"status-publish","4":"has-post-thumbnail","6":"product_cat-aksesuari-zaluzijam-un-rullo","7":"product_shipping_class-vidaus-gaminiai","8":"tm-no-options","10":"first","11":"instock","12":"taxable","13":"shipping-taxable","14":"purchasable","15":"product-type-simple"},"acf":[],"yoast_head":"<!-- This site is optimized with the Yoast SEO plugin v27.4 - https:\/\/yoast.com\/product\/yoast-seo-wordpress\/ -->\n<title>Universalus \u012fkrovimo laidas su USB ir C tipo jungtimis I sunnyblinds.lv<\/title>\n<meta name=\"description\" content=\"Universalus \u012fkrovimo laidas su USB ir C tipo jungtimis, skirtas greitam ir patogiam automatini\u0173 rolet\u0173 ir \u017ealiuzi\u0173 \u012fkrovimui.\" \/>\n<meta name=\"robots\" content=\"index, follow, max-snippet:-1, max-image-preview:large, max-video-preview:-1\" \/>\n<link rel=\"canonical\" href=\"https:\/\/sunnyblinds.lv\/gaminys\/ikrovimo-laidas-3-m\/\" \/>\n<meta property=\"og:locale\" content=\"lt_LT\" \/>\n<meta property=\"og:type\" content=\"article\" \/>\n<meta property=\"og:title\" content=\"Universalus \u012fkrovimo laidas su USB ir C tipo jungtimis I sunnyblinds.lv\" \/>\n<meta property=\"og:description\" content=\"Universalus \u012fkrovimo laidas su USB ir C tipo jungtimis, skirtas greitam ir patogiam automatini\u0173 rolet\u0173 ir \u017ealiuzi\u0173 \u012fkrovimui.\" \/>\n<meta property=\"og:url\" content=\"https:\/\/sunnyblinds.lv\/gaminys\/ikrovimo-laidas-3-m\/\" \/>\n<meta property=\"og:site_name\" content=\"Dextera\" \/>\n<meta property=\"article:modified_time\" content=\"2025-03-17T13:15:34+00:00\" \/>\n<meta property=\"og:image\" content=\"https:\/\/sunnyblinds.lv\/wp-content\/uploads\/2024\/09\/1.jpg\" \/>\n\t<meta property=\"og:image:width\" content=\"500\" \/>\n\t<meta property=\"og:image:height\" content=\"500\" \/>\n\t<meta property=\"og:image:type\" content=\"image\/jpeg\" \/>\n<meta name=\"twitter:card\" content=\"summary_large_image\" \/>\n<meta name=\"twitter:label1\" content=\"Est. reading time\" \/>\n\t<meta name=\"twitter:data1\" content=\"2 minut\u0117s\" \/>\n<script type=\"application\/ld+json\" class=\"yoast-schema-graph\">{\"@context\":\"https:\\\/\\\/schema.org\",\"@graph\":[{\"@type\":\"WebPage\",\"@id\":\"https:\\\/\\\/sunnyblinds.lv\\\/gaminys\\\/ikrovimo-laidas-3-m\\\/\",\"url\":\"https:\\\/\\\/sunnyblinds.lv\\\/gaminys\\\/ikrovimo-laidas-3-m\\\/\",\"name\":\"Universalus \u012fkrovimo laidas su USB ir C tipo jungtimis I sunnyblinds.lv\",\"isPartOf\":{\"@id\":\"https:\\\/\\\/sunnyblinds.lv\\\/#website\"},\"primaryImageOfPage\":{\"@id\":\"https:\\\/\\\/sunnyblinds.lv\\\/gaminys\\\/ikrovimo-laidas-3-m\\\/#primaryimage\"},\"image\":{\"@id\":\"https:\\\/\\\/sunnyblinds.lv\\\/gaminys\\\/ikrovimo-laidas-3-m\\\/#primaryimage\"},\"thumbnailUrl\":\"https:\\\/\\\/sunnyblinds.lv\\\/wp-content\\\/uploads\\\/2024\\\/09\\\/1.jpg\",\"datePublished\":\"2024-09-09T11:26:48+00:00\",\"dateModified\":\"2025-03-17T13:15:34+00:00\",\"description\":\"Universalus \u012fkrovimo laidas su USB ir C tipo jungtimis, skirtas greitam ir patogiam automatini\u0173 rolet\u0173 ir \u017ealiuzi\u0173 \u012fkrovimui.\",\"breadcrumb\":{\"@id\":\"https:\\\/\\\/sunnyblinds.lv\\\/gaminys\\\/ikrovimo-laidas-3-m\\\/#breadcrumb\"},\"inLanguage\":\"lt-LT\",\"potentialAction\":[{\"@type\":\"ReadAction\",\"target\":[\"https:\\\/\\\/sunnyblinds.lv\\\/gaminys\\\/ikrovimo-laidas-3-m\\\/\"]}]},{\"@type\":\"ImageObject\",\"inLanguage\":\"lt-LT\",\"@id\":\"https:\\\/\\\/sunnyblinds.lv\\\/gaminys\\\/ikrovimo-laidas-3-m\\\/#primaryimage\",\"url\":\"https:\\\/\\\/sunnyblinds.lv\\\/wp-content\\\/uploads\\\/2024\\\/09\\\/1.jpg\",\"contentUrl\":\"https:\\\/\\\/sunnyblinds.lv\\\/wp-content\\\/uploads\\\/2024\\\/09\\\/1.jpg\",\"width\":500,\"height\":500,\"caption\":\"pakrovimo laidas \u017ealiuz\u0117ms, roletams\"},{\"@type\":\"BreadcrumbList\",\"@id\":\"https:\\\/\\\/sunnyblinds.lv\\\/gaminys\\\/ikrovimo-laidas-3-m\\\/#breadcrumb\",\"itemListElement\":[{\"@type\":\"ListItem\",\"position\":1,\"name\":\"Home\",\"item\":\"https:\\\/\\\/sunnyblinds.lv\\\/\"},{\"@type\":\"ListItem\",\"position\":2,\"name\":\"Elektronin\u0117 parduotuv\u0117\",\"item\":\"https:\\\/\\\/sunnyblinds.lv\\\/parduotuve\\\/\"},{\"@type\":\"ListItem\",\"position\":3,\"name\":\"\u012ekrovimo laidas 3 (m)\"}]},{\"@type\":\"WebSite\",\"@id\":\"https:\\\/\\\/sunnyblinds.lv\\\/#website\",\"url\":\"https:\\\/\\\/sunnyblinds.lv\\\/\",\"name\":\"Dextera\",\"description\":\"LV eshop\",\"publisher\":{\"@id\":\"https:\\\/\\\/sunnyblinds.lv\\\/#organization\"},\"potentialAction\":[{\"@type\":\"SearchAction\",\"target\":{\"@type\":\"EntryPoint\",\"urlTemplate\":\"https:\\\/\\\/sunnyblinds.lv\\\/?s={search_term_string}\"},\"query-input\":{\"@type\":\"PropertyValueSpecification\",\"valueRequired\":true,\"valueName\":\"search_term_string\"}}],\"inLanguage\":\"lt-LT\"},{\"@type\":\"Organization\",\"@id\":\"https:\\\/\\\/sunnyblinds.lv\\\/#organization\",\"name\":\"Dextera\",\"url\":\"https:\\\/\\\/sunnyblinds.lv\\\/\",\"logo\":{\"@type\":\"ImageObject\",\"inLanguage\":\"lt-LT\",\"@id\":\"https:\\\/\\\/sunnyblinds.lv\\\/#\\\/schema\\\/logo\\\/image\\\/\",\"url\":\"https:\\\/\\\/sunnyblinds.lv\\\/wp-content\\\/uploads\\\/2024\\\/03\\\/DEXTERA_su-sukiu_tamsiai-melynas-e1710914216478.png\",\"contentUrl\":\"https:\\\/\\\/sunnyblinds.lv\\\/wp-content\\\/uploads\\\/2024\\\/03\\\/DEXTERA_su-sukiu_tamsiai-melynas-e1710914216478.png\",\"width\":200,\"height\":53,\"caption\":\"Dextera\"},\"image\":{\"@id\":\"https:\\\/\\\/sunnyblinds.lv\\\/#\\\/schema\\\/logo\\\/image\\\/\"}}]}<\/script>\n<!-- \/ Yoast SEO plugin. -->","yoast_head_json":{"title":"Universalus \u012fkrovimo laidas su USB ir C tipo jungtimis I sunnyblinds.lv","description":"Universalus \u012fkrovimo laidas su USB ir C tipo jungtimis, skirtas greitam ir patogiam automatini\u0173 rolet\u0173 ir \u017ealiuzi\u0173 \u012fkrovimui.","robots":{"index":"index","follow":"follow","max-snippet":"max-snippet:-1","max-image-preview":"max-image-preview:large","max-video-preview":"max-video-preview:-1"},"canonical":"https:\/\/sunnyblinds.lv\/gaminys\/ikrovimo-laidas-3-m\/","og_locale":"lt_LT","og_type":"article","og_title":"Universalus \u012fkrovimo laidas su USB ir C tipo jungtimis I sunnyblinds.lv","og_description":"Universalus \u012fkrovimo laidas su USB ir C tipo jungtimis, skirtas greitam ir patogiam automatini\u0173 rolet\u0173 ir \u017ealiuzi\u0173 \u012fkrovimui.","og_url":"https:\/\/sunnyblinds.lv\/gaminys\/ikrovimo-laidas-3-m\/","og_site_name":"Dextera","article_modified_time":"2025-03-17T13:15:34+00:00","og_image":[{"width":500,"height":500,"url":"https:\/\/sunnyblinds.lv\/wp-content\/uploads\/2024\/09\/1.jpg","type":"image\/jpeg"}],"twitter_card":"summary_large_image","twitter_misc":{"Est. reading time":"2 minut\u0117s"},"schema":{"@context":"https:\/\/schema.org","@graph":[{"@type":"WebPage","@id":"https:\/\/sunnyblinds.lv\/gaminys\/ikrovimo-laidas-3-m\/","url":"https:\/\/sunnyblinds.lv\/gaminys\/ikrovimo-laidas-3-m\/","name":"Universalus \u012fkrovimo laidas su USB ir C tipo jungtimis I sunnyblinds.lv","isPartOf":{"@id":"https:\/\/sunnyblinds.lv\/#website"},"primaryImageOfPage":{"@id":"https:\/\/sunnyblinds.lv\/gaminys\/ikrovimo-laidas-3-m\/#primaryimage"},"image":{"@id":"https:\/\/sunnyblinds.lv\/gaminys\/ikrovimo-laidas-3-m\/#primaryimage"},"thumbnailUrl":"https:\/\/sunnyblinds.lv\/wp-content\/uploads\/2024\/09\/1.jpg","datePublished":"2024-09-09T11:26:48+00:00","dateModified":"2025-03-17T13:15:34+00:00","description":"Universalus \u012fkrovimo laidas su USB ir C tipo jungtimis, skirtas greitam ir patogiam automatini\u0173 rolet\u0173 ir \u017ealiuzi\u0173 \u012fkrovimui.","breadcrumb":{"@id":"https:\/\/sunnyblinds.lv\/gaminys\/ikrovimo-laidas-3-m\/#breadcrumb"},"inLanguage":"lt-LT","potentialAction":[{"@type":"ReadAction","target":["https:\/\/sunnyblinds.lv\/gaminys\/ikrovimo-laidas-3-m\/"]}]},{"@type":"ImageObject","inLanguage":"lt-LT","@id":"https:\/\/sunnyblinds.lv\/gaminys\/ikrovimo-laidas-3-m\/#primaryimage","url":"https:\/\/sunnyblinds.lv\/wp-content\/uploads\/2024\/09\/1.jpg","contentUrl":"https:\/\/sunnyblinds.lv\/wp-content\/uploads\/2024\/09\/1.jpg","width":500,"height":500,"caption":"pakrovimo laidas \u017ealiuz\u0117ms, roletams"},{"@type":"BreadcrumbList","@id":"https:\/\/sunnyblinds.lv\/gaminys\/ikrovimo-laidas-3-m\/#breadcrumb","itemListElement":[{"@type":"ListItem","position":1,"name":"Home","item":"https:\/\/sunnyblinds.lv\/"},{"@type":"ListItem","position":2,"name":"Elektronin\u0117 parduotuv\u0117","item":"https:\/\/sunnyblinds.lv\/parduotuve\/"},{"@type":"ListItem","position":3,"name":"\u012ekrovimo laidas 3 (m)"}]},{"@type":"WebSite","@id":"https:\/\/sunnyblinds.lv\/#website","url":"https:\/\/sunnyblinds.lv\/","name":"Dextera","description":"LV eshop","publisher":{"@id":"https:\/\/sunnyblinds.lv\/#organization"},"potentialAction":[{"@type":"SearchAction","target":{"@type":"EntryPoint","urlTemplate":"https:\/\/sunnyblinds.lv\/?s={search_term_string}"},"query-input":{"@type":"PropertyValueSpecification","valueRequired":true,"valueName":"search_term_string"}}],"inLanguage":"lt-LT"},{"@type":"Organization","@id":"https:\/\/sunnyblinds.lv\/#organization","name":"Dextera","url":"https:\/\/sunnyblinds.lv\/","logo":{"@type":"ImageObject","inLanguage":"lt-LT","@id":"https:\/\/sunnyblinds.lv\/#\/schema\/logo\/image\/","url":"https:\/\/sunnyblinds.lv\/wp-content\/uploads\/2024\/03\/DEXTERA_su-sukiu_tamsiai-melynas-e1710914216478.png","contentUrl":"https:\/\/sunnyblinds.lv\/wp-content\/uploads\/2024\/03\/DEXTERA_su-sukiu_tamsiai-melynas-e1710914216478.png","width":200,"height":53,"caption":"Dextera"},"image":{"@id":"https:\/\/sunnyblinds.lv\/#\/schema\/logo\/image\/"}}]}},"_links":{"self":[{"href":"https:\/\/sunnyblinds.lv\/lt\/wp-json\/wp\/v2\/product\/3296","targetHints":{"allow":["GET"]}}],"collection":[{"href":"https:\/\/sunnyblinds.lv\/lt\/wp-json\/wp\/v2\/product"}],"about":[{"href":"https:\/\/sunnyblinds.lv\/lt\/wp-json\/wp\/v2\/types\/product"}],"wp:featuredmedia":[{"embeddable":true,"href":"https:\/\/sunnyblinds.lv\/lt\/wp-json\/wp\/v2\/media\/4291"}],"wp:attachment":[{"href":"https:\/\/sunnyblinds.lv\/lt\/wp-json\/wp\/v2\/media?parent=3296"}],"wp:term":[{"taxonomy":"product_brand","embeddable":true,"href":"https:\/\/sunnyblinds.lv\/lt\/wp-json\/wp\/v2\/product_brand?post=3296"},{"taxonomy":"product_cat","embeddable":true,"href":"https:\/\/sunnyblinds.lv\/lt\/wp-json\/wp\/v2\/product_cat?post=3296"},{"taxonomy":"product_tag","embeddable":true,"href":"https:\/\/sunnyblinds.lv\/lt\/wp-json\/wp\/v2\/product_tag?post=3296"}],"curies":[{"name":"wp","href":"https:\/\/api.w.org\/{rel}","templated":true}]}}