{"id":3290,"date":"2024-09-09T14:05:34","date_gmt":"2024-09-09T11:05:34","guid":{"rendered":"https:\/\/e.dextera.lt\/?post_type=product&#038;p=3290"},"modified":"2025-03-17T15:21:26","modified_gmt":"2025-03-17T13:21:26","slug":"metaline-grandinele-256gr6000","status":"publish","type":"product","link":"https:\/\/sunnyblinds.lv\/lt\/gaminys\/metaline-grandinele-256gr6000\/","title":{"rendered":"Metalin\u0117 grandin\u0117l\u0117"},"content":{"rendered":"<h1 data-start=\"31\" data-end=\"127\"><strong data-start=\"31\" data-end=\"125\">Metalin\u0117 grandin\u0117l\u0117 roletams ir \u017ealiuz\u0117ms \u2013 skland\u017eiam valdymui ir ilgaam\u017ei\u0161kumui!<\/strong><\/h1>\n<p data-start=\"129\" data-end=\"389\">\u0160i <strong data-start=\"132\" data-end=\"156\">metaline\u0307 grandin\u0117l\u0117<\/strong>\u00a0yra puikus sprendimas ie\u0161kantiems patikimo ir esteti\u0161ko rolet\u0173 bei \u017ealiuzi\u0173 valdymo mechanizmo. Pagaminta i\u0161 auk\u0161tos kokyb\u0117s med\u017eiag\u0173, ji u\u017etikrina ilgaam\u017ei\u0161kum\u0105, atsparum\u0105 nusid\u0117v\u0117jimui ir skland\u0173 veikim\u0105 kasdieniniam naudojimui.<\/p>\n<h3 data-start=\"129\" data-end=\"389\">Metalin\u0117 grandin\u0117l\u0117:<\/h3>\n<p data-start=\"391\" data-end=\"577\">\u2714 Tvirta ir ilgaam\u017e\u0117 konstrukcija<br data-start=\"428\" data-end=\"431\" \/>\u2714 Sklandus ir patogus rolet\u0173 bei \u017ealiuzi\u0173 valdymas<br data-start=\"485\" data-end=\"488\" \/>\u2714 Modernus ir stilingas dizainas<br data-start=\"524\" data-end=\"527\" \/>\u2714 Lengvai pritaikoma prie \u012fvairi\u0173 mechanizm\u0173<\/p>\n<h2 data-start=\"579\" data-end=\"653\">Atsinaujinkite savo rolet\u0173 valdym\u0105 su kokybi\u0161ka <a href=\"https:\/\/sunnyblinds.lv\/kategorija\/roletai-automatiniai\/\" target=\"_blank\" rel=\"noopener\"><strong data-start=\"627\" data-end=\"650\">metaline grandin\u0117le<\/strong><\/a><\/h2>\n<hr \/>\n<p>DEXTERA savo klientams si\u016blo itin auk\u0161tos kokyb\u0117s Nyderland\u0173 gamintojo <a href=\"https:\/\/dextera.lt\/ismanus-valdymas\/motionblinds\/\" target=\"_blank\" rel=\"noopener\">COULISSE i\u0161manaus valdymo<\/a>, motorizuot\u0105 valdymo sistem\u0105 roletams ir \u017ealiuz\u0117ms. \u0160io prek\u0117s \u017eenklo misija kartu su partneriais visame pasaulyje \u2013 tiekti individualiai pritaikytus i\u0161maniojo valdymo sprendimus lang\u0173 u\u017edengimo sistemoms (\u017ealiuz\u0117ms bei roletams).<\/p>\n<p><strong>I\u0161manaus valdymo Motionblinds privalumai:<\/strong><\/p>\n<ul>\n<li>Patogus valdymas ir lengvas \u012fdiegimas;<\/li>\n<li>Lang\u0173 u\u017edengimai reguliuojami radijo da\u017eniais valdomais nuotoliniais valdymo pulteliais;<\/li>\n<li>Programa gali b\u016bti valdoma ir i\u0161maniuoju telefonu per WiFi (MOTION WiFi tiltas prie \u017ealiuzi\u0173 yra prijungiamas per Motionblinds\u00a0<a href=\"https:\/\/www.youtube.com\/watch?v=xKqrkEaBnns\">aplikacij\u0105<\/a>);<\/li>\n<li>MotionBlinds programa yra suderinama tik su motorizuotais roletais, kurie turi radijo da\u017en\u012f;<\/li>\n<li>Suderinama su kitomis nam\u0173 automatin\u0117mis sistemomis;<\/li>\n<li>Galimyb\u0117 nustatyti scenas ir laikus rolet\u0173 automatizavimui (<a href=\"https:\/\/www.youtube.com\/watch?v=RgcFWsiKWho\" target=\"_blank\" rel=\"noopener\">\u017er. nuorod\u0105<\/a>);<\/li>\n<li>Sistema suteikia galimyb\u0119 kontroliuoti\u00a0<a href=\"https:\/\/www.youtube.com\/watch?v=gzOIQ99rDJ8\" target=\"_blank\" rel=\"noopener\">nam\u0173 klimat\u0105<\/a>, taip taupant energij\u0105 ir kuriant jauki\u0105 aplink\u0105.<\/li>\n<\/ul>\n","protected":false},"excerpt":{"rendered":"<p>Metalin\u0117 grandin\u0117l\u0117 klasikiniams roletams S, M<\/p>\n<hr \/>\n<p>4.5\/6mm LUX metalin\u0117 V15M satin nickel [150]<\/p>\n<p>Kodas: 256GR6000<\/p>\n<p>Spalva: sidabro<\/p>\n","protected":false},"featured_media":3295,"template":"","meta":{"inline_featured_image":false},"product_brand":[],"product_cat":[34],"product_tag":[],"class_list":{"0":"post-3290","1":"product","2":"type-product","3":"status-publish","4":"has-post-thumbnail","6":"product_cat-aksesuari-zaluzijam-un-rullo","7":"product_shipping_class-vidaus-gaminiai","8":"tm-no-options","10":"first","11":"instock","12":"taxable","13":"shipping-taxable","14":"purchasable","15":"product-type-simple"},"acf":[],"yoast_head":"<!-- This site is optimized with the Yoast SEO plugin v27.4 - https:\/\/yoast.com\/product\/yoast-seo-wordpress\/ -->\n<title>Metalin\u0117 grandin\u0117l\u0117 ROLETAMS, \u017dALIUZ\u0116MS I sunnyblinds.lv<\/title>\n<meta name=\"description\" content=\"Patikima ir ilgaam\u017e\u0117 metalin\u0117 grandin\u0117l\u0117 roletams ir \u017ealiuz\u0117ms \u2013 skland\u017eiam valdymui ir moderniam dizainui. Kokybi\u0161ka, patvari ir lengvai pritaikoma.\" \/>\n<meta name=\"robots\" content=\"index, follow, max-snippet:-1, max-image-preview:large, max-video-preview:-1\" \/>\n<link rel=\"canonical\" href=\"https:\/\/sunnyblinds.lv\/gaminys\/metaline-grandinele-256gr6000\/\" \/>\n<meta property=\"og:locale\" content=\"lt_LT\" \/>\n<meta property=\"og:type\" content=\"article\" \/>\n<meta property=\"og:title\" content=\"Metalin\u0117 grandin\u0117l\u0117 ROLETAMS, \u017dALIUZ\u0116MS I sunnyblinds.lv\" \/>\n<meta property=\"og:description\" content=\"Patikima ir ilgaam\u017e\u0117 metalin\u0117 grandin\u0117l\u0117 roletams ir \u017ealiuz\u0117ms \u2013 skland\u017eiam valdymui ir moderniam dizainui. Kokybi\u0161ka, patvari ir lengvai pritaikoma.\" \/>\n<meta property=\"og:url\" content=\"https:\/\/sunnyblinds.lv\/gaminys\/metaline-grandinele-256gr6000\/\" \/>\n<meta property=\"og:site_name\" content=\"Dextera\" \/>\n<meta property=\"article:modified_time\" content=\"2025-03-17T13:21:26+00:00\" \/>\n<meta property=\"og:image\" content=\"https:\/\/sunnyblinds.lv\/wp-content\/uploads\/2024\/09\/metaline-grandinele.png\" \/>\n\t<meta property=\"og:image:width\" content=\"600\" \/>\n\t<meta property=\"og:image:height\" content=\"600\" \/>\n\t<meta property=\"og:image:type\" content=\"image\/png\" \/>\n<meta name=\"twitter:card\" content=\"summary_large_image\" \/>\n<meta name=\"twitter:label1\" content=\"Est. reading time\" \/>\n\t<meta name=\"twitter:data1\" content=\"2 minut\u0117s\" \/>\n<script type=\"application\/ld+json\" class=\"yoast-schema-graph\">{\"@context\":\"https:\\\/\\\/schema.org\",\"@graph\":[{\"@type\":\"WebPage\",\"@id\":\"https:\\\/\\\/sunnyblinds.lv\\\/gaminys\\\/metaline-grandinele-256gr6000\\\/\",\"url\":\"https:\\\/\\\/sunnyblinds.lv\\\/gaminys\\\/metaline-grandinele-256gr6000\\\/\",\"name\":\"Metalin\u0117 grandin\u0117l\u0117 ROLETAMS, \u017dALIUZ\u0116MS I sunnyblinds.lv\",\"isPartOf\":{\"@id\":\"https:\\\/\\\/sunnyblinds.lv\\\/#website\"},\"primaryImageOfPage\":{\"@id\":\"https:\\\/\\\/sunnyblinds.lv\\\/gaminys\\\/metaline-grandinele-256gr6000\\\/#primaryimage\"},\"image\":{\"@id\":\"https:\\\/\\\/sunnyblinds.lv\\\/gaminys\\\/metaline-grandinele-256gr6000\\\/#primaryimage\"},\"thumbnailUrl\":\"https:\\\/\\\/sunnyblinds.lv\\\/wp-content\\\/uploads\\\/2024\\\/09\\\/metaline-grandinele.png\",\"datePublished\":\"2024-09-09T11:05:34+00:00\",\"dateModified\":\"2025-03-17T13:21:26+00:00\",\"description\":\"Patikima ir ilgaam\u017e\u0117 metalin\u0117 grandin\u0117l\u0117 roletams ir \u017ealiuz\u0117ms \u2013 skland\u017eiam valdymui ir moderniam dizainui. Kokybi\u0161ka, patvari ir lengvai pritaikoma.\",\"breadcrumb\":{\"@id\":\"https:\\\/\\\/sunnyblinds.lv\\\/gaminys\\\/metaline-grandinele-256gr6000\\\/#breadcrumb\"},\"inLanguage\":\"lt-LT\",\"potentialAction\":[{\"@type\":\"ReadAction\",\"target\":[\"https:\\\/\\\/sunnyblinds.lv\\\/gaminys\\\/metaline-grandinele-256gr6000\\\/\"]}]},{\"@type\":\"ImageObject\",\"inLanguage\":\"lt-LT\",\"@id\":\"https:\\\/\\\/sunnyblinds.lv\\\/gaminys\\\/metaline-grandinele-256gr6000\\\/#primaryimage\",\"url\":\"https:\\\/\\\/sunnyblinds.lv\\\/wp-content\\\/uploads\\\/2024\\\/09\\\/metaline-grandinele.png\",\"contentUrl\":\"https:\\\/\\\/sunnyblinds.lv\\\/wp-content\\\/uploads\\\/2024\\\/09\\\/metaline-grandinele.png\",\"width\":600,\"height\":600,\"caption\":\"Tvirta metalin\u0117 grandin\u0117l\u0117 rolet\u0173 valdymui\"},{\"@type\":\"BreadcrumbList\",\"@id\":\"https:\\\/\\\/sunnyblinds.lv\\\/gaminys\\\/metaline-grandinele-256gr6000\\\/#breadcrumb\",\"itemListElement\":[{\"@type\":\"ListItem\",\"position\":1,\"name\":\"Home\",\"item\":\"https:\\\/\\\/sunnyblinds.lv\\\/\"},{\"@type\":\"ListItem\",\"position\":2,\"name\":\"Elektronin\u0117 parduotuv\u0117\",\"item\":\"https:\\\/\\\/sunnyblinds.lv\\\/parduotuve\\\/\"},{\"@type\":\"ListItem\",\"position\":3,\"name\":\"Metalin\u0117 grandin\u0117l\u0117\"}]},{\"@type\":\"WebSite\",\"@id\":\"https:\\\/\\\/sunnyblinds.lv\\\/#website\",\"url\":\"https:\\\/\\\/sunnyblinds.lv\\\/\",\"name\":\"Dextera\",\"description\":\"LV eshop\",\"publisher\":{\"@id\":\"https:\\\/\\\/sunnyblinds.lv\\\/#organization\"},\"potentialAction\":[{\"@type\":\"SearchAction\",\"target\":{\"@type\":\"EntryPoint\",\"urlTemplate\":\"https:\\\/\\\/sunnyblinds.lv\\\/?s={search_term_string}\"},\"query-input\":{\"@type\":\"PropertyValueSpecification\",\"valueRequired\":true,\"valueName\":\"search_term_string\"}}],\"inLanguage\":\"lt-LT\"},{\"@type\":\"Organization\",\"@id\":\"https:\\\/\\\/sunnyblinds.lv\\\/#organization\",\"name\":\"Dextera\",\"url\":\"https:\\\/\\\/sunnyblinds.lv\\\/\",\"logo\":{\"@type\":\"ImageObject\",\"inLanguage\":\"lt-LT\",\"@id\":\"https:\\\/\\\/sunnyblinds.lv\\\/#\\\/schema\\\/logo\\\/image\\\/\",\"url\":\"https:\\\/\\\/sunnyblinds.lv\\\/wp-content\\\/uploads\\\/2024\\\/03\\\/DEXTERA_su-sukiu_tamsiai-melynas-e1710914216478.png\",\"contentUrl\":\"https:\\\/\\\/sunnyblinds.lv\\\/wp-content\\\/uploads\\\/2024\\\/03\\\/DEXTERA_su-sukiu_tamsiai-melynas-e1710914216478.png\",\"width\":200,\"height\":53,\"caption\":\"Dextera\"},\"image\":{\"@id\":\"https:\\\/\\\/sunnyblinds.lv\\\/#\\\/schema\\\/logo\\\/image\\\/\"}}]}<\/script>\n<!-- \/ Yoast SEO plugin. -->","yoast_head_json":{"title":"Metalin\u0117 grandin\u0117l\u0117 ROLETAMS, \u017dALIUZ\u0116MS I sunnyblinds.lv","description":"Patikima ir ilgaam\u017e\u0117 metalin\u0117 grandin\u0117l\u0117 roletams ir \u017ealiuz\u0117ms \u2013 skland\u017eiam valdymui ir moderniam dizainui. Kokybi\u0161ka, patvari ir lengvai pritaikoma.","robots":{"index":"index","follow":"follow","max-snippet":"max-snippet:-1","max-image-preview":"max-image-preview:large","max-video-preview":"max-video-preview:-1"},"canonical":"https:\/\/sunnyblinds.lv\/gaminys\/metaline-grandinele-256gr6000\/","og_locale":"lt_LT","og_type":"article","og_title":"Metalin\u0117 grandin\u0117l\u0117 ROLETAMS, \u017dALIUZ\u0116MS I sunnyblinds.lv","og_description":"Patikima ir ilgaam\u017e\u0117 metalin\u0117 grandin\u0117l\u0117 roletams ir \u017ealiuz\u0117ms \u2013 skland\u017eiam valdymui ir moderniam dizainui. Kokybi\u0161ka, patvari ir lengvai pritaikoma.","og_url":"https:\/\/sunnyblinds.lv\/gaminys\/metaline-grandinele-256gr6000\/","og_site_name":"Dextera","article_modified_time":"2025-03-17T13:21:26+00:00","og_image":[{"width":600,"height":600,"url":"https:\/\/sunnyblinds.lv\/wp-content\/uploads\/2024\/09\/metaline-grandinele.png","type":"image\/png"}],"twitter_card":"summary_large_image","twitter_misc":{"Est. reading time":"2 minut\u0117s"},"schema":{"@context":"https:\/\/schema.org","@graph":[{"@type":"WebPage","@id":"https:\/\/sunnyblinds.lv\/gaminys\/metaline-grandinele-256gr6000\/","url":"https:\/\/sunnyblinds.lv\/gaminys\/metaline-grandinele-256gr6000\/","name":"Metalin\u0117 grandin\u0117l\u0117 ROLETAMS, \u017dALIUZ\u0116MS I sunnyblinds.lv","isPartOf":{"@id":"https:\/\/sunnyblinds.lv\/#website"},"primaryImageOfPage":{"@id":"https:\/\/sunnyblinds.lv\/gaminys\/metaline-grandinele-256gr6000\/#primaryimage"},"image":{"@id":"https:\/\/sunnyblinds.lv\/gaminys\/metaline-grandinele-256gr6000\/#primaryimage"},"thumbnailUrl":"https:\/\/sunnyblinds.lv\/wp-content\/uploads\/2024\/09\/metaline-grandinele.png","datePublished":"2024-09-09T11:05:34+00:00","dateModified":"2025-03-17T13:21:26+00:00","description":"Patikima ir ilgaam\u017e\u0117 metalin\u0117 grandin\u0117l\u0117 roletams ir \u017ealiuz\u0117ms \u2013 skland\u017eiam valdymui ir moderniam dizainui. Kokybi\u0161ka, patvari ir lengvai pritaikoma.","breadcrumb":{"@id":"https:\/\/sunnyblinds.lv\/gaminys\/metaline-grandinele-256gr6000\/#breadcrumb"},"inLanguage":"lt-LT","potentialAction":[{"@type":"ReadAction","target":["https:\/\/sunnyblinds.lv\/gaminys\/metaline-grandinele-256gr6000\/"]}]},{"@type":"ImageObject","inLanguage":"lt-LT","@id":"https:\/\/sunnyblinds.lv\/gaminys\/metaline-grandinele-256gr6000\/#primaryimage","url":"https:\/\/sunnyblinds.lv\/wp-content\/uploads\/2024\/09\/metaline-grandinele.png","contentUrl":"https:\/\/sunnyblinds.lv\/wp-content\/uploads\/2024\/09\/metaline-grandinele.png","width":600,"height":600,"caption":"Tvirta metalin\u0117 grandin\u0117l\u0117 rolet\u0173 valdymui"},{"@type":"BreadcrumbList","@id":"https:\/\/sunnyblinds.lv\/gaminys\/metaline-grandinele-256gr6000\/#breadcrumb","itemListElement":[{"@type":"ListItem","position":1,"name":"Home","item":"https:\/\/sunnyblinds.lv\/"},{"@type":"ListItem","position":2,"name":"Elektronin\u0117 parduotuv\u0117","item":"https:\/\/sunnyblinds.lv\/parduotuve\/"},{"@type":"ListItem","position":3,"name":"Metalin\u0117 grandin\u0117l\u0117"}]},{"@type":"WebSite","@id":"https:\/\/sunnyblinds.lv\/#website","url":"https:\/\/sunnyblinds.lv\/","name":"Dextera","description":"LV eshop","publisher":{"@id":"https:\/\/sunnyblinds.lv\/#organization"},"potentialAction":[{"@type":"SearchAction","target":{"@type":"EntryPoint","urlTemplate":"https:\/\/sunnyblinds.lv\/?s={search_term_string}"},"query-input":{"@type":"PropertyValueSpecification","valueRequired":true,"valueName":"search_term_string"}}],"inLanguage":"lt-LT"},{"@type":"Organization","@id":"https:\/\/sunnyblinds.lv\/#organization","name":"Dextera","url":"https:\/\/sunnyblinds.lv\/","logo":{"@type":"ImageObject","inLanguage":"lt-LT","@id":"https:\/\/sunnyblinds.lv\/#\/schema\/logo\/image\/","url":"https:\/\/sunnyblinds.lv\/wp-content\/uploads\/2024\/03\/DEXTERA_su-sukiu_tamsiai-melynas-e1710914216478.png","contentUrl":"https:\/\/sunnyblinds.lv\/wp-content\/uploads\/2024\/03\/DEXTERA_su-sukiu_tamsiai-melynas-e1710914216478.png","width":200,"height":53,"caption":"Dextera"},"image":{"@id":"https:\/\/sunnyblinds.lv\/#\/schema\/logo\/image\/"}}]}},"_links":{"self":[{"href":"https:\/\/sunnyblinds.lv\/lt\/wp-json\/wp\/v2\/product\/3290","targetHints":{"allow":["GET"]}}],"collection":[{"href":"https:\/\/sunnyblinds.lv\/lt\/wp-json\/wp\/v2\/product"}],"about":[{"href":"https:\/\/sunnyblinds.lv\/lt\/wp-json\/wp\/v2\/types\/product"}],"wp:featuredmedia":[{"embeddable":true,"href":"https:\/\/sunnyblinds.lv\/lt\/wp-json\/wp\/v2\/media\/3295"}],"wp:attachment":[{"href":"https:\/\/sunnyblinds.lv\/lt\/wp-json\/wp\/v2\/media?parent=3290"}],"wp:term":[{"taxonomy":"product_brand","embeddable":true,"href":"https:\/\/sunnyblinds.lv\/lt\/wp-json\/wp\/v2\/product_brand?post=3290"},{"taxonomy":"product_cat","embeddable":true,"href":"https:\/\/sunnyblinds.lv\/lt\/wp-json\/wp\/v2\/product_cat?post=3290"},{"taxonomy":"product_tag","embeddable":true,"href":"https:\/\/sunnyblinds.lv\/lt\/wp-json\/wp\/v2\/product_tag?post=3290"}],"curies":[{"name":"wp","href":"https:\/\/api.w.org\/{rel}","templated":true}]}}