{"id":3255,"date":"2024-09-06T13:04:43","date_gmt":"2024-09-06T10:04:43","guid":{"rendered":"https:\/\/e.dextera.lt\/?post_type=product&#038;p=3255"},"modified":"2025-09-23T09:27:42","modified_gmt":"2025-09-23T06:27:42","slug":"diena-naktis-roletai-priglude-prie-lango","status":"publish","type":"product","link":"https:\/\/sunnyblinds.lv\/lt\/gaminys\/diena-naktis-roletai-priglude-prie-lango\/","title":{"rendered":"DIENA-NAKTIS roletai priglud\u0119 prie lango"},"content":{"rendered":"<p><a href=\"https:\/\/dextera.lt\/roletai\/diena-naktis-roletai\/\" target=\"_blank\" rel=\"noopener\">Roletai DIENA NAKTIS<\/a> yra vienas i\u0161 populiariausi\u0173 ir da\u017eniausi\u0173 klient\u0173 pasirinkim\u0173 Lietuvoje, kai norisi nam\u0173 erdv\u0117s neperkrauti dienin\u0117mis ir naktin\u0117mis u\u017euolaidomis, rekomenduojame rinktis roletus DIENA-NAKTIS. D\u0117l galimyb\u0117s reguliuoti \u0161viesos dinamik\u0105 pagal kliento poreikius roletai DIENA NAKTIS yra prakti\u0161kas, funkcionalus, esteti\u0161kas ir klient\u0173 itin m\u0117giamas pasirinkimas.<\/p>\n<p>Roletai DIENA NAKTIS priglud\u0119 prie lango (su kasete) \u2013 \u0161io tipo roletas yra su kreipian\u010diosiomis, kurios i\u0161laiko audin\u012f prigludus\u012f prie lango ir leid\u017eia patogiai j\u012f atidaryti. Funkcionalus mechanizmas leid\u017eia u\u017efiksuoti audin\u012f pageidaujamame auk\u0161tyje. \u0160io tipo roletai rekomenduojami atveriamiems langams.<\/p>\n<p>\u0160io tipo roletai yra sudaryti i\u0161 specialaus dvigubo audinio, kur\u012f sudaro dvi pakaitomis i\u0161d\u0117stytos horizontalios med\u017eiagos juostos:<br \/>\n\u2022 tinklelis, praleid\u017eiantis saul\u0117s spindulius<br \/>\n\u2022 med\u017eiaga, ribojanti \u0161viesos sraut\u0105 \u012f patalp\u0105<\/p>\n<p>\u0160ie du ZEBRA audinio sluoksniai leid\u017eia kurti pritemdymo efekt\u0105, patalp\u0105 pilnai u\u017etemdyti arba rolet\u0105 pakelti ir pilnai \u012fsileisti \u0161vies\u0105. Be \u0161i\u0173 pagrindini\u0173 pad\u0117\u010di\u0173, roletai DIENA-NAKTIS \u012fgalina ir gausyb\u0119 tarpini\u0173 \u0161viesos re\u017eim\u0173.<\/p>\n<p>Priglud\u0119 roletai diena-naktis su kasete \u2013 patikimas ir eleganti\u0161kas lang\u0173 u\u017edengimo sprendimas. \u0160ie roletai tvirtai laikosi prie lango, u\u017etikrindami, kad audinys nejud\u0117t\u0173 ir b\u016bt\u0173 tinkamai i\u0161temptas. D\u0117l specialios kaset\u0117s konstrukcijos, jie ne tik apsaugo nuo saul\u0117s spinduli\u0173, bet ir suteikia j\u016bs\u0173 interjerui tvarking\u0105, modern\u0173 i\u0161vaizd\u0105. Roletai lengvai atidaromi ir fiksuojami pageidaujamame auk\u0161tyje, suteikiant patogum\u0105 ir kontrol\u0119 bet kokioje situacijoje. Puikiai tinka tiek namuose, tiek biure, kur norite u\u017etikrinti privatum\u0105 ir \u0161viesos kontrol\u0119. Visas rolet\u0173 diena naktis r\u016b\u0161is galite<a href=\"https:\/\/sunnyblinds.lv\/kategorija\/roletai-diena-naktis\/\" target=\"_blank\" rel=\"noopener\"> rasti \u010dia..<\/a><\/p>\n<p>&nbsp;<\/p>\n","protected":false},"excerpt":{"rendered":"<p>Roletai DIENA NAKTIS yra vienas i\u0161 populiariausi\u0173 ir da\u017eniausi\u0173 klient\u0173 pasirinkim\u0173 Lietuvoje, kai norisi nam\u0173 erdv\u0117s neperkrauti dienin\u0117mis ir naktin\u0117mis u\u017euolaidomis, rekomenduojame rinktis roletus DIENA-NAKTIS. D\u0117l galimyb\u0117s reguliuoti \u0161viesos dinamik\u0105 pagal kliento poreikius roletai DIENA NAKTIS yra prakti\u0161kas, funkcionalus, esteti\u0161kas ir klient\u0173 itin m\u0117giamas pasirinkimas. Roletai DIENA NAKTIS priglud\u0119 prie lango (su kasete) \u2013 \u0161io [&hellip;]<\/p>\n","protected":false},"featured_media":205,"template":"","meta":{"inline_featured_image":false},"product_brand":[],"product_cat":[15,23,20,29,57],"product_tag":[],"class_list":{"0":"post-3255","1":"product","2":"type-product","3":"status-publish","4":"has-post-thumbnail","6":"product_cat-produktas","7":"product_cat-diena-naktis-priglude-prie-lango","8":"product_cat-diena-naktis-laisvai-kabantys-arba-priglude","9":"product_cat-roletai-diena-naktis","10":"product_cat-roletai-internetu","11":"product_shipping_class-vidaus-gaminiai","12":"tm-has-options","14":"first","15":"instock","16":"taxable","17":"shipping-taxable","18":"purchasable","19":"product-type-simple"},"acf":[],"yoast_head":"<!-- This site is optimized with the Yoast SEO plugin v27.4 - https:\/\/yoast.com\/product\/yoast-seo-wordpress\/ -->\n<title>DIENA-NAKTIS roletai priglud\u0119 prie lango - sunnyblinds.lv - PIGIAU<\/title>\n<meta name=\"description\" content=\"Roletai DIENA-NAKTIS \u2013 priglud\u0119s prie lango modelis suteikia eleganti\u0161k\u0105 i\u0161vaizd\u0105 ir patog\u0173 valdym\u0105, u\u017etikrina privatum\u0105 ir \u0161viesos kontrol\u0119.\" \/>\n<meta name=\"robots\" content=\"index, follow, max-snippet:-1, max-image-preview:large, max-video-preview:-1\" \/>\n<link rel=\"canonical\" href=\"https:\/\/sunnyblinds.lv\/gaminys\/diena-naktis-roletai-priglude-prie-lango\/\" \/>\n<meta property=\"og:locale\" content=\"lt_LT\" \/>\n<meta property=\"og:type\" content=\"article\" \/>\n<meta property=\"og:title\" content=\"DIENA-NAKTIS roletai priglud\u0119 prie lango - sunnyblinds.lv - PIGIAU\" \/>\n<meta property=\"og:description\" content=\"Roletai DIENA-NAKTIS \u2013 priglud\u0119s prie lango modelis suteikia eleganti\u0161k\u0105 i\u0161vaizd\u0105 ir patog\u0173 valdym\u0105, u\u017etikrina privatum\u0105 ir \u0161viesos kontrol\u0119.\" \/>\n<meta property=\"og:url\" content=\"https:\/\/sunnyblinds.lv\/gaminys\/diena-naktis-roletai-priglude-prie-lango\/\" \/>\n<meta property=\"og:site_name\" content=\"Dextera\" \/>\n<meta property=\"article:modified_time\" content=\"2025-09-23T06:27:42+00:00\" \/>\n<meta property=\"og:image\" content=\"https:\/\/sunnyblinds.lv\/wp-content\/uploads\/2023\/07\/miegam-min.png\" \/>\n\t<meta property=\"og:image:width\" content=\"2000\" \/>\n\t<meta property=\"og:image:height\" content=\"2000\" \/>\n\t<meta property=\"og:image:type\" content=\"image\/png\" \/>\n<meta name=\"twitter:card\" content=\"summary_large_image\" \/>\n<meta name=\"twitter:label1\" content=\"Est. reading time\" \/>\n\t<meta name=\"twitter:data1\" content=\"2 minut\u0117s\" \/>\n<script type=\"application\/ld+json\" class=\"yoast-schema-graph\">{\"@context\":\"https:\\\/\\\/schema.org\",\"@graph\":[{\"@type\":\"WebPage\",\"@id\":\"https:\\\/\\\/sunnyblinds.lv\\\/gaminys\\\/diena-naktis-roletai-priglude-prie-lango\\\/\",\"url\":\"https:\\\/\\\/sunnyblinds.lv\\\/gaminys\\\/diena-naktis-roletai-priglude-prie-lango\\\/\",\"name\":\"DIENA-NAKTIS roletai priglud\u0119 prie lango - sunnyblinds.lv - PIGIAU\",\"isPartOf\":{\"@id\":\"https:\\\/\\\/sunnyblinds.lv\\\/#website\"},\"primaryImageOfPage\":{\"@id\":\"https:\\\/\\\/sunnyblinds.lv\\\/gaminys\\\/diena-naktis-roletai-priglude-prie-lango\\\/#primaryimage\"},\"image\":{\"@id\":\"https:\\\/\\\/sunnyblinds.lv\\\/gaminys\\\/diena-naktis-roletai-priglude-prie-lango\\\/#primaryimage\"},\"thumbnailUrl\":\"https:\\\/\\\/sunnyblinds.lv\\\/wp-content\\\/uploads\\\/2023\\\/07\\\/miegam-min.png\",\"datePublished\":\"2024-09-06T10:04:43+00:00\",\"dateModified\":\"2025-09-23T06:27:42+00:00\",\"description\":\"Roletai DIENA-NAKTIS \u2013 priglud\u0119s prie lango modelis suteikia eleganti\u0161k\u0105 i\u0161vaizd\u0105 ir patog\u0173 valdym\u0105, u\u017etikrina privatum\u0105 ir \u0161viesos kontrol\u0119.\",\"breadcrumb\":{\"@id\":\"https:\\\/\\\/sunnyblinds.lv\\\/gaminys\\\/diena-naktis-roletai-priglude-prie-lango\\\/#breadcrumb\"},\"inLanguage\":\"lt-LT\",\"potentialAction\":[{\"@type\":\"ReadAction\",\"target\":[\"https:\\\/\\\/sunnyblinds.lv\\\/gaminys\\\/diena-naktis-roletai-priglude-prie-lango\\\/\"]}]},{\"@type\":\"ImageObject\",\"inLanguage\":\"lt-LT\",\"@id\":\"https:\\\/\\\/sunnyblinds.lv\\\/gaminys\\\/diena-naktis-roletai-priglude-prie-lango\\\/#primaryimage\",\"url\":\"https:\\\/\\\/sunnyblinds.lv\\\/wp-content\\\/uploads\\\/2023\\\/07\\\/miegam-min.png\",\"contentUrl\":\"https:\\\/\\\/sunnyblinds.lv\\\/wp-content\\\/uploads\\\/2023\\\/07\\\/miegam-min.png\",\"width\":2000,\"height\":2000,\"caption\":\"magamojo zona\"},{\"@type\":\"BreadcrumbList\",\"@id\":\"https:\\\/\\\/sunnyblinds.lv\\\/gaminys\\\/diena-naktis-roletai-priglude-prie-lango\\\/#breadcrumb\",\"itemListElement\":[{\"@type\":\"ListItem\",\"position\":1,\"name\":\"Home\",\"item\":\"https:\\\/\\\/sunnyblinds.lv\\\/\"},{\"@type\":\"ListItem\",\"position\":2,\"name\":\"Elektronin\u0117 parduotuv\u0117\",\"item\":\"https:\\\/\\\/sunnyblinds.lv\\\/parduotuve\\\/\"},{\"@type\":\"ListItem\",\"position\":3,\"name\":\"DIENA-NAKTIS roletai priglud\u0119 prie lango\"}]},{\"@type\":\"WebSite\",\"@id\":\"https:\\\/\\\/sunnyblinds.lv\\\/#website\",\"url\":\"https:\\\/\\\/sunnyblinds.lv\\\/\",\"name\":\"Dextera\",\"description\":\"LV eshop\",\"publisher\":{\"@id\":\"https:\\\/\\\/sunnyblinds.lv\\\/#organization\"},\"potentialAction\":[{\"@type\":\"SearchAction\",\"target\":{\"@type\":\"EntryPoint\",\"urlTemplate\":\"https:\\\/\\\/sunnyblinds.lv\\\/?s={search_term_string}\"},\"query-input\":{\"@type\":\"PropertyValueSpecification\",\"valueRequired\":true,\"valueName\":\"search_term_string\"}}],\"inLanguage\":\"lt-LT\"},{\"@type\":\"Organization\",\"@id\":\"https:\\\/\\\/sunnyblinds.lv\\\/#organization\",\"name\":\"Dextera\",\"url\":\"https:\\\/\\\/sunnyblinds.lv\\\/\",\"logo\":{\"@type\":\"ImageObject\",\"inLanguage\":\"lt-LT\",\"@id\":\"https:\\\/\\\/sunnyblinds.lv\\\/#\\\/schema\\\/logo\\\/image\\\/\",\"url\":\"https:\\\/\\\/sunnyblinds.lv\\\/wp-content\\\/uploads\\\/2024\\\/03\\\/DEXTERA_su-sukiu_tamsiai-melynas-e1710914216478.png\",\"contentUrl\":\"https:\\\/\\\/sunnyblinds.lv\\\/wp-content\\\/uploads\\\/2024\\\/03\\\/DEXTERA_su-sukiu_tamsiai-melynas-e1710914216478.png\",\"width\":200,\"height\":53,\"caption\":\"Dextera\"},\"image\":{\"@id\":\"https:\\\/\\\/sunnyblinds.lv\\\/#\\\/schema\\\/logo\\\/image\\\/\"}}]}<\/script>\n<!-- \/ Yoast SEO plugin. -->","yoast_head_json":{"title":"DIENA-NAKTIS roletai priglud\u0119 prie lango - sunnyblinds.lv - PIGIAU","description":"Roletai DIENA-NAKTIS \u2013 priglud\u0119s prie lango modelis suteikia eleganti\u0161k\u0105 i\u0161vaizd\u0105 ir patog\u0173 valdym\u0105, u\u017etikrina privatum\u0105 ir \u0161viesos kontrol\u0119.","robots":{"index":"index","follow":"follow","max-snippet":"max-snippet:-1","max-image-preview":"max-image-preview:large","max-video-preview":"max-video-preview:-1"},"canonical":"https:\/\/sunnyblinds.lv\/gaminys\/diena-naktis-roletai-priglude-prie-lango\/","og_locale":"lt_LT","og_type":"article","og_title":"DIENA-NAKTIS roletai priglud\u0119 prie lango - sunnyblinds.lv - PIGIAU","og_description":"Roletai DIENA-NAKTIS \u2013 priglud\u0119s prie lango modelis suteikia eleganti\u0161k\u0105 i\u0161vaizd\u0105 ir patog\u0173 valdym\u0105, u\u017etikrina privatum\u0105 ir \u0161viesos kontrol\u0119.","og_url":"https:\/\/sunnyblinds.lv\/gaminys\/diena-naktis-roletai-priglude-prie-lango\/","og_site_name":"Dextera","article_modified_time":"2025-09-23T06:27:42+00:00","og_image":[{"width":2000,"height":2000,"url":"https:\/\/sunnyblinds.lv\/wp-content\/uploads\/2023\/07\/miegam-min.png","type":"image\/png"}],"twitter_card":"summary_large_image","twitter_misc":{"Est. reading time":"2 minut\u0117s"},"schema":{"@context":"https:\/\/schema.org","@graph":[{"@type":"WebPage","@id":"https:\/\/sunnyblinds.lv\/gaminys\/diena-naktis-roletai-priglude-prie-lango\/","url":"https:\/\/sunnyblinds.lv\/gaminys\/diena-naktis-roletai-priglude-prie-lango\/","name":"DIENA-NAKTIS roletai priglud\u0119 prie lango - sunnyblinds.lv - PIGIAU","isPartOf":{"@id":"https:\/\/sunnyblinds.lv\/#website"},"primaryImageOfPage":{"@id":"https:\/\/sunnyblinds.lv\/gaminys\/diena-naktis-roletai-priglude-prie-lango\/#primaryimage"},"image":{"@id":"https:\/\/sunnyblinds.lv\/gaminys\/diena-naktis-roletai-priglude-prie-lango\/#primaryimage"},"thumbnailUrl":"https:\/\/sunnyblinds.lv\/wp-content\/uploads\/2023\/07\/miegam-min.png","datePublished":"2024-09-06T10:04:43+00:00","dateModified":"2025-09-23T06:27:42+00:00","description":"Roletai DIENA-NAKTIS \u2013 priglud\u0119s prie lango modelis suteikia eleganti\u0161k\u0105 i\u0161vaizd\u0105 ir patog\u0173 valdym\u0105, u\u017etikrina privatum\u0105 ir \u0161viesos kontrol\u0119.","breadcrumb":{"@id":"https:\/\/sunnyblinds.lv\/gaminys\/diena-naktis-roletai-priglude-prie-lango\/#breadcrumb"},"inLanguage":"lt-LT","potentialAction":[{"@type":"ReadAction","target":["https:\/\/sunnyblinds.lv\/gaminys\/diena-naktis-roletai-priglude-prie-lango\/"]}]},{"@type":"ImageObject","inLanguage":"lt-LT","@id":"https:\/\/sunnyblinds.lv\/gaminys\/diena-naktis-roletai-priglude-prie-lango\/#primaryimage","url":"https:\/\/sunnyblinds.lv\/wp-content\/uploads\/2023\/07\/miegam-min.png","contentUrl":"https:\/\/sunnyblinds.lv\/wp-content\/uploads\/2023\/07\/miegam-min.png","width":2000,"height":2000,"caption":"magamojo zona"},{"@type":"BreadcrumbList","@id":"https:\/\/sunnyblinds.lv\/gaminys\/diena-naktis-roletai-priglude-prie-lango\/#breadcrumb","itemListElement":[{"@type":"ListItem","position":1,"name":"Home","item":"https:\/\/sunnyblinds.lv\/"},{"@type":"ListItem","position":2,"name":"Elektronin\u0117 parduotuv\u0117","item":"https:\/\/sunnyblinds.lv\/parduotuve\/"},{"@type":"ListItem","position":3,"name":"DIENA-NAKTIS roletai priglud\u0119 prie lango"}]},{"@type":"WebSite","@id":"https:\/\/sunnyblinds.lv\/#website","url":"https:\/\/sunnyblinds.lv\/","name":"Dextera","description":"LV eshop","publisher":{"@id":"https:\/\/sunnyblinds.lv\/#organization"},"potentialAction":[{"@type":"SearchAction","target":{"@type":"EntryPoint","urlTemplate":"https:\/\/sunnyblinds.lv\/?s={search_term_string}"},"query-input":{"@type":"PropertyValueSpecification","valueRequired":true,"valueName":"search_term_string"}}],"inLanguage":"lt-LT"},{"@type":"Organization","@id":"https:\/\/sunnyblinds.lv\/#organization","name":"Dextera","url":"https:\/\/sunnyblinds.lv\/","logo":{"@type":"ImageObject","inLanguage":"lt-LT","@id":"https:\/\/sunnyblinds.lv\/#\/schema\/logo\/image\/","url":"https:\/\/sunnyblinds.lv\/wp-content\/uploads\/2024\/03\/DEXTERA_su-sukiu_tamsiai-melynas-e1710914216478.png","contentUrl":"https:\/\/sunnyblinds.lv\/wp-content\/uploads\/2024\/03\/DEXTERA_su-sukiu_tamsiai-melynas-e1710914216478.png","width":200,"height":53,"caption":"Dextera"},"image":{"@id":"https:\/\/sunnyblinds.lv\/#\/schema\/logo\/image\/"}}]}},"_links":{"self":[{"href":"https:\/\/sunnyblinds.lv\/lt\/wp-json\/wp\/v2\/product\/3255","targetHints":{"allow":["GET"]}}],"collection":[{"href":"https:\/\/sunnyblinds.lv\/lt\/wp-json\/wp\/v2\/product"}],"about":[{"href":"https:\/\/sunnyblinds.lv\/lt\/wp-json\/wp\/v2\/types\/product"}],"wp:featuredmedia":[{"embeddable":true,"href":"https:\/\/sunnyblinds.lv\/lt\/wp-json\/wp\/v2\/media\/205"}],"wp:attachment":[{"href":"https:\/\/sunnyblinds.lv\/lt\/wp-json\/wp\/v2\/media?parent=3255"}],"wp:term":[{"taxonomy":"product_brand","embeddable":true,"href":"https:\/\/sunnyblinds.lv\/lt\/wp-json\/wp\/v2\/product_brand?post=3255"},{"taxonomy":"product_cat","embeddable":true,"href":"https:\/\/sunnyblinds.lv\/lt\/wp-json\/wp\/v2\/product_cat?post=3255"},{"taxonomy":"product_tag","embeddable":true,"href":"https:\/\/sunnyblinds.lv\/lt\/wp-json\/wp\/v2\/product_tag?post=3255"}],"curies":[{"name":"wp","href":"https:\/\/api.w.org\/{rel}","templated":true}]}}