{"id":3225,"date":"2024-09-05T07:58:46","date_gmt":"2024-09-05T04:58:46","guid":{"rendered":"https:\/\/e.dextera.lt\/?post_type=product&#038;p=3225"},"modified":"2025-04-11T13:55:05","modified_gmt":"2025-04-11T10:55:05","slug":"plisuotos-zaliuzes-honeycomb-premium","status":"publish","type":"product","link":"https:\/\/sunnyblinds.lv\/lt\/gaminys\/plisuotos-zaliuzes-honeycomb-premium\/","title":{"rendered":"Plisuotos \u017ealiuz\u0117s (Honeycomb) PREMIUM"},"content":{"rendered":"<h3 data-start=\"651\" data-end=\"751\"><strong data-start=\"655\" data-end=\"749\">Plisuotos \u017ealiuz\u0117s \u201eHoneycomb Premium\u201c \u2013 \u0161ilumos izoliacija ir daugiau dizaino pasirinkim\u0173<\/strong><\/h3>\n<p data-start=\"752\" data-end=\"1391\"><strong data-start=\"752\" data-end=\"794\">Plisuotos <a href=\"https:\/\/sunnyblinds.lv\/kategorija\/plisuotos-zaliuzes\/\" target=\"_blank\" rel=\"noopener\">\u017ealiuz\u0117s<\/a> \u201eHoneycomb Premium\u201c<\/strong> \u2013 tai pa\u017eangus sprendimas, leid\u017eiantis ne tik reguliuoti \u0161viesos sraut\u0105, bet ir <strong data-start=\"875\" data-end=\"895\">taupyti energij\u0105<\/strong>. D\u0117l unikalios <strong data-start=\"911\" data-end=\"946\">dvisluoksn\u0117s kor\u0117tos strukt\u016bros<\/strong>, \u0161ios \u017ealiuz\u0117s sulaiko \u0161alt\u012f \u017eiem\u0105 ir blokuoja kar\u0161t\u012f vasar\u0105, pad\u0117damos i\u0161laikyti pastovi\u0105 patalp\u0173 temperat\u016br\u0105. \u0160i izoliacija taip pat padeda suma\u017einti energijos s\u0105naudas, nes \u017ealiuz\u0117s veikia kaip papildomas \u0161ilumos barjeras, u\u017ekertant keli\u0105 \u0161ilumos praradimui ir pernelyg dideliam \u0161ildymui vasar\u0105. Skirtingai nuo \u201eBasic\u201c modelio, \u201ePremium\u201c versija suteikia galimyb\u0119 rinktis net i\u0161 <strong data-start=\"1138\" data-end=\"1163\">trij\u0173 profilio spalv\u0173<\/strong> \u2013 baltos, antracito ir sidabrin\u0117s, leid\u017eian\u010di\u0173 lengvai priderinti \u017ealiuzes prie vis\u0173 interjer\u0173.Ne tik spalv\u0173 pasirinkimas, bet ir auk\u0161\u010diausios kokyb\u0117s audiniai u\u017etikrina ilgaam\u017ei\u0161kum\u0105 bei i\u0161skirtin\u0119 i\u0161vaizd\u0105, tod\u0117l \u0161ios \u017ealiuz\u0117s tiks tiek moderniems, tiek klasikiniams interjerams.<\/p>\n<p class=\"\" data-start=\"1015\" data-end=\"1465\">Plisuotos \u017ealiuz\u0117s \u201e<a href=\"https:\/\/www.youtube.com\/watch?v=veYpqWTJYPY&amp;list=PLwYRFfvZ9SHySNXtbYZPzxS9OX0PPt8JH&amp;index=1\" target=\"_blank\" rel=\"noopener\">Honeycomb<\/a> Premium\u201c taip pat pasi\u017eymi puikiomis garso izoliacijos savyb\u0117mis. D\u0117l savo unikalios strukt\u016bros jos padeda suma\u017einti triuk\u0161m\u0105, tod\u0117l yra idealus sprendimas tiek miesto apartamentuose, tiek gyvenant \u0161alia triuk\u0161ming\u0173 viet\u0173. Tai taip pat padeda sukurti ramyb\u0119 ir komfort\u0105 j\u016bs\u0173 namuose. Pasirinkite plisuotas \u017ealiuzes \u201eHoneycomb Premium\u201c ir m\u0117gaukit\u0117s nepriekai\u0161tinga estetika, energijos taupymu ir geresne gyvenimo kokybe.<\/p>\n","protected":false},"excerpt":{"rendered":"<p>Plisuotos \u017ealiuz\u0117s \u201eHoneycomb Premium\u201c \u2013 \u0161ilumos izoliacija ir daugiau dizaino pasirinkim\u0173 Plisuotos \u017ealiuz\u0117s \u201eHoneycomb Premium\u201c \u2013 tai pa\u017eangus sprendimas, leid\u017eiantis ne tik reguliuoti \u0161viesos sraut\u0105, bet ir taupyti energij\u0105. D\u0117l unikalios dvisluoksn\u0117s kor\u0117tos strukt\u016bros, \u0161ios \u017ealiuz\u0117s sulaiko \u0161alt\u012f \u017eiem\u0105 ir blokuoja kar\u0161t\u012f vasar\u0105, pad\u0117damos i\u0161laikyti pastovi\u0105 patalp\u0173 temperat\u016br\u0105. \u0160i izoliacija taip pat padeda suma\u017einti energijos [&hellip;]<\/p>\n","protected":false},"featured_media":205,"template":"","meta":{"inline_featured_image":false},"product_brand":[],"product_cat":[30,45,59],"product_tag":[],"class_list":{"0":"post-3225","1":"product","2":"type-product","3":"status-publish","4":"has-post-thumbnail","6":"product_cat-plisuotos-zaliuzes","7":"product_cat-plisuotos-zaliuzes-honeycomb","8":"product_cat-zaliuzes-internetu","9":"product_shipping_class-vidaus-gaminiai","10":"tm-has-options","12":"first","13":"instock","14":"taxable","15":"shipping-taxable","16":"purchasable","17":"product-type-simple"},"acf":[],"yoast_head":"<!-- This site is optimized with the Yoast SEO plugin v27.4 - https:\/\/yoast.com\/product\/yoast-seo-wordpress\/ -->\n<title>Plisuotos \u017ealiuz\u0117s (Honeycomb) PREMIUM - sunnyblinds.lv<\/title>\n<meta name=\"description\" content=\"Plisuotos \u017ealiuz\u0117s Honeycomb \u2013 stilingas ir funkcionalus sprendimas j\u016bs\u0173 langams. \u0160ilumos ir garso izoliacija, lengvas valdymas ir eleganti\u0161kas dizainas!\" \/>\n<meta name=\"robots\" content=\"index, follow, max-snippet:-1, max-image-preview:large, max-video-preview:-1\" \/>\n<link rel=\"canonical\" href=\"https:\/\/sunnyblinds.lv\/gaminys\/plisuotos-zaliuzes-honeycomb-premium\/\" \/>\n<meta property=\"og:locale\" content=\"lt_LT\" \/>\n<meta property=\"og:type\" content=\"article\" \/>\n<meta property=\"og:title\" content=\"Plisuotos \u017ealiuz\u0117s (Honeycomb) PREMIUM - sunnyblinds.lv\" \/>\n<meta property=\"og:description\" content=\"Plisuotos \u017ealiuz\u0117s Honeycomb \u2013 stilingas ir funkcionalus sprendimas j\u016bs\u0173 langams. \u0160ilumos ir garso izoliacija, lengvas valdymas ir eleganti\u0161kas dizainas!\" \/>\n<meta property=\"og:url\" content=\"https:\/\/sunnyblinds.lv\/gaminys\/plisuotos-zaliuzes-honeycomb-premium\/\" \/>\n<meta property=\"og:site_name\" content=\"Dextera\" \/>\n<meta property=\"article:modified_time\" content=\"2025-04-11T10:55:05+00:00\" \/>\n<meta property=\"og:image\" content=\"https:\/\/sunnyblinds.lv\/wp-content\/uploads\/2023\/07\/miegam-min.png\" \/>\n\t<meta property=\"og:image:width\" content=\"2000\" \/>\n\t<meta property=\"og:image:height\" content=\"2000\" \/>\n\t<meta property=\"og:image:type\" content=\"image\/png\" \/>\n<meta name=\"twitter:card\" content=\"summary_large_image\" \/>\n<meta name=\"twitter:label1\" content=\"Est. reading time\" \/>\n\t<meta name=\"twitter:data1\" content=\"2 minut\u0117s\" \/>\n<script type=\"application\/ld+json\" class=\"yoast-schema-graph\">{\"@context\":\"https:\\\/\\\/schema.org\",\"@graph\":[{\"@type\":\"WebPage\",\"@id\":\"https:\\\/\\\/sunnyblinds.lv\\\/gaminys\\\/plisuotos-zaliuzes-honeycomb-premium\\\/\",\"url\":\"https:\\\/\\\/sunnyblinds.lv\\\/gaminys\\\/plisuotos-zaliuzes-honeycomb-premium\\\/\",\"name\":\"Plisuotos \u017ealiuz\u0117s (Honeycomb) PREMIUM - sunnyblinds.lv\",\"isPartOf\":{\"@id\":\"https:\\\/\\\/sunnyblinds.lv\\\/#website\"},\"primaryImageOfPage\":{\"@id\":\"https:\\\/\\\/sunnyblinds.lv\\\/gaminys\\\/plisuotos-zaliuzes-honeycomb-premium\\\/#primaryimage\"},\"image\":{\"@id\":\"https:\\\/\\\/sunnyblinds.lv\\\/gaminys\\\/plisuotos-zaliuzes-honeycomb-premium\\\/#primaryimage\"},\"thumbnailUrl\":\"https:\\\/\\\/sunnyblinds.lv\\\/wp-content\\\/uploads\\\/2023\\\/07\\\/miegam-min.png\",\"datePublished\":\"2024-09-05T04:58:46+00:00\",\"dateModified\":\"2025-04-11T10:55:05+00:00\",\"description\":\"Plisuotos \u017ealiuz\u0117s Honeycomb \u2013 stilingas ir funkcionalus sprendimas j\u016bs\u0173 langams. \u0160ilumos ir garso izoliacija, lengvas valdymas ir eleganti\u0161kas dizainas!\",\"breadcrumb\":{\"@id\":\"https:\\\/\\\/sunnyblinds.lv\\\/gaminys\\\/plisuotos-zaliuzes-honeycomb-premium\\\/#breadcrumb\"},\"inLanguage\":\"lt-LT\",\"potentialAction\":[{\"@type\":\"ReadAction\",\"target\":[\"https:\\\/\\\/sunnyblinds.lv\\\/gaminys\\\/plisuotos-zaliuzes-honeycomb-premium\\\/\"]}]},{\"@type\":\"ImageObject\",\"inLanguage\":\"lt-LT\",\"@id\":\"https:\\\/\\\/sunnyblinds.lv\\\/gaminys\\\/plisuotos-zaliuzes-honeycomb-premium\\\/#primaryimage\",\"url\":\"https:\\\/\\\/sunnyblinds.lv\\\/wp-content\\\/uploads\\\/2023\\\/07\\\/miegam-min.png\",\"contentUrl\":\"https:\\\/\\\/sunnyblinds.lv\\\/wp-content\\\/uploads\\\/2023\\\/07\\\/miegam-min.png\",\"width\":2000,\"height\":2000,\"caption\":\"magamojo zona\"},{\"@type\":\"BreadcrumbList\",\"@id\":\"https:\\\/\\\/sunnyblinds.lv\\\/gaminys\\\/plisuotos-zaliuzes-honeycomb-premium\\\/#breadcrumb\",\"itemListElement\":[{\"@type\":\"ListItem\",\"position\":1,\"name\":\"Home\",\"item\":\"https:\\\/\\\/sunnyblinds.lv\\\/\"},{\"@type\":\"ListItem\",\"position\":2,\"name\":\"Elektronin\u0117 parduotuv\u0117\",\"item\":\"https:\\\/\\\/sunnyblinds.lv\\\/parduotuve\\\/\"},{\"@type\":\"ListItem\",\"position\":3,\"name\":\"Plisuotos \u017ealiuz\u0117s (Honeycomb) PREMIUM\"}]},{\"@type\":\"WebSite\",\"@id\":\"https:\\\/\\\/sunnyblinds.lv\\\/#website\",\"url\":\"https:\\\/\\\/sunnyblinds.lv\\\/\",\"name\":\"Dextera\",\"description\":\"LV eshop\",\"publisher\":{\"@id\":\"https:\\\/\\\/sunnyblinds.lv\\\/#organization\"},\"potentialAction\":[{\"@type\":\"SearchAction\",\"target\":{\"@type\":\"EntryPoint\",\"urlTemplate\":\"https:\\\/\\\/sunnyblinds.lv\\\/?s={search_term_string}\"},\"query-input\":{\"@type\":\"PropertyValueSpecification\",\"valueRequired\":true,\"valueName\":\"search_term_string\"}}],\"inLanguage\":\"lt-LT\"},{\"@type\":\"Organization\",\"@id\":\"https:\\\/\\\/sunnyblinds.lv\\\/#organization\",\"name\":\"Dextera\",\"url\":\"https:\\\/\\\/sunnyblinds.lv\\\/\",\"logo\":{\"@type\":\"ImageObject\",\"inLanguage\":\"lt-LT\",\"@id\":\"https:\\\/\\\/sunnyblinds.lv\\\/#\\\/schema\\\/logo\\\/image\\\/\",\"url\":\"https:\\\/\\\/sunnyblinds.lv\\\/wp-content\\\/uploads\\\/2024\\\/03\\\/DEXTERA_su-sukiu_tamsiai-melynas-e1710914216478.png\",\"contentUrl\":\"https:\\\/\\\/sunnyblinds.lv\\\/wp-content\\\/uploads\\\/2024\\\/03\\\/DEXTERA_su-sukiu_tamsiai-melynas-e1710914216478.png\",\"width\":200,\"height\":53,\"caption\":\"Dextera\"},\"image\":{\"@id\":\"https:\\\/\\\/sunnyblinds.lv\\\/#\\\/schema\\\/logo\\\/image\\\/\"}}]}<\/script>\n<!-- \/ Yoast SEO plugin. -->","yoast_head_json":{"title":"Plisuotos \u017ealiuz\u0117s (Honeycomb) PREMIUM - sunnyblinds.lv","description":"Plisuotos \u017ealiuz\u0117s Honeycomb \u2013 stilingas ir funkcionalus sprendimas j\u016bs\u0173 langams. \u0160ilumos ir garso izoliacija, lengvas valdymas ir eleganti\u0161kas dizainas!","robots":{"index":"index","follow":"follow","max-snippet":"max-snippet:-1","max-image-preview":"max-image-preview:large","max-video-preview":"max-video-preview:-1"},"canonical":"https:\/\/sunnyblinds.lv\/gaminys\/plisuotos-zaliuzes-honeycomb-premium\/","og_locale":"lt_LT","og_type":"article","og_title":"Plisuotos \u017ealiuz\u0117s (Honeycomb) PREMIUM - sunnyblinds.lv","og_description":"Plisuotos \u017ealiuz\u0117s Honeycomb \u2013 stilingas ir funkcionalus sprendimas j\u016bs\u0173 langams. \u0160ilumos ir garso izoliacija, lengvas valdymas ir eleganti\u0161kas dizainas!","og_url":"https:\/\/sunnyblinds.lv\/gaminys\/plisuotos-zaliuzes-honeycomb-premium\/","og_site_name":"Dextera","article_modified_time":"2025-04-11T10:55:05+00:00","og_image":[{"width":2000,"height":2000,"url":"https:\/\/sunnyblinds.lv\/wp-content\/uploads\/2023\/07\/miegam-min.png","type":"image\/png"}],"twitter_card":"summary_large_image","twitter_misc":{"Est. reading time":"2 minut\u0117s"},"schema":{"@context":"https:\/\/schema.org","@graph":[{"@type":"WebPage","@id":"https:\/\/sunnyblinds.lv\/gaminys\/plisuotos-zaliuzes-honeycomb-premium\/","url":"https:\/\/sunnyblinds.lv\/gaminys\/plisuotos-zaliuzes-honeycomb-premium\/","name":"Plisuotos \u017ealiuz\u0117s (Honeycomb) PREMIUM - sunnyblinds.lv","isPartOf":{"@id":"https:\/\/sunnyblinds.lv\/#website"},"primaryImageOfPage":{"@id":"https:\/\/sunnyblinds.lv\/gaminys\/plisuotos-zaliuzes-honeycomb-premium\/#primaryimage"},"image":{"@id":"https:\/\/sunnyblinds.lv\/gaminys\/plisuotos-zaliuzes-honeycomb-premium\/#primaryimage"},"thumbnailUrl":"https:\/\/sunnyblinds.lv\/wp-content\/uploads\/2023\/07\/miegam-min.png","datePublished":"2024-09-05T04:58:46+00:00","dateModified":"2025-04-11T10:55:05+00:00","description":"Plisuotos \u017ealiuz\u0117s Honeycomb \u2013 stilingas ir funkcionalus sprendimas j\u016bs\u0173 langams. \u0160ilumos ir garso izoliacija, lengvas valdymas ir eleganti\u0161kas dizainas!","breadcrumb":{"@id":"https:\/\/sunnyblinds.lv\/gaminys\/plisuotos-zaliuzes-honeycomb-premium\/#breadcrumb"},"inLanguage":"lt-LT","potentialAction":[{"@type":"ReadAction","target":["https:\/\/sunnyblinds.lv\/gaminys\/plisuotos-zaliuzes-honeycomb-premium\/"]}]},{"@type":"ImageObject","inLanguage":"lt-LT","@id":"https:\/\/sunnyblinds.lv\/gaminys\/plisuotos-zaliuzes-honeycomb-premium\/#primaryimage","url":"https:\/\/sunnyblinds.lv\/wp-content\/uploads\/2023\/07\/miegam-min.png","contentUrl":"https:\/\/sunnyblinds.lv\/wp-content\/uploads\/2023\/07\/miegam-min.png","width":2000,"height":2000,"caption":"magamojo zona"},{"@type":"BreadcrumbList","@id":"https:\/\/sunnyblinds.lv\/gaminys\/plisuotos-zaliuzes-honeycomb-premium\/#breadcrumb","itemListElement":[{"@type":"ListItem","position":1,"name":"Home","item":"https:\/\/sunnyblinds.lv\/"},{"@type":"ListItem","position":2,"name":"Elektronin\u0117 parduotuv\u0117","item":"https:\/\/sunnyblinds.lv\/parduotuve\/"},{"@type":"ListItem","position":3,"name":"Plisuotos \u017ealiuz\u0117s (Honeycomb) PREMIUM"}]},{"@type":"WebSite","@id":"https:\/\/sunnyblinds.lv\/#website","url":"https:\/\/sunnyblinds.lv\/","name":"Dextera","description":"LV eshop","publisher":{"@id":"https:\/\/sunnyblinds.lv\/#organization"},"potentialAction":[{"@type":"SearchAction","target":{"@type":"EntryPoint","urlTemplate":"https:\/\/sunnyblinds.lv\/?s={search_term_string}"},"query-input":{"@type":"PropertyValueSpecification","valueRequired":true,"valueName":"search_term_string"}}],"inLanguage":"lt-LT"},{"@type":"Organization","@id":"https:\/\/sunnyblinds.lv\/#organization","name":"Dextera","url":"https:\/\/sunnyblinds.lv\/","logo":{"@type":"ImageObject","inLanguage":"lt-LT","@id":"https:\/\/sunnyblinds.lv\/#\/schema\/logo\/image\/","url":"https:\/\/sunnyblinds.lv\/wp-content\/uploads\/2024\/03\/DEXTERA_su-sukiu_tamsiai-melynas-e1710914216478.png","contentUrl":"https:\/\/sunnyblinds.lv\/wp-content\/uploads\/2024\/03\/DEXTERA_su-sukiu_tamsiai-melynas-e1710914216478.png","width":200,"height":53,"caption":"Dextera"},"image":{"@id":"https:\/\/sunnyblinds.lv\/#\/schema\/logo\/image\/"}}]}},"_links":{"self":[{"href":"https:\/\/sunnyblinds.lv\/lt\/wp-json\/wp\/v2\/product\/3225","targetHints":{"allow":["GET"]}}],"collection":[{"href":"https:\/\/sunnyblinds.lv\/lt\/wp-json\/wp\/v2\/product"}],"about":[{"href":"https:\/\/sunnyblinds.lv\/lt\/wp-json\/wp\/v2\/types\/product"}],"wp:featuredmedia":[{"embeddable":true,"href":"https:\/\/sunnyblinds.lv\/lt\/wp-json\/wp\/v2\/media\/205"}],"wp:attachment":[{"href":"https:\/\/sunnyblinds.lv\/lt\/wp-json\/wp\/v2\/media?parent=3225"}],"wp:term":[{"taxonomy":"product_brand","embeddable":true,"href":"https:\/\/sunnyblinds.lv\/lt\/wp-json\/wp\/v2\/product_brand?post=3225"},{"taxonomy":"product_cat","embeddable":true,"href":"https:\/\/sunnyblinds.lv\/lt\/wp-json\/wp\/v2\/product_cat?post=3225"},{"taxonomy":"product_tag","embeddable":true,"href":"https:\/\/sunnyblinds.lv\/lt\/wp-json\/wp\/v2\/product_tag?post=3225"}],"curies":[{"name":"wp","href":"https:\/\/api.w.org\/{rel}","templated":true}]}}