{"id":3172,"date":"2024-08-30T12:26:46","date_gmt":"2024-08-30T09:26:46","guid":{"rendered":"https:\/\/e.dextera.lt\/?post_type=product&#038;p=3172"},"modified":"2025-08-19T14:04:25","modified_gmt":"2025-08-19T11:04:25","slug":"medines-zaliuzes-automatinis-valdymas","status":"publish","type":"product","link":"https:\/\/sunnyblinds.lv\/lt\/gaminys\/medines-zaliuzes-automatinis-valdymas\/","title":{"rendered":"Medin\u0117s \u017ealiuz\u0117s (automatinis valdymas)"},"content":{"rendered":"<h3 class=\"\" data-start=\"250\" data-end=\"356\"><strong data-start=\"254\" data-end=\"356\">Medin\u0117s \u017ealiuz\u0117s su automatiniu valdymu \u2013 i\u0161manus nat\u016bralumo ir elegancijos sprendimas J\u016bs\u0173 namams<\/strong><\/h3>\n<p class=\"\" data-start=\"358\" data-end=\"874\"><strong data-start=\"358\" data-end=\"401\">Medin\u0117s <a href=\"https:\/\/sunnyblinds.lv\/kategorija\/medines-zaliuzes\/\" target=\"_blank\" rel=\"noopener\">\u017ealiuz\u0117s<\/a> su automatiniu valdymu<\/strong> \u2013 tai puikus pasirinkimas tiems, kurie ie\u0161ko nat\u016bralios estetikos ir moderni\u0173 technologij\u0173 derinio. \u0160ios \u017ealiuz\u0117s harmoningai \u012fsilieja \u012f bet kok\u012f interjer\u0105, suteikdamos jaukumo ir \u0161ilumos poj\u016bt\u012f. D\u0117l savo tvirtos konstrukcijos ir patvarios med\u017eiagos, jos ilgai tarnaus ir i\u0161laikys nepriekai\u0161ting\u0105 i\u0161vaizd\u0105. Valdymas automatiniu b\u016bdu leid\u017eia lengvai reguliuoti ap\u0161vietim\u0105 ir privatumo lyg\u012f be jokio fizinio kontakto \u2013 viskas valdoma nuotoliniu b\u016bdu ar i\u0161mani\u0105ja program\u0117le.<\/p>\n<p class=\"\" data-start=\"876\" data-end=\"1195\">Platus spalv\u0173 ir tekst\u016br\u0173 pasirinkimas leid\u017eia lengvai pritaikyti <strong data-start=\"942\" data-end=\"985\">medines \u017ealiuzes su automatiniu valdymu<\/strong> prie bet kokio dizaino \u2013 tiek modernaus, tiek klasikinio. Naudojama nat\u016brali mediena ne tik suteikia prabangos \u012fsp\u016bd\u012f, bet ir atitinka tvarumo principus \u2013 tai idealus sprendimas aplinkai neabejingiems \u017emon\u0117ms.<\/p>\n<p class=\"\" data-start=\"1197\" data-end=\"1466\">\u0160ios \u017ealiuz\u0117s taip pat puikiai tinka \u0161ilumos ir garso izoliacijai. D\u0117l kor\u0117tos medienos strukt\u016bros jos nat\u016braliai sugeria gars\u0105 ir padeda i\u0161laikyti optimali\u0105 kambario temperat\u016br\u0105 tiek vasar\u0105, tiek \u017eiem\u0105. Tokiu b\u016bdu prisidedama prie ma\u017eesni\u0173 \u0161ildymo ir v\u0117sinimo i\u0161laid\u0173.<\/p>\n<p class=\"\" data-start=\"1468\" data-end=\"1662\">Automatin\u0117s <a href=\"https:\/\/www.youtube.com\/watch?v=9hF8u0h5WPs&amp;list=PLwYRFfvZ9SHyQBMJykuGKXzuDj1qzSz6l&amp;index=1\" target=\"_blank\" rel=\"noopener\">medin\u0117s<\/a> \u017ealiuz\u0117s u\u017etikrina patog\u0173 \u0161viesos valdym\u0105 ir apsaug\u0105 nuo nepageidaujam\u0173 \u017evilgsni\u0173. Tai leid\u017eia kurti harmoning\u0105 aplink\u0105 be kompromis\u0173 tarp privatumo ir nat\u016bralaus ap\u0161vietimo.<\/p>\n<p class=\"\" data-start=\"1664\" data-end=\"1910\"><strong>Medin\u0117s \u017ealiuz\u0117s automaizuotu valdymu<\/strong> \u2013 tai stilingas, prakti\u0161kas ir aplinkai draugi\u0161kas sprendimas. Jos ne tik praturtina interjer\u0105 vizualiai, bet ir pagerina gyvenimo kokyb\u0119, atitinkant net i\u0161rankiausi\u0173 vartotoj\u0173 poreikius.<\/p>\n","protected":false},"excerpt":{"rendered":"<p>Medin\u0117s \u017ealiuz\u0117s su automatiniu valdymu \u2013 i\u0161manus nat\u016bralumo ir elegancijos sprendimas J\u016bs\u0173 namams Medin\u0117s \u017ealiuz\u0117s su automatiniu valdymu \u2013 tai puikus pasirinkimas tiems, kurie ie\u0161ko nat\u016bralios estetikos ir moderni\u0173 technologij\u0173 derinio. \u0160ios \u017ealiuz\u0117s harmoningai \u012fsilieja \u012f bet kok\u012f interjer\u0105, suteikdamos jaukumo ir \u0161ilumos poj\u016bt\u012f. D\u0117l savo tvirtos konstrukcijos ir patvarios med\u017eiagos, jos ilgai tarnaus ir [&hellip;]<\/p>\n","protected":false},"featured_media":204,"template":"","meta":{"inline_featured_image":false},"product_brand":[],"product_cat":[27,59],"product_tag":[],"class_list":{"0":"post-3172","1":"product","2":"type-product","3":"status-publish","4":"has-post-thumbnail","6":"product_cat-medines-zaliuzes","7":"product_cat-zaliuzes-internetu","8":"product_shipping_class-vidaus-gaminiai","9":"tm-has-options","11":"first","12":"instock","13":"taxable","14":"shipping-taxable","15":"purchasable","16":"product-type-simple"},"acf":[],"yoast_head":"<!-- This site is optimized with the Yoast SEO plugin v27.4 - https:\/\/yoast.com\/product\/yoast-seo-wordpress\/ -->\n<title>Medin\u0117s \u017ealiuz\u0117s (automatinis valdymas) - sunnyblinds.lv<\/title>\n<meta name=\"description\" content=\"Medin\u0117s \u017ealiuz\u0117s su automatiniu valdymu internetu - pigiau! Rinkit\u0117s \u017ealiuzes su \u012fkraunamais varikliais, internetu. Pristatymas visoje Lietuvoje!\" \/>\n<meta name=\"robots\" content=\"index, follow, max-snippet:-1, max-image-preview:large, max-video-preview:-1\" \/>\n<link rel=\"canonical\" href=\"https:\/\/sunnyblinds.lv\/gaminys\/medines-zaliuzes-automatinis-valdymas\/\" \/>\n<meta property=\"og:locale\" content=\"lt_LT\" \/>\n<meta property=\"og:type\" content=\"article\" \/>\n<meta property=\"og:title\" content=\"Medin\u0117s \u017ealiuz\u0117s (automatinis valdymas) - sunnyblinds.lv\" \/>\n<meta property=\"og:description\" content=\"Medin\u0117s \u017ealiuz\u0117s su automatiniu valdymu internetu - pigiau! Rinkit\u0117s \u017ealiuzes su \u012fkraunamais varikliais, internetu. Pristatymas visoje Lietuvoje!\" \/>\n<meta property=\"og:url\" content=\"https:\/\/sunnyblinds.lv\/gaminys\/medines-zaliuzes-automatinis-valdymas\/\" \/>\n<meta property=\"og:site_name\" content=\"Dextera\" \/>\n<meta property=\"article:modified_time\" content=\"2025-08-19T11:04:25+00:00\" \/>\n<meta property=\"og:image\" content=\"https:\/\/sunnyblinds.lv\/wp-content\/uploads\/2023\/07\/salio-min.png\" \/>\n\t<meta property=\"og:image:width\" content=\"2000\" \/>\n\t<meta property=\"og:image:height\" content=\"2000\" \/>\n\t<meta property=\"og:image:type\" content=\"image\/png\" \/>\n<meta name=\"twitter:card\" content=\"summary_large_image\" \/>\n<meta name=\"twitter:label1\" content=\"Est. reading time\" \/>\n\t<meta name=\"twitter:data1\" content=\"2 minut\u0117s\" \/>\n<script type=\"application\/ld+json\" class=\"yoast-schema-graph\">{\"@context\":\"https:\\\/\\\/schema.org\",\"@graph\":[{\"@type\":\"WebPage\",\"@id\":\"https:\\\/\\\/sunnyblinds.lv\\\/gaminys\\\/medines-zaliuzes-automatinis-valdymas\\\/\",\"url\":\"https:\\\/\\\/sunnyblinds.lv\\\/gaminys\\\/medines-zaliuzes-automatinis-valdymas\\\/\",\"name\":\"Medin\u0117s \u017ealiuz\u0117s (automatinis valdymas) - sunnyblinds.lv\",\"isPartOf\":{\"@id\":\"https:\\\/\\\/sunnyblinds.lv\\\/#website\"},\"primaryImageOfPage\":{\"@id\":\"https:\\\/\\\/sunnyblinds.lv\\\/gaminys\\\/medines-zaliuzes-automatinis-valdymas\\\/#primaryimage\"},\"image\":{\"@id\":\"https:\\\/\\\/sunnyblinds.lv\\\/gaminys\\\/medines-zaliuzes-automatinis-valdymas\\\/#primaryimage\"},\"thumbnailUrl\":\"https:\\\/\\\/sunnyblinds.lv\\\/wp-content\\\/uploads\\\/2023\\\/07\\\/salio-min.png\",\"datePublished\":\"2024-08-30T09:26:46+00:00\",\"dateModified\":\"2025-08-19T11:04:25+00:00\",\"description\":\"Medin\u0117s \u017ealiuz\u0117s su automatiniu valdymu internetu - pigiau! Rinkit\u0117s \u017ealiuzes su \u012fkraunamais varikliais, internetu. Pristatymas visoje Lietuvoje!\",\"breadcrumb\":{\"@id\":\"https:\\\/\\\/sunnyblinds.lv\\\/gaminys\\\/medines-zaliuzes-automatinis-valdymas\\\/#breadcrumb\"},\"inLanguage\":\"lt-LT\",\"potentialAction\":[{\"@type\":\"ReadAction\",\"target\":[\"https:\\\/\\\/sunnyblinds.lv\\\/gaminys\\\/medines-zaliuzes-automatinis-valdymas\\\/\"]}]},{\"@type\":\"ImageObject\",\"inLanguage\":\"lt-LT\",\"@id\":\"https:\\\/\\\/sunnyblinds.lv\\\/gaminys\\\/medines-zaliuzes-automatinis-valdymas\\\/#primaryimage\",\"url\":\"https:\\\/\\\/sunnyblinds.lv\\\/wp-content\\\/uploads\\\/2023\\\/07\\\/salio-min.png\",\"contentUrl\":\"https:\\\/\\\/sunnyblinds.lv\\\/wp-content\\\/uploads\\\/2023\\\/07\\\/salio-min.png\",\"width\":2000,\"height\":2000,\"caption\":\"Roletai, \u017ealiuz\u0117s, tinkleliai nuo uod\u0173\"},{\"@type\":\"BreadcrumbList\",\"@id\":\"https:\\\/\\\/sunnyblinds.lv\\\/gaminys\\\/medines-zaliuzes-automatinis-valdymas\\\/#breadcrumb\",\"itemListElement\":[{\"@type\":\"ListItem\",\"position\":1,\"name\":\"Home\",\"item\":\"https:\\\/\\\/sunnyblinds.lv\\\/\"},{\"@type\":\"ListItem\",\"position\":2,\"name\":\"Elektronin\u0117 parduotuv\u0117\",\"item\":\"https:\\\/\\\/sunnyblinds.lv\\\/parduotuve\\\/\"},{\"@type\":\"ListItem\",\"position\":3,\"name\":\"Medin\u0117s \u017ealiuz\u0117s (automatinis valdymas)\"}]},{\"@type\":\"WebSite\",\"@id\":\"https:\\\/\\\/sunnyblinds.lv\\\/#website\",\"url\":\"https:\\\/\\\/sunnyblinds.lv\\\/\",\"name\":\"Dextera\",\"description\":\"LV eshop\",\"publisher\":{\"@id\":\"https:\\\/\\\/sunnyblinds.lv\\\/#organization\"},\"potentialAction\":[{\"@type\":\"SearchAction\",\"target\":{\"@type\":\"EntryPoint\",\"urlTemplate\":\"https:\\\/\\\/sunnyblinds.lv\\\/?s={search_term_string}\"},\"query-input\":{\"@type\":\"PropertyValueSpecification\",\"valueRequired\":true,\"valueName\":\"search_term_string\"}}],\"inLanguage\":\"lt-LT\"},{\"@type\":\"Organization\",\"@id\":\"https:\\\/\\\/sunnyblinds.lv\\\/#organization\",\"name\":\"Dextera\",\"url\":\"https:\\\/\\\/sunnyblinds.lv\\\/\",\"logo\":{\"@type\":\"ImageObject\",\"inLanguage\":\"lt-LT\",\"@id\":\"https:\\\/\\\/sunnyblinds.lv\\\/#\\\/schema\\\/logo\\\/image\\\/\",\"url\":\"https:\\\/\\\/sunnyblinds.lv\\\/wp-content\\\/uploads\\\/2024\\\/03\\\/DEXTERA_su-sukiu_tamsiai-melynas-e1710914216478.png\",\"contentUrl\":\"https:\\\/\\\/sunnyblinds.lv\\\/wp-content\\\/uploads\\\/2024\\\/03\\\/DEXTERA_su-sukiu_tamsiai-melynas-e1710914216478.png\",\"width\":200,\"height\":53,\"caption\":\"Dextera\"},\"image\":{\"@id\":\"https:\\\/\\\/sunnyblinds.lv\\\/#\\\/schema\\\/logo\\\/image\\\/\"}}]}<\/script>\n<!-- \/ Yoast SEO plugin. -->","yoast_head_json":{"title":"Medin\u0117s \u017ealiuz\u0117s (automatinis valdymas) - sunnyblinds.lv","description":"Medin\u0117s \u017ealiuz\u0117s su automatiniu valdymu internetu - pigiau! Rinkit\u0117s \u017ealiuzes su \u012fkraunamais varikliais, internetu. Pristatymas visoje Lietuvoje!","robots":{"index":"index","follow":"follow","max-snippet":"max-snippet:-1","max-image-preview":"max-image-preview:large","max-video-preview":"max-video-preview:-1"},"canonical":"https:\/\/sunnyblinds.lv\/gaminys\/medines-zaliuzes-automatinis-valdymas\/","og_locale":"lt_LT","og_type":"article","og_title":"Medin\u0117s \u017ealiuz\u0117s (automatinis valdymas) - sunnyblinds.lv","og_description":"Medin\u0117s \u017ealiuz\u0117s su automatiniu valdymu internetu - pigiau! Rinkit\u0117s \u017ealiuzes su \u012fkraunamais varikliais, internetu. Pristatymas visoje Lietuvoje!","og_url":"https:\/\/sunnyblinds.lv\/gaminys\/medines-zaliuzes-automatinis-valdymas\/","og_site_name":"Dextera","article_modified_time":"2025-08-19T11:04:25+00:00","og_image":[{"width":2000,"height":2000,"url":"https:\/\/sunnyblinds.lv\/wp-content\/uploads\/2023\/07\/salio-min.png","type":"image\/png"}],"twitter_card":"summary_large_image","twitter_misc":{"Est. reading time":"2 minut\u0117s"},"schema":{"@context":"https:\/\/schema.org","@graph":[{"@type":"WebPage","@id":"https:\/\/sunnyblinds.lv\/gaminys\/medines-zaliuzes-automatinis-valdymas\/","url":"https:\/\/sunnyblinds.lv\/gaminys\/medines-zaliuzes-automatinis-valdymas\/","name":"Medin\u0117s \u017ealiuz\u0117s (automatinis valdymas) - sunnyblinds.lv","isPartOf":{"@id":"https:\/\/sunnyblinds.lv\/#website"},"primaryImageOfPage":{"@id":"https:\/\/sunnyblinds.lv\/gaminys\/medines-zaliuzes-automatinis-valdymas\/#primaryimage"},"image":{"@id":"https:\/\/sunnyblinds.lv\/gaminys\/medines-zaliuzes-automatinis-valdymas\/#primaryimage"},"thumbnailUrl":"https:\/\/sunnyblinds.lv\/wp-content\/uploads\/2023\/07\/salio-min.png","datePublished":"2024-08-30T09:26:46+00:00","dateModified":"2025-08-19T11:04:25+00:00","description":"Medin\u0117s \u017ealiuz\u0117s su automatiniu valdymu internetu - pigiau! Rinkit\u0117s \u017ealiuzes su \u012fkraunamais varikliais, internetu. Pristatymas visoje Lietuvoje!","breadcrumb":{"@id":"https:\/\/sunnyblinds.lv\/gaminys\/medines-zaliuzes-automatinis-valdymas\/#breadcrumb"},"inLanguage":"lt-LT","potentialAction":[{"@type":"ReadAction","target":["https:\/\/sunnyblinds.lv\/gaminys\/medines-zaliuzes-automatinis-valdymas\/"]}]},{"@type":"ImageObject","inLanguage":"lt-LT","@id":"https:\/\/sunnyblinds.lv\/gaminys\/medines-zaliuzes-automatinis-valdymas\/#primaryimage","url":"https:\/\/sunnyblinds.lv\/wp-content\/uploads\/2023\/07\/salio-min.png","contentUrl":"https:\/\/sunnyblinds.lv\/wp-content\/uploads\/2023\/07\/salio-min.png","width":2000,"height":2000,"caption":"Roletai, \u017ealiuz\u0117s, tinkleliai nuo uod\u0173"},{"@type":"BreadcrumbList","@id":"https:\/\/sunnyblinds.lv\/gaminys\/medines-zaliuzes-automatinis-valdymas\/#breadcrumb","itemListElement":[{"@type":"ListItem","position":1,"name":"Home","item":"https:\/\/sunnyblinds.lv\/"},{"@type":"ListItem","position":2,"name":"Elektronin\u0117 parduotuv\u0117","item":"https:\/\/sunnyblinds.lv\/parduotuve\/"},{"@type":"ListItem","position":3,"name":"Medin\u0117s \u017ealiuz\u0117s (automatinis valdymas)"}]},{"@type":"WebSite","@id":"https:\/\/sunnyblinds.lv\/#website","url":"https:\/\/sunnyblinds.lv\/","name":"Dextera","description":"LV eshop","publisher":{"@id":"https:\/\/sunnyblinds.lv\/#organization"},"potentialAction":[{"@type":"SearchAction","target":{"@type":"EntryPoint","urlTemplate":"https:\/\/sunnyblinds.lv\/?s={search_term_string}"},"query-input":{"@type":"PropertyValueSpecification","valueRequired":true,"valueName":"search_term_string"}}],"inLanguage":"lt-LT"},{"@type":"Organization","@id":"https:\/\/sunnyblinds.lv\/#organization","name":"Dextera","url":"https:\/\/sunnyblinds.lv\/","logo":{"@type":"ImageObject","inLanguage":"lt-LT","@id":"https:\/\/sunnyblinds.lv\/#\/schema\/logo\/image\/","url":"https:\/\/sunnyblinds.lv\/wp-content\/uploads\/2024\/03\/DEXTERA_su-sukiu_tamsiai-melynas-e1710914216478.png","contentUrl":"https:\/\/sunnyblinds.lv\/wp-content\/uploads\/2024\/03\/DEXTERA_su-sukiu_tamsiai-melynas-e1710914216478.png","width":200,"height":53,"caption":"Dextera"},"image":{"@id":"https:\/\/sunnyblinds.lv\/#\/schema\/logo\/image\/"}}]}},"_links":{"self":[{"href":"https:\/\/sunnyblinds.lv\/lt\/wp-json\/wp\/v2\/product\/3172","targetHints":{"allow":["GET"]}}],"collection":[{"href":"https:\/\/sunnyblinds.lv\/lt\/wp-json\/wp\/v2\/product"}],"about":[{"href":"https:\/\/sunnyblinds.lv\/lt\/wp-json\/wp\/v2\/types\/product"}],"wp:featuredmedia":[{"embeddable":true,"href":"https:\/\/sunnyblinds.lv\/lt\/wp-json\/wp\/v2\/media\/204"}],"wp:attachment":[{"href":"https:\/\/sunnyblinds.lv\/lt\/wp-json\/wp\/v2\/media?parent=3172"}],"wp:term":[{"taxonomy":"product_brand","embeddable":true,"href":"https:\/\/sunnyblinds.lv\/lt\/wp-json\/wp\/v2\/product_brand?post=3172"},{"taxonomy":"product_cat","embeddable":true,"href":"https:\/\/sunnyblinds.lv\/lt\/wp-json\/wp\/v2\/product_cat?post=3172"},{"taxonomy":"product_tag","embeddable":true,"href":"https:\/\/sunnyblinds.lv\/lt\/wp-json\/wp\/v2\/product_tag?post=3172"}],"curies":[{"name":"wp","href":"https:\/\/api.w.org\/{rel}","templated":true}]}}