{"id":3165,"date":"2024-08-30T12:06:05","date_gmt":"2024-08-30T09:06:05","guid":{"rendered":"https:\/\/e.dextera.lt\/?post_type=product&#038;p=3165"},"modified":"2025-08-19T13:50:35","modified_gmt":"2025-08-19T10:50:35","slug":"medines-zaliuzes-50mm","status":"publish","type":"product","link":"https:\/\/sunnyblinds.lv\/lt\/gaminys\/medines-zaliuzes-50mm\/","title":{"rendered":"Medin\u0117s \u017ealiuz\u0117s (50 mm)"},"content":{"rendered":"<p data-start=\"174\" data-end=\"249\"><strong data-start=\"174\" data-end=\"249\">Medin\u0117s \u017ealiuz\u0117s\u2013 nat\u016bralus ir eleganti\u0161kas pasirinkimas j\u016bs\u0173 langams.<\/strong><\/p>\n<p class=\"\" data-start=\"305\" data-end=\"739\">Medin\u0117s \u017ealiuz\u0117s yra puikus sprendimas tiek namams, tiek biurui. Jos suteikia \u0161ilt\u0105, jauki\u0105 ir nat\u016brali\u0105 atmosfer\u0105 bet kuriame interjere. \u0160ios \u017ealiuz\u0117s i\u0161siskiria savo tvirtumu, ilgaam\u017ei\u0161kumu ir nat\u016braliu gro\u017eiu, tod\u0117l tampa puikiu pasirinkimu tiems, kurie vertina auk\u0161t\u0105 kokyb\u0119 ir ilgaam\u017e\u012f sprendim\u0105. <a href=\"https:\/\/sunnyblinds.lv\/kategorija\/medines-zaliuzes\/\" target=\"_blank\" rel=\"noopener\">\u017daliuz\u0117s<\/a> leid\u017eia lengvai reguliuoti \u0161viesos sraut\u0105 ir u\u017etikrinti privatum\u0105, kas yra svarbu tiek gyvenamosiose, tiek darbo patalpose.<\/p>\n<p class=\"\" data-start=\"741\" data-end=\"1129\">D\u0117l <a href=\"https:\/\/www.youtube.com\/watch?v=n0328pIgkg0\" target=\"_blank\" rel=\"noopener\">\u012fvairi\u0173 spalv\u0173<\/a> ir tekst\u016br\u0173 jos gali b\u016bti pritaikytos prie bet kokio interjero stiliaus. J\u0173 universalumas leid\u017eia lengvai priderinti jas tiek \u0161iuolaiki\u0161kam, tiek klasikinio stiliaus interjerams. Med\u017eiaga i\u0161 kurios gaminamos \u017ealiuz\u0117s yra ekologi\u0161ka ir tvari, tod\u0117l jos puikiai tinka tiems, kurie r\u016bpinasi aplinka ir nori pasirinkti gaminius, kurie b\u016bt\u0173 draugi\u0161ki gamtai.<\/p>\n<p class=\"\" data-start=\"1131\" data-end=\"1420\">Be estetin\u0117s vert\u0117s, medin\u0117s \u017ealiuz\u0117s taip pat pasi\u017eymi puikiomis izoliacin\u0117mis savyb\u0117mis. Jos nat\u016braliai sugeria gars\u0105, tod\u0117l padeda kurti rami\u0105 ir komforti\u0161k\u0105 aplink\u0105. Be to, jos puikiai sulaiko \u0161ilum\u0105 \u017eiem\u0105 ir apsaugo nuo per didelio kar\u0161\u010dio vasar\u0105, taip suma\u017eindamos energijos s\u0105naudas.<\/p>\n<p class=\"\" data-start=\"1422\" data-end=\"1712\">Medin\u0117s \u017ealiuz\u0117s taip pat prisideda prie privatumo u\u017etikrinimo. Su j\u0173 pagalba galite reguliuoti \u0161viesos sraut\u0105 neprarandant privatumo, kas ypa\u010d svarbu gyvenamosiose patalpose. Tai sprendimas, kuris leid\u017eia jums ne tik patogiai kontroliuoti \u0161vies\u0105, bet ir sukurti jauki\u0105 ir maloni\u0105 aplink\u0105.<\/p>\n<p class=\"\" data-start=\"1714\" data-end=\"1981\">D\u0117l savo ilgaam\u017ei\u0161kumo ir prakti\u0161kumo, medin\u0117s \u017ealiuz\u0117s yra puikus pasirinkimas kiekvienam, norin\u010diam sukurti eleganti\u0161k\u0105 ir nat\u016bral\u0173 \u012fvaizd\u012f savo namuose ar biure. Jos suteikia ne tik estetin\u012f, bet ir funkcin\u012f prana\u0161um\u0105, kuris patenkins net i\u0161rankiausius vartotojus.<\/p>\n","protected":false},"excerpt":{"rendered":"<p>Medin\u0117s \u017ealiuz\u0117s\u2013 nat\u016bralus ir eleganti\u0161kas pasirinkimas j\u016bs\u0173 langams. Medin\u0117s \u017ealiuz\u0117s yra puikus sprendimas tiek namams, tiek biurui. Jos suteikia \u0161ilt\u0105, jauki\u0105 ir nat\u016brali\u0105 atmosfer\u0105 bet kuriame interjere. \u0160ios \u017ealiuz\u0117s i\u0161siskiria savo tvirtumu, ilgaam\u017ei\u0161kumu ir nat\u016braliu gro\u017eiu, tod\u0117l tampa puikiu pasirinkimu tiems, kurie vertina auk\u0161t\u0105 kokyb\u0119 ir ilgaam\u017e\u012f sprendim\u0105. \u017daliuz\u0117s leid\u017eia lengvai reguliuoti \u0161viesos sraut\u0105 ir [&hellip;]<\/p>\n","protected":false},"featured_media":208,"template":"","meta":{"inline_featured_image":false},"product_brand":[],"product_cat":[27,31,59],"product_tag":[],"class_list":{"0":"post-3165","1":"product","2":"type-product","3":"status-publish","4":"has-post-thumbnail","6":"product_cat-medines-zaliuzes","7":"product_cat-medines-zaliuzes-50","8":"product_cat-zaliuzes-internetu","9":"product_shipping_class-vidaus-gaminiai","10":"tm-has-options","12":"first","13":"instock","14":"taxable","15":"shipping-taxable","16":"purchasable","17":"product-type-simple"},"acf":[],"yoast_head":"<!-- This site is optimized with the Yoast SEO plugin v27.4 - https:\/\/yoast.com\/product\/yoast-seo-wordpress\/ -->\n<title>Medin\u0117s \u017ealiuz\u0117s (50 mm) - sunnyblinds.lv<\/title>\n<meta name=\"description\" content=\"Medin\u0117s \u017ealiuz\u0117s internetu - pigiau! I\u0161sirinkite spalv\u0105, nurodykite matmenis ir gaminys netrukus bus pagamintas. Pristatymas visoje Lietuvoje!\" \/>\n<meta name=\"robots\" content=\"index, follow, max-snippet:-1, max-image-preview:large, max-video-preview:-1\" \/>\n<link rel=\"canonical\" href=\"https:\/\/sunnyblinds.lv\/gaminys\/medines-zaliuzes-50mm\/\" \/>\n<meta property=\"og:locale\" content=\"lt_LT\" \/>\n<meta property=\"og:type\" content=\"article\" \/>\n<meta property=\"og:title\" content=\"Medin\u0117s \u017ealiuz\u0117s (50 mm) - sunnyblinds.lv\" \/>\n<meta property=\"og:description\" content=\"Medin\u0117s \u017ealiuz\u0117s internetu - pigiau! I\u0161sirinkite spalv\u0105, nurodykite matmenis ir gaminys netrukus bus pagamintas. Pristatymas visoje Lietuvoje!\" \/>\n<meta property=\"og:url\" content=\"https:\/\/sunnyblinds.lv\/gaminys\/medines-zaliuzes-50mm\/\" \/>\n<meta property=\"og:site_name\" content=\"Dextera\" \/>\n<meta property=\"article:modified_time\" content=\"2025-08-19T10:50:35+00:00\" \/>\n<meta property=\"og:image\" content=\"https:\/\/sunnyblinds.lv\/wp-content\/uploads\/2023\/07\/ofis-min.png\" \/>\n\t<meta property=\"og:image:width\" content=\"2000\" \/>\n\t<meta property=\"og:image:height\" content=\"2000\" \/>\n\t<meta property=\"og:image:type\" content=\"image\/png\" \/>\n<meta name=\"twitter:card\" content=\"summary_large_image\" \/>\n<meta name=\"twitter:label1\" content=\"Est. reading time\" \/>\n\t<meta name=\"twitter:data1\" content=\"2 minut\u0117s\" \/>\n<script type=\"application\/ld+json\" class=\"yoast-schema-graph\">{\"@context\":\"https:\\\/\\\/schema.org\",\"@graph\":[{\"@type\":\"WebPage\",\"@id\":\"https:\\\/\\\/sunnyblinds.lv\\\/gaminys\\\/medines-zaliuzes-50mm\\\/\",\"url\":\"https:\\\/\\\/sunnyblinds.lv\\\/gaminys\\\/medines-zaliuzes-50mm\\\/\",\"name\":\"Medin\u0117s \u017ealiuz\u0117s (50 mm) - sunnyblinds.lv\",\"isPartOf\":{\"@id\":\"https:\\\/\\\/sunnyblinds.lv\\\/#website\"},\"primaryImageOfPage\":{\"@id\":\"https:\\\/\\\/sunnyblinds.lv\\\/gaminys\\\/medines-zaliuzes-50mm\\\/#primaryimage\"},\"image\":{\"@id\":\"https:\\\/\\\/sunnyblinds.lv\\\/gaminys\\\/medines-zaliuzes-50mm\\\/#primaryimage\"},\"thumbnailUrl\":\"https:\\\/\\\/sunnyblinds.lv\\\/wp-content\\\/uploads\\\/2023\\\/07\\\/ofis-min.png\",\"datePublished\":\"2024-08-30T09:06:05+00:00\",\"dateModified\":\"2025-08-19T10:50:35+00:00\",\"description\":\"Medin\u0117s \u017ealiuz\u0117s internetu - pigiau! I\u0161sirinkite spalv\u0105, nurodykite matmenis ir gaminys netrukus bus pagamintas. Pristatymas visoje Lietuvoje!\",\"breadcrumb\":{\"@id\":\"https:\\\/\\\/sunnyblinds.lv\\\/gaminys\\\/medines-zaliuzes-50mm\\\/#breadcrumb\"},\"inLanguage\":\"lt-LT\",\"potentialAction\":[{\"@type\":\"ReadAction\",\"target\":[\"https:\\\/\\\/sunnyblinds.lv\\\/gaminys\\\/medines-zaliuzes-50mm\\\/\"]}]},{\"@type\":\"ImageObject\",\"inLanguage\":\"lt-LT\",\"@id\":\"https:\\\/\\\/sunnyblinds.lv\\\/gaminys\\\/medines-zaliuzes-50mm\\\/#primaryimage\",\"url\":\"https:\\\/\\\/sunnyblinds.lv\\\/wp-content\\\/uploads\\\/2023\\\/07\\\/ofis-min.png\",\"contentUrl\":\"https:\\\/\\\/sunnyblinds.lv\\\/wp-content\\\/uploads\\\/2023\\\/07\\\/ofis-min.png\",\"width\":2000,\"height\":2000,\"caption\":\"darbo kambarys\"},{\"@type\":\"BreadcrumbList\",\"@id\":\"https:\\\/\\\/sunnyblinds.lv\\\/gaminys\\\/medines-zaliuzes-50mm\\\/#breadcrumb\",\"itemListElement\":[{\"@type\":\"ListItem\",\"position\":1,\"name\":\"Home\",\"item\":\"https:\\\/\\\/sunnyblinds.lv\\\/\"},{\"@type\":\"ListItem\",\"position\":2,\"name\":\"Elektronin\u0117 parduotuv\u0117\",\"item\":\"https:\\\/\\\/sunnyblinds.lv\\\/parduotuve\\\/\"},{\"@type\":\"ListItem\",\"position\":3,\"name\":\"Medin\u0117s \u017ealiuz\u0117s (50 mm)\"}]},{\"@type\":\"WebSite\",\"@id\":\"https:\\\/\\\/sunnyblinds.lv\\\/#website\",\"url\":\"https:\\\/\\\/sunnyblinds.lv\\\/\",\"name\":\"Dextera\",\"description\":\"LV eshop\",\"publisher\":{\"@id\":\"https:\\\/\\\/sunnyblinds.lv\\\/#organization\"},\"potentialAction\":[{\"@type\":\"SearchAction\",\"target\":{\"@type\":\"EntryPoint\",\"urlTemplate\":\"https:\\\/\\\/sunnyblinds.lv\\\/?s={search_term_string}\"},\"query-input\":{\"@type\":\"PropertyValueSpecification\",\"valueRequired\":true,\"valueName\":\"search_term_string\"}}],\"inLanguage\":\"lt-LT\"},{\"@type\":\"Organization\",\"@id\":\"https:\\\/\\\/sunnyblinds.lv\\\/#organization\",\"name\":\"Dextera\",\"url\":\"https:\\\/\\\/sunnyblinds.lv\\\/\",\"logo\":{\"@type\":\"ImageObject\",\"inLanguage\":\"lt-LT\",\"@id\":\"https:\\\/\\\/sunnyblinds.lv\\\/#\\\/schema\\\/logo\\\/image\\\/\",\"url\":\"https:\\\/\\\/sunnyblinds.lv\\\/wp-content\\\/uploads\\\/2024\\\/03\\\/DEXTERA_su-sukiu_tamsiai-melynas-e1710914216478.png\",\"contentUrl\":\"https:\\\/\\\/sunnyblinds.lv\\\/wp-content\\\/uploads\\\/2024\\\/03\\\/DEXTERA_su-sukiu_tamsiai-melynas-e1710914216478.png\",\"width\":200,\"height\":53,\"caption\":\"Dextera\"},\"image\":{\"@id\":\"https:\\\/\\\/sunnyblinds.lv\\\/#\\\/schema\\\/logo\\\/image\\\/\"}}]}<\/script>\n<!-- \/ Yoast SEO plugin. -->","yoast_head_json":{"title":"Medin\u0117s \u017ealiuz\u0117s (50 mm) - sunnyblinds.lv","description":"Medin\u0117s \u017ealiuz\u0117s internetu - pigiau! I\u0161sirinkite spalv\u0105, nurodykite matmenis ir gaminys netrukus bus pagamintas. Pristatymas visoje Lietuvoje!","robots":{"index":"index","follow":"follow","max-snippet":"max-snippet:-1","max-image-preview":"max-image-preview:large","max-video-preview":"max-video-preview:-1"},"canonical":"https:\/\/sunnyblinds.lv\/gaminys\/medines-zaliuzes-50mm\/","og_locale":"lt_LT","og_type":"article","og_title":"Medin\u0117s \u017ealiuz\u0117s (50 mm) - sunnyblinds.lv","og_description":"Medin\u0117s \u017ealiuz\u0117s internetu - pigiau! I\u0161sirinkite spalv\u0105, nurodykite matmenis ir gaminys netrukus bus pagamintas. Pristatymas visoje Lietuvoje!","og_url":"https:\/\/sunnyblinds.lv\/gaminys\/medines-zaliuzes-50mm\/","og_site_name":"Dextera","article_modified_time":"2025-08-19T10:50:35+00:00","og_image":[{"width":2000,"height":2000,"url":"https:\/\/sunnyblinds.lv\/wp-content\/uploads\/2023\/07\/ofis-min.png","type":"image\/png"}],"twitter_card":"summary_large_image","twitter_misc":{"Est. reading time":"2 minut\u0117s"},"schema":{"@context":"https:\/\/schema.org","@graph":[{"@type":"WebPage","@id":"https:\/\/sunnyblinds.lv\/gaminys\/medines-zaliuzes-50mm\/","url":"https:\/\/sunnyblinds.lv\/gaminys\/medines-zaliuzes-50mm\/","name":"Medin\u0117s \u017ealiuz\u0117s (50 mm) - sunnyblinds.lv","isPartOf":{"@id":"https:\/\/sunnyblinds.lv\/#website"},"primaryImageOfPage":{"@id":"https:\/\/sunnyblinds.lv\/gaminys\/medines-zaliuzes-50mm\/#primaryimage"},"image":{"@id":"https:\/\/sunnyblinds.lv\/gaminys\/medines-zaliuzes-50mm\/#primaryimage"},"thumbnailUrl":"https:\/\/sunnyblinds.lv\/wp-content\/uploads\/2023\/07\/ofis-min.png","datePublished":"2024-08-30T09:06:05+00:00","dateModified":"2025-08-19T10:50:35+00:00","description":"Medin\u0117s \u017ealiuz\u0117s internetu - pigiau! I\u0161sirinkite spalv\u0105, nurodykite matmenis ir gaminys netrukus bus pagamintas. Pristatymas visoje Lietuvoje!","breadcrumb":{"@id":"https:\/\/sunnyblinds.lv\/gaminys\/medines-zaliuzes-50mm\/#breadcrumb"},"inLanguage":"lt-LT","potentialAction":[{"@type":"ReadAction","target":["https:\/\/sunnyblinds.lv\/gaminys\/medines-zaliuzes-50mm\/"]}]},{"@type":"ImageObject","inLanguage":"lt-LT","@id":"https:\/\/sunnyblinds.lv\/gaminys\/medines-zaliuzes-50mm\/#primaryimage","url":"https:\/\/sunnyblinds.lv\/wp-content\/uploads\/2023\/07\/ofis-min.png","contentUrl":"https:\/\/sunnyblinds.lv\/wp-content\/uploads\/2023\/07\/ofis-min.png","width":2000,"height":2000,"caption":"darbo kambarys"},{"@type":"BreadcrumbList","@id":"https:\/\/sunnyblinds.lv\/gaminys\/medines-zaliuzes-50mm\/#breadcrumb","itemListElement":[{"@type":"ListItem","position":1,"name":"Home","item":"https:\/\/sunnyblinds.lv\/"},{"@type":"ListItem","position":2,"name":"Elektronin\u0117 parduotuv\u0117","item":"https:\/\/sunnyblinds.lv\/parduotuve\/"},{"@type":"ListItem","position":3,"name":"Medin\u0117s \u017ealiuz\u0117s (50 mm)"}]},{"@type":"WebSite","@id":"https:\/\/sunnyblinds.lv\/#website","url":"https:\/\/sunnyblinds.lv\/","name":"Dextera","description":"LV eshop","publisher":{"@id":"https:\/\/sunnyblinds.lv\/#organization"},"potentialAction":[{"@type":"SearchAction","target":{"@type":"EntryPoint","urlTemplate":"https:\/\/sunnyblinds.lv\/?s={search_term_string}"},"query-input":{"@type":"PropertyValueSpecification","valueRequired":true,"valueName":"search_term_string"}}],"inLanguage":"lt-LT"},{"@type":"Organization","@id":"https:\/\/sunnyblinds.lv\/#organization","name":"Dextera","url":"https:\/\/sunnyblinds.lv\/","logo":{"@type":"ImageObject","inLanguage":"lt-LT","@id":"https:\/\/sunnyblinds.lv\/#\/schema\/logo\/image\/","url":"https:\/\/sunnyblinds.lv\/wp-content\/uploads\/2024\/03\/DEXTERA_su-sukiu_tamsiai-melynas-e1710914216478.png","contentUrl":"https:\/\/sunnyblinds.lv\/wp-content\/uploads\/2024\/03\/DEXTERA_su-sukiu_tamsiai-melynas-e1710914216478.png","width":200,"height":53,"caption":"Dextera"},"image":{"@id":"https:\/\/sunnyblinds.lv\/#\/schema\/logo\/image\/"}}]}},"_links":{"self":[{"href":"https:\/\/sunnyblinds.lv\/lt\/wp-json\/wp\/v2\/product\/3165","targetHints":{"allow":["GET"]}}],"collection":[{"href":"https:\/\/sunnyblinds.lv\/lt\/wp-json\/wp\/v2\/product"}],"about":[{"href":"https:\/\/sunnyblinds.lv\/lt\/wp-json\/wp\/v2\/types\/product"}],"wp:featuredmedia":[{"embeddable":true,"href":"https:\/\/sunnyblinds.lv\/lt\/wp-json\/wp\/v2\/media\/208"}],"wp:attachment":[{"href":"https:\/\/sunnyblinds.lv\/lt\/wp-json\/wp\/v2\/media?parent=3165"}],"wp:term":[{"taxonomy":"product_brand","embeddable":true,"href":"https:\/\/sunnyblinds.lv\/lt\/wp-json\/wp\/v2\/product_brand?post=3165"},{"taxonomy":"product_cat","embeddable":true,"href":"https:\/\/sunnyblinds.lv\/lt\/wp-json\/wp\/v2\/product_cat?post=3165"},{"taxonomy":"product_tag","embeddable":true,"href":"https:\/\/sunnyblinds.lv\/lt\/wp-json\/wp\/v2\/product_tag?post=3165"}],"curies":[{"name":"wp","href":"https:\/\/api.w.org\/{rel}","templated":true}]}}