{"id":3162,"date":"2024-08-30T11:59:31","date_gmt":"2024-08-30T08:59:31","guid":{"rendered":"https:\/\/e.dextera.lt\/?post_type=product&#038;p=3162"},"modified":"2025-08-19T09:39:19","modified_gmt":"2025-08-19T06:39:19","slug":"medines-zaliuzes-25","status":"publish","type":"product","link":"https:\/\/sunnyblinds.lv\/lt\/gaminys\/medines-zaliuzes-25\/","title":{"rendered":"Medin\u0117s \u017ealiuz\u0117s (25 mm)"},"content":{"rendered":"<p data-start=\"174\" data-end=\"249\"><strong data-start=\"174\" data-end=\"249\">Medin\u0117s \u017ealiuz\u0117s \u2013 nat\u016bralus ir eleganti\u0161kas pasirinkimas j\u016bs\u0173 langams.<\/strong><\/p>\n<p class=\"\" data-start=\"290\" data-end=\"715\">Medin\u0117s \u017ealiuz\u0117s \u2013 puikus pasirinkimas tiek namams, tiek biurui. Jos suteikia \u0161ilt\u0105, jauki\u0105 ir nat\u016brali\u0105 atmosfer\u0105 bet kuriame interjere. \u0160ios <a href=\"https:\/\/sunnyblinds.lv\/kategorija\/medines-zaliuzes\/\" target=\"_blank\" rel=\"noopener\">\u017ealiuz\u0117s<\/a> i\u0161siskiria savo tvirtumu, ilgaam\u017ei\u0161kumu ir nat\u016braliu gro\u017eiu, tod\u0117l tampa idealios tiems, kurie vertina kokyb\u0119 ir ilgaam\u017eius sprendimus. Be to, jos leid\u017eia lengvai reguliuoti \u0161viesos patekim\u0105 ir u\u017etikrinti privatumo apsaug\u0105, kas ypa\u010d svarbu gyvenamosiose ir darbo patalpose.<\/p>\n<p class=\"\" data-start=\"717\" data-end=\"1059\">Medin\u0117s \u017ealiuz\u0117s si\u016blo daugyb\u0119 spalv\u0173 ir <a href=\"https:\/\/www.youtube.com\/watch?v=9hF8u0h5WPs\" target=\"_blank\" rel=\"noopener\">tekst\u016br\u0173<\/a>, leid\u017eian\u010di\u0173 lengvai priderinti jas prie \u012fvairi\u0173 interjero stili\u0173. Jos puikiai tinka tiek moderniuose, tiek tradiciniuose interjeruose. Be to, naudojama ekologi\u0161ka ir tvari med\u017eiaga u\u017etikrina, kad \u0161ios \u017ealiuz\u0117s yra draugi\u0161kos gamtai, tod\u0117l jos puikiai tinka aplink\u0105 tausojantiems vartotojams.<\/p>\n<p class=\"\" data-start=\"1061\" data-end=\"1330\">\u0160ios \u017ealiuz\u0117s ne tik papuo\u0161ia, bet ir pasi\u017eymi puikiomis izoliacin\u0117mis savyb\u0117mis. Jos nat\u016braliai sugeria gars\u0105, kurdamos rami\u0105 ir komforti\u0161k\u0105 aplink\u0105. Be to, med\u017eiaga sulaiko \u0161ilum\u0105 \u017eiem\u0105 ir apsaugo nuo per didelio kar\u0161\u010dio vasar\u0105, padedant suma\u017einti energijos s\u0105naudas.<\/p>\n<p class=\"\" data-start=\"1332\" data-end=\"1627\">Medin\u0117s \u017ealiuz\u0117s taip pat prisideda prie privatumo u\u017etikrinimo. Su jomis galite lengvai reguliuoti \u0161viesos sraut\u0105, i\u0161laikydami norim\u0105 privatumo lyg\u012f, kas itin svarbu gyvenamosiose patalpose. Tai sprendimas, kuris leid\u017eia jums sukurti jauki\u0105 ir maloni\u0105 aplink\u0105, tuo pa\u010diu u\u017etikrinant prakti\u0161kum\u0105.<\/p>\n<p class=\"\" data-start=\"1629\" data-end=\"1901\">D\u0117l savo ilgaam\u017ei\u0161kumo, prakti\u0161kumo ir estetin\u0117s vert\u0117s \u0161ios \u017ealiuz\u0117s yra puikus pasirinkimas tiems, kurie nori sukurti eleganti\u0161k\u0105 ir nat\u016bral\u0173 \u012fvaizd\u012f savo namuose ar biure. Jos u\u017etikrina ne tik gro\u017e\u012f, bet ir funkcionalum\u0105, patenkindamos net i\u0161rankiausius vartotojus.<\/p>\n<p data-start=\"1629\" data-end=\"1901\">Medin\u0117s \u017ealiuz\u0117s su 25mm plo\u010dio lamel\u0117mis rekomenduojamos ma\u017eesni\u0173 matmen\u0173 langams.<\/p>\n","protected":false},"excerpt":{"rendered":"<p>Medin\u0117s \u017ealiuz\u0117s \u2013 nat\u016bralus ir eleganti\u0161kas pasirinkimas j\u016bs\u0173 langams. Medin\u0117s \u017ealiuz\u0117s \u2013 puikus pasirinkimas tiek namams, tiek biurui. Jos suteikia \u0161ilt\u0105, jauki\u0105 ir nat\u016brali\u0105 atmosfer\u0105 bet kuriame interjere. \u0160ios \u017ealiuz\u0117s i\u0161siskiria savo tvirtumu, ilgaam\u017ei\u0161kumu ir nat\u016braliu gro\u017eiu, tod\u0117l tampa idealios tiems, kurie vertina kokyb\u0119 ir ilgaam\u017eius sprendimus. Be to, jos leid\u017eia lengvai reguliuoti \u0161viesos patekim\u0105 [&hellip;]<\/p>\n","protected":false},"featured_media":204,"template":"","meta":{"inline_featured_image":false},"product_brand":[],"product_cat":[27,59],"product_tag":[],"class_list":{"0":"post-3162","1":"product","2":"type-product","3":"status-publish","4":"has-post-thumbnail","6":"product_cat-medines-zaliuzes","7":"product_cat-zaliuzes-internetu","8":"product_shipping_class-vidaus-gaminiai","9":"tm-has-options","11":"first","12":"instock","13":"taxable","14":"shipping-taxable","15":"purchasable","16":"product-type-simple"},"acf":[],"yoast_head":"<!-- This site is optimized with the Yoast SEO plugin v27.4 - https:\/\/yoast.com\/product\/yoast-seo-wordpress\/ -->\n<title>Medin\u0117s \u017ealiuz\u0117s (25 mm) - sunnyblinds.lv<\/title>\n<meta name=\"description\" content=\"Medin\u0117s \u017ealiuz\u0117s internetu - pigiau! I\u0161sirinkite spalv\u0105, nurodykite matmenis ir gaminys netrukus bus pagamintas. Pristatymas visoje Lietuvoje!\" \/>\n<meta name=\"robots\" content=\"index, follow, max-snippet:-1, max-image-preview:large, max-video-preview:-1\" \/>\n<link rel=\"canonical\" href=\"https:\/\/sunnyblinds.lv\/gaminys\/medines-zaliuzes-25\/\" \/>\n<meta property=\"og:locale\" content=\"lt_LT\" \/>\n<meta property=\"og:type\" content=\"article\" \/>\n<meta property=\"og:title\" content=\"Medin\u0117s \u017ealiuz\u0117s (25 mm) - sunnyblinds.lv\" \/>\n<meta property=\"og:description\" content=\"Medin\u0117s \u017ealiuz\u0117s internetu - pigiau! I\u0161sirinkite spalv\u0105, nurodykite matmenis ir gaminys netrukus bus pagamintas. Pristatymas visoje Lietuvoje!\" \/>\n<meta property=\"og:url\" content=\"https:\/\/sunnyblinds.lv\/gaminys\/medines-zaliuzes-25\/\" \/>\n<meta property=\"og:site_name\" content=\"Dextera\" \/>\n<meta property=\"article:modified_time\" content=\"2025-08-19T06:39:19+00:00\" \/>\n<meta property=\"og:image\" content=\"https:\/\/sunnyblinds.lv\/wp-content\/uploads\/2023\/07\/salio-min.png\" \/>\n\t<meta property=\"og:image:width\" content=\"2000\" \/>\n\t<meta property=\"og:image:height\" content=\"2000\" \/>\n\t<meta property=\"og:image:type\" content=\"image\/png\" \/>\n<meta name=\"twitter:card\" content=\"summary_large_image\" \/>\n<meta name=\"twitter:label1\" content=\"Est. reading time\" \/>\n\t<meta name=\"twitter:data1\" content=\"2 minut\u0117s\" \/>\n<script type=\"application\/ld+json\" class=\"yoast-schema-graph\">{\"@context\":\"https:\\\/\\\/schema.org\",\"@graph\":[{\"@type\":\"WebPage\",\"@id\":\"https:\\\/\\\/sunnyblinds.lv\\\/gaminys\\\/medines-zaliuzes-25\\\/\",\"url\":\"https:\\\/\\\/sunnyblinds.lv\\\/gaminys\\\/medines-zaliuzes-25\\\/\",\"name\":\"Medin\u0117s \u017ealiuz\u0117s (25 mm) - sunnyblinds.lv\",\"isPartOf\":{\"@id\":\"https:\\\/\\\/sunnyblinds.lv\\\/#website\"},\"primaryImageOfPage\":{\"@id\":\"https:\\\/\\\/sunnyblinds.lv\\\/gaminys\\\/medines-zaliuzes-25\\\/#primaryimage\"},\"image\":{\"@id\":\"https:\\\/\\\/sunnyblinds.lv\\\/gaminys\\\/medines-zaliuzes-25\\\/#primaryimage\"},\"thumbnailUrl\":\"https:\\\/\\\/sunnyblinds.lv\\\/wp-content\\\/uploads\\\/2023\\\/07\\\/salio-min.png\",\"datePublished\":\"2024-08-30T08:59:31+00:00\",\"dateModified\":\"2025-08-19T06:39:19+00:00\",\"description\":\"Medin\u0117s \u017ealiuz\u0117s internetu - pigiau! I\u0161sirinkite spalv\u0105, nurodykite matmenis ir gaminys netrukus bus pagamintas. Pristatymas visoje Lietuvoje!\",\"breadcrumb\":{\"@id\":\"https:\\\/\\\/sunnyblinds.lv\\\/gaminys\\\/medines-zaliuzes-25\\\/#breadcrumb\"},\"inLanguage\":\"lt-LT\",\"potentialAction\":[{\"@type\":\"ReadAction\",\"target\":[\"https:\\\/\\\/sunnyblinds.lv\\\/gaminys\\\/medines-zaliuzes-25\\\/\"]}]},{\"@type\":\"ImageObject\",\"inLanguage\":\"lt-LT\",\"@id\":\"https:\\\/\\\/sunnyblinds.lv\\\/gaminys\\\/medines-zaliuzes-25\\\/#primaryimage\",\"url\":\"https:\\\/\\\/sunnyblinds.lv\\\/wp-content\\\/uploads\\\/2023\\\/07\\\/salio-min.png\",\"contentUrl\":\"https:\\\/\\\/sunnyblinds.lv\\\/wp-content\\\/uploads\\\/2023\\\/07\\\/salio-min.png\",\"width\":2000,\"height\":2000,\"caption\":\"Roletai, \u017ealiuz\u0117s, tinkleliai nuo uod\u0173\"},{\"@type\":\"BreadcrumbList\",\"@id\":\"https:\\\/\\\/sunnyblinds.lv\\\/gaminys\\\/medines-zaliuzes-25\\\/#breadcrumb\",\"itemListElement\":[{\"@type\":\"ListItem\",\"position\":1,\"name\":\"Home\",\"item\":\"https:\\\/\\\/sunnyblinds.lv\\\/\"},{\"@type\":\"ListItem\",\"position\":2,\"name\":\"Elektronin\u0117 parduotuv\u0117\",\"item\":\"https:\\\/\\\/sunnyblinds.lv\\\/parduotuve\\\/\"},{\"@type\":\"ListItem\",\"position\":3,\"name\":\"Medin\u0117s \u017ealiuz\u0117s (25 mm)\"}]},{\"@type\":\"WebSite\",\"@id\":\"https:\\\/\\\/sunnyblinds.lv\\\/#website\",\"url\":\"https:\\\/\\\/sunnyblinds.lv\\\/\",\"name\":\"Dextera\",\"description\":\"LV eshop\",\"publisher\":{\"@id\":\"https:\\\/\\\/sunnyblinds.lv\\\/#organization\"},\"potentialAction\":[{\"@type\":\"SearchAction\",\"target\":{\"@type\":\"EntryPoint\",\"urlTemplate\":\"https:\\\/\\\/sunnyblinds.lv\\\/?s={search_term_string}\"},\"query-input\":{\"@type\":\"PropertyValueSpecification\",\"valueRequired\":true,\"valueName\":\"search_term_string\"}}],\"inLanguage\":\"lt-LT\"},{\"@type\":\"Organization\",\"@id\":\"https:\\\/\\\/sunnyblinds.lv\\\/#organization\",\"name\":\"Dextera\",\"url\":\"https:\\\/\\\/sunnyblinds.lv\\\/\",\"logo\":{\"@type\":\"ImageObject\",\"inLanguage\":\"lt-LT\",\"@id\":\"https:\\\/\\\/sunnyblinds.lv\\\/#\\\/schema\\\/logo\\\/image\\\/\",\"url\":\"https:\\\/\\\/sunnyblinds.lv\\\/wp-content\\\/uploads\\\/2024\\\/03\\\/DEXTERA_su-sukiu_tamsiai-melynas-e1710914216478.png\",\"contentUrl\":\"https:\\\/\\\/sunnyblinds.lv\\\/wp-content\\\/uploads\\\/2024\\\/03\\\/DEXTERA_su-sukiu_tamsiai-melynas-e1710914216478.png\",\"width\":200,\"height\":53,\"caption\":\"Dextera\"},\"image\":{\"@id\":\"https:\\\/\\\/sunnyblinds.lv\\\/#\\\/schema\\\/logo\\\/image\\\/\"}}]}<\/script>\n<!-- \/ Yoast SEO plugin. -->","yoast_head_json":{"title":"Medin\u0117s \u017ealiuz\u0117s (25 mm) - sunnyblinds.lv","description":"Medin\u0117s \u017ealiuz\u0117s internetu - pigiau! I\u0161sirinkite spalv\u0105, nurodykite matmenis ir gaminys netrukus bus pagamintas. Pristatymas visoje Lietuvoje!","robots":{"index":"index","follow":"follow","max-snippet":"max-snippet:-1","max-image-preview":"max-image-preview:large","max-video-preview":"max-video-preview:-1"},"canonical":"https:\/\/sunnyblinds.lv\/gaminys\/medines-zaliuzes-25\/","og_locale":"lt_LT","og_type":"article","og_title":"Medin\u0117s \u017ealiuz\u0117s (25 mm) - sunnyblinds.lv","og_description":"Medin\u0117s \u017ealiuz\u0117s internetu - pigiau! I\u0161sirinkite spalv\u0105, nurodykite matmenis ir gaminys netrukus bus pagamintas. Pristatymas visoje Lietuvoje!","og_url":"https:\/\/sunnyblinds.lv\/gaminys\/medines-zaliuzes-25\/","og_site_name":"Dextera","article_modified_time":"2025-08-19T06:39:19+00:00","og_image":[{"width":2000,"height":2000,"url":"https:\/\/sunnyblinds.lv\/wp-content\/uploads\/2023\/07\/salio-min.png","type":"image\/png"}],"twitter_card":"summary_large_image","twitter_misc":{"Est. reading time":"2 minut\u0117s"},"schema":{"@context":"https:\/\/schema.org","@graph":[{"@type":"WebPage","@id":"https:\/\/sunnyblinds.lv\/gaminys\/medines-zaliuzes-25\/","url":"https:\/\/sunnyblinds.lv\/gaminys\/medines-zaliuzes-25\/","name":"Medin\u0117s \u017ealiuz\u0117s (25 mm) - sunnyblinds.lv","isPartOf":{"@id":"https:\/\/sunnyblinds.lv\/#website"},"primaryImageOfPage":{"@id":"https:\/\/sunnyblinds.lv\/gaminys\/medines-zaliuzes-25\/#primaryimage"},"image":{"@id":"https:\/\/sunnyblinds.lv\/gaminys\/medines-zaliuzes-25\/#primaryimage"},"thumbnailUrl":"https:\/\/sunnyblinds.lv\/wp-content\/uploads\/2023\/07\/salio-min.png","datePublished":"2024-08-30T08:59:31+00:00","dateModified":"2025-08-19T06:39:19+00:00","description":"Medin\u0117s \u017ealiuz\u0117s internetu - pigiau! I\u0161sirinkite spalv\u0105, nurodykite matmenis ir gaminys netrukus bus pagamintas. Pristatymas visoje Lietuvoje!","breadcrumb":{"@id":"https:\/\/sunnyblinds.lv\/gaminys\/medines-zaliuzes-25\/#breadcrumb"},"inLanguage":"lt-LT","potentialAction":[{"@type":"ReadAction","target":["https:\/\/sunnyblinds.lv\/gaminys\/medines-zaliuzes-25\/"]}]},{"@type":"ImageObject","inLanguage":"lt-LT","@id":"https:\/\/sunnyblinds.lv\/gaminys\/medines-zaliuzes-25\/#primaryimage","url":"https:\/\/sunnyblinds.lv\/wp-content\/uploads\/2023\/07\/salio-min.png","contentUrl":"https:\/\/sunnyblinds.lv\/wp-content\/uploads\/2023\/07\/salio-min.png","width":2000,"height":2000,"caption":"Roletai, \u017ealiuz\u0117s, tinkleliai nuo uod\u0173"},{"@type":"BreadcrumbList","@id":"https:\/\/sunnyblinds.lv\/gaminys\/medines-zaliuzes-25\/#breadcrumb","itemListElement":[{"@type":"ListItem","position":1,"name":"Home","item":"https:\/\/sunnyblinds.lv\/"},{"@type":"ListItem","position":2,"name":"Elektronin\u0117 parduotuv\u0117","item":"https:\/\/sunnyblinds.lv\/parduotuve\/"},{"@type":"ListItem","position":3,"name":"Medin\u0117s \u017ealiuz\u0117s (25 mm)"}]},{"@type":"WebSite","@id":"https:\/\/sunnyblinds.lv\/#website","url":"https:\/\/sunnyblinds.lv\/","name":"Dextera","description":"LV eshop","publisher":{"@id":"https:\/\/sunnyblinds.lv\/#organization"},"potentialAction":[{"@type":"SearchAction","target":{"@type":"EntryPoint","urlTemplate":"https:\/\/sunnyblinds.lv\/?s={search_term_string}"},"query-input":{"@type":"PropertyValueSpecification","valueRequired":true,"valueName":"search_term_string"}}],"inLanguage":"lt-LT"},{"@type":"Organization","@id":"https:\/\/sunnyblinds.lv\/#organization","name":"Dextera","url":"https:\/\/sunnyblinds.lv\/","logo":{"@type":"ImageObject","inLanguage":"lt-LT","@id":"https:\/\/sunnyblinds.lv\/#\/schema\/logo\/image\/","url":"https:\/\/sunnyblinds.lv\/wp-content\/uploads\/2024\/03\/DEXTERA_su-sukiu_tamsiai-melynas-e1710914216478.png","contentUrl":"https:\/\/sunnyblinds.lv\/wp-content\/uploads\/2024\/03\/DEXTERA_su-sukiu_tamsiai-melynas-e1710914216478.png","width":200,"height":53,"caption":"Dextera"},"image":{"@id":"https:\/\/sunnyblinds.lv\/#\/schema\/logo\/image\/"}}]}},"_links":{"self":[{"href":"https:\/\/sunnyblinds.lv\/lt\/wp-json\/wp\/v2\/product\/3162","targetHints":{"allow":["GET"]}}],"collection":[{"href":"https:\/\/sunnyblinds.lv\/lt\/wp-json\/wp\/v2\/product"}],"about":[{"href":"https:\/\/sunnyblinds.lv\/lt\/wp-json\/wp\/v2\/types\/product"}],"wp:featuredmedia":[{"embeddable":true,"href":"https:\/\/sunnyblinds.lv\/lt\/wp-json\/wp\/v2\/media\/204"}],"wp:attachment":[{"href":"https:\/\/sunnyblinds.lv\/lt\/wp-json\/wp\/v2\/media?parent=3162"}],"wp:term":[{"taxonomy":"product_brand","embeddable":true,"href":"https:\/\/sunnyblinds.lv\/lt\/wp-json\/wp\/v2\/product_brand?post=3162"},{"taxonomy":"product_cat","embeddable":true,"href":"https:\/\/sunnyblinds.lv\/lt\/wp-json\/wp\/v2\/product_cat?post=3162"},{"taxonomy":"product_tag","embeddable":true,"href":"https:\/\/sunnyblinds.lv\/lt\/wp-json\/wp\/v2\/product_tag?post=3162"}],"curies":[{"name":"wp","href":"https:\/\/api.w.org\/{rel}","templated":true}]}}