{"id":3146,"date":"2024-08-29T15:23:33","date_gmt":"2024-08-29T12:23:33","guid":{"rendered":"https:\/\/e.dextera.lt\/?post_type=product&#038;p=3146"},"modified":"2025-06-03T09:42:16","modified_gmt":"2025-06-03T06:42:16","slug":"roletai-diena-naktis-laisvai-kabantys-su-kasete-automatinis-valdymas","status":"publish","type":"product","link":"https:\/\/sunnyblinds.lv\/lt\/gaminys\/roletai-diena-naktis-laisvai-kabantys-su-kasete-automatinis-valdymas\/","title":{"rendered":"Roletai DIENA-NAKTIS laisvai kabantys SU KASETE (automatinis valdymas)"},"content":{"rendered":"<h3 data-start=\"1435\" data-end=\"1503\"><strong data-start=\"1439\" data-end=\"1501\">Elektriniai Diena-Naktis roletai \u2013 maksimalus komfortas<\/strong><\/h3>\n<p class=\"\" data-start=\"91\" data-end=\"610\">Elektriniai Diena-Naktis <a href=\"https:\/\/sunnyblinds.lv\/kategorija\/roletai-automatiniai\/\" target=\"_blank\" rel=\"noopener\">roletai<\/a> yra naujos kartos lang\u0173 u\u017edengimo sprendimas, kuris puikiai derina estetik\u0105, funkcionalum\u0105 ir modernias technologijas. \u0160ie roletai su automatiniu valdymu suteikia galimyb\u0119 patogiai reguliuoti \u0161viesos sraut\u0105 ir u\u017etikrinti privatum\u0105 nuo aplinkos, nes juos galite valdyti <a href=\"https:\/\/www.youtube.com\/watch?v=C04q2ORd5FA&amp;list=PLwYRFfvZ9SHwMVdfTaSoyXv-H8Ta8dpKG\" target=\"_blank\" rel=\"noopener\">nuotoliniu b\u016bdu<\/a>. Su i\u0161maniuoju nuotoliniu pulteliu ar mobili\u0105ja program\u0117le, galite lengvai pakeisti rolet\u0173 pad\u0117t\u012f be joki\u0173 pastang\u0173, net nei\u0161lip\u0119 i\u0161 lovos. Tai puikus pasirinkimas tiems, kurie vertina patogum\u0105 ir komfort\u0105.<\/p>\n<p class=\"\" data-start=\"612\" data-end=\"1164\">Elektriniai Diena-Naktis roletai turi dvigubo audinio sistem\u0105, kuri susideda i\u0161 horizontali\u0173 permatom\u0173 ir u\u017etemdan\u010di\u0173 juost\u0173. \u0160i sistema leid\u017eia tiksliai reguliuoti \u0161viesos sraut\u0105, suteikiant galimyb\u0119 pasirinkti norim\u0105 ap\u0161vietimo lyg\u012f. Galite visi\u0161kai u\u017etemdyti kambar\u012f, sukuriant tamsi\u0105 ir rami\u0105 atmosfer\u0105, arba pasirinkti \u0161veln\u0173 ap\u0161vietim\u0105, kuris nat\u016braliai filtruoja \u0161vies\u0105 ir sukuria jauk\u0173 kambario ap\u0161vietim\u0105. \u0160ie roletai puikiai tinka tiek dien\u0105, tiek nakt\u012f, kadangi jie leid\u017eia pritaikyti ap\u0161vietim\u0105 pagal \u012fvairius poreikius.<\/p>\n<p class=\"\" data-start=\"1166\" data-end=\"1701\">Be to, automatizuoti Diena-Naktis suteikia galimyb\u0119 optimizuoti \u0161viesos patekim\u0105 \u012f patalpas ir u\u017etikrinti papildom\u0105 komfort\u0105. Su automatiniu valdymu galite nustatyti rolet\u0173 pad\u0117t\u012f pagal savo poreikius, ir net nustatyti laikma\u010dius, kad jie u\u017esidaryt\u0173 ar atsidaryt\u0173 tam tikru metu. Tai u\u017etikrina ne tik komfort\u0105, bet ir padeda taupyti energij\u0105 bei kurti ideali\u0105 gyvenam\u0105j\u0105 aplink\u0105 bet kuriuo metu. Toks Dienos-Nakties rolet\u0173 pasirinkimas idealus\u00a0 tiems, kurie nori sujungti patogum\u0105, stili\u0173 ir technologijas savo namuose.<\/p>\n<p>&nbsp;<\/p>\n","protected":false},"excerpt":{"rendered":"<p>Elektriniai Diena-Naktis roletai \u2013 maksimalus komfortas Elektriniai Diena-Naktis roletai yra naujos kartos lang\u0173 u\u017edengimo sprendimas, kuris puikiai derina estetik\u0105, funkcionalum\u0105 ir modernias technologijas. \u0160ie roletai su automatiniu valdymu suteikia galimyb\u0119 patogiai reguliuoti \u0161viesos sraut\u0105 ir u\u017etikrinti privatum\u0105 nuo aplinkos, nes juos galite valdyti nuotoliniu b\u016bdu. Su i\u0161maniuoju nuotoliniu pulteliu ar mobili\u0105ja program\u0117le, galite lengvai pakeisti [&hellip;]<\/p>\n","protected":false},"featured_media":204,"template":"","meta":{"inline_featured_image":false},"product_brand":[],"product_cat":[18,57],"product_tag":[],"class_list":{"0":"post-3146","1":"product","2":"type-product","3":"status-publish","4":"has-post-thumbnail","6":"product_cat-roletai-automatiniai","7":"product_cat-roletai-internetu","8":"product_shipping_class-vidaus-gaminiai","9":"tm-has-options","11":"first","12":"instock","13":"taxable","14":"shipping-taxable","15":"purchasable","16":"product-type-simple"},"acf":[],"yoast_head":"<!-- This site is optimized with the Yoast SEO plugin v27.4 - https:\/\/yoast.com\/product\/yoast-seo-wordpress\/ -->\n<title>Roletai DIENA-NAKTIS, automatinis valdymas I sunnyblinds.lv<\/title>\n<meta name=\"description\" content=\"Roletai internetu - pigiau! I\u0161sirinkite rolet\u0173 audin\u012f, nurodykite rolet\u0173 matmenis ir gaminys netrukus bus pagamintas. Pristatymas visoje Lietuvoje!\" \/>\n<meta name=\"robots\" content=\"index, follow, max-snippet:-1, max-image-preview:large, max-video-preview:-1\" \/>\n<link rel=\"canonical\" href=\"https:\/\/sunnyblinds.lv\/gaminys\/roletai-diena-naktis-laisvai-kabantys-su-kasete-automatinis-valdymas\/\" \/>\n<meta property=\"og:locale\" content=\"lt_LT\" \/>\n<meta property=\"og:type\" content=\"article\" \/>\n<meta property=\"og:title\" content=\"Roletai DIENA-NAKTIS, automatinis valdymas I sunnyblinds.lv\" \/>\n<meta property=\"og:description\" content=\"Roletai internetu - pigiau! I\u0161sirinkite rolet\u0173 audin\u012f, nurodykite rolet\u0173 matmenis ir gaminys netrukus bus pagamintas. Pristatymas visoje Lietuvoje!\" \/>\n<meta property=\"og:url\" content=\"https:\/\/sunnyblinds.lv\/gaminys\/roletai-diena-naktis-laisvai-kabantys-su-kasete-automatinis-valdymas\/\" \/>\n<meta property=\"og:site_name\" content=\"Dextera\" \/>\n<meta property=\"article:modified_time\" content=\"2025-06-03T06:42:16+00:00\" \/>\n<meta property=\"og:image\" content=\"https:\/\/sunnyblinds.lv\/wp-content\/uploads\/2023\/07\/salio-min.png\" \/>\n\t<meta property=\"og:image:width\" content=\"2000\" \/>\n\t<meta property=\"og:image:height\" content=\"2000\" \/>\n\t<meta property=\"og:image:type\" content=\"image\/png\" \/>\n<meta name=\"twitter:card\" content=\"summary_large_image\" \/>\n<meta name=\"twitter:label1\" content=\"Est. reading time\" \/>\n\t<meta name=\"twitter:data1\" content=\"2 minut\u0117s\" \/>\n<script type=\"application\/ld+json\" class=\"yoast-schema-graph\">{\"@context\":\"https:\\\/\\\/schema.org\",\"@graph\":[{\"@type\":\"WebPage\",\"@id\":\"https:\\\/\\\/sunnyblinds.lv\\\/gaminys\\\/roletai-diena-naktis-laisvai-kabantys-su-kasete-automatinis-valdymas\\\/\",\"url\":\"https:\\\/\\\/sunnyblinds.lv\\\/gaminys\\\/roletai-diena-naktis-laisvai-kabantys-su-kasete-automatinis-valdymas\\\/\",\"name\":\"Roletai DIENA-NAKTIS, automatinis valdymas I sunnyblinds.lv\",\"isPartOf\":{\"@id\":\"https:\\\/\\\/sunnyblinds.lv\\\/#website\"},\"primaryImageOfPage\":{\"@id\":\"https:\\\/\\\/sunnyblinds.lv\\\/gaminys\\\/roletai-diena-naktis-laisvai-kabantys-su-kasete-automatinis-valdymas\\\/#primaryimage\"},\"image\":{\"@id\":\"https:\\\/\\\/sunnyblinds.lv\\\/gaminys\\\/roletai-diena-naktis-laisvai-kabantys-su-kasete-automatinis-valdymas\\\/#primaryimage\"},\"thumbnailUrl\":\"https:\\\/\\\/sunnyblinds.lv\\\/wp-content\\\/uploads\\\/2023\\\/07\\\/salio-min.png\",\"datePublished\":\"2024-08-29T12:23:33+00:00\",\"dateModified\":\"2025-06-03T06:42:16+00:00\",\"description\":\"Roletai internetu - pigiau! I\u0161sirinkite rolet\u0173 audin\u012f, nurodykite rolet\u0173 matmenis ir gaminys netrukus bus pagamintas. Pristatymas visoje Lietuvoje!\",\"breadcrumb\":{\"@id\":\"https:\\\/\\\/sunnyblinds.lv\\\/gaminys\\\/roletai-diena-naktis-laisvai-kabantys-su-kasete-automatinis-valdymas\\\/#breadcrumb\"},\"inLanguage\":\"lt-LT\",\"potentialAction\":[{\"@type\":\"ReadAction\",\"target\":[\"https:\\\/\\\/sunnyblinds.lv\\\/gaminys\\\/roletai-diena-naktis-laisvai-kabantys-su-kasete-automatinis-valdymas\\\/\"]}]},{\"@type\":\"ImageObject\",\"inLanguage\":\"lt-LT\",\"@id\":\"https:\\\/\\\/sunnyblinds.lv\\\/gaminys\\\/roletai-diena-naktis-laisvai-kabantys-su-kasete-automatinis-valdymas\\\/#primaryimage\",\"url\":\"https:\\\/\\\/sunnyblinds.lv\\\/wp-content\\\/uploads\\\/2023\\\/07\\\/salio-min.png\",\"contentUrl\":\"https:\\\/\\\/sunnyblinds.lv\\\/wp-content\\\/uploads\\\/2023\\\/07\\\/salio-min.png\",\"width\":2000,\"height\":2000,\"caption\":\"Roletai, \u017ealiuz\u0117s, tinkleliai nuo uod\u0173\"},{\"@type\":\"BreadcrumbList\",\"@id\":\"https:\\\/\\\/sunnyblinds.lv\\\/gaminys\\\/roletai-diena-naktis-laisvai-kabantys-su-kasete-automatinis-valdymas\\\/#breadcrumb\",\"itemListElement\":[{\"@type\":\"ListItem\",\"position\":1,\"name\":\"Home\",\"item\":\"https:\\\/\\\/sunnyblinds.lv\\\/\"},{\"@type\":\"ListItem\",\"position\":2,\"name\":\"Elektronin\u0117 parduotuv\u0117\",\"item\":\"https:\\\/\\\/sunnyblinds.lv\\\/parduotuve\\\/\"},{\"@type\":\"ListItem\",\"position\":3,\"name\":\"Roletai DIENA-NAKTIS laisvai kabantys SU KASETE (automatinis valdymas)\"}]},{\"@type\":\"WebSite\",\"@id\":\"https:\\\/\\\/sunnyblinds.lv\\\/#website\",\"url\":\"https:\\\/\\\/sunnyblinds.lv\\\/\",\"name\":\"Dextera\",\"description\":\"LV eshop\",\"publisher\":{\"@id\":\"https:\\\/\\\/sunnyblinds.lv\\\/#organization\"},\"potentialAction\":[{\"@type\":\"SearchAction\",\"target\":{\"@type\":\"EntryPoint\",\"urlTemplate\":\"https:\\\/\\\/sunnyblinds.lv\\\/?s={search_term_string}\"},\"query-input\":{\"@type\":\"PropertyValueSpecification\",\"valueRequired\":true,\"valueName\":\"search_term_string\"}}],\"inLanguage\":\"lt-LT\"},{\"@type\":\"Organization\",\"@id\":\"https:\\\/\\\/sunnyblinds.lv\\\/#organization\",\"name\":\"Dextera\",\"url\":\"https:\\\/\\\/sunnyblinds.lv\\\/\",\"logo\":{\"@type\":\"ImageObject\",\"inLanguage\":\"lt-LT\",\"@id\":\"https:\\\/\\\/sunnyblinds.lv\\\/#\\\/schema\\\/logo\\\/image\\\/\",\"url\":\"https:\\\/\\\/sunnyblinds.lv\\\/wp-content\\\/uploads\\\/2024\\\/03\\\/DEXTERA_su-sukiu_tamsiai-melynas-e1710914216478.png\",\"contentUrl\":\"https:\\\/\\\/sunnyblinds.lv\\\/wp-content\\\/uploads\\\/2024\\\/03\\\/DEXTERA_su-sukiu_tamsiai-melynas-e1710914216478.png\",\"width\":200,\"height\":53,\"caption\":\"Dextera\"},\"image\":{\"@id\":\"https:\\\/\\\/sunnyblinds.lv\\\/#\\\/schema\\\/logo\\\/image\\\/\"}}]}<\/script>\n<!-- \/ Yoast SEO plugin. -->","yoast_head_json":{"title":"Roletai DIENA-NAKTIS, automatinis valdymas I sunnyblinds.lv","description":"Roletai internetu - pigiau! I\u0161sirinkite rolet\u0173 audin\u012f, nurodykite rolet\u0173 matmenis ir gaminys netrukus bus pagamintas. Pristatymas visoje Lietuvoje!","robots":{"index":"index","follow":"follow","max-snippet":"max-snippet:-1","max-image-preview":"max-image-preview:large","max-video-preview":"max-video-preview:-1"},"canonical":"https:\/\/sunnyblinds.lv\/gaminys\/roletai-diena-naktis-laisvai-kabantys-su-kasete-automatinis-valdymas\/","og_locale":"lt_LT","og_type":"article","og_title":"Roletai DIENA-NAKTIS, automatinis valdymas I sunnyblinds.lv","og_description":"Roletai internetu - pigiau! I\u0161sirinkite rolet\u0173 audin\u012f, nurodykite rolet\u0173 matmenis ir gaminys netrukus bus pagamintas. Pristatymas visoje Lietuvoje!","og_url":"https:\/\/sunnyblinds.lv\/gaminys\/roletai-diena-naktis-laisvai-kabantys-su-kasete-automatinis-valdymas\/","og_site_name":"Dextera","article_modified_time":"2025-06-03T06:42:16+00:00","og_image":[{"width":2000,"height":2000,"url":"https:\/\/sunnyblinds.lv\/wp-content\/uploads\/2023\/07\/salio-min.png","type":"image\/png"}],"twitter_card":"summary_large_image","twitter_misc":{"Est. reading time":"2 minut\u0117s"},"schema":{"@context":"https:\/\/schema.org","@graph":[{"@type":"WebPage","@id":"https:\/\/sunnyblinds.lv\/gaminys\/roletai-diena-naktis-laisvai-kabantys-su-kasete-automatinis-valdymas\/","url":"https:\/\/sunnyblinds.lv\/gaminys\/roletai-diena-naktis-laisvai-kabantys-su-kasete-automatinis-valdymas\/","name":"Roletai DIENA-NAKTIS, automatinis valdymas I sunnyblinds.lv","isPartOf":{"@id":"https:\/\/sunnyblinds.lv\/#website"},"primaryImageOfPage":{"@id":"https:\/\/sunnyblinds.lv\/gaminys\/roletai-diena-naktis-laisvai-kabantys-su-kasete-automatinis-valdymas\/#primaryimage"},"image":{"@id":"https:\/\/sunnyblinds.lv\/gaminys\/roletai-diena-naktis-laisvai-kabantys-su-kasete-automatinis-valdymas\/#primaryimage"},"thumbnailUrl":"https:\/\/sunnyblinds.lv\/wp-content\/uploads\/2023\/07\/salio-min.png","datePublished":"2024-08-29T12:23:33+00:00","dateModified":"2025-06-03T06:42:16+00:00","description":"Roletai internetu - pigiau! I\u0161sirinkite rolet\u0173 audin\u012f, nurodykite rolet\u0173 matmenis ir gaminys netrukus bus pagamintas. Pristatymas visoje Lietuvoje!","breadcrumb":{"@id":"https:\/\/sunnyblinds.lv\/gaminys\/roletai-diena-naktis-laisvai-kabantys-su-kasete-automatinis-valdymas\/#breadcrumb"},"inLanguage":"lt-LT","potentialAction":[{"@type":"ReadAction","target":["https:\/\/sunnyblinds.lv\/gaminys\/roletai-diena-naktis-laisvai-kabantys-su-kasete-automatinis-valdymas\/"]}]},{"@type":"ImageObject","inLanguage":"lt-LT","@id":"https:\/\/sunnyblinds.lv\/gaminys\/roletai-diena-naktis-laisvai-kabantys-su-kasete-automatinis-valdymas\/#primaryimage","url":"https:\/\/sunnyblinds.lv\/wp-content\/uploads\/2023\/07\/salio-min.png","contentUrl":"https:\/\/sunnyblinds.lv\/wp-content\/uploads\/2023\/07\/salio-min.png","width":2000,"height":2000,"caption":"Roletai, \u017ealiuz\u0117s, tinkleliai nuo uod\u0173"},{"@type":"BreadcrumbList","@id":"https:\/\/sunnyblinds.lv\/gaminys\/roletai-diena-naktis-laisvai-kabantys-su-kasete-automatinis-valdymas\/#breadcrumb","itemListElement":[{"@type":"ListItem","position":1,"name":"Home","item":"https:\/\/sunnyblinds.lv\/"},{"@type":"ListItem","position":2,"name":"Elektronin\u0117 parduotuv\u0117","item":"https:\/\/sunnyblinds.lv\/parduotuve\/"},{"@type":"ListItem","position":3,"name":"Roletai DIENA-NAKTIS laisvai kabantys SU KASETE (automatinis valdymas)"}]},{"@type":"WebSite","@id":"https:\/\/sunnyblinds.lv\/#website","url":"https:\/\/sunnyblinds.lv\/","name":"Dextera","description":"LV eshop","publisher":{"@id":"https:\/\/sunnyblinds.lv\/#organization"},"potentialAction":[{"@type":"SearchAction","target":{"@type":"EntryPoint","urlTemplate":"https:\/\/sunnyblinds.lv\/?s={search_term_string}"},"query-input":{"@type":"PropertyValueSpecification","valueRequired":true,"valueName":"search_term_string"}}],"inLanguage":"lt-LT"},{"@type":"Organization","@id":"https:\/\/sunnyblinds.lv\/#organization","name":"Dextera","url":"https:\/\/sunnyblinds.lv\/","logo":{"@type":"ImageObject","inLanguage":"lt-LT","@id":"https:\/\/sunnyblinds.lv\/#\/schema\/logo\/image\/","url":"https:\/\/sunnyblinds.lv\/wp-content\/uploads\/2024\/03\/DEXTERA_su-sukiu_tamsiai-melynas-e1710914216478.png","contentUrl":"https:\/\/sunnyblinds.lv\/wp-content\/uploads\/2024\/03\/DEXTERA_su-sukiu_tamsiai-melynas-e1710914216478.png","width":200,"height":53,"caption":"Dextera"},"image":{"@id":"https:\/\/sunnyblinds.lv\/#\/schema\/logo\/image\/"}}]}},"_links":{"self":[{"href":"https:\/\/sunnyblinds.lv\/lt\/wp-json\/wp\/v2\/product\/3146","targetHints":{"allow":["GET"]}}],"collection":[{"href":"https:\/\/sunnyblinds.lv\/lt\/wp-json\/wp\/v2\/product"}],"about":[{"href":"https:\/\/sunnyblinds.lv\/lt\/wp-json\/wp\/v2\/types\/product"}],"wp:featuredmedia":[{"embeddable":true,"href":"https:\/\/sunnyblinds.lv\/lt\/wp-json\/wp\/v2\/media\/204"}],"wp:attachment":[{"href":"https:\/\/sunnyblinds.lv\/lt\/wp-json\/wp\/v2\/media?parent=3146"}],"wp:term":[{"taxonomy":"product_brand","embeddable":true,"href":"https:\/\/sunnyblinds.lv\/lt\/wp-json\/wp\/v2\/product_brand?post=3146"},{"taxonomy":"product_cat","embeddable":true,"href":"https:\/\/sunnyblinds.lv\/lt\/wp-json\/wp\/v2\/product_cat?post=3146"},{"taxonomy":"product_tag","embeddable":true,"href":"https:\/\/sunnyblinds.lv\/lt\/wp-json\/wp\/v2\/product_tag?post=3146"}],"curies":[{"name":"wp","href":"https:\/\/api.w.org\/{rel}","templated":true}]}}