{"id":3145,"date":"2024-08-29T15:21:47","date_gmt":"2024-08-29T12:21:47","guid":{"rendered":"https:\/\/e.dextera.lt\/?post_type=product&#038;p=3145"},"modified":"2025-06-03T09:34:19","modified_gmt":"2025-06-03T06:34:19","slug":"roletai-diena-naktis-laisvai-kabantys-m-automatinis-valdymas","status":"publish","type":"product","link":"https:\/\/sunnyblinds.lv\/lt\/gaminys\/roletai-diena-naktis-laisvai-kabantys-m-automatinis-valdymas\/","title":{"rendered":"Roletai DIENA-NAKTIS laisvai kabantys (M) (automatinis valdymas)"},"content":{"rendered":"<h3 class=\"\" data-start=\"233\" data-end=\"334\"><strong data-start=\"237\" data-end=\"334\">Roletai Diena-Naktis su Automatiniu Valdymu \u2013 Modernus ir Funkcionalus Sprendimas J\u016bs\u0173 Namams:<\/strong><\/h3>\n<p class=\"\" data-start=\"336\" data-end=\"848\"><strong data-start=\"336\" data-end=\"383\">Roletai Diena-Naktis su <a href=\"https:\/\/sunnyblinds.lv\/kategorija\/roletai-automatiniai\/\" target=\"_blank\" rel=\"noopener\">automatiniu valdymu<\/a><\/strong> \u2013 tai modernus ir funkcionalus lang\u0173 u\u017edengimo sprendimas, leid\u017eiantis lengvai reguliuoti \u0161viesos patekim\u0105 \u012f patalpas. \u0160ie roletai pasi\u017eymi dvigubu sluoksnio audiniu su horizontaliomis juostomis, suteikian\u010diomis galimyb\u0119 pasirinkti tarp visi\u0161ko u\u017etemdymo ir \u0161velnaus ap\u0161vietimo. Be to, \u0161ie roletai u\u017etikrina privatumo apsaug\u0105 ir tampa eleganti\u0161ku interjero akcentu, puikiai tinkan\u010diu tiek klasikiniam, tiek moderniam interjerui.<\/p>\n<h3 class=\"\" data-start=\"855\" data-end=\"921\"><strong data-start=\"859\" data-end=\"921\">Kod\u0117l Rinktis Roletus Diena-Naktis su Automatiniu Valdymu?<\/strong><\/h3>\n<p class=\"\" data-start=\"923\" data-end=\"1376\">Roletai Diena-Naktis su automatiniu valdymu \u2013 tai inovatyvus lang\u0173 u\u017edengimo sprendimas, kuris leid\u017eia patogiai ir tiksliai reguliuoti nat\u016bralios \u0161viesos kiek\u012f. Dvigubas audinys su permatomomis ir u\u017etemdan\u010diomis juostomis leid\u017eia pasirinkti norim\u0105 \u0161viesos lyg\u012f ir u\u017etikrina privatum\u0105. Automatizuotas valdymas suteikia dar daugiau patogumo, nes galite nustatyti rolet\u0173 pozicijas pagal savo poreikius tiesiog naudojant nuotolin\u012f<a href=\"https:\/\/www.youtube.com\/watch?v=dWS0Cighlr0\" target=\"_blank\" rel=\"noopener\"> valdymo pultel\u012f<\/a> ar program\u0117l\u0119.<\/p>\n<h3 class=\"\" data-start=\"1383\" data-end=\"1465\"><strong data-start=\"1387\" data-end=\"1465\">Roletai Diena-Naktis su Automatiniu Valdymu \u2013 Funkcionalumas ir Elegancija<\/strong><\/h3>\n<p class=\"\" data-start=\"1467\" data-end=\"1893\">Roletai Diena-Naktis su automatiniu valdymu yra puikus pasirinkimas tiek namams, tiek biurams. Galimyb\u0117 reguliuoti \u0161vies\u0105 ir privatumo lyg\u012f leid\u017eia sukurti komforti\u0161k\u0105 aplink\u0105 bet kuriuo metu. Roletai Diena-Naktis su automatiniu valdymu ne tik apsaugo nuo saul\u0117s spinduli\u0173, bet ir suteikia interjerui modern\u0173 akcent\u0105, kur\u012f lengvai pritaikysite pagal savo asmenin\u012f stili\u0173.<\/p>\n<h3 class=\"\" data-start=\"1900\" data-end=\"1992\"><strong data-start=\"1904\" data-end=\"1992\">Roletai Diena-Naktis su Automatiniu Valdymu matmenys:<\/strong><\/h3>\n<p class=\"\" data-start=\"1994\" data-end=\"2128\">Rekomenduojama rinktis platesniam langui, kurio matmenys:<\/p>\n<ul>\n<li data-start=\"1994\" data-end=\"2128\">auk\u0161tis [200-2500]<\/li>\n<li data-start=\"1994\" data-end=\"2128\">plotis [630-2500]<\/li>\n<\/ul>\n<h3 class=\"\" data-start=\"2199\" data-end=\"2284\"><strong data-start=\"2203\" data-end=\"2284\">Roletai Diena-Naktis su Automatiniu Valdymu \u2013 Populiarus pasirinkimas Lietuvoje:<\/strong><\/h3>\n<p class=\"\" data-start=\"2286\" data-end=\"2679\"><strong data-start=\"2286\" data-end=\"2333\">Roletai Diena-Naktis su automatiniu valdymu<\/strong> yra vienas i\u0161 populiariausi\u0173 pasirinkim\u0173 Lietuvoje. D\u0117l galimyb\u0117s reguliuoti \u0161vies\u0105 pagal poreikius, \u0161ie roletai tapo m\u0117giami tarp klient\u0173, siekian\u010di\u0173 prakti\u0161kumo ir estetikos. <strong data-start=\"2511\" data-end=\"2558\">Roletai Diena-Naktis su automatiniu valdymu<\/strong> dar labiau padidina patogum\u0105, nes \u0161ie roletai gali b\u016bti valdomi nuotoliniu b\u016bdu arba automati\u0161kai pagal nustatyt\u0105 laik\u0105.<\/p>\n<p class=\"\" data-start=\"2752\" data-end=\"2889\"><strong data-start=\"2752\" data-end=\"2799\">Roletai Diena-Naktis su automatiniu valdymu<\/strong> susideda i\u0161 dvigubo audinio, kur\u012f sudaro du pakaitomis i\u0161d\u0117styti horizontal\u016bs sluoksniai:<\/p>\n<ul data-start=\"2891\" data-end=\"2996\">\n<li class=\"\" data-start=\"2891\" data-end=\"2942\">\n<p class=\"\" data-start=\"2893\" data-end=\"2942\"><strong data-start=\"2893\" data-end=\"2906\">Tinklelis<\/strong>, kuris praleid\u017eia saul\u0117s spindulius<\/p>\n<\/li>\n<li class=\"\" data-start=\"2943\" data-end=\"2996\">\n<p class=\"\" data-start=\"2945\" data-end=\"2996\"><strong data-start=\"2945\" data-end=\"2956\">Audinys<\/strong>, ribojantis \u0161viesos patekim\u0105 \u012f patalpas<\/p>\n<\/li>\n<\/ul>\n<p class=\"\" data-start=\"2998\" data-end=\"3387\">\u0160ie du ZEBRA tipo audinio sluoksniai leid\u017eia sukurti pritemdymo efekt\u0105, u\u017etemdyti kambar\u012f arba visi\u0161kai atidaryti roletus ir \u012fsileisti \u0161vies\u0105. Be pagrindini\u0173 nustatym\u0173, <strong data-start=\"3167\" data-end=\"3214\">roletai Diena-Naktis su automatiniu valdymu<\/strong> taip pat leid\u017eia pasirinkti \u012fvairius tarpinius \u0161viesos re\u017eimus pagal poreik\u012f. Automatizuotas valdymas u\u017etikrina, kad \u0161ie nustatymai b\u016bt\u0173 lengvai pasiekiami bet kuriuo metu.<\/p>\n<h3 class=\"\" data-start=\"3394\" data-end=\"3474\"><strong data-start=\"3398\" data-end=\"3474\">Platus Audini\u0173 Asortimentas Roletams Diena-Naktis su Automatiniu Valdymu<\/strong><\/h3>\n<p class=\"\" data-start=\"3476\" data-end=\"3826\">DEXTERA si\u016blo plat\u0173 <strong data-start=\"3496\" data-end=\"3542\">rolet\u0173 Diena-Naktis su automatiniu valdymu<\/strong> audini\u0173 pasirinkim\u0105, kad atitikt\u0173 \u012fvairius stiliaus ir interjero poreikius. Palet\u0117je rasite tiek nat\u016brali\u0173, \u017eemi\u0161k\u0173 ton\u0173, tiek ry\u0161ki\u0173 ir i\u0161rai\u0161king\u0173 spalv\u0173 audinius. Galite pasirinkti audinius, kurie geriausiai tiks j\u016bs\u0173 kambario dizainui ir suteiks tiek dienos, tiek nakties efekt\u0105.<\/p>\n<p class=\"\" data-start=\"3913\" data-end=\"4281\"><strong data-start=\"3913\" data-end=\"3960\">Roletai Diena-Naktis su automatiniu valdymu<\/strong> gali b\u016bti vienspalviai arba su \u012fvairiais ra\u0161tais. Skirtingi ra\u0161t\u0173 intensyvumai ir stiliai puikiai tiks \u012fvairiose patalpose \u2013 virtuv\u0117je, svetain\u0117je, miegamajame ar net darbo kambaryje ar vaik\u0173 kambariuose. Pasirinkite audinius pagal savo pageidavimus ir m\u0117gaukit\u0117s tiek dienos, tiek nakties efektu su automatiniu valdymu.<\/p>\n","protected":false},"excerpt":{"rendered":"<p>Roletai Diena-Naktis su Automatiniu Valdymu \u2013 Modernus ir Funkcionalus Sprendimas J\u016bs\u0173 Namams: Roletai Diena-Naktis su automatiniu valdymu \u2013 tai modernus ir funkcionalus lang\u0173 u\u017edengimo sprendimas, leid\u017eiantis lengvai reguliuoti \u0161viesos patekim\u0105 \u012f patalpas. \u0160ie roletai pasi\u017eymi dvigubu sluoksnio audiniu su horizontaliomis juostomis, suteikian\u010diomis galimyb\u0119 pasirinkti tarp visi\u0161ko u\u017etemdymo ir \u0161velnaus ap\u0161vietimo. Be to, \u0161ie roletai u\u017etikrina [&hellip;]<\/p>\n","protected":false},"featured_media":204,"template":"","meta":{"inline_featured_image":false},"product_brand":[],"product_cat":[18,57],"product_tag":[],"class_list":{"0":"post-3145","1":"product","2":"type-product","3":"status-publish","4":"has-post-thumbnail","6":"product_cat-roletai-automatiniai","7":"product_cat-roletai-internetu","8":"product_shipping_class-vidaus-gaminiai","9":"tm-has-options","11":"first","12":"instock","13":"taxable","14":"shipping-taxable","15":"purchasable","16":"product-type-simple"},"acf":[],"yoast_head":"<!-- This site is optimized with the Yoast SEO plugin v27.4 - https:\/\/yoast.com\/product\/yoast-seo-wordpress\/ -->\n<title>Roletai DIENA-NAKTIS, automatinis valdymas I sunnyblinds.lv<\/title>\n<meta name=\"description\" content=\"Roletai internetu - pigiau! I\u0161sirinkite rolet\u0173 audin\u012f, nurodykite rolet\u0173 matmenis ir gaminys netrukus bus pagamintas. Pristatymas visoje Lietuvoje!\" \/>\n<meta name=\"robots\" content=\"index, follow, max-snippet:-1, max-image-preview:large, max-video-preview:-1\" \/>\n<link rel=\"canonical\" href=\"https:\/\/sunnyblinds.lv\/gaminys\/roletai-diena-naktis-laisvai-kabantys-m-automatinis-valdymas\/\" \/>\n<meta property=\"og:locale\" content=\"lt_LT\" \/>\n<meta property=\"og:type\" content=\"article\" \/>\n<meta property=\"og:title\" content=\"Roletai DIENA-NAKTIS, automatinis valdymas I sunnyblinds.lv\" \/>\n<meta property=\"og:description\" content=\"Roletai internetu - pigiau! I\u0161sirinkite rolet\u0173 audin\u012f, nurodykite rolet\u0173 matmenis ir gaminys netrukus bus pagamintas. Pristatymas visoje Lietuvoje!\" \/>\n<meta property=\"og:url\" content=\"https:\/\/sunnyblinds.lv\/gaminys\/roletai-diena-naktis-laisvai-kabantys-m-automatinis-valdymas\/\" \/>\n<meta property=\"og:site_name\" content=\"Dextera\" \/>\n<meta property=\"article:modified_time\" content=\"2025-06-03T06:34:19+00:00\" \/>\n<meta property=\"og:image\" content=\"https:\/\/sunnyblinds.lv\/wp-content\/uploads\/2023\/07\/salio-min.png\" \/>\n\t<meta property=\"og:image:width\" content=\"2000\" \/>\n\t<meta property=\"og:image:height\" content=\"2000\" \/>\n\t<meta property=\"og:image:type\" content=\"image\/png\" \/>\n<meta name=\"twitter:card\" content=\"summary_large_image\" \/>\n<meta name=\"twitter:label1\" content=\"Est. reading time\" \/>\n\t<meta name=\"twitter:data1\" content=\"3 minut\u0117s\" \/>\n<script type=\"application\/ld+json\" class=\"yoast-schema-graph\">{\"@context\":\"https:\\\/\\\/schema.org\",\"@graph\":[{\"@type\":\"WebPage\",\"@id\":\"https:\\\/\\\/sunnyblinds.lv\\\/gaminys\\\/roletai-diena-naktis-laisvai-kabantys-m-automatinis-valdymas\\\/\",\"url\":\"https:\\\/\\\/sunnyblinds.lv\\\/gaminys\\\/roletai-diena-naktis-laisvai-kabantys-m-automatinis-valdymas\\\/\",\"name\":\"Roletai DIENA-NAKTIS, automatinis valdymas I sunnyblinds.lv\",\"isPartOf\":{\"@id\":\"https:\\\/\\\/sunnyblinds.lv\\\/#website\"},\"primaryImageOfPage\":{\"@id\":\"https:\\\/\\\/sunnyblinds.lv\\\/gaminys\\\/roletai-diena-naktis-laisvai-kabantys-m-automatinis-valdymas\\\/#primaryimage\"},\"image\":{\"@id\":\"https:\\\/\\\/sunnyblinds.lv\\\/gaminys\\\/roletai-diena-naktis-laisvai-kabantys-m-automatinis-valdymas\\\/#primaryimage\"},\"thumbnailUrl\":\"https:\\\/\\\/sunnyblinds.lv\\\/wp-content\\\/uploads\\\/2023\\\/07\\\/salio-min.png\",\"datePublished\":\"2024-08-29T12:21:47+00:00\",\"dateModified\":\"2025-06-03T06:34:19+00:00\",\"description\":\"Roletai internetu - pigiau! I\u0161sirinkite rolet\u0173 audin\u012f, nurodykite rolet\u0173 matmenis ir gaminys netrukus bus pagamintas. Pristatymas visoje Lietuvoje!\",\"breadcrumb\":{\"@id\":\"https:\\\/\\\/sunnyblinds.lv\\\/gaminys\\\/roletai-diena-naktis-laisvai-kabantys-m-automatinis-valdymas\\\/#breadcrumb\"},\"inLanguage\":\"lt-LT\",\"potentialAction\":[{\"@type\":\"ReadAction\",\"target\":[\"https:\\\/\\\/sunnyblinds.lv\\\/gaminys\\\/roletai-diena-naktis-laisvai-kabantys-m-automatinis-valdymas\\\/\"]}]},{\"@type\":\"ImageObject\",\"inLanguage\":\"lt-LT\",\"@id\":\"https:\\\/\\\/sunnyblinds.lv\\\/gaminys\\\/roletai-diena-naktis-laisvai-kabantys-m-automatinis-valdymas\\\/#primaryimage\",\"url\":\"https:\\\/\\\/sunnyblinds.lv\\\/wp-content\\\/uploads\\\/2023\\\/07\\\/salio-min.png\",\"contentUrl\":\"https:\\\/\\\/sunnyblinds.lv\\\/wp-content\\\/uploads\\\/2023\\\/07\\\/salio-min.png\",\"width\":2000,\"height\":2000,\"caption\":\"Roletai, \u017ealiuz\u0117s, tinkleliai nuo uod\u0173\"},{\"@type\":\"BreadcrumbList\",\"@id\":\"https:\\\/\\\/sunnyblinds.lv\\\/gaminys\\\/roletai-diena-naktis-laisvai-kabantys-m-automatinis-valdymas\\\/#breadcrumb\",\"itemListElement\":[{\"@type\":\"ListItem\",\"position\":1,\"name\":\"Home\",\"item\":\"https:\\\/\\\/sunnyblinds.lv\\\/\"},{\"@type\":\"ListItem\",\"position\":2,\"name\":\"Elektronin\u0117 parduotuv\u0117\",\"item\":\"https:\\\/\\\/sunnyblinds.lv\\\/parduotuve\\\/\"},{\"@type\":\"ListItem\",\"position\":3,\"name\":\"Roletai DIENA-NAKTIS laisvai kabantys (M) (automatinis valdymas)\"}]},{\"@type\":\"WebSite\",\"@id\":\"https:\\\/\\\/sunnyblinds.lv\\\/#website\",\"url\":\"https:\\\/\\\/sunnyblinds.lv\\\/\",\"name\":\"Dextera\",\"description\":\"LV eshop\",\"publisher\":{\"@id\":\"https:\\\/\\\/sunnyblinds.lv\\\/#organization\"},\"potentialAction\":[{\"@type\":\"SearchAction\",\"target\":{\"@type\":\"EntryPoint\",\"urlTemplate\":\"https:\\\/\\\/sunnyblinds.lv\\\/?s={search_term_string}\"},\"query-input\":{\"@type\":\"PropertyValueSpecification\",\"valueRequired\":true,\"valueName\":\"search_term_string\"}}],\"inLanguage\":\"lt-LT\"},{\"@type\":\"Organization\",\"@id\":\"https:\\\/\\\/sunnyblinds.lv\\\/#organization\",\"name\":\"Dextera\",\"url\":\"https:\\\/\\\/sunnyblinds.lv\\\/\",\"logo\":{\"@type\":\"ImageObject\",\"inLanguage\":\"lt-LT\",\"@id\":\"https:\\\/\\\/sunnyblinds.lv\\\/#\\\/schema\\\/logo\\\/image\\\/\",\"url\":\"https:\\\/\\\/sunnyblinds.lv\\\/wp-content\\\/uploads\\\/2024\\\/03\\\/DEXTERA_su-sukiu_tamsiai-melynas-e1710914216478.png\",\"contentUrl\":\"https:\\\/\\\/sunnyblinds.lv\\\/wp-content\\\/uploads\\\/2024\\\/03\\\/DEXTERA_su-sukiu_tamsiai-melynas-e1710914216478.png\",\"width\":200,\"height\":53,\"caption\":\"Dextera\"},\"image\":{\"@id\":\"https:\\\/\\\/sunnyblinds.lv\\\/#\\\/schema\\\/logo\\\/image\\\/\"}}]}<\/script>\n<!-- \/ Yoast SEO plugin. -->","yoast_head_json":{"title":"Roletai DIENA-NAKTIS, automatinis valdymas I sunnyblinds.lv","description":"Roletai internetu - pigiau! I\u0161sirinkite rolet\u0173 audin\u012f, nurodykite rolet\u0173 matmenis ir gaminys netrukus bus pagamintas. Pristatymas visoje Lietuvoje!","robots":{"index":"index","follow":"follow","max-snippet":"max-snippet:-1","max-image-preview":"max-image-preview:large","max-video-preview":"max-video-preview:-1"},"canonical":"https:\/\/sunnyblinds.lv\/gaminys\/roletai-diena-naktis-laisvai-kabantys-m-automatinis-valdymas\/","og_locale":"lt_LT","og_type":"article","og_title":"Roletai DIENA-NAKTIS, automatinis valdymas I sunnyblinds.lv","og_description":"Roletai internetu - pigiau! I\u0161sirinkite rolet\u0173 audin\u012f, nurodykite rolet\u0173 matmenis ir gaminys netrukus bus pagamintas. Pristatymas visoje Lietuvoje!","og_url":"https:\/\/sunnyblinds.lv\/gaminys\/roletai-diena-naktis-laisvai-kabantys-m-automatinis-valdymas\/","og_site_name":"Dextera","article_modified_time":"2025-06-03T06:34:19+00:00","og_image":[{"width":2000,"height":2000,"url":"https:\/\/sunnyblinds.lv\/wp-content\/uploads\/2023\/07\/salio-min.png","type":"image\/png"}],"twitter_card":"summary_large_image","twitter_misc":{"Est. reading time":"3 minut\u0117s"},"schema":{"@context":"https:\/\/schema.org","@graph":[{"@type":"WebPage","@id":"https:\/\/sunnyblinds.lv\/gaminys\/roletai-diena-naktis-laisvai-kabantys-m-automatinis-valdymas\/","url":"https:\/\/sunnyblinds.lv\/gaminys\/roletai-diena-naktis-laisvai-kabantys-m-automatinis-valdymas\/","name":"Roletai DIENA-NAKTIS, automatinis valdymas I sunnyblinds.lv","isPartOf":{"@id":"https:\/\/sunnyblinds.lv\/#website"},"primaryImageOfPage":{"@id":"https:\/\/sunnyblinds.lv\/gaminys\/roletai-diena-naktis-laisvai-kabantys-m-automatinis-valdymas\/#primaryimage"},"image":{"@id":"https:\/\/sunnyblinds.lv\/gaminys\/roletai-diena-naktis-laisvai-kabantys-m-automatinis-valdymas\/#primaryimage"},"thumbnailUrl":"https:\/\/sunnyblinds.lv\/wp-content\/uploads\/2023\/07\/salio-min.png","datePublished":"2024-08-29T12:21:47+00:00","dateModified":"2025-06-03T06:34:19+00:00","description":"Roletai internetu - pigiau! I\u0161sirinkite rolet\u0173 audin\u012f, nurodykite rolet\u0173 matmenis ir gaminys netrukus bus pagamintas. Pristatymas visoje Lietuvoje!","breadcrumb":{"@id":"https:\/\/sunnyblinds.lv\/gaminys\/roletai-diena-naktis-laisvai-kabantys-m-automatinis-valdymas\/#breadcrumb"},"inLanguage":"lt-LT","potentialAction":[{"@type":"ReadAction","target":["https:\/\/sunnyblinds.lv\/gaminys\/roletai-diena-naktis-laisvai-kabantys-m-automatinis-valdymas\/"]}]},{"@type":"ImageObject","inLanguage":"lt-LT","@id":"https:\/\/sunnyblinds.lv\/gaminys\/roletai-diena-naktis-laisvai-kabantys-m-automatinis-valdymas\/#primaryimage","url":"https:\/\/sunnyblinds.lv\/wp-content\/uploads\/2023\/07\/salio-min.png","contentUrl":"https:\/\/sunnyblinds.lv\/wp-content\/uploads\/2023\/07\/salio-min.png","width":2000,"height":2000,"caption":"Roletai, \u017ealiuz\u0117s, tinkleliai nuo uod\u0173"},{"@type":"BreadcrumbList","@id":"https:\/\/sunnyblinds.lv\/gaminys\/roletai-diena-naktis-laisvai-kabantys-m-automatinis-valdymas\/#breadcrumb","itemListElement":[{"@type":"ListItem","position":1,"name":"Home","item":"https:\/\/sunnyblinds.lv\/"},{"@type":"ListItem","position":2,"name":"Elektronin\u0117 parduotuv\u0117","item":"https:\/\/sunnyblinds.lv\/parduotuve\/"},{"@type":"ListItem","position":3,"name":"Roletai DIENA-NAKTIS laisvai kabantys (M) (automatinis valdymas)"}]},{"@type":"WebSite","@id":"https:\/\/sunnyblinds.lv\/#website","url":"https:\/\/sunnyblinds.lv\/","name":"Dextera","description":"LV eshop","publisher":{"@id":"https:\/\/sunnyblinds.lv\/#organization"},"potentialAction":[{"@type":"SearchAction","target":{"@type":"EntryPoint","urlTemplate":"https:\/\/sunnyblinds.lv\/?s={search_term_string}"},"query-input":{"@type":"PropertyValueSpecification","valueRequired":true,"valueName":"search_term_string"}}],"inLanguage":"lt-LT"},{"@type":"Organization","@id":"https:\/\/sunnyblinds.lv\/#organization","name":"Dextera","url":"https:\/\/sunnyblinds.lv\/","logo":{"@type":"ImageObject","inLanguage":"lt-LT","@id":"https:\/\/sunnyblinds.lv\/#\/schema\/logo\/image\/","url":"https:\/\/sunnyblinds.lv\/wp-content\/uploads\/2024\/03\/DEXTERA_su-sukiu_tamsiai-melynas-e1710914216478.png","contentUrl":"https:\/\/sunnyblinds.lv\/wp-content\/uploads\/2024\/03\/DEXTERA_su-sukiu_tamsiai-melynas-e1710914216478.png","width":200,"height":53,"caption":"Dextera"},"image":{"@id":"https:\/\/sunnyblinds.lv\/#\/schema\/logo\/image\/"}}]}},"_links":{"self":[{"href":"https:\/\/sunnyblinds.lv\/lt\/wp-json\/wp\/v2\/product\/3145","targetHints":{"allow":["GET"]}}],"collection":[{"href":"https:\/\/sunnyblinds.lv\/lt\/wp-json\/wp\/v2\/product"}],"about":[{"href":"https:\/\/sunnyblinds.lv\/lt\/wp-json\/wp\/v2\/types\/product"}],"wp:featuredmedia":[{"embeddable":true,"href":"https:\/\/sunnyblinds.lv\/lt\/wp-json\/wp\/v2\/media\/204"}],"wp:attachment":[{"href":"https:\/\/sunnyblinds.lv\/lt\/wp-json\/wp\/v2\/media?parent=3145"}],"wp:term":[{"taxonomy":"product_brand","embeddable":true,"href":"https:\/\/sunnyblinds.lv\/lt\/wp-json\/wp\/v2\/product_brand?post=3145"},{"taxonomy":"product_cat","embeddable":true,"href":"https:\/\/sunnyblinds.lv\/lt\/wp-json\/wp\/v2\/product_cat?post=3145"},{"taxonomy":"product_tag","embeddable":true,"href":"https:\/\/sunnyblinds.lv\/lt\/wp-json\/wp\/v2\/product_tag?post=3145"}],"curies":[{"name":"wp","href":"https:\/\/api.w.org\/{rel}","templated":true}]}}