{"id":3141,"date":"2024-08-29T15:14:59","date_gmt":"2024-08-29T12:14:59","guid":{"rendered":"https:\/\/e.dextera.lt\/?post_type=product&#038;p=3141"},"modified":"2025-06-03T09:38:34","modified_gmt":"2025-06-03T06:38:34","slug":"roletai-diena-naktis-laisvai-kabantys-s-automatinis-valdymas","status":"publish","type":"product","link":"https:\/\/sunnyblinds.lv\/lt\/gaminys\/roletai-diena-naktis-laisvai-kabantys-s-automatinis-valdymas\/","title":{"rendered":"Roletai DIENA &#8211; NAKTIS laisvai kabantys (S) (automatinis valdymas)"},"content":{"rendered":"<h2 class=\"\" data-start=\"445\" data-end=\"533\"><strong data-start=\"451\" data-end=\"533\">Roletai DIENA-NAKTIS su <a href=\"https:\/\/sunnyblinds.lv\/kategorija\/roletai-automatiniai\/\" target=\"_blank\" rel=\"noopener\">automatiniu valdymu<\/a> \u2013 komfortas ir stilius be pastang\u0173<\/strong><\/h2>\n<p class=\"\" data-start=\"424\" data-end=\"796\"><strong data-start=\"424\" data-end=\"471\">Roletai DIENA-NAKTIS su automatiniu valdymu<\/strong> \u2013 tai inovatyvus sprendimas tiems, kurie nori m\u0117gautis patogiu \u0161viesos reguliavimu ir stilingu interjeru. \u0160ie laisvai kabantys roletai pasi\u017eymi funkcionalumu, eleganti\u0161ku dizainu ir paprastu naudojimu. Jie puikiai tinka tiek klasikiniam, tiek moderniam b\u016bstui, ypa\u010d kai norisi atsisakyti sunkesni\u0173, masyvesni\u0173 lang\u0173 u\u017edang\u0173.<\/p>\n<p class=\"\" data-start=\"798\" data-end=\"1093\">Automatinis valdymas leid\u017eia roletus reguliuoti <a href=\"https:\/\/www.youtube.com\/watch?v=dWS0Cighlr0\" target=\"_blank\" rel=\"noopener\">pulteliu<\/a>, i\u0161mani\u0105ja program\u0117le.\u00a0 Toks sprendimas suteikia dar daugiau komforto, nes \u0161viesa ir privatumas valdomi be jokio fizinio kontakto.<\/p>\n<h3 class=\"\" data-start=\"1035\" data-end=\"1102\"><strong data-start=\"1042\" data-end=\"1102\">Idealiai tinka ma\u017eesniems langams ir siauresn\u0117ms erdv\u0117ms<\/strong><\/h3>\n<p class=\"\" data-start=\"1104\" data-end=\"1162\"><strong data-start=\"1104\" data-end=\"1125\">S dyd\u017eio modeliai<\/strong> yra pritaikyti siauresniems langams:<\/p>\n<ul data-start=\"1163\" data-end=\"1215\">\n<li class=\"\" data-start=\"1163\" data-end=\"1189\">\n<p class=\"\" data-start=\"1165\" data-end=\"1189\">Auk\u0161tis: <strong data-start=\"1174\" data-end=\"1189\">200\u20132500 mm<\/strong><\/p>\n<\/li>\n<li class=\"\" data-start=\"1190\" data-end=\"1215\">\n<p class=\"\" data-start=\"1192\" data-end=\"1215\">Plotis: <strong data-start=\"1200\" data-end=\"1215\">600\u20132000 mm<\/strong><\/p>\n<\/li>\n<\/ul>\n<p class=\"\" data-start=\"1217\" data-end=\"1376\">\u0160ie roletai ypa\u010d tinka kompakti\u0161koms erdv\u0117ms, tokioms kaip vonios, virtuv\u0117s ar vaik\u0173 kambariai, kur svarbu u\u017etikrinti tiek privatum\u0105, tiek nat\u016bral\u0173 ap\u0161vietim\u0105.<\/p>\n<h2 class=\"\" data-start=\"1535\" data-end=\"1589\"><strong data-start=\"1538\" data-end=\"1589\">Diena ir naktis \u2013 \u0161viesos balansas j\u016bs\u0173 namuose<\/strong><\/h2>\n<p class=\"\" data-start=\"1591\" data-end=\"1761\">Roletai sukurti i\u0161 dvigubo ZEBRA tipo audinio, kuriame permatomos ir nepermatomos juostos i\u0161d\u0117stytos pakaitomis. Tai leid\u017eia reguliuoti \u0161vies\u0105 tiksliai taip, kaip reikia:<\/p>\n<ul data-start=\"1762\" data-end=\"1955\">\n<li class=\"\" data-start=\"1762\" data-end=\"1818\">\n<p class=\"\" data-start=\"1764\" data-end=\"1818\"><strong data-start=\"1764\" data-end=\"1787\">Pusinis pritemdymas<\/strong> \u2013 subtilus \u0161e\u0161\u0117lis dienos metu<\/p>\n<\/li>\n<li class=\"\" data-start=\"1819\" data-end=\"1882\">\n<p class=\"\" data-start=\"1821\" data-end=\"1882\"><strong data-start=\"1821\" data-end=\"1842\">Pilnas u\u017etemdymas<\/strong> \u2013 puikus sprendimas vakarui ar poilsiui<\/p>\n<\/li>\n<li class=\"\" data-start=\"1883\" data-end=\"1955\">\n<p class=\"\" data-start=\"1885\" data-end=\"1955\"><strong data-start=\"1885\" data-end=\"1911\">Maksimalus ap\u0161vietimas<\/strong> \u2013 kai norisi kuo daugiau nat\u016bralios \u0161viesos<\/p>\n<\/li>\n<\/ul>\n<p class=\"\" data-start=\"1957\" data-end=\"2066\">Tarp \u0161i\u0173 pad\u0117\u010di\u0173 \u2013 daugyb\u0117 tarpini\u0173 variant\u0173, kurie gali b\u016bti nustatomi automati\u0161kai pagal j\u016bs\u0173 dienos ritm\u0105.<\/p>\n<h3 class=\"\" data-start=\"1806\" data-end=\"1854\"><strong data-start=\"1813\" data-end=\"1854\">Universalus dizainas namams ir biurui<\/strong><\/h3>\n<p class=\"\" data-start=\"1856\" data-end=\"2125\">\u0160iuolaikinis dizainas ir galimyb\u0117 rinktis i\u0161 \u012fvairi\u0173 audini\u0173 spalv\u0173 bei fakt\u016br\u0173 leid\u017eia \u0161iuos roletus lengvai priderinti prie bet kokio interjero \u2013 nuo klasikinio iki modernaus. Galimi tiek vienspalviai, tiek ra\u0161tuoti modeliai, kurie sukuria jaukumo ir lengvumo poj\u016bt\u012f.<\/p>\n<h3 class=\"\" data-start=\"2132\" data-end=\"2175\"><strong data-start=\"2138\" data-end=\"2175\">Roletai DIENA &#8211; NAKTIS sprendimas, kuris itin populiarus Lietuvoje:<\/strong><\/h3>\n<p class=\"\" data-start=\"2177\" data-end=\"2259\">Lietuvoje tai vienas i\u0161 da\u017eniausiai pasirenkam\u0173 lang\u0173 u\u017edengimo variant\u0173 d\u0117l savo:<\/p>\n<ul data-start=\"2260\" data-end=\"2322\">\n<li class=\"\" data-start=\"2260\" data-end=\"2275\">\n<p class=\"\" data-start=\"2262\" data-end=\"2275\">funkcionalumo<\/p>\n<\/li>\n<li class=\"\" data-start=\"2276\" data-end=\"2291\">\n<p class=\"\" data-start=\"2278\" data-end=\"2291\">ilgaam\u017ei\u0161kumo<\/p>\n<\/li>\n<li class=\"\" data-start=\"2292\" data-end=\"2303\">\n<p class=\"\" data-start=\"2294\" data-end=\"2303\">i\u0161vaizdos<\/p>\n<\/li>\n<li class=\"\" data-start=\"2304\" data-end=\"2322\">\n<p class=\"\" data-start=\"2306\" data-end=\"2322\">patogaus valdymo<\/p>\n<\/li>\n<\/ul>\n<p class=\"\" data-start=\"2324\" data-end=\"2427\">\u0160is sprendimas leid\u017eia gyventi patogiau ir stilingiau \u2013 be kasdieni\u0173 r\u016bpes\u010di\u0173 d\u0117l \u0161viesos ar privatumo.<\/p>\n","protected":false},"excerpt":{"rendered":"<p>Roletai DIENA-NAKTIS su automatiniu valdymu \u2013 komfortas ir stilius be pastang\u0173 Roletai DIENA-NAKTIS su automatiniu valdymu \u2013 tai inovatyvus sprendimas tiems, kurie nori m\u0117gautis patogiu \u0161viesos reguliavimu ir stilingu interjeru. \u0160ie laisvai kabantys roletai pasi\u017eymi funkcionalumu, eleganti\u0161ku dizainu ir paprastu naudojimu. Jie puikiai tinka tiek klasikiniam, tiek moderniam b\u016bstui, ypa\u010d kai norisi atsisakyti sunkesni\u0173, masyvesni\u0173 [&hellip;]<\/p>\n","protected":false},"featured_media":204,"template":"","meta":{"inline_featured_image":false},"product_brand":[],"product_cat":[18,57],"product_tag":[],"class_list":{"0":"post-3141","1":"product","2":"type-product","3":"status-publish","4":"has-post-thumbnail","6":"product_cat-roletai-automatiniai","7":"product_cat-roletai-internetu","8":"product_shipping_class-vidaus-gaminiai","9":"tm-has-options","11":"first","12":"instock","13":"taxable","14":"shipping-taxable","15":"purchasable","16":"product-type-simple"},"acf":[],"yoast_head":"<!-- This site is optimized with the Yoast SEO plugin v27.4 - https:\/\/yoast.com\/product\/yoast-seo-wordpress\/ -->\n<title>Roletai DIENA-NAKTIS, automatinis valdymas I sunnyblinds.lv<\/title>\n<meta name=\"description\" content=\"Ie\u0161kote sprendimo langams? Roletai DIENA-NAKTIS su automatiniu valdymu \u2013 tai patogumas, funkcionalumas ir elegancija viename.\" \/>\n<meta name=\"robots\" content=\"index, follow, max-snippet:-1, max-image-preview:large, max-video-preview:-1\" \/>\n<link rel=\"canonical\" href=\"https:\/\/sunnyblinds.lv\/gaminys\/roletai-diena-naktis-laisvai-kabantys-s-automatinis-valdymas\/\" \/>\n<meta property=\"og:locale\" content=\"lt_LT\" \/>\n<meta property=\"og:type\" content=\"article\" \/>\n<meta property=\"og:title\" content=\"Roletai DIENA-NAKTIS, automatinis valdymas I sunnyblinds.lv\" \/>\n<meta property=\"og:description\" content=\"Ie\u0161kote sprendimo langams? Roletai DIENA-NAKTIS su automatiniu valdymu \u2013 tai patogumas, funkcionalumas ir elegancija viename.\" \/>\n<meta property=\"og:url\" content=\"https:\/\/sunnyblinds.lv\/gaminys\/roletai-diena-naktis-laisvai-kabantys-s-automatinis-valdymas\/\" \/>\n<meta property=\"og:site_name\" content=\"Dextera\" \/>\n<meta property=\"article:modified_time\" content=\"2025-06-03T06:38:34+00:00\" \/>\n<meta property=\"og:image\" content=\"https:\/\/sunnyblinds.lv\/wp-content\/uploads\/2023\/07\/salio-min.png\" \/>\n\t<meta property=\"og:image:width\" content=\"2000\" \/>\n\t<meta property=\"og:image:height\" content=\"2000\" \/>\n\t<meta property=\"og:image:type\" content=\"image\/png\" \/>\n<meta name=\"twitter:card\" content=\"summary_large_image\" \/>\n<meta name=\"twitter:label1\" content=\"Est. reading time\" \/>\n\t<meta name=\"twitter:data1\" content=\"2 minut\u0117s\" \/>\n<script type=\"application\/ld+json\" class=\"yoast-schema-graph\">{\"@context\":\"https:\\\/\\\/schema.org\",\"@graph\":[{\"@type\":\"WebPage\",\"@id\":\"https:\\\/\\\/sunnyblinds.lv\\\/gaminys\\\/roletai-diena-naktis-laisvai-kabantys-s-automatinis-valdymas\\\/\",\"url\":\"https:\\\/\\\/sunnyblinds.lv\\\/gaminys\\\/roletai-diena-naktis-laisvai-kabantys-s-automatinis-valdymas\\\/\",\"name\":\"Roletai DIENA-NAKTIS, automatinis valdymas I sunnyblinds.lv\",\"isPartOf\":{\"@id\":\"https:\\\/\\\/sunnyblinds.lv\\\/#website\"},\"primaryImageOfPage\":{\"@id\":\"https:\\\/\\\/sunnyblinds.lv\\\/gaminys\\\/roletai-diena-naktis-laisvai-kabantys-s-automatinis-valdymas\\\/#primaryimage\"},\"image\":{\"@id\":\"https:\\\/\\\/sunnyblinds.lv\\\/gaminys\\\/roletai-diena-naktis-laisvai-kabantys-s-automatinis-valdymas\\\/#primaryimage\"},\"thumbnailUrl\":\"https:\\\/\\\/sunnyblinds.lv\\\/wp-content\\\/uploads\\\/2023\\\/07\\\/salio-min.png\",\"datePublished\":\"2024-08-29T12:14:59+00:00\",\"dateModified\":\"2025-06-03T06:38:34+00:00\",\"description\":\"Ie\u0161kote sprendimo langams? Roletai DIENA-NAKTIS su automatiniu valdymu \u2013 tai patogumas, funkcionalumas ir elegancija viename.\",\"breadcrumb\":{\"@id\":\"https:\\\/\\\/sunnyblinds.lv\\\/gaminys\\\/roletai-diena-naktis-laisvai-kabantys-s-automatinis-valdymas\\\/#breadcrumb\"},\"inLanguage\":\"lt-LT\",\"potentialAction\":[{\"@type\":\"ReadAction\",\"target\":[\"https:\\\/\\\/sunnyblinds.lv\\\/gaminys\\\/roletai-diena-naktis-laisvai-kabantys-s-automatinis-valdymas\\\/\"]}]},{\"@type\":\"ImageObject\",\"inLanguage\":\"lt-LT\",\"@id\":\"https:\\\/\\\/sunnyblinds.lv\\\/gaminys\\\/roletai-diena-naktis-laisvai-kabantys-s-automatinis-valdymas\\\/#primaryimage\",\"url\":\"https:\\\/\\\/sunnyblinds.lv\\\/wp-content\\\/uploads\\\/2023\\\/07\\\/salio-min.png\",\"contentUrl\":\"https:\\\/\\\/sunnyblinds.lv\\\/wp-content\\\/uploads\\\/2023\\\/07\\\/salio-min.png\",\"width\":2000,\"height\":2000,\"caption\":\"Roletai, \u017ealiuz\u0117s, tinkleliai nuo uod\u0173\"},{\"@type\":\"BreadcrumbList\",\"@id\":\"https:\\\/\\\/sunnyblinds.lv\\\/gaminys\\\/roletai-diena-naktis-laisvai-kabantys-s-automatinis-valdymas\\\/#breadcrumb\",\"itemListElement\":[{\"@type\":\"ListItem\",\"position\":1,\"name\":\"Home\",\"item\":\"https:\\\/\\\/sunnyblinds.lv\\\/\"},{\"@type\":\"ListItem\",\"position\":2,\"name\":\"Elektronin\u0117 parduotuv\u0117\",\"item\":\"https:\\\/\\\/sunnyblinds.lv\\\/parduotuve\\\/\"},{\"@type\":\"ListItem\",\"position\":3,\"name\":\"Roletai DIENA &#8211; NAKTIS laisvai kabantys (S) (automatinis valdymas)\"}]},{\"@type\":\"WebSite\",\"@id\":\"https:\\\/\\\/sunnyblinds.lv\\\/#website\",\"url\":\"https:\\\/\\\/sunnyblinds.lv\\\/\",\"name\":\"Dextera\",\"description\":\"LV eshop\",\"publisher\":{\"@id\":\"https:\\\/\\\/sunnyblinds.lv\\\/#organization\"},\"potentialAction\":[{\"@type\":\"SearchAction\",\"target\":{\"@type\":\"EntryPoint\",\"urlTemplate\":\"https:\\\/\\\/sunnyblinds.lv\\\/?s={search_term_string}\"},\"query-input\":{\"@type\":\"PropertyValueSpecification\",\"valueRequired\":true,\"valueName\":\"search_term_string\"}}],\"inLanguage\":\"lt-LT\"},{\"@type\":\"Organization\",\"@id\":\"https:\\\/\\\/sunnyblinds.lv\\\/#organization\",\"name\":\"Dextera\",\"url\":\"https:\\\/\\\/sunnyblinds.lv\\\/\",\"logo\":{\"@type\":\"ImageObject\",\"inLanguage\":\"lt-LT\",\"@id\":\"https:\\\/\\\/sunnyblinds.lv\\\/#\\\/schema\\\/logo\\\/image\\\/\",\"url\":\"https:\\\/\\\/sunnyblinds.lv\\\/wp-content\\\/uploads\\\/2024\\\/03\\\/DEXTERA_su-sukiu_tamsiai-melynas-e1710914216478.png\",\"contentUrl\":\"https:\\\/\\\/sunnyblinds.lv\\\/wp-content\\\/uploads\\\/2024\\\/03\\\/DEXTERA_su-sukiu_tamsiai-melynas-e1710914216478.png\",\"width\":200,\"height\":53,\"caption\":\"Dextera\"},\"image\":{\"@id\":\"https:\\\/\\\/sunnyblinds.lv\\\/#\\\/schema\\\/logo\\\/image\\\/\"}}]}<\/script>\n<!-- \/ Yoast SEO plugin. -->","yoast_head_json":{"title":"Roletai DIENA-NAKTIS, automatinis valdymas I sunnyblinds.lv","description":"Ie\u0161kote sprendimo langams? Roletai DIENA-NAKTIS su automatiniu valdymu \u2013 tai patogumas, funkcionalumas ir elegancija viename.","robots":{"index":"index","follow":"follow","max-snippet":"max-snippet:-1","max-image-preview":"max-image-preview:large","max-video-preview":"max-video-preview:-1"},"canonical":"https:\/\/sunnyblinds.lv\/gaminys\/roletai-diena-naktis-laisvai-kabantys-s-automatinis-valdymas\/","og_locale":"lt_LT","og_type":"article","og_title":"Roletai DIENA-NAKTIS, automatinis valdymas I sunnyblinds.lv","og_description":"Ie\u0161kote sprendimo langams? Roletai DIENA-NAKTIS su automatiniu valdymu \u2013 tai patogumas, funkcionalumas ir elegancija viename.","og_url":"https:\/\/sunnyblinds.lv\/gaminys\/roletai-diena-naktis-laisvai-kabantys-s-automatinis-valdymas\/","og_site_name":"Dextera","article_modified_time":"2025-06-03T06:38:34+00:00","og_image":[{"width":2000,"height":2000,"url":"https:\/\/sunnyblinds.lv\/wp-content\/uploads\/2023\/07\/salio-min.png","type":"image\/png"}],"twitter_card":"summary_large_image","twitter_misc":{"Est. reading time":"2 minut\u0117s"},"schema":{"@context":"https:\/\/schema.org","@graph":[{"@type":"WebPage","@id":"https:\/\/sunnyblinds.lv\/gaminys\/roletai-diena-naktis-laisvai-kabantys-s-automatinis-valdymas\/","url":"https:\/\/sunnyblinds.lv\/gaminys\/roletai-diena-naktis-laisvai-kabantys-s-automatinis-valdymas\/","name":"Roletai DIENA-NAKTIS, automatinis valdymas I sunnyblinds.lv","isPartOf":{"@id":"https:\/\/sunnyblinds.lv\/#website"},"primaryImageOfPage":{"@id":"https:\/\/sunnyblinds.lv\/gaminys\/roletai-diena-naktis-laisvai-kabantys-s-automatinis-valdymas\/#primaryimage"},"image":{"@id":"https:\/\/sunnyblinds.lv\/gaminys\/roletai-diena-naktis-laisvai-kabantys-s-automatinis-valdymas\/#primaryimage"},"thumbnailUrl":"https:\/\/sunnyblinds.lv\/wp-content\/uploads\/2023\/07\/salio-min.png","datePublished":"2024-08-29T12:14:59+00:00","dateModified":"2025-06-03T06:38:34+00:00","description":"Ie\u0161kote sprendimo langams? Roletai DIENA-NAKTIS su automatiniu valdymu \u2013 tai patogumas, funkcionalumas ir elegancija viename.","breadcrumb":{"@id":"https:\/\/sunnyblinds.lv\/gaminys\/roletai-diena-naktis-laisvai-kabantys-s-automatinis-valdymas\/#breadcrumb"},"inLanguage":"lt-LT","potentialAction":[{"@type":"ReadAction","target":["https:\/\/sunnyblinds.lv\/gaminys\/roletai-diena-naktis-laisvai-kabantys-s-automatinis-valdymas\/"]}]},{"@type":"ImageObject","inLanguage":"lt-LT","@id":"https:\/\/sunnyblinds.lv\/gaminys\/roletai-diena-naktis-laisvai-kabantys-s-automatinis-valdymas\/#primaryimage","url":"https:\/\/sunnyblinds.lv\/wp-content\/uploads\/2023\/07\/salio-min.png","contentUrl":"https:\/\/sunnyblinds.lv\/wp-content\/uploads\/2023\/07\/salio-min.png","width":2000,"height":2000,"caption":"Roletai, \u017ealiuz\u0117s, tinkleliai nuo uod\u0173"},{"@type":"BreadcrumbList","@id":"https:\/\/sunnyblinds.lv\/gaminys\/roletai-diena-naktis-laisvai-kabantys-s-automatinis-valdymas\/#breadcrumb","itemListElement":[{"@type":"ListItem","position":1,"name":"Home","item":"https:\/\/sunnyblinds.lv\/"},{"@type":"ListItem","position":2,"name":"Elektronin\u0117 parduotuv\u0117","item":"https:\/\/sunnyblinds.lv\/parduotuve\/"},{"@type":"ListItem","position":3,"name":"Roletai DIENA &#8211; NAKTIS laisvai kabantys (S) (automatinis valdymas)"}]},{"@type":"WebSite","@id":"https:\/\/sunnyblinds.lv\/#website","url":"https:\/\/sunnyblinds.lv\/","name":"Dextera","description":"LV eshop","publisher":{"@id":"https:\/\/sunnyblinds.lv\/#organization"},"potentialAction":[{"@type":"SearchAction","target":{"@type":"EntryPoint","urlTemplate":"https:\/\/sunnyblinds.lv\/?s={search_term_string}"},"query-input":{"@type":"PropertyValueSpecification","valueRequired":true,"valueName":"search_term_string"}}],"inLanguage":"lt-LT"},{"@type":"Organization","@id":"https:\/\/sunnyblinds.lv\/#organization","name":"Dextera","url":"https:\/\/sunnyblinds.lv\/","logo":{"@type":"ImageObject","inLanguage":"lt-LT","@id":"https:\/\/sunnyblinds.lv\/#\/schema\/logo\/image\/","url":"https:\/\/sunnyblinds.lv\/wp-content\/uploads\/2024\/03\/DEXTERA_su-sukiu_tamsiai-melynas-e1710914216478.png","contentUrl":"https:\/\/sunnyblinds.lv\/wp-content\/uploads\/2024\/03\/DEXTERA_su-sukiu_tamsiai-melynas-e1710914216478.png","width":200,"height":53,"caption":"Dextera"},"image":{"@id":"https:\/\/sunnyblinds.lv\/#\/schema\/logo\/image\/"}}]}},"_links":{"self":[{"href":"https:\/\/sunnyblinds.lv\/lt\/wp-json\/wp\/v2\/product\/3141","targetHints":{"allow":["GET"]}}],"collection":[{"href":"https:\/\/sunnyblinds.lv\/lt\/wp-json\/wp\/v2\/product"}],"about":[{"href":"https:\/\/sunnyblinds.lv\/lt\/wp-json\/wp\/v2\/types\/product"}],"wp:featuredmedia":[{"embeddable":true,"href":"https:\/\/sunnyblinds.lv\/lt\/wp-json\/wp\/v2\/media\/204"}],"wp:attachment":[{"href":"https:\/\/sunnyblinds.lv\/lt\/wp-json\/wp\/v2\/media?parent=3141"}],"wp:term":[{"taxonomy":"product_brand","embeddable":true,"href":"https:\/\/sunnyblinds.lv\/lt\/wp-json\/wp\/v2\/product_brand?post=3141"},{"taxonomy":"product_cat","embeddable":true,"href":"https:\/\/sunnyblinds.lv\/lt\/wp-json\/wp\/v2\/product_cat?post=3141"},{"taxonomy":"product_tag","embeddable":true,"href":"https:\/\/sunnyblinds.lv\/lt\/wp-json\/wp\/v2\/product_tag?post=3141"}],"curies":[{"name":"wp","href":"https:\/\/api.w.org\/{rel}","templated":true}]}}