{"id":3125,"date":"2024-08-29T09:44:23","date_gmt":"2024-08-29T06:44:23","guid":{"rendered":"https:\/\/e.dextera.lt\/?post_type=product&#038;p=3125"},"modified":"2025-06-03T10:09:59","modified_gmt":"2025-06-03T07:09:59","slug":"roletai-laisvai-kabantys-su-kasete-automatinis-valdymas","status":"publish","type":"product","link":"https:\/\/sunnyblinds.lv\/lt\/gaminys\/roletai-laisvai-kabantys-su-kasete-automatinis-valdymas\/","title":{"rendered":"Roletai laisvai kabantys su kasete (automatinis valdymas)"},"content":{"rendered":"<p class=\"\" data-start=\"168\" data-end=\"279\"><strong data-start=\"168\" data-end=\"279\">Klasikiniai Roletai su Kasete ir Automatiniu Valdymu \u2013 Stilius, Patogumas ir I\u0161man\u016bs Sprendimai J\u016bs\u0173 Namams<\/strong><\/p>\n<p class=\"\" data-start=\"281\" data-end=\"628\">Norite sujungti laikui nepavald\u017ei\u0105 klasik\u0105 su moderniais technologiniais sprendimais? Klasikiniai <a href=\"https:\/\/sunnyblinds.lv\/kategorija\/roletai-automatiniai\/\" target=\"_blank\" rel=\"noopener\">roletai<\/a> su kasete ir automatiniu valdymu \u2013 puikus pasirinkimas. \u0160ie roletai leid\u017eia lengvai reguliuoti ap\u0161vietim\u0105 ir privatumo lyg\u012f be jokio vargo. Juos galima valdyti pulteliu, i\u0161maniuoju telefonu ar prijungti prie nam\u0173 automatizavimo sistemos.<\/p>\n<p class=\"\" data-start=\"630\" data-end=\"717\"><strong data-start=\"630\" data-end=\"717\">Elegancija ir funkcionalumas<\/strong><\/p>\n<p class=\"\" data-start=\"719\" data-end=\"1153\">Laisvai kabantys roletai\u00a0 su <a href=\"https:\/\/www.youtube.com\/watch?v=P0kkA6Gh4rc&amp;list=PLwYRFfvZ9SHwMVdfTaSoyXv-H8Ta8dpKG&amp;index=3\" target=\"_blank\" rel=\"noopener\">automatiniu<\/a> valdymu sujungia elegancij\u0105 ir funkcionalum\u0105, tod\u0117l jie puikiai tinka tiek moderniam, tiek tradiciniam interjerui. \u0160ie roletai ne tik puikiai atrodys, bet ir u\u017etikrins komfort\u0105 kasdieniam naudojimui. Automatizuotas valdymas leid\u017eia tiksliai pritaikyti \u0161viesos sraut\u0105 ir u\u017etikrinti norim\u0105 privatumo lyg\u012f. Tai ypa\u010d patogu, kai norite greitai prisitaikyti prie besikei\u010dian\u010di\u0173 aplinkos s\u0105lyg\u0173.<\/p>\n<p class=\"\" data-start=\"1155\" data-end=\"1225\"><strong data-start=\"1155\" data-end=\"1225\">Kod\u0117l verta pasirinkti klasikinius laisvai kaban\u010dius roletus su automatiniu valdymu?<\/strong><\/p>\n<p class=\"\" data-start=\"1227\" data-end=\"1716\">\u0160ie roletai su kasete u\u017etikrina, kad audinys b\u016bt\u0173 tvarkingai ir saugiai pasl\u0117ptas, kai roletai yra visi\u0161kai atidaryti, tod\u0117l i\u0161laikoma estetin\u0117 tvarka. \u0160ie roletai su automatiniu valdymu taip pat padeda suma\u017einti energijos s\u0105naudas, nes juos galima valdyti pagal tam tikr\u0105 laik\u0105, u\u017etikrinant optimal\u0173 \u0161viesos ir \u0161ilumos valdym\u0105. Pasirinkite automatizuotus roletus ir sukurkite i\u0161man\u0173, funkcional\u0173 ir jauk\u0173 interjer\u0105, kuris puikiai atitiks j\u016bs\u0173 poreikius ir stili\u0173. Rekomenduojama rinktis, kai norisi roleto audin\u012f apsaugoti su kasete nuo aplinkos veiksni\u0173 (dulki\u0173, purvo).<\/p>\n","protected":false},"excerpt":{"rendered":"<p>Klasikiniai Roletai su Kasete ir Automatiniu Valdymu \u2013 Stilius, Patogumas ir I\u0161man\u016bs Sprendimai J\u016bs\u0173 Namams Norite sujungti laikui nepavald\u017ei\u0105 klasik\u0105 su moderniais technologiniais sprendimais? Klasikiniai roletai su kasete ir automatiniu valdymu \u2013 puikus pasirinkimas. \u0160ie roletai leid\u017eia lengvai reguliuoti ap\u0161vietim\u0105 ir privatumo lyg\u012f be jokio vargo. Juos galima valdyti pulteliu, i\u0161maniuoju telefonu ar prijungti prie [&hellip;]<\/p>\n","protected":false},"featured_media":204,"template":"","meta":{"inline_featured_image":false},"product_brand":[],"product_cat":[18,57],"product_tag":[],"class_list":{"0":"post-3125","1":"product","2":"type-product","3":"status-publish","4":"has-post-thumbnail","6":"product_cat-roletai-automatiniai","7":"product_cat-roletai-internetu","8":"product_shipping_class-vidaus-gaminiai","9":"tm-has-options","11":"first","12":"instock","13":"taxable","14":"shipping-taxable","15":"purchasable","16":"product-type-simple"},"acf":[],"yoast_head":"<!-- This site is optimized with the Yoast SEO plugin v27.4 - https:\/\/yoast.com\/product\/yoast-seo-wordpress\/ -->\n<title>Roletai su kasete - internetu pigiau sunnyblinds.lv<\/title>\n<meta name=\"description\" content=\"Automatiniai roletai pagal individualius matmenis \u2013 i\u0161manus sprendimas j\u016bs\u0173 namams. U\u017esisakykite internetu pigiau, rinkit\u0117s i\u0161 plataus audini\u0173 asortimento!\" \/>\n<meta name=\"robots\" content=\"index, follow, max-snippet:-1, max-image-preview:large, max-video-preview:-1\" \/>\n<link rel=\"canonical\" href=\"https:\/\/sunnyblinds.lv\/gaminys\/roletai-laisvai-kabantys-su-kasete-automatinis-valdymas\/\" \/>\n<meta property=\"og:locale\" content=\"lt_LT\" \/>\n<meta property=\"og:type\" content=\"article\" \/>\n<meta property=\"og:title\" content=\"Roletai su kasete - internetu pigiau sunnyblinds.lv\" \/>\n<meta property=\"og:description\" content=\"Automatiniai roletai pagal individualius matmenis \u2013 i\u0161manus sprendimas j\u016bs\u0173 namams. U\u017esisakykite internetu pigiau, rinkit\u0117s i\u0161 plataus audini\u0173 asortimento!\" \/>\n<meta property=\"og:url\" content=\"https:\/\/sunnyblinds.lv\/gaminys\/roletai-laisvai-kabantys-su-kasete-automatinis-valdymas\/\" \/>\n<meta property=\"og:site_name\" content=\"Dextera\" \/>\n<meta property=\"article:modified_time\" content=\"2025-06-03T07:09:59+00:00\" \/>\n<meta property=\"og:image\" content=\"https:\/\/sunnyblinds.lv\/wp-content\/uploads\/2023\/07\/salio-min.png\" \/>\n\t<meta property=\"og:image:width\" content=\"2000\" \/>\n\t<meta property=\"og:image:height\" content=\"2000\" \/>\n\t<meta property=\"og:image:type\" content=\"image\/png\" \/>\n<meta name=\"twitter:card\" content=\"summary_large_image\" \/>\n<meta name=\"twitter:label1\" content=\"Est. reading time\" \/>\n\t<meta name=\"twitter:data1\" content=\"2 minut\u0117s\" \/>\n<script type=\"application\/ld+json\" class=\"yoast-schema-graph\">{\"@context\":\"https:\\\/\\\/schema.org\",\"@graph\":[{\"@type\":\"WebPage\",\"@id\":\"https:\\\/\\\/sunnyblinds.lv\\\/gaminys\\\/roletai-laisvai-kabantys-su-kasete-automatinis-valdymas\\\/\",\"url\":\"https:\\\/\\\/sunnyblinds.lv\\\/gaminys\\\/roletai-laisvai-kabantys-su-kasete-automatinis-valdymas\\\/\",\"name\":\"Roletai su kasete - internetu pigiau sunnyblinds.lv\",\"isPartOf\":{\"@id\":\"https:\\\/\\\/sunnyblinds.lv\\\/#website\"},\"primaryImageOfPage\":{\"@id\":\"https:\\\/\\\/sunnyblinds.lv\\\/gaminys\\\/roletai-laisvai-kabantys-su-kasete-automatinis-valdymas\\\/#primaryimage\"},\"image\":{\"@id\":\"https:\\\/\\\/sunnyblinds.lv\\\/gaminys\\\/roletai-laisvai-kabantys-su-kasete-automatinis-valdymas\\\/#primaryimage\"},\"thumbnailUrl\":\"https:\\\/\\\/sunnyblinds.lv\\\/wp-content\\\/uploads\\\/2023\\\/07\\\/salio-min.png\",\"datePublished\":\"2024-08-29T06:44:23+00:00\",\"dateModified\":\"2025-06-03T07:09:59+00:00\",\"description\":\"Automatiniai roletai pagal individualius matmenis \u2013 i\u0161manus sprendimas j\u016bs\u0173 namams. U\u017esisakykite internetu pigiau, rinkit\u0117s i\u0161 plataus audini\u0173 asortimento!\",\"breadcrumb\":{\"@id\":\"https:\\\/\\\/sunnyblinds.lv\\\/gaminys\\\/roletai-laisvai-kabantys-su-kasete-automatinis-valdymas\\\/#breadcrumb\"},\"inLanguage\":\"lt-LT\",\"potentialAction\":[{\"@type\":\"ReadAction\",\"target\":[\"https:\\\/\\\/sunnyblinds.lv\\\/gaminys\\\/roletai-laisvai-kabantys-su-kasete-automatinis-valdymas\\\/\"]}]},{\"@type\":\"ImageObject\",\"inLanguage\":\"lt-LT\",\"@id\":\"https:\\\/\\\/sunnyblinds.lv\\\/gaminys\\\/roletai-laisvai-kabantys-su-kasete-automatinis-valdymas\\\/#primaryimage\",\"url\":\"https:\\\/\\\/sunnyblinds.lv\\\/wp-content\\\/uploads\\\/2023\\\/07\\\/salio-min.png\",\"contentUrl\":\"https:\\\/\\\/sunnyblinds.lv\\\/wp-content\\\/uploads\\\/2023\\\/07\\\/salio-min.png\",\"width\":2000,\"height\":2000,\"caption\":\"Roletai, \u017ealiuz\u0117s, tinkleliai nuo uod\u0173\"},{\"@type\":\"BreadcrumbList\",\"@id\":\"https:\\\/\\\/sunnyblinds.lv\\\/gaminys\\\/roletai-laisvai-kabantys-su-kasete-automatinis-valdymas\\\/#breadcrumb\",\"itemListElement\":[{\"@type\":\"ListItem\",\"position\":1,\"name\":\"Home\",\"item\":\"https:\\\/\\\/sunnyblinds.lv\\\/\"},{\"@type\":\"ListItem\",\"position\":2,\"name\":\"Elektronin\u0117 parduotuv\u0117\",\"item\":\"https:\\\/\\\/sunnyblinds.lv\\\/parduotuve\\\/\"},{\"@type\":\"ListItem\",\"position\":3,\"name\":\"Roletai laisvai kabantys su kasete (automatinis valdymas)\"}]},{\"@type\":\"WebSite\",\"@id\":\"https:\\\/\\\/sunnyblinds.lv\\\/#website\",\"url\":\"https:\\\/\\\/sunnyblinds.lv\\\/\",\"name\":\"Dextera\",\"description\":\"LV eshop\",\"publisher\":{\"@id\":\"https:\\\/\\\/sunnyblinds.lv\\\/#organization\"},\"potentialAction\":[{\"@type\":\"SearchAction\",\"target\":{\"@type\":\"EntryPoint\",\"urlTemplate\":\"https:\\\/\\\/sunnyblinds.lv\\\/?s={search_term_string}\"},\"query-input\":{\"@type\":\"PropertyValueSpecification\",\"valueRequired\":true,\"valueName\":\"search_term_string\"}}],\"inLanguage\":\"lt-LT\"},{\"@type\":\"Organization\",\"@id\":\"https:\\\/\\\/sunnyblinds.lv\\\/#organization\",\"name\":\"Dextera\",\"url\":\"https:\\\/\\\/sunnyblinds.lv\\\/\",\"logo\":{\"@type\":\"ImageObject\",\"inLanguage\":\"lt-LT\",\"@id\":\"https:\\\/\\\/sunnyblinds.lv\\\/#\\\/schema\\\/logo\\\/image\\\/\",\"url\":\"https:\\\/\\\/sunnyblinds.lv\\\/wp-content\\\/uploads\\\/2024\\\/03\\\/DEXTERA_su-sukiu_tamsiai-melynas-e1710914216478.png\",\"contentUrl\":\"https:\\\/\\\/sunnyblinds.lv\\\/wp-content\\\/uploads\\\/2024\\\/03\\\/DEXTERA_su-sukiu_tamsiai-melynas-e1710914216478.png\",\"width\":200,\"height\":53,\"caption\":\"Dextera\"},\"image\":{\"@id\":\"https:\\\/\\\/sunnyblinds.lv\\\/#\\\/schema\\\/logo\\\/image\\\/\"}}]}<\/script>\n<!-- \/ Yoast SEO plugin. -->","yoast_head_json":{"title":"Roletai su kasete - internetu pigiau sunnyblinds.lv","description":"Automatiniai roletai pagal individualius matmenis \u2013 i\u0161manus sprendimas j\u016bs\u0173 namams. U\u017esisakykite internetu pigiau, rinkit\u0117s i\u0161 plataus audini\u0173 asortimento!","robots":{"index":"index","follow":"follow","max-snippet":"max-snippet:-1","max-image-preview":"max-image-preview:large","max-video-preview":"max-video-preview:-1"},"canonical":"https:\/\/sunnyblinds.lv\/gaminys\/roletai-laisvai-kabantys-su-kasete-automatinis-valdymas\/","og_locale":"lt_LT","og_type":"article","og_title":"Roletai su kasete - internetu pigiau sunnyblinds.lv","og_description":"Automatiniai roletai pagal individualius matmenis \u2013 i\u0161manus sprendimas j\u016bs\u0173 namams. U\u017esisakykite internetu pigiau, rinkit\u0117s i\u0161 plataus audini\u0173 asortimento!","og_url":"https:\/\/sunnyblinds.lv\/gaminys\/roletai-laisvai-kabantys-su-kasete-automatinis-valdymas\/","og_site_name":"Dextera","article_modified_time":"2025-06-03T07:09:59+00:00","og_image":[{"width":2000,"height":2000,"url":"https:\/\/sunnyblinds.lv\/wp-content\/uploads\/2023\/07\/salio-min.png","type":"image\/png"}],"twitter_card":"summary_large_image","twitter_misc":{"Est. reading time":"2 minut\u0117s"},"schema":{"@context":"https:\/\/schema.org","@graph":[{"@type":"WebPage","@id":"https:\/\/sunnyblinds.lv\/gaminys\/roletai-laisvai-kabantys-su-kasete-automatinis-valdymas\/","url":"https:\/\/sunnyblinds.lv\/gaminys\/roletai-laisvai-kabantys-su-kasete-automatinis-valdymas\/","name":"Roletai su kasete - internetu pigiau sunnyblinds.lv","isPartOf":{"@id":"https:\/\/sunnyblinds.lv\/#website"},"primaryImageOfPage":{"@id":"https:\/\/sunnyblinds.lv\/gaminys\/roletai-laisvai-kabantys-su-kasete-automatinis-valdymas\/#primaryimage"},"image":{"@id":"https:\/\/sunnyblinds.lv\/gaminys\/roletai-laisvai-kabantys-su-kasete-automatinis-valdymas\/#primaryimage"},"thumbnailUrl":"https:\/\/sunnyblinds.lv\/wp-content\/uploads\/2023\/07\/salio-min.png","datePublished":"2024-08-29T06:44:23+00:00","dateModified":"2025-06-03T07:09:59+00:00","description":"Automatiniai roletai pagal individualius matmenis \u2013 i\u0161manus sprendimas j\u016bs\u0173 namams. U\u017esisakykite internetu pigiau, rinkit\u0117s i\u0161 plataus audini\u0173 asortimento!","breadcrumb":{"@id":"https:\/\/sunnyblinds.lv\/gaminys\/roletai-laisvai-kabantys-su-kasete-automatinis-valdymas\/#breadcrumb"},"inLanguage":"lt-LT","potentialAction":[{"@type":"ReadAction","target":["https:\/\/sunnyblinds.lv\/gaminys\/roletai-laisvai-kabantys-su-kasete-automatinis-valdymas\/"]}]},{"@type":"ImageObject","inLanguage":"lt-LT","@id":"https:\/\/sunnyblinds.lv\/gaminys\/roletai-laisvai-kabantys-su-kasete-automatinis-valdymas\/#primaryimage","url":"https:\/\/sunnyblinds.lv\/wp-content\/uploads\/2023\/07\/salio-min.png","contentUrl":"https:\/\/sunnyblinds.lv\/wp-content\/uploads\/2023\/07\/salio-min.png","width":2000,"height":2000,"caption":"Roletai, \u017ealiuz\u0117s, tinkleliai nuo uod\u0173"},{"@type":"BreadcrumbList","@id":"https:\/\/sunnyblinds.lv\/gaminys\/roletai-laisvai-kabantys-su-kasete-automatinis-valdymas\/#breadcrumb","itemListElement":[{"@type":"ListItem","position":1,"name":"Home","item":"https:\/\/sunnyblinds.lv\/"},{"@type":"ListItem","position":2,"name":"Elektronin\u0117 parduotuv\u0117","item":"https:\/\/sunnyblinds.lv\/parduotuve\/"},{"@type":"ListItem","position":3,"name":"Roletai laisvai kabantys su kasete (automatinis valdymas)"}]},{"@type":"WebSite","@id":"https:\/\/sunnyblinds.lv\/#website","url":"https:\/\/sunnyblinds.lv\/","name":"Dextera","description":"LV eshop","publisher":{"@id":"https:\/\/sunnyblinds.lv\/#organization"},"potentialAction":[{"@type":"SearchAction","target":{"@type":"EntryPoint","urlTemplate":"https:\/\/sunnyblinds.lv\/?s={search_term_string}"},"query-input":{"@type":"PropertyValueSpecification","valueRequired":true,"valueName":"search_term_string"}}],"inLanguage":"lt-LT"},{"@type":"Organization","@id":"https:\/\/sunnyblinds.lv\/#organization","name":"Dextera","url":"https:\/\/sunnyblinds.lv\/","logo":{"@type":"ImageObject","inLanguage":"lt-LT","@id":"https:\/\/sunnyblinds.lv\/#\/schema\/logo\/image\/","url":"https:\/\/sunnyblinds.lv\/wp-content\/uploads\/2024\/03\/DEXTERA_su-sukiu_tamsiai-melynas-e1710914216478.png","contentUrl":"https:\/\/sunnyblinds.lv\/wp-content\/uploads\/2024\/03\/DEXTERA_su-sukiu_tamsiai-melynas-e1710914216478.png","width":200,"height":53,"caption":"Dextera"},"image":{"@id":"https:\/\/sunnyblinds.lv\/#\/schema\/logo\/image\/"}}]}},"_links":{"self":[{"href":"https:\/\/sunnyblinds.lv\/lt\/wp-json\/wp\/v2\/product\/3125","targetHints":{"allow":["GET"]}}],"collection":[{"href":"https:\/\/sunnyblinds.lv\/lt\/wp-json\/wp\/v2\/product"}],"about":[{"href":"https:\/\/sunnyblinds.lv\/lt\/wp-json\/wp\/v2\/types\/product"}],"wp:featuredmedia":[{"embeddable":true,"href":"https:\/\/sunnyblinds.lv\/lt\/wp-json\/wp\/v2\/media\/204"}],"wp:attachment":[{"href":"https:\/\/sunnyblinds.lv\/lt\/wp-json\/wp\/v2\/media?parent=3125"}],"wp:term":[{"taxonomy":"product_brand","embeddable":true,"href":"https:\/\/sunnyblinds.lv\/lt\/wp-json\/wp\/v2\/product_brand?post=3125"},{"taxonomy":"product_cat","embeddable":true,"href":"https:\/\/sunnyblinds.lv\/lt\/wp-json\/wp\/v2\/product_cat?post=3125"},{"taxonomy":"product_tag","embeddable":true,"href":"https:\/\/sunnyblinds.lv\/lt\/wp-json\/wp\/v2\/product_tag?post=3125"}],"curies":[{"name":"wp","href":"https:\/\/api.w.org\/{rel}","templated":true}]}}