{"id":3124,"date":"2024-08-29T09:40:34","date_gmt":"2024-08-29T06:40:34","guid":{"rendered":"https:\/\/e.dextera.lt\/?post_type=product&#038;p=3124"},"modified":"2025-06-03T10:05:00","modified_gmt":"2025-06-03T07:05:00","slug":"roletai-laisvai-kabantys-m-automatinis-valdymas","status":"publish","type":"product","link":"https:\/\/sunnyblinds.lv\/lt\/gaminys\/roletai-laisvai-kabantys-m-automatinis-valdymas\/","title":{"rendered":"Roletai laisvai kabantys (M) (automatinis valdymas)"},"content":{"rendered":"<p class=\"\" data-start=\"109\" data-end=\"203\"><strong data-start=\"109\" data-end=\"203\">Klasikiniai laisvai kabantys automatiniai roletai \u2013 elegancija ir patogumas j\u016bs\u0173 interjere<\/strong><\/p>\n<p class=\"\" data-start=\"205\" data-end=\"903\">Klasikiniai laisvai kabantys automatiniai <a href=\"https:\/\/sunnyblinds.lv\/kategorija\/roletai-automatiniai\/\" target=\"_blank\" rel=\"noopener\">roletai<\/a> su automatiniu valdymu \u2013 tai puikus pasirinkimas, jei norite sukurti eleganti\u0161k\u0105 ir patog\u0173 interjer\u0105. \u0160ie roletai suteikia j\u016bs\u0173 patalpoms jaukumo, komforto ir apsaugo nuo tiesiogini\u0173 saul\u0117s spinduli\u0173 patekimo \u012f erdv\u0119, tuo pa\u010diu u\u017etikrinant privatumo i\u0161saugojim\u0105. Paprastas ir tvarkingas dizainas puikiai dera su \u012fvairiais interjerais, tiek klasikiniu, tiek moderniu. Klasikiniai laisvai kabantys automatiniai roletai yra universal\u016bs ir puikiai tinka tiek namuose, tiek biuruose ar didel\u0117se patalpose. Su nuotolinio valdymo pultu arba i\u0161maniuoju telefonu galite patogiai valdyti roletus, net npeajud\u0117j\u0119 i\u0161 savo vietos, u\u017etikrindami maksimal\u0173 komfort\u0105.<\/p>\n<p class=\"\" data-start=\"905\" data-end=\"1421\"><a href=\"https:\/\/www.youtube.com\/watch?v=ZIeSLW0P5C4&amp;list=PLwYRFfvZ9SHwMVdfTaSoyXv-H8Ta8dpKG&amp;index=2\" target=\"_blank\" rel=\"noopener\">Automatizuoti<\/a> roletai pagaminti i\u0161 auk\u0161tos kokyb\u0117s ir tvirto audinio, tod\u0117l jie u\u017etikrina ilgalaik\u012f naudojim\u0105 ir patikim\u0105 efektyvum\u0105. D\u0117l savo konstrukcijos \u0161ie roletai kab\u0117s tvarkingai ir eleganti\u0161kai be papildom\u0173 kaset\u0117s mechanizm\u0173, suteikdami interjerui subtilaus paprastumo ir \u0161varos jausm\u0105. Klasikiniai roletai su automatiniu valdymu yra lengvai valdomi ir u\u017etikrina puik\u0173 funkcionalum\u0105. Jie puikiai tinka \u012fvairiose patalpose \u2013 miegamajame, valgomojo zonoje ir kitose erdv\u0117se.<\/p>\n<p class=\"\" data-start=\"1423\" data-end=\"1856\">\u0160ie roletai taip pat si\u016blo plat\u0173 spalv\u0173 ir audini\u0173 asortiment\u0105, tod\u0117l gal\u0117site pasirinkti ra\u0161tus ir tekst\u016bras, kurios geriausiai atitiks j\u016bs\u0173 interjero stili\u0173 ir poreikius. Klasikiniai laisvai kabantys automatiniai roletai \u2013 tai puikus sprendimas, suteikiantis j\u016bs\u0173 namams ar biurui stiliaus ir komforto. Rekomenduojama rinktis \u0161iuos roletus platesniems langams, kuri\u0173 matmenys gali b\u016bti: auk\u0161tis [200-2500 mm], plotis [630-2500 mm].<\/p>\n","protected":false},"excerpt":{"rendered":"<p>Klasikiniai laisvai kabantys automatiniai roletai \u2013 elegancija ir patogumas j\u016bs\u0173 interjere Klasikiniai laisvai kabantys automatiniai roletai su automatiniu valdymu \u2013 tai puikus pasirinkimas, jei norite sukurti eleganti\u0161k\u0105 ir patog\u0173 interjer\u0105. \u0160ie roletai suteikia j\u016bs\u0173 patalpoms jaukumo, komforto ir apsaugo nuo tiesiogini\u0173 saul\u0117s spinduli\u0173 patekimo \u012f erdv\u0119, tuo pa\u010diu u\u017etikrinant privatumo i\u0161saugojim\u0105. Paprastas ir tvarkingas dizainas [&hellip;]<\/p>\n","protected":false},"featured_media":204,"template":"","meta":{"inline_featured_image":false},"product_brand":[],"product_cat":[18,57],"product_tag":[],"class_list":{"0":"post-3124","1":"product","2":"type-product","3":"status-publish","4":"has-post-thumbnail","6":"product_cat-roletai-automatiniai","7":"product_cat-roletai-internetu","8":"product_shipping_class-vidaus-gaminiai","9":"tm-has-options","11":"first","12":"instock","13":"taxable","14":"shipping-taxable","15":"purchasable","16":"product-type-simple"},"acf":[],"yoast_head":"<!-- This site is optimized with the Yoast SEO plugin v27.4 - https:\/\/yoast.com\/product\/yoast-seo-wordpress\/ -->\n<title>Roletai laisvai kabantys (M) (automatinis valdymas) - sunnyblinds.lv<\/title>\n<meta name=\"description\" content=\"Automatiniai roletai pagal individualius matmenis \u2013 i\u0161manus sprendimas j\u016bs\u0173 namams. U\u017esisakykite internetu pigiau, rinkit\u0117s i\u0161 plataus audini\u0173 asortimento!\" \/>\n<meta name=\"robots\" content=\"index, follow, max-snippet:-1, max-image-preview:large, max-video-preview:-1\" \/>\n<link rel=\"canonical\" href=\"https:\/\/sunnyblinds.lv\/gaminys\/roletai-laisvai-kabantys-m-automatinis-valdymas\/\" \/>\n<meta property=\"og:locale\" content=\"lt_LT\" \/>\n<meta property=\"og:type\" content=\"article\" \/>\n<meta property=\"og:title\" content=\"Roletai laisvai kabantys (M) (automatinis valdymas) - sunnyblinds.lv\" \/>\n<meta property=\"og:description\" content=\"Automatiniai roletai pagal individualius matmenis \u2013 i\u0161manus sprendimas j\u016bs\u0173 namams. U\u017esisakykite internetu pigiau, rinkit\u0117s i\u0161 plataus audini\u0173 asortimento!\" \/>\n<meta property=\"og:url\" content=\"https:\/\/sunnyblinds.lv\/gaminys\/roletai-laisvai-kabantys-m-automatinis-valdymas\/\" \/>\n<meta property=\"og:site_name\" content=\"Dextera\" \/>\n<meta property=\"article:modified_time\" content=\"2025-06-03T07:05:00+00:00\" \/>\n<meta property=\"og:image\" content=\"https:\/\/sunnyblinds.lv\/wp-content\/uploads\/2023\/07\/salio-min.png\" \/>\n\t<meta property=\"og:image:width\" content=\"2000\" \/>\n\t<meta property=\"og:image:height\" content=\"2000\" \/>\n\t<meta property=\"og:image:type\" content=\"image\/png\" \/>\n<meta name=\"twitter:card\" content=\"summary_large_image\" \/>\n<meta name=\"twitter:label1\" content=\"Est. reading time\" \/>\n\t<meta name=\"twitter:data1\" content=\"2 minut\u0117s\" \/>\n<script type=\"application\/ld+json\" class=\"yoast-schema-graph\">{\"@context\":\"https:\\\/\\\/schema.org\",\"@graph\":[{\"@type\":\"WebPage\",\"@id\":\"https:\\\/\\\/sunnyblinds.lv\\\/gaminys\\\/roletai-laisvai-kabantys-m-automatinis-valdymas\\\/\",\"url\":\"https:\\\/\\\/sunnyblinds.lv\\\/gaminys\\\/roletai-laisvai-kabantys-m-automatinis-valdymas\\\/\",\"name\":\"Roletai laisvai kabantys (M) (automatinis valdymas) - sunnyblinds.lv\",\"isPartOf\":{\"@id\":\"https:\\\/\\\/sunnyblinds.lv\\\/#website\"},\"primaryImageOfPage\":{\"@id\":\"https:\\\/\\\/sunnyblinds.lv\\\/gaminys\\\/roletai-laisvai-kabantys-m-automatinis-valdymas\\\/#primaryimage\"},\"image\":{\"@id\":\"https:\\\/\\\/sunnyblinds.lv\\\/gaminys\\\/roletai-laisvai-kabantys-m-automatinis-valdymas\\\/#primaryimage\"},\"thumbnailUrl\":\"https:\\\/\\\/sunnyblinds.lv\\\/wp-content\\\/uploads\\\/2023\\\/07\\\/salio-min.png\",\"datePublished\":\"2024-08-29T06:40:34+00:00\",\"dateModified\":\"2025-06-03T07:05:00+00:00\",\"description\":\"Automatiniai roletai pagal individualius matmenis \u2013 i\u0161manus sprendimas j\u016bs\u0173 namams. U\u017esisakykite internetu pigiau, rinkit\u0117s i\u0161 plataus audini\u0173 asortimento!\",\"breadcrumb\":{\"@id\":\"https:\\\/\\\/sunnyblinds.lv\\\/gaminys\\\/roletai-laisvai-kabantys-m-automatinis-valdymas\\\/#breadcrumb\"},\"inLanguage\":\"lt-LT\",\"potentialAction\":[{\"@type\":\"ReadAction\",\"target\":[\"https:\\\/\\\/sunnyblinds.lv\\\/gaminys\\\/roletai-laisvai-kabantys-m-automatinis-valdymas\\\/\"]}]},{\"@type\":\"ImageObject\",\"inLanguage\":\"lt-LT\",\"@id\":\"https:\\\/\\\/sunnyblinds.lv\\\/gaminys\\\/roletai-laisvai-kabantys-m-automatinis-valdymas\\\/#primaryimage\",\"url\":\"https:\\\/\\\/sunnyblinds.lv\\\/wp-content\\\/uploads\\\/2023\\\/07\\\/salio-min.png\",\"contentUrl\":\"https:\\\/\\\/sunnyblinds.lv\\\/wp-content\\\/uploads\\\/2023\\\/07\\\/salio-min.png\",\"width\":2000,\"height\":2000,\"caption\":\"Roletai, \u017ealiuz\u0117s, tinkleliai nuo uod\u0173\"},{\"@type\":\"BreadcrumbList\",\"@id\":\"https:\\\/\\\/sunnyblinds.lv\\\/gaminys\\\/roletai-laisvai-kabantys-m-automatinis-valdymas\\\/#breadcrumb\",\"itemListElement\":[{\"@type\":\"ListItem\",\"position\":1,\"name\":\"Home\",\"item\":\"https:\\\/\\\/sunnyblinds.lv\\\/\"},{\"@type\":\"ListItem\",\"position\":2,\"name\":\"Elektronin\u0117 parduotuv\u0117\",\"item\":\"https:\\\/\\\/sunnyblinds.lv\\\/parduotuve\\\/\"},{\"@type\":\"ListItem\",\"position\":3,\"name\":\"Roletai laisvai kabantys (M) (automatinis valdymas)\"}]},{\"@type\":\"WebSite\",\"@id\":\"https:\\\/\\\/sunnyblinds.lv\\\/#website\",\"url\":\"https:\\\/\\\/sunnyblinds.lv\\\/\",\"name\":\"Dextera\",\"description\":\"LV eshop\",\"publisher\":{\"@id\":\"https:\\\/\\\/sunnyblinds.lv\\\/#organization\"},\"potentialAction\":[{\"@type\":\"SearchAction\",\"target\":{\"@type\":\"EntryPoint\",\"urlTemplate\":\"https:\\\/\\\/sunnyblinds.lv\\\/?s={search_term_string}\"},\"query-input\":{\"@type\":\"PropertyValueSpecification\",\"valueRequired\":true,\"valueName\":\"search_term_string\"}}],\"inLanguage\":\"lt-LT\"},{\"@type\":\"Organization\",\"@id\":\"https:\\\/\\\/sunnyblinds.lv\\\/#organization\",\"name\":\"Dextera\",\"url\":\"https:\\\/\\\/sunnyblinds.lv\\\/\",\"logo\":{\"@type\":\"ImageObject\",\"inLanguage\":\"lt-LT\",\"@id\":\"https:\\\/\\\/sunnyblinds.lv\\\/#\\\/schema\\\/logo\\\/image\\\/\",\"url\":\"https:\\\/\\\/sunnyblinds.lv\\\/wp-content\\\/uploads\\\/2024\\\/03\\\/DEXTERA_su-sukiu_tamsiai-melynas-e1710914216478.png\",\"contentUrl\":\"https:\\\/\\\/sunnyblinds.lv\\\/wp-content\\\/uploads\\\/2024\\\/03\\\/DEXTERA_su-sukiu_tamsiai-melynas-e1710914216478.png\",\"width\":200,\"height\":53,\"caption\":\"Dextera\"},\"image\":{\"@id\":\"https:\\\/\\\/sunnyblinds.lv\\\/#\\\/schema\\\/logo\\\/image\\\/\"}}]}<\/script>\n<!-- \/ Yoast SEO plugin. -->","yoast_head_json":{"title":"Roletai laisvai kabantys (M) (automatinis valdymas) - sunnyblinds.lv","description":"Automatiniai roletai pagal individualius matmenis \u2013 i\u0161manus sprendimas j\u016bs\u0173 namams. U\u017esisakykite internetu pigiau, rinkit\u0117s i\u0161 plataus audini\u0173 asortimento!","robots":{"index":"index","follow":"follow","max-snippet":"max-snippet:-1","max-image-preview":"max-image-preview:large","max-video-preview":"max-video-preview:-1"},"canonical":"https:\/\/sunnyblinds.lv\/gaminys\/roletai-laisvai-kabantys-m-automatinis-valdymas\/","og_locale":"lt_LT","og_type":"article","og_title":"Roletai laisvai kabantys (M) (automatinis valdymas) - sunnyblinds.lv","og_description":"Automatiniai roletai pagal individualius matmenis \u2013 i\u0161manus sprendimas j\u016bs\u0173 namams. U\u017esisakykite internetu pigiau, rinkit\u0117s i\u0161 plataus audini\u0173 asortimento!","og_url":"https:\/\/sunnyblinds.lv\/gaminys\/roletai-laisvai-kabantys-m-automatinis-valdymas\/","og_site_name":"Dextera","article_modified_time":"2025-06-03T07:05:00+00:00","og_image":[{"width":2000,"height":2000,"url":"https:\/\/sunnyblinds.lv\/wp-content\/uploads\/2023\/07\/salio-min.png","type":"image\/png"}],"twitter_card":"summary_large_image","twitter_misc":{"Est. reading time":"2 minut\u0117s"},"schema":{"@context":"https:\/\/schema.org","@graph":[{"@type":"WebPage","@id":"https:\/\/sunnyblinds.lv\/gaminys\/roletai-laisvai-kabantys-m-automatinis-valdymas\/","url":"https:\/\/sunnyblinds.lv\/gaminys\/roletai-laisvai-kabantys-m-automatinis-valdymas\/","name":"Roletai laisvai kabantys (M) (automatinis valdymas) - sunnyblinds.lv","isPartOf":{"@id":"https:\/\/sunnyblinds.lv\/#website"},"primaryImageOfPage":{"@id":"https:\/\/sunnyblinds.lv\/gaminys\/roletai-laisvai-kabantys-m-automatinis-valdymas\/#primaryimage"},"image":{"@id":"https:\/\/sunnyblinds.lv\/gaminys\/roletai-laisvai-kabantys-m-automatinis-valdymas\/#primaryimage"},"thumbnailUrl":"https:\/\/sunnyblinds.lv\/wp-content\/uploads\/2023\/07\/salio-min.png","datePublished":"2024-08-29T06:40:34+00:00","dateModified":"2025-06-03T07:05:00+00:00","description":"Automatiniai roletai pagal individualius matmenis \u2013 i\u0161manus sprendimas j\u016bs\u0173 namams. U\u017esisakykite internetu pigiau, rinkit\u0117s i\u0161 plataus audini\u0173 asortimento!","breadcrumb":{"@id":"https:\/\/sunnyblinds.lv\/gaminys\/roletai-laisvai-kabantys-m-automatinis-valdymas\/#breadcrumb"},"inLanguage":"lt-LT","potentialAction":[{"@type":"ReadAction","target":["https:\/\/sunnyblinds.lv\/gaminys\/roletai-laisvai-kabantys-m-automatinis-valdymas\/"]}]},{"@type":"ImageObject","inLanguage":"lt-LT","@id":"https:\/\/sunnyblinds.lv\/gaminys\/roletai-laisvai-kabantys-m-automatinis-valdymas\/#primaryimage","url":"https:\/\/sunnyblinds.lv\/wp-content\/uploads\/2023\/07\/salio-min.png","contentUrl":"https:\/\/sunnyblinds.lv\/wp-content\/uploads\/2023\/07\/salio-min.png","width":2000,"height":2000,"caption":"Roletai, \u017ealiuz\u0117s, tinkleliai nuo uod\u0173"},{"@type":"BreadcrumbList","@id":"https:\/\/sunnyblinds.lv\/gaminys\/roletai-laisvai-kabantys-m-automatinis-valdymas\/#breadcrumb","itemListElement":[{"@type":"ListItem","position":1,"name":"Home","item":"https:\/\/sunnyblinds.lv\/"},{"@type":"ListItem","position":2,"name":"Elektronin\u0117 parduotuv\u0117","item":"https:\/\/sunnyblinds.lv\/parduotuve\/"},{"@type":"ListItem","position":3,"name":"Roletai laisvai kabantys (M) (automatinis valdymas)"}]},{"@type":"WebSite","@id":"https:\/\/sunnyblinds.lv\/#website","url":"https:\/\/sunnyblinds.lv\/","name":"Dextera","description":"LV eshop","publisher":{"@id":"https:\/\/sunnyblinds.lv\/#organization"},"potentialAction":[{"@type":"SearchAction","target":{"@type":"EntryPoint","urlTemplate":"https:\/\/sunnyblinds.lv\/?s={search_term_string}"},"query-input":{"@type":"PropertyValueSpecification","valueRequired":true,"valueName":"search_term_string"}}],"inLanguage":"lt-LT"},{"@type":"Organization","@id":"https:\/\/sunnyblinds.lv\/#organization","name":"Dextera","url":"https:\/\/sunnyblinds.lv\/","logo":{"@type":"ImageObject","inLanguage":"lt-LT","@id":"https:\/\/sunnyblinds.lv\/#\/schema\/logo\/image\/","url":"https:\/\/sunnyblinds.lv\/wp-content\/uploads\/2024\/03\/DEXTERA_su-sukiu_tamsiai-melynas-e1710914216478.png","contentUrl":"https:\/\/sunnyblinds.lv\/wp-content\/uploads\/2024\/03\/DEXTERA_su-sukiu_tamsiai-melynas-e1710914216478.png","width":200,"height":53,"caption":"Dextera"},"image":{"@id":"https:\/\/sunnyblinds.lv\/#\/schema\/logo\/image\/"}}]}},"_links":{"self":[{"href":"https:\/\/sunnyblinds.lv\/lt\/wp-json\/wp\/v2\/product\/3124","targetHints":{"allow":["GET"]}}],"collection":[{"href":"https:\/\/sunnyblinds.lv\/lt\/wp-json\/wp\/v2\/product"}],"about":[{"href":"https:\/\/sunnyblinds.lv\/lt\/wp-json\/wp\/v2\/types\/product"}],"wp:featuredmedia":[{"embeddable":true,"href":"https:\/\/sunnyblinds.lv\/lt\/wp-json\/wp\/v2\/media\/204"}],"wp:attachment":[{"href":"https:\/\/sunnyblinds.lv\/lt\/wp-json\/wp\/v2\/media?parent=3124"}],"wp:term":[{"taxonomy":"product_brand","embeddable":true,"href":"https:\/\/sunnyblinds.lv\/lt\/wp-json\/wp\/v2\/product_brand?post=3124"},{"taxonomy":"product_cat","embeddable":true,"href":"https:\/\/sunnyblinds.lv\/lt\/wp-json\/wp\/v2\/product_cat?post=3124"},{"taxonomy":"product_tag","embeddable":true,"href":"https:\/\/sunnyblinds.lv\/lt\/wp-json\/wp\/v2\/product_tag?post=3124"}],"curies":[{"name":"wp","href":"https:\/\/api.w.org\/{rel}","templated":true}]}}