{"id":3121,"date":"2024-08-29T09:28:28","date_gmt":"2024-08-29T06:28:28","guid":{"rendered":"https:\/\/e.dextera.lt\/?post_type=product&#038;p=3121"},"modified":"2025-06-03T10:14:35","modified_gmt":"2025-06-03T07:14:35","slug":"roletai-laisvai-kabantys-s-automatinis-valdymas","status":"publish","type":"product","link":"https:\/\/sunnyblinds.lv\/lt\/gaminys\/roletai-laisvai-kabantys-s-automatinis-valdymas\/","title":{"rendered":"Roletai laisvai kabantys (S) (automatinis valdymas)"},"content":{"rendered":"<p class=\"\" data-start=\"93\" data-end=\"174\"><strong data-start=\"93\" data-end=\"174\">Klasikiniai automatiniai roletai \u2013 patogus ir modernus sprendimas j\u016bs\u0173 namams<\/strong><\/p>\n<p class=\"\" data-start=\"176\" data-end=\"624\">Klasikiniai automatiniai <a href=\"https:\/\/sunnyblinds.lv\/kategorija\/roletai-automatiniai\/\" target=\"_blank\" rel=\"noopener\">roletai<\/a> su automatiniu valdymu yra puikus pasirinkimas tiems, kurie ie\u0161ko patogumo ir funkcionalumo savo interjere. D\u0117l integruoto elektrinio variklio, \u0161iuos roletus galima valdyti nuotoliniu b\u016bdu arba i\u0161mani\u0105ja program\u0117le, kas u\u017etikrina maksimal\u0173 komfort\u0105 ir patogum\u0105. \u0160ie roletai leid\u017eia lengvai reguliuoti \u0161viesos patekim\u0105 \u012f patalpas, suteikdami galimyb\u0119 prisitaikyti prie bet kokios situacijos \u2013 tiek dien\u0105, tiek nakt\u012f.<\/p>\n<p class=\"\" data-start=\"626\" data-end=\"1073\">Klasikiniai automatiniai roletai ne tik pagerina j\u016bs\u0173 gyvenimo kokyb\u0119, bet ir suteikia elegancijos j\u016bs\u0173 interjerui. Auk\u0161tos kokyb\u0117s audiniai, i\u0161 kuri\u0173 pagaminti \u0161ie roletai, efektyviai apsaugo nuo tiesiogini\u0173 saul\u0117s spinduli\u0173, u\u017etikrinant komfort\u0105 ir jauki\u0105 atmosfer\u0105 bet kurioje patalpoje. Su \u0161iais roletais galite m\u0117gautis tiek malonia \u0161viesa, tiek privatum\u0105 saugan\u010dia aplinka, nes jie taip pat padeda suma\u017einti pa\u0161alini\u0173 \u017evilgsni\u0173 \u012fsiskverbim\u0105.<\/p>\n<p class=\"\" data-start=\"1075\" data-end=\"1400\">Automatizuoti klasikiniai roletai yra ne tik funkcional\u016bs, bet ir paprasti naudoti. Galimyb\u0117 juos valdyti su <a href=\"https:\/\/www.youtube.com\/watch?v=P0kkA6Gh4rc&amp;list=PLwYRFfvZ9SHwMVdfTaSoyXv-H8Ta8dpKG&amp;index=3\" target=\"_blank\" rel=\"noopener\">nuotoliniu pultu<\/a> arba i\u0161mani\u0105ja program\u0117le leid\u017eia lengvai reguliuoti j\u0173 pozicij\u0105 be jokio vargo. Tokie roletai puikiai tinka tiek namuose, tiek biuruose, nes suteikia i\u0161skirtin\u012f patogum\u0105 ir modern\u0173, stiling\u0105 dizain\u0105.<\/p>\n<p class=\"\" data-start=\"1402\" data-end=\"1661\">Jei norite derinti elegancij\u0105 ir i\u0161manias technologijas savo interjere, klasikiniai automatiniai roletai yra puikus sprendimas. Pasirink\u0119 \u0161iuos roletus, gal\u0117site m\u0117gautis komfortu ir funkcionalumu kasdien, u\u017etikrinant maksimal\u0173 komfort\u0105 j\u016bs\u0173 namuose ar biure. Rekomenduojama rinktis siauresniam langui, kurio matmenys: auk\u0161tis [200 \u2013 2500 mm], plotis [600 \u2013 2000 mm]<\/p>\n","protected":false},"excerpt":{"rendered":"<p>Klasikiniai automatiniai roletai \u2013 patogus ir modernus sprendimas j\u016bs\u0173 namams Klasikiniai automatiniai roletai su automatiniu valdymu yra puikus pasirinkimas tiems, kurie ie\u0161ko patogumo ir funkcionalumo savo interjere. D\u0117l integruoto elektrinio variklio, \u0161iuos roletus galima valdyti nuotoliniu b\u016bdu arba i\u0161mani\u0105ja program\u0117le, kas u\u017etikrina maksimal\u0173 komfort\u0105 ir patogum\u0105. \u0160ie roletai leid\u017eia lengvai reguliuoti \u0161viesos patekim\u0105 \u012f patalpas, [&hellip;]<\/p>\n","protected":false},"featured_media":204,"template":"","meta":{"inline_featured_image":false},"product_brand":[],"product_cat":[18,57],"product_tag":[],"class_list":{"0":"post-3121","1":"product","2":"type-product","3":"status-publish","4":"has-post-thumbnail","6":"product_cat-roletai-automatiniai","7":"product_cat-roletai-internetu","8":"product_shipping_class-vidaus-gaminiai","9":"tm-has-options","11":"first","12":"instock","13":"taxable","14":"shipping-taxable","15":"purchasable","16":"product-type-simple"},"acf":[],"yoast_head":"<!-- This site is optimized with the Yoast SEO plugin v27.4 - https:\/\/yoast.com\/product\/yoast-seo-wordpress\/ -->\n<title>Roletai laisvai kabantys (S) (automatinis valdymas) - sunnyblinds.lv<\/title>\n<meta name=\"description\" content=\"Automatiniai roletai pagal individualius matmenis \u2013 i\u0161manus sprendimas j\u016bs\u0173 namams. U\u017esisakykite internetu pigiau, rinkit\u0117s i\u0161 plataus audini\u0173 asortimento!\" \/>\n<meta name=\"robots\" content=\"index, follow, max-snippet:-1, max-image-preview:large, max-video-preview:-1\" \/>\n<link rel=\"canonical\" href=\"https:\/\/sunnyblinds.lv\/gaminys\/roletai-laisvai-kabantys-s-automatinis-valdymas\/\" \/>\n<meta property=\"og:locale\" content=\"lt_LT\" \/>\n<meta property=\"og:type\" content=\"article\" \/>\n<meta property=\"og:title\" content=\"Roletai laisvai kabantys (S) (automatinis valdymas) - sunnyblinds.lv\" \/>\n<meta property=\"og:description\" content=\"Automatiniai roletai pagal individualius matmenis \u2013 i\u0161manus sprendimas j\u016bs\u0173 namams. U\u017esisakykite internetu pigiau, rinkit\u0117s i\u0161 plataus audini\u0173 asortimento!\" \/>\n<meta property=\"og:url\" content=\"https:\/\/sunnyblinds.lv\/gaminys\/roletai-laisvai-kabantys-s-automatinis-valdymas\/\" \/>\n<meta property=\"og:site_name\" content=\"Dextera\" \/>\n<meta property=\"article:modified_time\" content=\"2025-06-03T07:14:35+00:00\" \/>\n<meta property=\"og:image\" content=\"https:\/\/sunnyblinds.lv\/wp-content\/uploads\/2023\/07\/salio-min.png\" \/>\n\t<meta property=\"og:image:width\" content=\"2000\" \/>\n\t<meta property=\"og:image:height\" content=\"2000\" \/>\n\t<meta property=\"og:image:type\" content=\"image\/png\" \/>\n<meta name=\"twitter:card\" content=\"summary_large_image\" \/>\n<meta name=\"twitter:label1\" content=\"Est. reading time\" \/>\n\t<meta name=\"twitter:data1\" content=\"2 minut\u0117s\" \/>\n<script type=\"application\/ld+json\" class=\"yoast-schema-graph\">{\"@context\":\"https:\\\/\\\/schema.org\",\"@graph\":[{\"@type\":\"WebPage\",\"@id\":\"https:\\\/\\\/sunnyblinds.lv\\\/gaminys\\\/roletai-laisvai-kabantys-s-automatinis-valdymas\\\/\",\"url\":\"https:\\\/\\\/sunnyblinds.lv\\\/gaminys\\\/roletai-laisvai-kabantys-s-automatinis-valdymas\\\/\",\"name\":\"Roletai laisvai kabantys (S) (automatinis valdymas) - sunnyblinds.lv\",\"isPartOf\":{\"@id\":\"https:\\\/\\\/sunnyblinds.lv\\\/#website\"},\"primaryImageOfPage\":{\"@id\":\"https:\\\/\\\/sunnyblinds.lv\\\/gaminys\\\/roletai-laisvai-kabantys-s-automatinis-valdymas\\\/#primaryimage\"},\"image\":{\"@id\":\"https:\\\/\\\/sunnyblinds.lv\\\/gaminys\\\/roletai-laisvai-kabantys-s-automatinis-valdymas\\\/#primaryimage\"},\"thumbnailUrl\":\"https:\\\/\\\/sunnyblinds.lv\\\/wp-content\\\/uploads\\\/2023\\\/07\\\/salio-min.png\",\"datePublished\":\"2024-08-29T06:28:28+00:00\",\"dateModified\":\"2025-06-03T07:14:35+00:00\",\"description\":\"Automatiniai roletai pagal individualius matmenis \u2013 i\u0161manus sprendimas j\u016bs\u0173 namams. U\u017esisakykite internetu pigiau, rinkit\u0117s i\u0161 plataus audini\u0173 asortimento!\",\"breadcrumb\":{\"@id\":\"https:\\\/\\\/sunnyblinds.lv\\\/gaminys\\\/roletai-laisvai-kabantys-s-automatinis-valdymas\\\/#breadcrumb\"},\"inLanguage\":\"lt-LT\",\"potentialAction\":[{\"@type\":\"ReadAction\",\"target\":[\"https:\\\/\\\/sunnyblinds.lv\\\/gaminys\\\/roletai-laisvai-kabantys-s-automatinis-valdymas\\\/\"]}]},{\"@type\":\"ImageObject\",\"inLanguage\":\"lt-LT\",\"@id\":\"https:\\\/\\\/sunnyblinds.lv\\\/gaminys\\\/roletai-laisvai-kabantys-s-automatinis-valdymas\\\/#primaryimage\",\"url\":\"https:\\\/\\\/sunnyblinds.lv\\\/wp-content\\\/uploads\\\/2023\\\/07\\\/salio-min.png\",\"contentUrl\":\"https:\\\/\\\/sunnyblinds.lv\\\/wp-content\\\/uploads\\\/2023\\\/07\\\/salio-min.png\",\"width\":2000,\"height\":2000,\"caption\":\"Roletai, \u017ealiuz\u0117s, tinkleliai nuo uod\u0173\"},{\"@type\":\"BreadcrumbList\",\"@id\":\"https:\\\/\\\/sunnyblinds.lv\\\/gaminys\\\/roletai-laisvai-kabantys-s-automatinis-valdymas\\\/#breadcrumb\",\"itemListElement\":[{\"@type\":\"ListItem\",\"position\":1,\"name\":\"Home\",\"item\":\"https:\\\/\\\/sunnyblinds.lv\\\/\"},{\"@type\":\"ListItem\",\"position\":2,\"name\":\"Elektronin\u0117 parduotuv\u0117\",\"item\":\"https:\\\/\\\/sunnyblinds.lv\\\/parduotuve\\\/\"},{\"@type\":\"ListItem\",\"position\":3,\"name\":\"Roletai laisvai kabantys (S) (automatinis valdymas)\"}]},{\"@type\":\"WebSite\",\"@id\":\"https:\\\/\\\/sunnyblinds.lv\\\/#website\",\"url\":\"https:\\\/\\\/sunnyblinds.lv\\\/\",\"name\":\"Dextera\",\"description\":\"LV eshop\",\"publisher\":{\"@id\":\"https:\\\/\\\/sunnyblinds.lv\\\/#organization\"},\"potentialAction\":[{\"@type\":\"SearchAction\",\"target\":{\"@type\":\"EntryPoint\",\"urlTemplate\":\"https:\\\/\\\/sunnyblinds.lv\\\/?s={search_term_string}\"},\"query-input\":{\"@type\":\"PropertyValueSpecification\",\"valueRequired\":true,\"valueName\":\"search_term_string\"}}],\"inLanguage\":\"lt-LT\"},{\"@type\":\"Organization\",\"@id\":\"https:\\\/\\\/sunnyblinds.lv\\\/#organization\",\"name\":\"Dextera\",\"url\":\"https:\\\/\\\/sunnyblinds.lv\\\/\",\"logo\":{\"@type\":\"ImageObject\",\"inLanguage\":\"lt-LT\",\"@id\":\"https:\\\/\\\/sunnyblinds.lv\\\/#\\\/schema\\\/logo\\\/image\\\/\",\"url\":\"https:\\\/\\\/sunnyblinds.lv\\\/wp-content\\\/uploads\\\/2024\\\/03\\\/DEXTERA_su-sukiu_tamsiai-melynas-e1710914216478.png\",\"contentUrl\":\"https:\\\/\\\/sunnyblinds.lv\\\/wp-content\\\/uploads\\\/2024\\\/03\\\/DEXTERA_su-sukiu_tamsiai-melynas-e1710914216478.png\",\"width\":200,\"height\":53,\"caption\":\"Dextera\"},\"image\":{\"@id\":\"https:\\\/\\\/sunnyblinds.lv\\\/#\\\/schema\\\/logo\\\/image\\\/\"}}]}<\/script>\n<!-- \/ Yoast SEO plugin. -->","yoast_head_json":{"title":"Roletai laisvai kabantys (S) (automatinis valdymas) - sunnyblinds.lv","description":"Automatiniai roletai pagal individualius matmenis \u2013 i\u0161manus sprendimas j\u016bs\u0173 namams. U\u017esisakykite internetu pigiau, rinkit\u0117s i\u0161 plataus audini\u0173 asortimento!","robots":{"index":"index","follow":"follow","max-snippet":"max-snippet:-1","max-image-preview":"max-image-preview:large","max-video-preview":"max-video-preview:-1"},"canonical":"https:\/\/sunnyblinds.lv\/gaminys\/roletai-laisvai-kabantys-s-automatinis-valdymas\/","og_locale":"lt_LT","og_type":"article","og_title":"Roletai laisvai kabantys (S) (automatinis valdymas) - sunnyblinds.lv","og_description":"Automatiniai roletai pagal individualius matmenis \u2013 i\u0161manus sprendimas j\u016bs\u0173 namams. U\u017esisakykite internetu pigiau, rinkit\u0117s i\u0161 plataus audini\u0173 asortimento!","og_url":"https:\/\/sunnyblinds.lv\/gaminys\/roletai-laisvai-kabantys-s-automatinis-valdymas\/","og_site_name":"Dextera","article_modified_time":"2025-06-03T07:14:35+00:00","og_image":[{"width":2000,"height":2000,"url":"https:\/\/sunnyblinds.lv\/wp-content\/uploads\/2023\/07\/salio-min.png","type":"image\/png"}],"twitter_card":"summary_large_image","twitter_misc":{"Est. reading time":"2 minut\u0117s"},"schema":{"@context":"https:\/\/schema.org","@graph":[{"@type":"WebPage","@id":"https:\/\/sunnyblinds.lv\/gaminys\/roletai-laisvai-kabantys-s-automatinis-valdymas\/","url":"https:\/\/sunnyblinds.lv\/gaminys\/roletai-laisvai-kabantys-s-automatinis-valdymas\/","name":"Roletai laisvai kabantys (S) (automatinis valdymas) - sunnyblinds.lv","isPartOf":{"@id":"https:\/\/sunnyblinds.lv\/#website"},"primaryImageOfPage":{"@id":"https:\/\/sunnyblinds.lv\/gaminys\/roletai-laisvai-kabantys-s-automatinis-valdymas\/#primaryimage"},"image":{"@id":"https:\/\/sunnyblinds.lv\/gaminys\/roletai-laisvai-kabantys-s-automatinis-valdymas\/#primaryimage"},"thumbnailUrl":"https:\/\/sunnyblinds.lv\/wp-content\/uploads\/2023\/07\/salio-min.png","datePublished":"2024-08-29T06:28:28+00:00","dateModified":"2025-06-03T07:14:35+00:00","description":"Automatiniai roletai pagal individualius matmenis \u2013 i\u0161manus sprendimas j\u016bs\u0173 namams. U\u017esisakykite internetu pigiau, rinkit\u0117s i\u0161 plataus audini\u0173 asortimento!","breadcrumb":{"@id":"https:\/\/sunnyblinds.lv\/gaminys\/roletai-laisvai-kabantys-s-automatinis-valdymas\/#breadcrumb"},"inLanguage":"lt-LT","potentialAction":[{"@type":"ReadAction","target":["https:\/\/sunnyblinds.lv\/gaminys\/roletai-laisvai-kabantys-s-automatinis-valdymas\/"]}]},{"@type":"ImageObject","inLanguage":"lt-LT","@id":"https:\/\/sunnyblinds.lv\/gaminys\/roletai-laisvai-kabantys-s-automatinis-valdymas\/#primaryimage","url":"https:\/\/sunnyblinds.lv\/wp-content\/uploads\/2023\/07\/salio-min.png","contentUrl":"https:\/\/sunnyblinds.lv\/wp-content\/uploads\/2023\/07\/salio-min.png","width":2000,"height":2000,"caption":"Roletai, \u017ealiuz\u0117s, tinkleliai nuo uod\u0173"},{"@type":"BreadcrumbList","@id":"https:\/\/sunnyblinds.lv\/gaminys\/roletai-laisvai-kabantys-s-automatinis-valdymas\/#breadcrumb","itemListElement":[{"@type":"ListItem","position":1,"name":"Home","item":"https:\/\/sunnyblinds.lv\/"},{"@type":"ListItem","position":2,"name":"Elektronin\u0117 parduotuv\u0117","item":"https:\/\/sunnyblinds.lv\/parduotuve\/"},{"@type":"ListItem","position":3,"name":"Roletai laisvai kabantys (S) (automatinis valdymas)"}]},{"@type":"WebSite","@id":"https:\/\/sunnyblinds.lv\/#website","url":"https:\/\/sunnyblinds.lv\/","name":"Dextera","description":"LV eshop","publisher":{"@id":"https:\/\/sunnyblinds.lv\/#organization"},"potentialAction":[{"@type":"SearchAction","target":{"@type":"EntryPoint","urlTemplate":"https:\/\/sunnyblinds.lv\/?s={search_term_string}"},"query-input":{"@type":"PropertyValueSpecification","valueRequired":true,"valueName":"search_term_string"}}],"inLanguage":"lt-LT"},{"@type":"Organization","@id":"https:\/\/sunnyblinds.lv\/#organization","name":"Dextera","url":"https:\/\/sunnyblinds.lv\/","logo":{"@type":"ImageObject","inLanguage":"lt-LT","@id":"https:\/\/sunnyblinds.lv\/#\/schema\/logo\/image\/","url":"https:\/\/sunnyblinds.lv\/wp-content\/uploads\/2024\/03\/DEXTERA_su-sukiu_tamsiai-melynas-e1710914216478.png","contentUrl":"https:\/\/sunnyblinds.lv\/wp-content\/uploads\/2024\/03\/DEXTERA_su-sukiu_tamsiai-melynas-e1710914216478.png","width":200,"height":53,"caption":"Dextera"},"image":{"@id":"https:\/\/sunnyblinds.lv\/#\/schema\/logo\/image\/"}}]}},"_links":{"self":[{"href":"https:\/\/sunnyblinds.lv\/lt\/wp-json\/wp\/v2\/product\/3121","targetHints":{"allow":["GET"]}}],"collection":[{"href":"https:\/\/sunnyblinds.lv\/lt\/wp-json\/wp\/v2\/product"}],"about":[{"href":"https:\/\/sunnyblinds.lv\/lt\/wp-json\/wp\/v2\/types\/product"}],"wp:featuredmedia":[{"embeddable":true,"href":"https:\/\/sunnyblinds.lv\/lt\/wp-json\/wp\/v2\/media\/204"}],"wp:attachment":[{"href":"https:\/\/sunnyblinds.lv\/lt\/wp-json\/wp\/v2\/media?parent=3121"}],"wp:term":[{"taxonomy":"product_brand","embeddable":true,"href":"https:\/\/sunnyblinds.lv\/lt\/wp-json\/wp\/v2\/product_brand?post=3121"},{"taxonomy":"product_cat","embeddable":true,"href":"https:\/\/sunnyblinds.lv\/lt\/wp-json\/wp\/v2\/product_cat?post=3121"},{"taxonomy":"product_tag","embeddable":true,"href":"https:\/\/sunnyblinds.lv\/lt\/wp-json\/wp\/v2\/product_tag?post=3121"}],"curies":[{"name":"wp","href":"https:\/\/api.w.org\/{rel}","templated":true}]}}