{"id":3119,"date":"2024-08-29T09:21:56","date_gmt":"2024-08-29T06:21:56","guid":{"rendered":"https:\/\/e.dextera.lt\/?post_type=product&#038;p=3119"},"modified":"2025-04-11T08:55:33","modified_gmt":"2025-04-11T05:55:33","slug":"roletai-laisvai-kabantys-kasete","status":"publish","type":"product","link":"https:\/\/sunnyblinds.lv\/lt\/gaminys\/roletai-laisvai-kabantys-kasete\/","title":{"rendered":"Roletai laisvai kabantys su kasete"},"content":{"rendered":"<h3 data-start=\"702\" data-end=\"782\"><strong data-start=\"706\" data-end=\"780\">Universal\u016bs klasikiniai <a href=\"https:\/\/sunnyblinds.lv\/kategorija\/roletai-klasikiniai\/\" target=\"_blank\" rel=\"noopener\">roletai<\/a> \u2013 patogus ir ekonomi\u0161kas sprendimas<\/strong><\/h3>\n<p data-start=\"783\" data-end=\"1238\">Jei vertinate paprastum\u0105 ir funkcionalum\u0105, <strong data-start=\"826\" data-end=\"849\">klasikiniai roletai<\/strong> \u2013 b\u016btent tai, ko jums reikia. \u0160ie roletai padeda reguliuoti \u0161viesos sraut\u0105, apsaugo nuo saul\u0117s bei suteikia interjerui elegancijos. Jie lengvai <a href=\"https:\/\/www.youtube.com\/watch?v=MqSheLINc8c\" target=\"_blank\" rel=\"noopener\">montuojami<\/a>, o j\u0173 valdymas yra lengvas ir patogus. D\u0117l plataus audini\u0173 ir spalv\u0173 pasirinkimo galite lengvai pritaikyti juos prie bet kokio kambario dizaino. Atraskite klasikinius roletus ir sukurkite jauki\u0105 atmosfer\u0105 savo namuose.<\/p>\n<p class=\"\" data-start=\"1659\" data-end=\"1692\"><strong data-start=\"1659\" data-end=\"1692\">Specifikacijos ir Komponentai:<\/strong><\/p>\n<ul data-start=\"1694\" data-end=\"2688\">\n<li class=\"\" data-start=\"1694\" data-end=\"1836\">\n<p class=\"\" data-start=\"1696\" data-end=\"1836\"><strong data-start=\"1696\" data-end=\"1717\">Prigludimo tipas:<\/strong> Laisvai kabantys roletai su kasete, pritvirtinti ant speciali\u0173 laikikli\u0173, u\u017etikrinan\u010di\u0173 tvirt\u0105 ir stabil\u0173 u\u017efiksavim\u0105.<\/p>\n<\/li>\n<li class=\"\" data-start=\"1837\" data-end=\"1980\">\n<p class=\"\" data-start=\"1839\" data-end=\"1980\"><strong data-start=\"1839\" data-end=\"1855\">Mechanizmas:<\/strong> Patogus valdymo mechanizmas, leid\u017eiantis lengvai reguliuoti rolet\u0173 auk\u0161t\u012f ir \u0161viesos sraut\u0105, u\u017etikrinant privatumo kontrol\u0119.<\/p>\n<\/li>\n<li class=\"\" data-start=\"1981\" data-end=\"2183\">\n<p class=\"\" data-start=\"1983\" data-end=\"2183\"><strong data-start=\"1983\" data-end=\"2005\">Klasikin\u0117 sistema:<\/strong> Aliuminio vamzdis, metaliniai arba plastikiniai laikikliai, kaset\u0117, apatinis profilis ir audinys.<\/p>\n<\/li>\n<li class=\"\" data-start=\"2184\" data-end=\"2302\">\n<p class=\"\" data-start=\"2186\" data-end=\"2302\"><strong data-start=\"2186\" data-end=\"2210\">Montavimo galimyb\u0117s:<\/strong> Tvirtinimas ant sienos, lub\u0173 arba prie lango r\u0117mo, u\u017etikrinant tvirt\u0105 ir stabil\u0173 montavim\u0105.<\/p>\n<\/li>\n<li class=\"\" data-start=\"2303\" data-end=\"2426\">\n<p class=\"\" data-start=\"2305\" data-end=\"2426\"><strong data-start=\"2305\" data-end=\"2326\">Vamzd\u017ei\u0173 dyd\u017eiai:<\/strong> Galimi \u012fvair\u016bs vamzd\u017ei\u0173 dyd\u017eiai \u2013 19 mm, 30 mm, 42 mm, 65 mm \u2013 u\u017etikrinantys tvirtum\u0105 ir stabilum\u0105.<\/p>\n<\/li>\n<li class=\"\" data-start=\"2427\" data-end=\"2560\">\n<p class=\"\" data-start=\"2429\" data-end=\"2560\"><strong data-start=\"2429\" data-end=\"2452\">Mechanizm\u0173 spalvos:<\/strong> Galima rinktis i\u0161 dviej\u0173 &#8211; baltos ir pilkos spalvos.<\/p>\n<\/li>\n<li class=\"\" data-start=\"2561\" data-end=\"2688\">\n<p class=\"\" data-start=\"2563\" data-end=\"2688\"><strong data-start=\"2563\" data-end=\"2576\">Audiniai:<\/strong> Pasirinkite i\u0161 \u012fvairi\u0173 audini\u0173, kad atitikt\u0173 j\u016bs\u0173 poreikius \u2013 nuo \u0161viesos pralaidumo iki privatumo u\u017etikrinimo.<\/p>\n<\/li>\n<\/ul>\n<p class=\"\" data-start=\"2690\" data-end=\"2756\"><strong data-start=\"2690\" data-end=\"2756\">Klasikiniai Roletai su Kasete: Auk\u0161ta Kokyb\u0117 ir Funkcionalumas<\/strong><\/p>\n<p class=\"\" data-start=\"2758\" data-end=\"3156\">Laisvai kabantys roletai su kasete ne tik suteikia efektyvi\u0105 apsaug\u0105 nuo saul\u0117s, bet ir padeda sukurti jauki\u0105 ir komforti\u0161k\u0105 aplink\u0105. Kaset\u0117s sistema u\u017etikrina papildom\u0105 apsaug\u0105 nuo ne\u0161varum\u0173 ir d\u0117v\u0117jimosi, tuo pa\u010diu i\u0161laikant \u0161var\u0173 ir tvarking\u0105 rolet\u0173 i\u0161vaizd\u0105. Paprastas ir eleganti\u0161kas dizainas puikiai dera su \u012fvairiais interjero stiliais ir leid\u017eia lengvai pritaikyti roletus pagal j\u016bs\u0173 erdv\u0119.<\/p>\n<p class=\"\" data-start=\"3158\" data-end=\"3403\">\u0160ie roletai ne tik u\u017etikrina ilgaam\u017ei\u0161kum\u0105 ir patikimum\u0105, bet ir yra lengvai pritaikomi pagal j\u016bs\u0173 individualius poreikius ir skon\u012f. Plati spalv\u0173 ir audini\u0173 pasirinkimo galimyb\u0117 leid\u017eia sukurti unikal\u0173 dizain\u0105, atitinkant\u012f j\u016bs\u0173 interjero vizij\u0105.<\/p>\n","protected":false},"excerpt":{"rendered":"<p>Universal\u016bs klasikiniai roletai \u2013 patogus ir ekonomi\u0161kas sprendimas Jei vertinate paprastum\u0105 ir funkcionalum\u0105, klasikiniai roletai \u2013 b\u016btent tai, ko jums reikia. \u0160ie roletai padeda reguliuoti \u0161viesos sraut\u0105, apsaugo nuo saul\u0117s bei suteikia interjerui elegancijos. Jie lengvai montuojami, o j\u0173 valdymas yra lengvas ir patogus. D\u0117l plataus audini\u0173 ir spalv\u0173 pasirinkimo galite lengvai pritaikyti juos prie [&hellip;]<\/p>\n","protected":false},"featured_media":204,"template":"","meta":{"inline_featured_image":false},"product_brand":[],"product_cat":[17,28,57],"product_tag":[],"class_list":{"0":"post-3119","1":"product","2":"type-product","3":"status-publish","4":"has-post-thumbnail","6":"product_cat-klasikiniai-roletai-laisvai-kabantys-arba-priglude","7":"product_cat-roletai-klasikiniai","8":"product_cat-roletai-internetu","9":"product_shipping_class-vidaus-gaminiai","10":"tm-has-options","12":"first","13":"instock","14":"taxable","15":"shipping-taxable","16":"purchasable","17":"product-type-simple"},"acf":[],"yoast_head":"<!-- This site is optimized with the Yoast SEO plugin v27.4 - https:\/\/yoast.com\/product\/yoast-seo-wordpress\/ -->\n<title>Roletai laisvai kabantys su kasete - sunnyblinds.lv<\/title>\n<meta name=\"description\" content=\"Roletai internetu - pigiau! I\u0161sirinkite rolet\u0173 audin\u012f, nurodykite rolet\u0173 matmenis ir gaminys netrukus bus pagamintas. Pristatymas visoje Lietuvoje!\" \/>\n<meta name=\"robots\" content=\"index, follow, max-snippet:-1, max-image-preview:large, max-video-preview:-1\" \/>\n<link rel=\"canonical\" href=\"https:\/\/sunnyblinds.lv\/gaminys\/roletai-laisvai-kabantys-kasete\/\" \/>\n<meta property=\"og:locale\" content=\"lt_LT\" \/>\n<meta property=\"og:type\" content=\"article\" \/>\n<meta property=\"og:title\" content=\"Roletai laisvai kabantys su kasete - sunnyblinds.lv\" \/>\n<meta property=\"og:description\" content=\"Roletai internetu - pigiau! I\u0161sirinkite rolet\u0173 audin\u012f, nurodykite rolet\u0173 matmenis ir gaminys netrukus bus pagamintas. Pristatymas visoje Lietuvoje!\" \/>\n<meta property=\"og:url\" content=\"https:\/\/sunnyblinds.lv\/gaminys\/roletai-laisvai-kabantys-kasete\/\" \/>\n<meta property=\"og:site_name\" content=\"Dextera\" \/>\n<meta property=\"article:modified_time\" content=\"2025-04-11T05:55:33+00:00\" \/>\n<meta property=\"og:image\" content=\"https:\/\/sunnyblinds.lv\/wp-content\/uploads\/2023\/07\/salio-min.png\" \/>\n\t<meta property=\"og:image:width\" content=\"2000\" \/>\n\t<meta property=\"og:image:height\" content=\"2000\" \/>\n\t<meta property=\"og:image:type\" content=\"image\/png\" \/>\n<meta name=\"twitter:card\" content=\"summary_large_image\" \/>\n<meta name=\"twitter:label1\" content=\"Est. reading time\" \/>\n\t<meta name=\"twitter:data1\" content=\"2 minut\u0117s\" \/>\n<script type=\"application\/ld+json\" class=\"yoast-schema-graph\">{\"@context\":\"https:\\\/\\\/schema.org\",\"@graph\":[{\"@type\":\"WebPage\",\"@id\":\"https:\\\/\\\/sunnyblinds.lv\\\/gaminys\\\/roletai-laisvai-kabantys-kasete\\\/\",\"url\":\"https:\\\/\\\/sunnyblinds.lv\\\/gaminys\\\/roletai-laisvai-kabantys-kasete\\\/\",\"name\":\"Roletai laisvai kabantys su kasete - sunnyblinds.lv\",\"isPartOf\":{\"@id\":\"https:\\\/\\\/sunnyblinds.lv\\\/#website\"},\"primaryImageOfPage\":{\"@id\":\"https:\\\/\\\/sunnyblinds.lv\\\/gaminys\\\/roletai-laisvai-kabantys-kasete\\\/#primaryimage\"},\"image\":{\"@id\":\"https:\\\/\\\/sunnyblinds.lv\\\/gaminys\\\/roletai-laisvai-kabantys-kasete\\\/#primaryimage\"},\"thumbnailUrl\":\"https:\\\/\\\/sunnyblinds.lv\\\/wp-content\\\/uploads\\\/2023\\\/07\\\/salio-min.png\",\"datePublished\":\"2024-08-29T06:21:56+00:00\",\"dateModified\":\"2025-04-11T05:55:33+00:00\",\"description\":\"Roletai internetu - pigiau! I\u0161sirinkite rolet\u0173 audin\u012f, nurodykite rolet\u0173 matmenis ir gaminys netrukus bus pagamintas. Pristatymas visoje Lietuvoje!\",\"breadcrumb\":{\"@id\":\"https:\\\/\\\/sunnyblinds.lv\\\/gaminys\\\/roletai-laisvai-kabantys-kasete\\\/#breadcrumb\"},\"inLanguage\":\"lt-LT\",\"potentialAction\":[{\"@type\":\"ReadAction\",\"target\":[\"https:\\\/\\\/sunnyblinds.lv\\\/gaminys\\\/roletai-laisvai-kabantys-kasete\\\/\"]}]},{\"@type\":\"ImageObject\",\"inLanguage\":\"lt-LT\",\"@id\":\"https:\\\/\\\/sunnyblinds.lv\\\/gaminys\\\/roletai-laisvai-kabantys-kasete\\\/#primaryimage\",\"url\":\"https:\\\/\\\/sunnyblinds.lv\\\/wp-content\\\/uploads\\\/2023\\\/07\\\/salio-min.png\",\"contentUrl\":\"https:\\\/\\\/sunnyblinds.lv\\\/wp-content\\\/uploads\\\/2023\\\/07\\\/salio-min.png\",\"width\":2000,\"height\":2000,\"caption\":\"Roletai, \u017ealiuz\u0117s, tinkleliai nuo uod\u0173\"},{\"@type\":\"BreadcrumbList\",\"@id\":\"https:\\\/\\\/sunnyblinds.lv\\\/gaminys\\\/roletai-laisvai-kabantys-kasete\\\/#breadcrumb\",\"itemListElement\":[{\"@type\":\"ListItem\",\"position\":1,\"name\":\"Home\",\"item\":\"https:\\\/\\\/sunnyblinds.lv\\\/\"},{\"@type\":\"ListItem\",\"position\":2,\"name\":\"Elektronin\u0117 parduotuv\u0117\",\"item\":\"https:\\\/\\\/sunnyblinds.lv\\\/parduotuve\\\/\"},{\"@type\":\"ListItem\",\"position\":3,\"name\":\"Roletai laisvai kabantys su kasete\"}]},{\"@type\":\"WebSite\",\"@id\":\"https:\\\/\\\/sunnyblinds.lv\\\/#website\",\"url\":\"https:\\\/\\\/sunnyblinds.lv\\\/\",\"name\":\"Dextera\",\"description\":\"LV eshop\",\"publisher\":{\"@id\":\"https:\\\/\\\/sunnyblinds.lv\\\/#organization\"},\"potentialAction\":[{\"@type\":\"SearchAction\",\"target\":{\"@type\":\"EntryPoint\",\"urlTemplate\":\"https:\\\/\\\/sunnyblinds.lv\\\/?s={search_term_string}\"},\"query-input\":{\"@type\":\"PropertyValueSpecification\",\"valueRequired\":true,\"valueName\":\"search_term_string\"}}],\"inLanguage\":\"lt-LT\"},{\"@type\":\"Organization\",\"@id\":\"https:\\\/\\\/sunnyblinds.lv\\\/#organization\",\"name\":\"Dextera\",\"url\":\"https:\\\/\\\/sunnyblinds.lv\\\/\",\"logo\":{\"@type\":\"ImageObject\",\"inLanguage\":\"lt-LT\",\"@id\":\"https:\\\/\\\/sunnyblinds.lv\\\/#\\\/schema\\\/logo\\\/image\\\/\",\"url\":\"https:\\\/\\\/sunnyblinds.lv\\\/wp-content\\\/uploads\\\/2024\\\/03\\\/DEXTERA_su-sukiu_tamsiai-melynas-e1710914216478.png\",\"contentUrl\":\"https:\\\/\\\/sunnyblinds.lv\\\/wp-content\\\/uploads\\\/2024\\\/03\\\/DEXTERA_su-sukiu_tamsiai-melynas-e1710914216478.png\",\"width\":200,\"height\":53,\"caption\":\"Dextera\"},\"image\":{\"@id\":\"https:\\\/\\\/sunnyblinds.lv\\\/#\\\/schema\\\/logo\\\/image\\\/\"}}]}<\/script>\n<!-- \/ Yoast SEO plugin. -->","yoast_head_json":{"title":"Roletai laisvai kabantys su kasete - sunnyblinds.lv","description":"Roletai internetu - pigiau! I\u0161sirinkite rolet\u0173 audin\u012f, nurodykite rolet\u0173 matmenis ir gaminys netrukus bus pagamintas. Pristatymas visoje Lietuvoje!","robots":{"index":"index","follow":"follow","max-snippet":"max-snippet:-1","max-image-preview":"max-image-preview:large","max-video-preview":"max-video-preview:-1"},"canonical":"https:\/\/sunnyblinds.lv\/gaminys\/roletai-laisvai-kabantys-kasete\/","og_locale":"lt_LT","og_type":"article","og_title":"Roletai laisvai kabantys su kasete - sunnyblinds.lv","og_description":"Roletai internetu - pigiau! I\u0161sirinkite rolet\u0173 audin\u012f, nurodykite rolet\u0173 matmenis ir gaminys netrukus bus pagamintas. Pristatymas visoje Lietuvoje!","og_url":"https:\/\/sunnyblinds.lv\/gaminys\/roletai-laisvai-kabantys-kasete\/","og_site_name":"Dextera","article_modified_time":"2025-04-11T05:55:33+00:00","og_image":[{"width":2000,"height":2000,"url":"https:\/\/sunnyblinds.lv\/wp-content\/uploads\/2023\/07\/salio-min.png","type":"image\/png"}],"twitter_card":"summary_large_image","twitter_misc":{"Est. reading time":"2 minut\u0117s"},"schema":{"@context":"https:\/\/schema.org","@graph":[{"@type":"WebPage","@id":"https:\/\/sunnyblinds.lv\/gaminys\/roletai-laisvai-kabantys-kasete\/","url":"https:\/\/sunnyblinds.lv\/gaminys\/roletai-laisvai-kabantys-kasete\/","name":"Roletai laisvai kabantys su kasete - sunnyblinds.lv","isPartOf":{"@id":"https:\/\/sunnyblinds.lv\/#website"},"primaryImageOfPage":{"@id":"https:\/\/sunnyblinds.lv\/gaminys\/roletai-laisvai-kabantys-kasete\/#primaryimage"},"image":{"@id":"https:\/\/sunnyblinds.lv\/gaminys\/roletai-laisvai-kabantys-kasete\/#primaryimage"},"thumbnailUrl":"https:\/\/sunnyblinds.lv\/wp-content\/uploads\/2023\/07\/salio-min.png","datePublished":"2024-08-29T06:21:56+00:00","dateModified":"2025-04-11T05:55:33+00:00","description":"Roletai internetu - pigiau! I\u0161sirinkite rolet\u0173 audin\u012f, nurodykite rolet\u0173 matmenis ir gaminys netrukus bus pagamintas. Pristatymas visoje Lietuvoje!","breadcrumb":{"@id":"https:\/\/sunnyblinds.lv\/gaminys\/roletai-laisvai-kabantys-kasete\/#breadcrumb"},"inLanguage":"lt-LT","potentialAction":[{"@type":"ReadAction","target":["https:\/\/sunnyblinds.lv\/gaminys\/roletai-laisvai-kabantys-kasete\/"]}]},{"@type":"ImageObject","inLanguage":"lt-LT","@id":"https:\/\/sunnyblinds.lv\/gaminys\/roletai-laisvai-kabantys-kasete\/#primaryimage","url":"https:\/\/sunnyblinds.lv\/wp-content\/uploads\/2023\/07\/salio-min.png","contentUrl":"https:\/\/sunnyblinds.lv\/wp-content\/uploads\/2023\/07\/salio-min.png","width":2000,"height":2000,"caption":"Roletai, \u017ealiuz\u0117s, tinkleliai nuo uod\u0173"},{"@type":"BreadcrumbList","@id":"https:\/\/sunnyblinds.lv\/gaminys\/roletai-laisvai-kabantys-kasete\/#breadcrumb","itemListElement":[{"@type":"ListItem","position":1,"name":"Home","item":"https:\/\/sunnyblinds.lv\/"},{"@type":"ListItem","position":2,"name":"Elektronin\u0117 parduotuv\u0117","item":"https:\/\/sunnyblinds.lv\/parduotuve\/"},{"@type":"ListItem","position":3,"name":"Roletai laisvai kabantys su kasete"}]},{"@type":"WebSite","@id":"https:\/\/sunnyblinds.lv\/#website","url":"https:\/\/sunnyblinds.lv\/","name":"Dextera","description":"LV eshop","publisher":{"@id":"https:\/\/sunnyblinds.lv\/#organization"},"potentialAction":[{"@type":"SearchAction","target":{"@type":"EntryPoint","urlTemplate":"https:\/\/sunnyblinds.lv\/?s={search_term_string}"},"query-input":{"@type":"PropertyValueSpecification","valueRequired":true,"valueName":"search_term_string"}}],"inLanguage":"lt-LT"},{"@type":"Organization","@id":"https:\/\/sunnyblinds.lv\/#organization","name":"Dextera","url":"https:\/\/sunnyblinds.lv\/","logo":{"@type":"ImageObject","inLanguage":"lt-LT","@id":"https:\/\/sunnyblinds.lv\/#\/schema\/logo\/image\/","url":"https:\/\/sunnyblinds.lv\/wp-content\/uploads\/2024\/03\/DEXTERA_su-sukiu_tamsiai-melynas-e1710914216478.png","contentUrl":"https:\/\/sunnyblinds.lv\/wp-content\/uploads\/2024\/03\/DEXTERA_su-sukiu_tamsiai-melynas-e1710914216478.png","width":200,"height":53,"caption":"Dextera"},"image":{"@id":"https:\/\/sunnyblinds.lv\/#\/schema\/logo\/image\/"}}]}},"_links":{"self":[{"href":"https:\/\/sunnyblinds.lv\/lt\/wp-json\/wp\/v2\/product\/3119","targetHints":{"allow":["GET"]}}],"collection":[{"href":"https:\/\/sunnyblinds.lv\/lt\/wp-json\/wp\/v2\/product"}],"about":[{"href":"https:\/\/sunnyblinds.lv\/lt\/wp-json\/wp\/v2\/types\/product"}],"wp:featuredmedia":[{"embeddable":true,"href":"https:\/\/sunnyblinds.lv\/lt\/wp-json\/wp\/v2\/media\/204"}],"wp:attachment":[{"href":"https:\/\/sunnyblinds.lv\/lt\/wp-json\/wp\/v2\/media?parent=3119"}],"wp:term":[{"taxonomy":"product_brand","embeddable":true,"href":"https:\/\/sunnyblinds.lv\/lt\/wp-json\/wp\/v2\/product_brand?post=3119"},{"taxonomy":"product_cat","embeddable":true,"href":"https:\/\/sunnyblinds.lv\/lt\/wp-json\/wp\/v2\/product_cat?post=3119"},{"taxonomy":"product_tag","embeddable":true,"href":"https:\/\/sunnyblinds.lv\/lt\/wp-json\/wp\/v2\/product_tag?post=3119"}],"curies":[{"name":"wp","href":"https:\/\/api.w.org\/{rel}","templated":true}]}}