{"id":3116,"date":"2024-08-29T09:14:26","date_gmt":"2024-08-29T06:14:26","guid":{"rendered":"https:\/\/e.dextera.lt\/?post_type=product&#038;p=3116"},"modified":"2025-09-16T11:38:13","modified_gmt":"2025-09-16T08:38:13","slug":"roletai-laisvai-kabantys-m","status":"publish","type":"product","link":"https:\/\/sunnyblinds.lv\/lt\/gaminys\/roletai-laisvai-kabantys-m\/","title":{"rendered":"Roletai laisvai kabantys (M)"},"content":{"rendered":"<p class=\"\" data-start=\"313\" data-end=\"399\"><strong data-start=\"313\" data-end=\"399\">Laisvai Kabantys Klasikiniai Roletai: Elegancija ir Funkcionalumas J\u016bs\u0173 Interjerui<\/strong><\/p>\n<p class=\"\" data-start=\"460\" data-end=\"762\">Laisvai kabantys klasikiniai roletai \u2013 tai stilingas ir funkcionalus lang\u0173 u\u017edengimo sprendimas, puikiai tinkantis \u012fvairiems interjerams. \u0160ie laisvai kabantys klasikiniai roletai, pritvirtinti be kaset\u0117s ir kabantys nuo vir\u0161aus, suteikia erdv\u0117s poj\u016bt\u012f ir leid\u017eia daugiau nat\u016braliai \u0161viesai patekti \u012f j\u016bs\u0173 patalpas.Skirtingai nei tradiciniai roletai, \u0161ie roletai suteikia interjerui daugiau laisv\u0117s ir \u0161viesos. Tai ypa\u010d aktualu ma\u017eesn\u0117ms patalpoms, kur kiekvienas papildomas \u0161viesos \u0161altinis gali pad\u0117ti erdvei atrodyti didesnei ir \u0161viesesnei.<\/p>\n<p class=\"\" data-start=\"764\" data-end=\"803\"><strong data-start=\"1038\" data-end=\"1079\">\u00a0<\/strong>Laisvai kabantys klasikiniai <a href=\"https:\/\/sunnyblinds.lv\/kategorija\/roletai-klasikiniai\/\" target=\"_blank\" rel=\"noopener\">roletai<\/a> taip pat suteikia modern\u0173 ir \u0161iuolaiki\u0161k\u0105 interjero akcent\u0105. Pritvirtinti be kaset\u0117s, jie paprastai ir eleganti\u0161kai \u012fkomponuoja \u012f bet kur\u012f kambario dizain\u0105, nepriklausomai nuo to, ar interjeras yra minimalisti\u0161kas, ar klasikinis. D\u0117l j\u0173 paprasto, ta\u010diau efektyvaus valdymo mechanizmo, galite lengvai reguliuoti norim\u0105 auk\u0161t\u012f ir \u0161viesos sraut\u0105, taip u\u017etikrindami reikiam\u0105 privatumo lyg\u012f. \u0160ie roletai puikus pasirinkimas tiek gyvenamosioms patalpoms, tiek biurams, nes j\u0173 valdymas paprastas ir patogus.<\/p>\n<p class=\"\" data-start=\"1846\" data-end=\"1879\"><strong data-start=\"1846\" data-end=\"1879\">Specifikacijos ir Komponentai:<\/strong><\/p>\n<ul data-start=\"1881\" data-end=\"2713\">\n<li class=\"\" data-start=\"1881\" data-end=\"2008\">\n<p class=\"\" data-start=\"1883\" data-end=\"2008\"><strong data-start=\"1883\" data-end=\"1904\">Prigludimo tipas:<\/strong> Roletai kabantys be kaset\u0117s, pritvirtinti ant laikikli\u0173, u\u017etikrinan\u010di\u0173 tvirt\u0105 ir stabil\u0173 u\u017efiksavim\u0105.<\/p>\n<\/li>\n<li class=\"\" data-start=\"2009\" data-end=\"2122\">\n<p class=\"\" data-start=\"2011\" data-end=\"2122\"><strong data-start=\"2011\" data-end=\"2027\">Mechanizmas:<\/strong> Patogus valdymo mechanizmas, leid\u017eiantis lengvai reguliuoti rolet\u0173 auk\u0161t\u012f ir \u0161viesos sraut\u0105.<\/p>\n<\/li>\n<li class=\"\" data-start=\"2123\" data-end=\"2274\">\n<p class=\"\" data-start=\"2125\" data-end=\"2274\"><strong data-start=\"2125\" data-end=\"2147\">Klasikin\u0117 sistema:<\/strong> Aliuminio vamzdis, metaliniai ar plastikiniai laikikliai, apatinis profilis ir audinys, pasirinktas pagal j\u016bs\u0173 pageidavimus.<\/p>\n<\/li>\n<li class=\"\" data-start=\"2275\" data-end=\"2346\">\n<p class=\"\" data-start=\"2277\" data-end=\"2346\"><strong data-start=\"2277\" data-end=\"2301\"><a href=\"https:\/\/www.youtube.com\/watch?v=t6IIoXPq8U4\" target=\"_blank\" rel=\"noopener\">Montavimo galimyb\u0117s<\/a>:<\/strong> Montavimas ant sienos, lub\u0173 ar lango r\u0117mo.<\/p>\n<\/li>\n<li class=\"\" data-start=\"2347\" data-end=\"2468\">\n<p class=\"\" data-start=\"2349\" data-end=\"2468\"><strong data-start=\"2349\" data-end=\"2370\">Vamzd\u017ei\u0173 dyd\u017eiai:<\/strong> Pasirenkami vamzd\u017ei\u0173 dyd\u017eiai \u2013 19 mm, 30 mm, 42 mm, 65 mm, u\u017etikrinantys tvirtum\u0105 ir stabilum\u0105.<\/p>\n<\/li>\n<li class=\"\" data-start=\"2469\" data-end=\"2604\">\n<p class=\"\" data-start=\"2471\" data-end=\"2604\"><strong data-start=\"2471\" data-end=\"2494\">Mechanizm\u0173 spalvos:<\/strong> \u012evairi\u0173 spalv\u0173 pasirinkimas \u2013 juoda, balta, pilka, metalo ir antracito, kad roletai puikiai \u012fsiliet\u0173 \u012f j\u016bs\u0173 interjer\u0105.<\/p>\n<\/li>\n<li class=\"\" data-start=\"2605\" data-end=\"2713\">\n<p class=\"\" data-start=\"2607\" data-end=\"2713\"><strong data-start=\"2607\" data-end=\"2620\">Audiniai:<\/strong> Pasirinkite i\u0161 \u012fvairi\u0173 audini\u0173, atitinkan\u010di\u0173 j\u016bs\u0173 \u0161viesos pralaidumo ir privatumo poreikius.<\/p>\n<\/li>\n<\/ul>\n<p class=\"\" data-start=\"2715\" data-end=\"2750\"><strong data-start=\"2715\" data-end=\"2750\">Auk\u0161ta Kokyb\u0117 ir Funkcionalumas<\/strong><\/p>\n<p class=\"\" data-start=\"2752\" data-end=\"3126\">Laisvai kabantys roletai ne tik suteikia apsaug\u0105 nuo saul\u0117s, bet ir u\u017etikrina komfort\u0105, padedant i\u0161laikyti tinkam\u0105 mikroklimat\u0105 kambaryje. Toks paprastas ir eleganti\u0161kas dizainas puikiai papildys j\u016bs\u0173 interjer\u0105 ir suteiks jam \u0161iuolaiki\u0161kumo . \u0160ie roletai ne tik u\u017etikrina ilgaam\u017ei\u0161kum\u0105 ir patikimum\u0105, bet ir yra lengvai pritaikomi pagal j\u016bs\u0173 individualius poreikius ir skon\u012f.<\/p>\n","protected":false},"excerpt":{"rendered":"<p>Laisvai Kabantys Klasikiniai Roletai: Elegancija ir Funkcionalumas J\u016bs\u0173 Interjerui Laisvai kabantys klasikiniai roletai \u2013 tai stilingas ir funkcionalus lang\u0173 u\u017edengimo sprendimas, puikiai tinkantis \u012fvairiems interjerams. \u0160ie laisvai kabantys klasikiniai roletai, pritvirtinti be kaset\u0117s ir kabantys nuo vir\u0161aus, suteikia erdv\u0117s poj\u016bt\u012f ir leid\u017eia daugiau nat\u016braliai \u0161viesai patekti \u012f j\u016bs\u0173 patalpas.Skirtingai nei tradiciniai roletai, \u0161ie roletai suteikia [&hellip;]<\/p>\n","protected":false},"featured_media":204,"template":"","meta":{"inline_featured_image":false},"product_brand":[],"product_cat":[17,28,57],"product_tag":[],"class_list":{"0":"post-3116","1":"product","2":"type-product","3":"status-publish","4":"has-post-thumbnail","6":"product_cat-klasikiniai-roletai-laisvai-kabantys-arba-priglude","7":"product_cat-roletai-klasikiniai","8":"product_cat-roletai-internetu","9":"product_shipping_class-vidaus-gaminiai","10":"tm-has-options","12":"first","13":"instock","14":"taxable","15":"shipping-taxable","16":"purchasable","17":"product-type-simple"},"acf":[],"yoast_head":"<!-- This site is optimized with the Yoast SEO plugin v27.4 - https:\/\/yoast.com\/product\/yoast-seo-wordpress\/ -->\n<title>Roletai laisvai kabantys (M) - sunnyblinds.lv<\/title>\n<meta name=\"description\" content=\"Laisvai Kabantys Klasikiniai Roletai \u2013 modernus ir funkcionalus lang\u0173 u\u017edengimo sprendimas, suteikiantis \u0161viesos ir elegancijos j\u016bs\u0173 interjerui.\" \/>\n<meta name=\"robots\" content=\"index, follow, max-snippet:-1, max-image-preview:large, max-video-preview:-1\" \/>\n<link rel=\"canonical\" href=\"https:\/\/sunnyblinds.lv\/gaminys\/roletai-laisvai-kabantys-m\/\" \/>\n<meta property=\"og:locale\" content=\"lt_LT\" \/>\n<meta property=\"og:type\" content=\"article\" \/>\n<meta property=\"og:title\" content=\"Roletai laisvai kabantys (M) - sunnyblinds.lv\" \/>\n<meta property=\"og:description\" content=\"Laisvai Kabantys Klasikiniai Roletai \u2013 modernus ir funkcionalus lang\u0173 u\u017edengimo sprendimas, suteikiantis \u0161viesos ir elegancijos j\u016bs\u0173 interjerui.\" \/>\n<meta property=\"og:url\" content=\"https:\/\/sunnyblinds.lv\/gaminys\/roletai-laisvai-kabantys-m\/\" \/>\n<meta property=\"og:site_name\" content=\"Dextera\" \/>\n<meta property=\"article:modified_time\" content=\"2025-09-16T08:38:13+00:00\" \/>\n<meta property=\"og:image\" content=\"https:\/\/sunnyblinds.lv\/wp-content\/uploads\/2023\/07\/salio-min.png\" \/>\n\t<meta property=\"og:image:width\" content=\"2000\" \/>\n\t<meta property=\"og:image:height\" content=\"2000\" \/>\n\t<meta property=\"og:image:type\" content=\"image\/png\" \/>\n<meta name=\"twitter:card\" content=\"summary_large_image\" \/>\n<meta name=\"twitter:label1\" content=\"Est. reading time\" \/>\n\t<meta name=\"twitter:data1\" content=\"2 minut\u0117s\" \/>\n<script type=\"application\/ld+json\" class=\"yoast-schema-graph\">{\"@context\":\"https:\\\/\\\/schema.org\",\"@graph\":[{\"@type\":\"WebPage\",\"@id\":\"https:\\\/\\\/sunnyblinds.lv\\\/gaminys\\\/roletai-laisvai-kabantys-m\\\/\",\"url\":\"https:\\\/\\\/sunnyblinds.lv\\\/gaminys\\\/roletai-laisvai-kabantys-m\\\/\",\"name\":\"Roletai laisvai kabantys (M) - sunnyblinds.lv\",\"isPartOf\":{\"@id\":\"https:\\\/\\\/sunnyblinds.lv\\\/#website\"},\"primaryImageOfPage\":{\"@id\":\"https:\\\/\\\/sunnyblinds.lv\\\/gaminys\\\/roletai-laisvai-kabantys-m\\\/#primaryimage\"},\"image\":{\"@id\":\"https:\\\/\\\/sunnyblinds.lv\\\/gaminys\\\/roletai-laisvai-kabantys-m\\\/#primaryimage\"},\"thumbnailUrl\":\"https:\\\/\\\/sunnyblinds.lv\\\/wp-content\\\/uploads\\\/2023\\\/07\\\/salio-min.png\",\"datePublished\":\"2024-08-29T06:14:26+00:00\",\"dateModified\":\"2025-09-16T08:38:13+00:00\",\"description\":\"Laisvai Kabantys Klasikiniai Roletai \u2013 modernus ir funkcionalus lang\u0173 u\u017edengimo sprendimas, suteikiantis \u0161viesos ir elegancijos j\u016bs\u0173 interjerui.\",\"breadcrumb\":{\"@id\":\"https:\\\/\\\/sunnyblinds.lv\\\/gaminys\\\/roletai-laisvai-kabantys-m\\\/#breadcrumb\"},\"inLanguage\":\"lt-LT\",\"potentialAction\":[{\"@type\":\"ReadAction\",\"target\":[\"https:\\\/\\\/sunnyblinds.lv\\\/gaminys\\\/roletai-laisvai-kabantys-m\\\/\"]}]},{\"@type\":\"ImageObject\",\"inLanguage\":\"lt-LT\",\"@id\":\"https:\\\/\\\/sunnyblinds.lv\\\/gaminys\\\/roletai-laisvai-kabantys-m\\\/#primaryimage\",\"url\":\"https:\\\/\\\/sunnyblinds.lv\\\/wp-content\\\/uploads\\\/2023\\\/07\\\/salio-min.png\",\"contentUrl\":\"https:\\\/\\\/sunnyblinds.lv\\\/wp-content\\\/uploads\\\/2023\\\/07\\\/salio-min.png\",\"width\":2000,\"height\":2000,\"caption\":\"Roletai, \u017ealiuz\u0117s, tinkleliai nuo uod\u0173\"},{\"@type\":\"BreadcrumbList\",\"@id\":\"https:\\\/\\\/sunnyblinds.lv\\\/gaminys\\\/roletai-laisvai-kabantys-m\\\/#breadcrumb\",\"itemListElement\":[{\"@type\":\"ListItem\",\"position\":1,\"name\":\"Home\",\"item\":\"https:\\\/\\\/sunnyblinds.lv\\\/\"},{\"@type\":\"ListItem\",\"position\":2,\"name\":\"Elektronin\u0117 parduotuv\u0117\",\"item\":\"https:\\\/\\\/sunnyblinds.lv\\\/parduotuve\\\/\"},{\"@type\":\"ListItem\",\"position\":3,\"name\":\"Roletai laisvai kabantys (M)\"}]},{\"@type\":\"WebSite\",\"@id\":\"https:\\\/\\\/sunnyblinds.lv\\\/#website\",\"url\":\"https:\\\/\\\/sunnyblinds.lv\\\/\",\"name\":\"Dextera\",\"description\":\"LV eshop\",\"publisher\":{\"@id\":\"https:\\\/\\\/sunnyblinds.lv\\\/#organization\"},\"potentialAction\":[{\"@type\":\"SearchAction\",\"target\":{\"@type\":\"EntryPoint\",\"urlTemplate\":\"https:\\\/\\\/sunnyblinds.lv\\\/?s={search_term_string}\"},\"query-input\":{\"@type\":\"PropertyValueSpecification\",\"valueRequired\":true,\"valueName\":\"search_term_string\"}}],\"inLanguage\":\"lt-LT\"},{\"@type\":\"Organization\",\"@id\":\"https:\\\/\\\/sunnyblinds.lv\\\/#organization\",\"name\":\"Dextera\",\"url\":\"https:\\\/\\\/sunnyblinds.lv\\\/\",\"logo\":{\"@type\":\"ImageObject\",\"inLanguage\":\"lt-LT\",\"@id\":\"https:\\\/\\\/sunnyblinds.lv\\\/#\\\/schema\\\/logo\\\/image\\\/\",\"url\":\"https:\\\/\\\/sunnyblinds.lv\\\/wp-content\\\/uploads\\\/2024\\\/03\\\/DEXTERA_su-sukiu_tamsiai-melynas-e1710914216478.png\",\"contentUrl\":\"https:\\\/\\\/sunnyblinds.lv\\\/wp-content\\\/uploads\\\/2024\\\/03\\\/DEXTERA_su-sukiu_tamsiai-melynas-e1710914216478.png\",\"width\":200,\"height\":53,\"caption\":\"Dextera\"},\"image\":{\"@id\":\"https:\\\/\\\/sunnyblinds.lv\\\/#\\\/schema\\\/logo\\\/image\\\/\"}}]}<\/script>\n<!-- \/ Yoast SEO plugin. -->","yoast_head_json":{"title":"Roletai laisvai kabantys (M) - sunnyblinds.lv","description":"Laisvai Kabantys Klasikiniai Roletai \u2013 modernus ir funkcionalus lang\u0173 u\u017edengimo sprendimas, suteikiantis \u0161viesos ir elegancijos j\u016bs\u0173 interjerui.","robots":{"index":"index","follow":"follow","max-snippet":"max-snippet:-1","max-image-preview":"max-image-preview:large","max-video-preview":"max-video-preview:-1"},"canonical":"https:\/\/sunnyblinds.lv\/gaminys\/roletai-laisvai-kabantys-m\/","og_locale":"lt_LT","og_type":"article","og_title":"Roletai laisvai kabantys (M) - sunnyblinds.lv","og_description":"Laisvai Kabantys Klasikiniai Roletai \u2013 modernus ir funkcionalus lang\u0173 u\u017edengimo sprendimas, suteikiantis \u0161viesos ir elegancijos j\u016bs\u0173 interjerui.","og_url":"https:\/\/sunnyblinds.lv\/gaminys\/roletai-laisvai-kabantys-m\/","og_site_name":"Dextera","article_modified_time":"2025-09-16T08:38:13+00:00","og_image":[{"width":2000,"height":2000,"url":"https:\/\/sunnyblinds.lv\/wp-content\/uploads\/2023\/07\/salio-min.png","type":"image\/png"}],"twitter_card":"summary_large_image","twitter_misc":{"Est. reading time":"2 minut\u0117s"},"schema":{"@context":"https:\/\/schema.org","@graph":[{"@type":"WebPage","@id":"https:\/\/sunnyblinds.lv\/gaminys\/roletai-laisvai-kabantys-m\/","url":"https:\/\/sunnyblinds.lv\/gaminys\/roletai-laisvai-kabantys-m\/","name":"Roletai laisvai kabantys (M) - sunnyblinds.lv","isPartOf":{"@id":"https:\/\/sunnyblinds.lv\/#website"},"primaryImageOfPage":{"@id":"https:\/\/sunnyblinds.lv\/gaminys\/roletai-laisvai-kabantys-m\/#primaryimage"},"image":{"@id":"https:\/\/sunnyblinds.lv\/gaminys\/roletai-laisvai-kabantys-m\/#primaryimage"},"thumbnailUrl":"https:\/\/sunnyblinds.lv\/wp-content\/uploads\/2023\/07\/salio-min.png","datePublished":"2024-08-29T06:14:26+00:00","dateModified":"2025-09-16T08:38:13+00:00","description":"Laisvai Kabantys Klasikiniai Roletai \u2013 modernus ir funkcionalus lang\u0173 u\u017edengimo sprendimas, suteikiantis \u0161viesos ir elegancijos j\u016bs\u0173 interjerui.","breadcrumb":{"@id":"https:\/\/sunnyblinds.lv\/gaminys\/roletai-laisvai-kabantys-m\/#breadcrumb"},"inLanguage":"lt-LT","potentialAction":[{"@type":"ReadAction","target":["https:\/\/sunnyblinds.lv\/gaminys\/roletai-laisvai-kabantys-m\/"]}]},{"@type":"ImageObject","inLanguage":"lt-LT","@id":"https:\/\/sunnyblinds.lv\/gaminys\/roletai-laisvai-kabantys-m\/#primaryimage","url":"https:\/\/sunnyblinds.lv\/wp-content\/uploads\/2023\/07\/salio-min.png","contentUrl":"https:\/\/sunnyblinds.lv\/wp-content\/uploads\/2023\/07\/salio-min.png","width":2000,"height":2000,"caption":"Roletai, \u017ealiuz\u0117s, tinkleliai nuo uod\u0173"},{"@type":"BreadcrumbList","@id":"https:\/\/sunnyblinds.lv\/gaminys\/roletai-laisvai-kabantys-m\/#breadcrumb","itemListElement":[{"@type":"ListItem","position":1,"name":"Home","item":"https:\/\/sunnyblinds.lv\/"},{"@type":"ListItem","position":2,"name":"Elektronin\u0117 parduotuv\u0117","item":"https:\/\/sunnyblinds.lv\/parduotuve\/"},{"@type":"ListItem","position":3,"name":"Roletai laisvai kabantys (M)"}]},{"@type":"WebSite","@id":"https:\/\/sunnyblinds.lv\/#website","url":"https:\/\/sunnyblinds.lv\/","name":"Dextera","description":"LV eshop","publisher":{"@id":"https:\/\/sunnyblinds.lv\/#organization"},"potentialAction":[{"@type":"SearchAction","target":{"@type":"EntryPoint","urlTemplate":"https:\/\/sunnyblinds.lv\/?s={search_term_string}"},"query-input":{"@type":"PropertyValueSpecification","valueRequired":true,"valueName":"search_term_string"}}],"inLanguage":"lt-LT"},{"@type":"Organization","@id":"https:\/\/sunnyblinds.lv\/#organization","name":"Dextera","url":"https:\/\/sunnyblinds.lv\/","logo":{"@type":"ImageObject","inLanguage":"lt-LT","@id":"https:\/\/sunnyblinds.lv\/#\/schema\/logo\/image\/","url":"https:\/\/sunnyblinds.lv\/wp-content\/uploads\/2024\/03\/DEXTERA_su-sukiu_tamsiai-melynas-e1710914216478.png","contentUrl":"https:\/\/sunnyblinds.lv\/wp-content\/uploads\/2024\/03\/DEXTERA_su-sukiu_tamsiai-melynas-e1710914216478.png","width":200,"height":53,"caption":"Dextera"},"image":{"@id":"https:\/\/sunnyblinds.lv\/#\/schema\/logo\/image\/"}}]}},"_links":{"self":[{"href":"https:\/\/sunnyblinds.lv\/lt\/wp-json\/wp\/v2\/product\/3116","targetHints":{"allow":["GET"]}}],"collection":[{"href":"https:\/\/sunnyblinds.lv\/lt\/wp-json\/wp\/v2\/product"}],"about":[{"href":"https:\/\/sunnyblinds.lv\/lt\/wp-json\/wp\/v2\/types\/product"}],"wp:featuredmedia":[{"embeddable":true,"href":"https:\/\/sunnyblinds.lv\/lt\/wp-json\/wp\/v2\/media\/204"}],"wp:attachment":[{"href":"https:\/\/sunnyblinds.lv\/lt\/wp-json\/wp\/v2\/media?parent=3116"}],"wp:term":[{"taxonomy":"product_brand","embeddable":true,"href":"https:\/\/sunnyblinds.lv\/lt\/wp-json\/wp\/v2\/product_brand?post=3116"},{"taxonomy":"product_cat","embeddable":true,"href":"https:\/\/sunnyblinds.lv\/lt\/wp-json\/wp\/v2\/product_cat?post=3116"},{"taxonomy":"product_tag","embeddable":true,"href":"https:\/\/sunnyblinds.lv\/lt\/wp-json\/wp\/v2\/product_tag?post=3116"}],"curies":[{"name":"wp","href":"https:\/\/api.w.org\/{rel}","templated":true}]}}