{"id":3091,"date":"2024-08-27T08:07:45","date_gmt":"2024-08-27T05:07:45","guid":{"rendered":"https:\/\/e.dextera.lt\/?post_type=product&#038;p=3091"},"modified":"2025-04-07T14:12:27","modified_gmt":"2025-04-07T11:12:27","slug":"roletai-laisvai-kabantys-s","status":"publish","type":"product","link":"https:\/\/sunnyblinds.lv\/lt\/gaminys\/roletai-laisvai-kabantys-s\/","title":{"rendered":"Roletai laisvai kabantys (S)"},"content":{"rendered":"<p class=\"\" data-start=\"157\" data-end=\"243\"><strong data-start=\"157\" data-end=\"243\">Klasikiniai Laisvai Kabantys <a href=\"https:\/\/sunnyblinds.lv\/kategorija\/roletai-internetu\/\" target=\"_blank\" rel=\"noopener\">Roletai<\/a>: Elegancija ir Funkcionalumas J\u016bs\u0173 Interjerui<\/strong><\/p>\n<p class=\"\" data-start=\"245\" data-end=\"682\"><a href=\"https:\/\/dextera.lt\/roletai\/klasikiniai-roletai\/\">Klasikiniai laisvai kabantys roletai<\/a> \u2013 tai patikimas ir eleganti\u0161kas lang\u0173 u\u017edengimo sprendimas, sukuriantis harmoning\u0105 funkcionalumo ir estetikos balans\u0105. Skirtingai nuo prigludusi\u0173 rolet\u0173 su kasete, \u0161ie roletai laisvai kabo nuo vir\u0161aus, suteikdami interjerui daugiau laisv\u0117s ir \u0161viesos. J\u0173 lengva montavimo sistema leid\u017eia roletus naudoti tiek gyvenamosiose patalpose, tiek biuruose, kur svarbus tiek privatumas, tiek \u0161viesos kontrol\u0117.<\/p>\n<p class=\"\" data-start=\"684\" data-end=\"984\">Laisvai kabantys roletai yra lengvai valdomi, tod\u0117l galite su jais greitai ir patogiai reguliuoti \u0161viesos sraut\u0105 ir u\u017etikrinti reikiam\u0105 privatumo lyg\u012f. Jie u\u017etikrina tvarking\u0105 ir modern\u0173 dizain\u0105, kuris puikiai dera prie \u012fvairi\u0173 interjer\u0173, ir yra lengvai pritaikomi pagal j\u016bs\u0173 individualius poreikius.<\/p>\n<p class=\"\" data-start=\"986\" data-end=\"1047\"><strong data-start=\"986\" data-end=\"1047\">Laisvai kabantys roletai (Specifikacijos ir Komponentai):<\/strong><\/p>\n<ul data-start=\"1048\" data-end=\"2007\">\n<li class=\"\" data-start=\"1048\" data-end=\"1151\">\n<p class=\"\" data-start=\"1050\" data-end=\"1151\"><strong data-start=\"1050\" data-end=\"1071\">Prigludimo tipas:<\/strong> Laisvai kabantys roletai be kaset\u0117s, tvirtai kabantys ant specialaus laikiklio.<\/p>\n<\/li>\n<li class=\"\" data-start=\"1152\" data-end=\"1284\">\n<p class=\"\" data-start=\"1154\" data-end=\"1284\"><strong data-start=\"1154\" data-end=\"1170\">Mechanizmas:<\/strong> Patogus valdymo mechanizmas, leid\u017eiantis roletus lengvai atidaryti ir u\u017edaryti bei nustatyti pageidaujam\u0105 auk\u0161t\u012f.<\/p>\n<\/li>\n<li class=\"\" data-start=\"1285\" data-end=\"1483\">\n<p class=\"\" data-start=\"1287\" data-end=\"1483\"><strong data-start=\"1287\" data-end=\"1309\">Klasikin\u0117 sistema:<\/strong> Sudaro aliuminio vamzdis, metaliniai arba plastikiniai laikikliai, apatinis profilis, valdymo mechanizmas, audinys. Komponentus galima pritaikyti pagal kliento pageidavimus ir norus.<\/p>\n<\/li>\n<li class=\"\" data-start=\"1484\" data-end=\"1607\">\n<p class=\"\" data-start=\"1486\" data-end=\"1607\"><strong data-start=\"1486\" data-end=\"1510\"><a href=\"https:\/\/www.youtube.com\/watch?v=t6IIoXPq8U4\" target=\"_blank\" rel=\"noopener\">Montavimo galimyb\u0117s<\/a>:<\/strong> Tvirtinimas ant sienos, \u012f lubas arba prie lango r\u0117mo, u\u017etikrinantis tvirt\u0105 ir stabil\u0173 montavim\u0105.<\/p>\n<\/li>\n<li class=\"\" data-start=\"1608\" data-end=\"1739\">\n<p class=\"\" data-start=\"1610\" data-end=\"1739\"><strong data-start=\"1610\" data-end=\"1631\">Vamzd\u017ei\u0173 dyd\u017eiai:<\/strong> Galimi keturi skirtingi dyd\u017eiai vamzd\u017ei\u0173 \u2013 19 mm, 30 mm, 42 mm, 65 mm, u\u017etikrinantys tvirtum\u0105 ir stabilum\u0105.<\/p>\n<\/li>\n<li class=\"\" data-start=\"1740\" data-end=\"1882\">\n<p class=\"\" data-start=\"1742\" data-end=\"1882\"><strong data-start=\"1742\" data-end=\"1765\">Mechanizm\u0173 spalvos:<\/strong> Plati spalv\u0173 gama \u2013 juoda, balta, pilka, metalo, antracito \u2013 leid\u017eianti pritaikyti roletus prie bet kokio interjero.<\/p>\n<\/li>\n<li class=\"\" data-start=\"1883\" data-end=\"2007\">\n<p class=\"\" data-start=\"1885\" data-end=\"2007\"><strong data-start=\"1885\" data-end=\"1898\">Audiniai:<\/strong> Rinkit\u0117s i\u0161 \u012fvairi\u0173 audini\u0173, kad atitikt\u0173 j\u016bs\u0173 poreikius \u2013 nuo \u0161viesos pralaidumo iki privatumo u\u017etikrinimo.<\/p>\n<\/li>\n<\/ul>\n<p class=\"\" data-start=\"2009\" data-end=\"2293\">\u0160ie roletai ne tik suteikia jaukumo ir apsaug\u0105 nuo saul\u0117s, bet ir u\u017etikrina privatum\u0105, tuo pa\u010diu i\u0161laikydami modern\u0173 ir tvarking\u0105 interjero \u012fvaizd\u012f. Paprastas ir funkcionalus dizainas puikiai dera su \u012fvairiais interjero stiliais ir leid\u017eia lengvai pritaikyti roletus pagal j\u016bs\u0173 erdv\u0119.<\/p>\n<p class=\"\" data-start=\"2295\" data-end=\"2561\">Klasikiniai laisvai kabantys roletai \u2013 tai auk\u0161ta kokyb\u0117 ir ilgaam\u017ei\u0161kumas. Jie lengvai valdoma sistema u\u017etikrina patogum\u0105 tiek namuose, tiek biure, o plati spalv\u0173 ir audini\u0173 pasirinkimo galimyb\u0117 leid\u017eia pritaikyti roletus pagal j\u016bs\u0173 individual\u0173 stili\u0173 ir poreikius.<\/p>\n","protected":false},"excerpt":{"rendered":"<p>Klasikiniai Laisvai Kabantys Roletai: Elegancija ir Funkcionalumas J\u016bs\u0173 Interjerui Klasikiniai laisvai kabantys roletai \u2013 tai patikimas ir eleganti\u0161kas lang\u0173 u\u017edengimo sprendimas, sukuriantis harmoning\u0105 funkcionalumo ir estetikos balans\u0105. Skirtingai nuo prigludusi\u0173 rolet\u0173 su kasete, \u0161ie roletai laisvai kabo nuo vir\u0161aus, suteikdami interjerui daugiau laisv\u0117s ir \u0161viesos. J\u0173 lengva montavimo sistema leid\u017eia roletus naudoti tiek gyvenamosiose patalpose, [&hellip;]<\/p>\n","protected":false},"featured_media":204,"template":"","meta":{"inline_featured_image":false},"product_brand":[],"product_cat":[17,28,57],"product_tag":[],"class_list":{"0":"post-3091","1":"product","2":"type-product","3":"status-publish","4":"has-post-thumbnail","6":"product_cat-klasikiniai-roletai-laisvai-kabantys-arba-priglude","7":"product_cat-roletai-klasikiniai","8":"product_cat-roletai-internetu","9":"product_shipping_class-vidaus-gaminiai","10":"tm-has-options","12":"first","13":"instock","14":"taxable","15":"shipping-taxable","16":"purchasable","17":"product-type-simple"},"acf":[],"yoast_head":"<!-- This site is optimized with the Yoast SEO plugin v27.4 - https:\/\/yoast.com\/product\/yoast-seo-wordpress\/ -->\n<title>Roletai laisvai kabantys (S) - sunnyblinds.lv<\/title>\n<meta name=\"description\" content=\"Klasikiniai roletai pagal individualius matmenis \u2013 u\u017esisakykite internetu pigiau! Platus audini\u0173 pasirinkimas, kokybi\u0161ka gamyba ir greitas pristatymas.\" \/>\n<meta name=\"robots\" content=\"index, follow, max-snippet:-1, max-image-preview:large, max-video-preview:-1\" \/>\n<link rel=\"canonical\" href=\"https:\/\/sunnyblinds.lv\/gaminys\/roletai-laisvai-kabantys-s\/\" \/>\n<meta property=\"og:locale\" content=\"lt_LT\" \/>\n<meta property=\"og:type\" content=\"article\" \/>\n<meta property=\"og:title\" content=\"Roletai laisvai kabantys (S) - sunnyblinds.lv\" \/>\n<meta property=\"og:description\" content=\"Klasikiniai roletai pagal individualius matmenis \u2013 u\u017esisakykite internetu pigiau! Platus audini\u0173 pasirinkimas, kokybi\u0161ka gamyba ir greitas pristatymas.\" \/>\n<meta property=\"og:url\" content=\"https:\/\/sunnyblinds.lv\/gaminys\/roletai-laisvai-kabantys-s\/\" \/>\n<meta property=\"og:site_name\" content=\"Dextera\" \/>\n<meta property=\"article:modified_time\" content=\"2025-04-07T11:12:27+00:00\" \/>\n<meta property=\"og:image\" content=\"https:\/\/sunnyblinds.lv\/wp-content\/uploads\/2023\/07\/salio-min.png\" \/>\n\t<meta property=\"og:image:width\" content=\"2000\" \/>\n\t<meta property=\"og:image:height\" content=\"2000\" \/>\n\t<meta property=\"og:image:type\" content=\"image\/png\" \/>\n<meta name=\"twitter:card\" content=\"summary_large_image\" \/>\n<meta name=\"twitter:label1\" content=\"Est. reading time\" \/>\n\t<meta name=\"twitter:data1\" content=\"2 minut\u0117s\" \/>\n<script type=\"application\/ld+json\" class=\"yoast-schema-graph\">{\"@context\":\"https:\\\/\\\/schema.org\",\"@graph\":[{\"@type\":\"WebPage\",\"@id\":\"https:\\\/\\\/sunnyblinds.lv\\\/gaminys\\\/roletai-laisvai-kabantys-s\\\/\",\"url\":\"https:\\\/\\\/sunnyblinds.lv\\\/gaminys\\\/roletai-laisvai-kabantys-s\\\/\",\"name\":\"Roletai laisvai kabantys (S) - sunnyblinds.lv\",\"isPartOf\":{\"@id\":\"https:\\\/\\\/sunnyblinds.lv\\\/#website\"},\"primaryImageOfPage\":{\"@id\":\"https:\\\/\\\/sunnyblinds.lv\\\/gaminys\\\/roletai-laisvai-kabantys-s\\\/#primaryimage\"},\"image\":{\"@id\":\"https:\\\/\\\/sunnyblinds.lv\\\/gaminys\\\/roletai-laisvai-kabantys-s\\\/#primaryimage\"},\"thumbnailUrl\":\"https:\\\/\\\/sunnyblinds.lv\\\/wp-content\\\/uploads\\\/2023\\\/07\\\/salio-min.png\",\"datePublished\":\"2024-08-27T05:07:45+00:00\",\"dateModified\":\"2025-04-07T11:12:27+00:00\",\"description\":\"Klasikiniai roletai pagal individualius matmenis \u2013 u\u017esisakykite internetu pigiau! Platus audini\u0173 pasirinkimas, kokybi\u0161ka gamyba ir greitas pristatymas.\",\"breadcrumb\":{\"@id\":\"https:\\\/\\\/sunnyblinds.lv\\\/gaminys\\\/roletai-laisvai-kabantys-s\\\/#breadcrumb\"},\"inLanguage\":\"lt-LT\",\"potentialAction\":[{\"@type\":\"ReadAction\",\"target\":[\"https:\\\/\\\/sunnyblinds.lv\\\/gaminys\\\/roletai-laisvai-kabantys-s\\\/\"]}]},{\"@type\":\"ImageObject\",\"inLanguage\":\"lt-LT\",\"@id\":\"https:\\\/\\\/sunnyblinds.lv\\\/gaminys\\\/roletai-laisvai-kabantys-s\\\/#primaryimage\",\"url\":\"https:\\\/\\\/sunnyblinds.lv\\\/wp-content\\\/uploads\\\/2023\\\/07\\\/salio-min.png\",\"contentUrl\":\"https:\\\/\\\/sunnyblinds.lv\\\/wp-content\\\/uploads\\\/2023\\\/07\\\/salio-min.png\",\"width\":2000,\"height\":2000,\"caption\":\"Roletai, \u017ealiuz\u0117s, tinkleliai nuo uod\u0173\"},{\"@type\":\"BreadcrumbList\",\"@id\":\"https:\\\/\\\/sunnyblinds.lv\\\/gaminys\\\/roletai-laisvai-kabantys-s\\\/#breadcrumb\",\"itemListElement\":[{\"@type\":\"ListItem\",\"position\":1,\"name\":\"Home\",\"item\":\"https:\\\/\\\/sunnyblinds.lv\\\/\"},{\"@type\":\"ListItem\",\"position\":2,\"name\":\"Elektronin\u0117 parduotuv\u0117\",\"item\":\"https:\\\/\\\/sunnyblinds.lv\\\/parduotuve\\\/\"},{\"@type\":\"ListItem\",\"position\":3,\"name\":\"Roletai laisvai kabantys (S)\"}]},{\"@type\":\"WebSite\",\"@id\":\"https:\\\/\\\/sunnyblinds.lv\\\/#website\",\"url\":\"https:\\\/\\\/sunnyblinds.lv\\\/\",\"name\":\"Dextera\",\"description\":\"LV eshop\",\"publisher\":{\"@id\":\"https:\\\/\\\/sunnyblinds.lv\\\/#organization\"},\"potentialAction\":[{\"@type\":\"SearchAction\",\"target\":{\"@type\":\"EntryPoint\",\"urlTemplate\":\"https:\\\/\\\/sunnyblinds.lv\\\/?s={search_term_string}\"},\"query-input\":{\"@type\":\"PropertyValueSpecification\",\"valueRequired\":true,\"valueName\":\"search_term_string\"}}],\"inLanguage\":\"lt-LT\"},{\"@type\":\"Organization\",\"@id\":\"https:\\\/\\\/sunnyblinds.lv\\\/#organization\",\"name\":\"Dextera\",\"url\":\"https:\\\/\\\/sunnyblinds.lv\\\/\",\"logo\":{\"@type\":\"ImageObject\",\"inLanguage\":\"lt-LT\",\"@id\":\"https:\\\/\\\/sunnyblinds.lv\\\/#\\\/schema\\\/logo\\\/image\\\/\",\"url\":\"https:\\\/\\\/sunnyblinds.lv\\\/wp-content\\\/uploads\\\/2024\\\/03\\\/DEXTERA_su-sukiu_tamsiai-melynas-e1710914216478.png\",\"contentUrl\":\"https:\\\/\\\/sunnyblinds.lv\\\/wp-content\\\/uploads\\\/2024\\\/03\\\/DEXTERA_su-sukiu_tamsiai-melynas-e1710914216478.png\",\"width\":200,\"height\":53,\"caption\":\"Dextera\"},\"image\":{\"@id\":\"https:\\\/\\\/sunnyblinds.lv\\\/#\\\/schema\\\/logo\\\/image\\\/\"}}]}<\/script>\n<!-- \/ Yoast SEO plugin. -->","yoast_head_json":{"title":"Roletai laisvai kabantys (S) - sunnyblinds.lv","description":"Klasikiniai roletai pagal individualius matmenis \u2013 u\u017esisakykite internetu pigiau! Platus audini\u0173 pasirinkimas, kokybi\u0161ka gamyba ir greitas pristatymas.","robots":{"index":"index","follow":"follow","max-snippet":"max-snippet:-1","max-image-preview":"max-image-preview:large","max-video-preview":"max-video-preview:-1"},"canonical":"https:\/\/sunnyblinds.lv\/gaminys\/roletai-laisvai-kabantys-s\/","og_locale":"lt_LT","og_type":"article","og_title":"Roletai laisvai kabantys (S) - sunnyblinds.lv","og_description":"Klasikiniai roletai pagal individualius matmenis \u2013 u\u017esisakykite internetu pigiau! Platus audini\u0173 pasirinkimas, kokybi\u0161ka gamyba ir greitas pristatymas.","og_url":"https:\/\/sunnyblinds.lv\/gaminys\/roletai-laisvai-kabantys-s\/","og_site_name":"Dextera","article_modified_time":"2025-04-07T11:12:27+00:00","og_image":[{"width":2000,"height":2000,"url":"https:\/\/sunnyblinds.lv\/wp-content\/uploads\/2023\/07\/salio-min.png","type":"image\/png"}],"twitter_card":"summary_large_image","twitter_misc":{"Est. reading time":"2 minut\u0117s"},"schema":{"@context":"https:\/\/schema.org","@graph":[{"@type":"WebPage","@id":"https:\/\/sunnyblinds.lv\/gaminys\/roletai-laisvai-kabantys-s\/","url":"https:\/\/sunnyblinds.lv\/gaminys\/roletai-laisvai-kabantys-s\/","name":"Roletai laisvai kabantys (S) - sunnyblinds.lv","isPartOf":{"@id":"https:\/\/sunnyblinds.lv\/#website"},"primaryImageOfPage":{"@id":"https:\/\/sunnyblinds.lv\/gaminys\/roletai-laisvai-kabantys-s\/#primaryimage"},"image":{"@id":"https:\/\/sunnyblinds.lv\/gaminys\/roletai-laisvai-kabantys-s\/#primaryimage"},"thumbnailUrl":"https:\/\/sunnyblinds.lv\/wp-content\/uploads\/2023\/07\/salio-min.png","datePublished":"2024-08-27T05:07:45+00:00","dateModified":"2025-04-07T11:12:27+00:00","description":"Klasikiniai roletai pagal individualius matmenis \u2013 u\u017esisakykite internetu pigiau! Platus audini\u0173 pasirinkimas, kokybi\u0161ka gamyba ir greitas pristatymas.","breadcrumb":{"@id":"https:\/\/sunnyblinds.lv\/gaminys\/roletai-laisvai-kabantys-s\/#breadcrumb"},"inLanguage":"lt-LT","potentialAction":[{"@type":"ReadAction","target":["https:\/\/sunnyblinds.lv\/gaminys\/roletai-laisvai-kabantys-s\/"]}]},{"@type":"ImageObject","inLanguage":"lt-LT","@id":"https:\/\/sunnyblinds.lv\/gaminys\/roletai-laisvai-kabantys-s\/#primaryimage","url":"https:\/\/sunnyblinds.lv\/wp-content\/uploads\/2023\/07\/salio-min.png","contentUrl":"https:\/\/sunnyblinds.lv\/wp-content\/uploads\/2023\/07\/salio-min.png","width":2000,"height":2000,"caption":"Roletai, \u017ealiuz\u0117s, tinkleliai nuo uod\u0173"},{"@type":"BreadcrumbList","@id":"https:\/\/sunnyblinds.lv\/gaminys\/roletai-laisvai-kabantys-s\/#breadcrumb","itemListElement":[{"@type":"ListItem","position":1,"name":"Home","item":"https:\/\/sunnyblinds.lv\/"},{"@type":"ListItem","position":2,"name":"Elektronin\u0117 parduotuv\u0117","item":"https:\/\/sunnyblinds.lv\/parduotuve\/"},{"@type":"ListItem","position":3,"name":"Roletai laisvai kabantys (S)"}]},{"@type":"WebSite","@id":"https:\/\/sunnyblinds.lv\/#website","url":"https:\/\/sunnyblinds.lv\/","name":"Dextera","description":"LV eshop","publisher":{"@id":"https:\/\/sunnyblinds.lv\/#organization"},"potentialAction":[{"@type":"SearchAction","target":{"@type":"EntryPoint","urlTemplate":"https:\/\/sunnyblinds.lv\/?s={search_term_string}"},"query-input":{"@type":"PropertyValueSpecification","valueRequired":true,"valueName":"search_term_string"}}],"inLanguage":"lt-LT"},{"@type":"Organization","@id":"https:\/\/sunnyblinds.lv\/#organization","name":"Dextera","url":"https:\/\/sunnyblinds.lv\/","logo":{"@type":"ImageObject","inLanguage":"lt-LT","@id":"https:\/\/sunnyblinds.lv\/#\/schema\/logo\/image\/","url":"https:\/\/sunnyblinds.lv\/wp-content\/uploads\/2024\/03\/DEXTERA_su-sukiu_tamsiai-melynas-e1710914216478.png","contentUrl":"https:\/\/sunnyblinds.lv\/wp-content\/uploads\/2024\/03\/DEXTERA_su-sukiu_tamsiai-melynas-e1710914216478.png","width":200,"height":53,"caption":"Dextera"},"image":{"@id":"https:\/\/sunnyblinds.lv\/#\/schema\/logo\/image\/"}}]}},"_links":{"self":[{"href":"https:\/\/sunnyblinds.lv\/lt\/wp-json\/wp\/v2\/product\/3091","targetHints":{"allow":["GET"]}}],"collection":[{"href":"https:\/\/sunnyblinds.lv\/lt\/wp-json\/wp\/v2\/product"}],"about":[{"href":"https:\/\/sunnyblinds.lv\/lt\/wp-json\/wp\/v2\/types\/product"}],"wp:featuredmedia":[{"embeddable":true,"href":"https:\/\/sunnyblinds.lv\/lt\/wp-json\/wp\/v2\/media\/204"}],"wp:attachment":[{"href":"https:\/\/sunnyblinds.lv\/lt\/wp-json\/wp\/v2\/media?parent=3091"}],"wp:term":[{"taxonomy":"product_brand","embeddable":true,"href":"https:\/\/sunnyblinds.lv\/lt\/wp-json\/wp\/v2\/product_brand?post=3091"},{"taxonomy":"product_cat","embeddable":true,"href":"https:\/\/sunnyblinds.lv\/lt\/wp-json\/wp\/v2\/product_cat?post=3091"},{"taxonomy":"product_tag","embeddable":true,"href":"https:\/\/sunnyblinds.lv\/lt\/wp-json\/wp\/v2\/product_tag?post=3091"}],"curies":[{"name":"wp","href":"https:\/\/api.w.org\/{rel}","templated":true}]}}