{"id":1057,"date":"2023-12-06T13:40:52","date_gmt":"2023-12-06T11:40:52","guid":{"rendered":"https:\/\/e.dextera.lt\/?post_type=product&#038;p=1057"},"modified":"2025-07-28T16:35:16","modified_gmt":"2025-07-28T13:35:16","slug":"terasine-markize-california-plus-4950-3500-7743454","status":"publish","type":"product","link":"https:\/\/sunnyblinds.lv\/lt\/gaminys\/terasine-markize-california-plus-4950-3500-7743454\/","title":{"rendered":"Terasin\u0117 markiz\u0117 CALIFORNIA PLUS"},"content":{"rendered":"<h1><strong>Terasin\u0117 markiz\u0117 CALIFORNIA PLUS \u2013 malonus pav\u0117sis j\u016bs\u0173 terasoje!<\/strong><\/h1>\n<p>Terasin\u0117 markiz\u0117 <a href=\"https:\/\/dextera.lt\/markizes-pavesines\/terasines-markizes\/california-plus\/\" target=\"_blank\" rel=\"noopener\">CALIFORNIA PLUS<\/a> apsaugo nuo tiesiogini\u0173 saul\u0117s spinduli\u0173 bei leid\u017eia reguliuoti norim\u0105 \u0161e\u0161\u0117lio plot\u0105. \u0160io modelio terasin\u0117 markiz\u0117 yra pusiau kasetin\u0117. \u0160altuoju metu markiz\u0117s audinys susukamas \u012f kaset\u0119, kuri\u00a0 apsaugo audin\u012f nuo tiesiogini\u0173 saul\u0117s spinduli\u0173, lietaus, purvo ir sniego.<\/p>\n<h3><span class=\"OYPEnA text-decoration-none text-strikethrough-none\">Lengva ir itin tvirta ner\u016bdijanti aliuminio\u00a0<\/span><span class=\"OYPEnA text-decoration-none text-strikethrough-none\">konstrukcija.\u00a0<\/span><\/h3>\n<p>Precizi\u0161kai pagamintos markiz\u0117s jungtys garantuoja ilgalaik\u012f, patikim\u0105 mechanizmo veikim\u0105. \u0160i\u0105 m<span class=\"OYPEnA text-decoration-none text-strikethrough-none\">arkiz\u0119 galima valdyti rankiniu b\u016bdu. Daugiau rankinio valdymo markizi\u0173 <a href=\"https:\/\/sunnyblinds.lv\/kategorija\/terasines-markizes\/rankinis-valdymas\/\" target=\"_blank\" rel=\"noopener\">rasite \u010dia:\u00a0<\/a><\/span><\/p>\n<ul>\n<li><strong>Gaminio kodas: 7743454<\/strong><\/li>\n<li><strong>Gaminio matmenys<\/strong>: plotis 4950 mm; gylis 3500 mm<\/li>\n<li>Pusiau kasetin\u0117.<\/li>\n<li>Markiz\u0117s audinys su bangele, kuri papildomai apsaugo nuo \u017eemai krentan\u010di\u0173 saul\u0117s spinduli\u0173.<\/li>\n<li>Tvirta aliuminio konstrukcija.<\/li>\n<li>Rankinis valdymas, kair\u0117je pus\u0117je.<\/li>\n<li>Konstrukcijos spalva universali \u2013 antracitas.<\/li>\n<li>Stilinga, lengvai priderinama audinio spalva \u2013 pilka.<\/li>\n<\/ul>\n<p><span style=\"color: #ff0000;\">SVARBU!<\/span><br \/>\nPrie\u0161 u\u017esakydami markiz\u0119, \u012fsitikinkite, kad u\u017esakoma markiz\u0117 tilps ant sienos, kur planuojamas montavimas. Atsi\u017evelkite \u012f markiz\u0117s matmenis ir svor\u012f. Pasir\u016bpinkite ir b\u016bkite tikri, jog tur\u0117site galimyb\u0117 susimontuoti gamin\u012f. <strong>Montavimo iinstrukcij\u0105 per\u017ei\u016br\u0117ti<\/strong> <span style=\"color: #3366ff;\"><a style=\"color: #3366ff;\" href=\"https:\/\/sunnyblinds.lv\/wp-content\/uploads\/2025\/03\/Dextera-Montavimo-instrukcijos-Cal-Plus-2025.03.01.pdf\" target=\"_blank\" rel=\"noopener\">\u010dia &gt;&gt;<\/a><\/span><\/p>\n<p><em>Tvirtinimo elementai n\u0117ra pridedami. Tvirtinimo elementus (var\u017etus, inkarus ir pan.) b\u016btina \u012fsigyti prie\u0161 montavim\u0105, atsi\u017evelgiant \u012f sienos strukt\u016br\u0105, \u012f kuri\u0105 bus tvirtinama. Jei nesate tikri d\u0117l tvirtinimo element\u0173 pasirinkimo, pasitarkite su \u0161ios srities (tvirtinimo element\u0173) specialistais, perkant elektronin\u0117je parduotuv\u0117je markiz\u0117s montavimo paslauga neteikiama.\u00a0<\/em><em>Prie\u0161 \u012fsigydami ar montuodami markiz\u0119, matavimo rulet\u0117s pagalba i\u0161matuokite erdv\u0119 (sien\u0105), ant kurios montuosite markiz\u0119. Markiz\u0117s montavimui reikalingas plotis yra lygus markiz\u0117s plo\u010diui + 5 cm. laisvumo i\u0161 abiej\u0173 markiz\u0117s pusi\u0173. Montavimui reikalingas auk\u0161tis yra 30 cm.<\/em><\/p>\n<p><em>*Markiz\u0117s audinio ir konstrukcijos spalva nuotraukoje ir realyb\u0117je gali skirtis,\u00a0 d\u0117l skirtingo spalvos atvaizdavimo skirtinguose ekranuose.<\/em><\/p>\n","protected":false},"excerpt":{"rendered":"<p>Markiz\u0117 CALIFORNIA PLUS apsaugo nuo tiesiogini\u0173 saul\u0117s spinduli\u0173 bei leid\u017eia reguliuoti norim\u0105 \u0161e\u0161\u0117lio plot\u0105. \u0160io modelio terasin\u0117 markiz\u0117 yra pusiau kasetin\u0117. \u0160altuoju metu markiz\u0117s audinys susukamas \u012f kaset\u0119, kuri\u00a0 apsaugo audin\u012f nuo tiesiogini\u0173 saul\u0117s spinduli\u0173, lietaus, purvo ir sniego.<\/p>\n<p><strong>Markiz\u0117 CALIFORNIA PLUS \u2013 malonus pav\u0117sis j\u016bs\u0173 terasoje!<\/strong><\/p>\n<p><span class=\"OYPEnA text-decoration-none text-strikethrough-none\">Lengva ir itin tvirta ner\u016bdijanti aliuminio\u00a0<\/span><span class=\"OYPEnA text-decoration-none text-strikethrough-none\">konstrukcija.\u00a0<\/span>Precizi\u0161kai pagamintos markiz\u0117s jungtys garantuoja ilgalaik\u012f, patikim\u0105 mechanizmo veikim\u0105.<\/p>\n<ul>\n<li><strong>Gaminio kodas: 7743454<\/strong><\/li>\n<li><strong>Gaminio matmenys<\/strong>: plotis 4950 mm; gylis 3500 mm<\/li>\n<li>Pusiau kasetin\u0117.<\/li>\n<li>Markiz\u0117s audinys su bangele, kuri papildomai apsaugo nuo \u017eemai krentan\u010di\u0173 saul\u0117s spinduli\u0173.<\/li>\n<li>Tvirta aliuminio konstrukcija.<\/li>\n<li>Rankinis valdymas, kair\u0117je pus\u0117je.<\/li>\n<li>Konstrukcijos spalva universali \u2013 antracitas.<\/li>\n<li>Stilinga, lengvai priderinama audinio spalva \u2013 pilka.<\/li>\n<\/ul>\n<hr \/>\n<p><span style=\"color: #ff0000;\">SVARBU!<\/span><\/p>\n<div class=\"content-width-custom\">\n<p><em>Prie\u0161 u\u017esakydami markiz\u0119, \u012fsitikinkite, kad u\u017esakoma markiz\u0117 tilps ant sienos, kur planuojamas montavimas. Pasir\u016bpinkite ir b\u016bkite tikri, jog tur\u0117site galimyb\u0117 susimontuoti gamin\u012f.<\/em><\/p>\n<p><em>Tvirtinimo elementai n\u0117ra pridedami. Tvirtinimo elementus (var\u017etus, inkarus ir pan.) b\u016btina \u012fsigyti prie\u0161 montavim\u0105, atsi\u017evelgiant \u012f sienos strukt\u016br\u0105, \u012f kuri\u0105 bus tvirtinama. Jei nesate tikri d\u0117l tvirtinimo element\u0173 pasirinkimo, pasitarkite su \u0161ios srities (tvirtinimo element\u0173) specialistais, perkant elektronin\u0117je parduotuv\u0117je markiz\u0117s montavimo paslauga neteikiama.<\/em><\/p>\n<p><em>Prie\u0161 \u012fsigydami ar montuodami markiz\u0119, matavimo rulet\u0117s pagalba i\u0161matuokite erdv\u0119 (sien\u0105), ant kurios montuosite markiz\u0119. Markiz\u0117s montavimui reikalingas plotis yra lygus markiz\u0117s plo\u010diui + 5 cm. laisvumo i\u0161 abiej\u0173 markiz\u0117s pusi\u0173. Montavimui reikalingas auk\u0161tis yra 30 cm.<\/em><\/p>\n<\/div>\n<p><strong>Kaip sumontuoti terasin\u0119 markiz\u0119 CALIFORNIA PLUS<\/strong> <span style=\"color: #3366ff;\"><a style=\"color: #3366ff;\" href=\"https:\/\/sunnyblinds.lv\/wp-content\/uploads\/2025\/03\/Dextera-Montavimo-instrukcijos-Cal-Plus-2025.03.01.pdf\" target=\"_blank\" rel=\"noopener\">\u017ei\u016br\u0117ti \u010dia &gt;&gt;<\/a><\/span><\/p>\n<hr \/>\n<p><em>*Markiz\u0117s audinio ir konstrukcijos spalva nuotraukoje ir realyb\u0117je gali skirtis,\u00a0 d\u0117l skirtingo spalvos atvaizdavimo skirtinguose ekranuose.<\/em><\/p>\n","protected":false},"featured_media":3325,"template":"","meta":{"inline_featured_image":false},"product_brand":[],"product_cat":[38,32,41,60],"product_tag":[],"class_list":{"0":"post-1057","1":"product","2":"type-product","3":"status-publish","4":"has-post-thumbnail","6":"product_cat-lauko-gaminiai","7":"product_cat-standartiniai-gaminiai","8":"product_cat-standartiniu-matmenu-markizes","9":"product_cat-terasines-markizes-internetu","10":"product_shipping_class-isores-gaminiai","11":"tm-no-options","13":"first","14":"instock","15":"taxable","16":"shipping-taxable","17":"purchasable","18":"product-type-simple"},"acf":[],"yoast_head":"<!-- This site is optimized with the Yoast SEO plugin v27.4 - https:\/\/yoast.com\/product\/yoast-seo-wordpress\/ -->\n<title>Terasin\u0117 markiz\u0117 CALIFORNIA PLUS - Tik 849\u20ac<\/title>\n<meta name=\"description\" content=\"Markiz\u0117 CALIFORNIA PLUS (4,95x3,5 m) \u2013 stilingas ir patikimas pav\u0117sis j\u016bs\u0173 terasoje. Turime sand\u0117lyje, greitas pristatymas!\" \/>\n<meta name=\"robots\" content=\"index, follow, max-snippet:-1, max-image-preview:large, max-video-preview:-1\" \/>\n<link rel=\"canonical\" href=\"https:\/\/sunnyblinds.lv\/gaminys\/terasine-markize-california-plus-4950-3500-7743454\/\" \/>\n<meta property=\"og:locale\" content=\"lt_LT\" \/>\n<meta property=\"og:type\" content=\"article\" \/>\n<meta property=\"og:title\" content=\"Terasin\u0117 markiz\u0117 CALIFORNIA PLUS - Tik 849\u20ac\" \/>\n<meta property=\"og:description\" content=\"Markiz\u0117 CALIFORNIA PLUS (4,95x3,5 m) \u2013 stilingas ir patikimas pav\u0117sis j\u016bs\u0173 terasoje. Turime sand\u0117lyje, greitas pristatymas!\" \/>\n<meta property=\"og:url\" content=\"https:\/\/sunnyblinds.lv\/gaminys\/terasine-markize-california-plus-4950-3500-7743454\/\" \/>\n<meta property=\"og:site_name\" content=\"Dextera\" \/>\n<meta property=\"article:modified_time\" content=\"2025-07-28T13:35:16+00:00\" \/>\n<meta property=\"og:image\" content=\"https:\/\/sunnyblinds.lv\/wp-content\/uploads\/2023\/12\/Cal-Plus-markize-pilka-koreg-terasa-baldai-kvadratas-1000x1000px.jpg\" \/>\n\t<meta property=\"og:image:width\" content=\"1000\" \/>\n\t<meta property=\"og:image:height\" content=\"1000\" \/>\n\t<meta property=\"og:image:type\" content=\"image\/jpeg\" \/>\n<meta name=\"twitter:card\" content=\"summary_large_image\" \/>\n<meta name=\"twitter:label1\" content=\"Est. reading time\" \/>\n\t<meta name=\"twitter:data1\" content=\"2 minut\u0117s\" \/>\n<script type=\"application\/ld+json\" class=\"yoast-schema-graph\">{\"@context\":\"https:\\\/\\\/schema.org\",\"@graph\":[{\"@type\":\"WebPage\",\"@id\":\"https:\\\/\\\/sunnyblinds.lv\\\/gaminys\\\/terasine-markize-california-plus-4950-3500-7743454\\\/\",\"url\":\"https:\\\/\\\/sunnyblinds.lv\\\/gaminys\\\/terasine-markize-california-plus-4950-3500-7743454\\\/\",\"name\":\"Terasin\u0117 markiz\u0117 CALIFORNIA PLUS - Tik 849\u20ac\",\"isPartOf\":{\"@id\":\"https:\\\/\\\/sunnyblinds.lv\\\/#website\"},\"primaryImageOfPage\":{\"@id\":\"https:\\\/\\\/sunnyblinds.lv\\\/gaminys\\\/terasine-markize-california-plus-4950-3500-7743454\\\/#primaryimage\"},\"image\":{\"@id\":\"https:\\\/\\\/sunnyblinds.lv\\\/gaminys\\\/terasine-markize-california-plus-4950-3500-7743454\\\/#primaryimage\"},\"thumbnailUrl\":\"https:\\\/\\\/sunnyblinds.lv\\\/wp-content\\\/uploads\\\/2023\\\/12\\\/Cal-Plus-markize-pilka-koreg-terasa-baldai-kvadratas-1000x1000px.jpg\",\"datePublished\":\"2023-12-06T11:40:52+00:00\",\"dateModified\":\"2025-07-28T13:35:16+00:00\",\"description\":\"Markiz\u0117 CALIFORNIA PLUS (4,95x3,5 m) \u2013 stilingas ir patikimas pav\u0117sis j\u016bs\u0173 terasoje. Turime sand\u0117lyje, greitas pristatymas!\",\"breadcrumb\":{\"@id\":\"https:\\\/\\\/sunnyblinds.lv\\\/gaminys\\\/terasine-markize-california-plus-4950-3500-7743454\\\/#breadcrumb\"},\"inLanguage\":\"lt-LT\",\"potentialAction\":[{\"@type\":\"ReadAction\",\"target\":[\"https:\\\/\\\/sunnyblinds.lv\\\/gaminys\\\/terasine-markize-california-plus-4950-3500-7743454\\\/\"]}]},{\"@type\":\"ImageObject\",\"inLanguage\":\"lt-LT\",\"@id\":\"https:\\\/\\\/sunnyblinds.lv\\\/gaminys\\\/terasine-markize-california-plus-4950-3500-7743454\\\/#primaryimage\",\"url\":\"https:\\\/\\\/sunnyblinds.lv\\\/wp-content\\\/uploads\\\/2023\\\/12\\\/Cal-Plus-markize-pilka-koreg-terasa-baldai-kvadratas-1000x1000px.jpg\",\"contentUrl\":\"https:\\\/\\\/sunnyblinds.lv\\\/wp-content\\\/uploads\\\/2023\\\/12\\\/Cal-Plus-markize-pilka-koreg-terasa-baldai-kvadratas-1000x1000px.jpg\",\"width\":1000,\"height\":1000,\"caption\":\"Terasin\u0117s markiz\u0117s dextera\"},{\"@type\":\"BreadcrumbList\",\"@id\":\"https:\\\/\\\/sunnyblinds.lv\\\/gaminys\\\/terasine-markize-california-plus-4950-3500-7743454\\\/#breadcrumb\",\"itemListElement\":[{\"@type\":\"ListItem\",\"position\":1,\"name\":\"Home\",\"item\":\"https:\\\/\\\/sunnyblinds.lv\\\/\"},{\"@type\":\"ListItem\",\"position\":2,\"name\":\"Elektronin\u0117 parduotuv\u0117\",\"item\":\"https:\\\/\\\/sunnyblinds.lv\\\/parduotuve\\\/\"},{\"@type\":\"ListItem\",\"position\":3,\"name\":\"Terasin\u0117 markiz\u0117 CALIFORNIA PLUS\"}]},{\"@type\":\"WebSite\",\"@id\":\"https:\\\/\\\/sunnyblinds.lv\\\/#website\",\"url\":\"https:\\\/\\\/sunnyblinds.lv\\\/\",\"name\":\"Dextera\",\"description\":\"LV eshop\",\"publisher\":{\"@id\":\"https:\\\/\\\/sunnyblinds.lv\\\/#organization\"},\"potentialAction\":[{\"@type\":\"SearchAction\",\"target\":{\"@type\":\"EntryPoint\",\"urlTemplate\":\"https:\\\/\\\/sunnyblinds.lv\\\/?s={search_term_string}\"},\"query-input\":{\"@type\":\"PropertyValueSpecification\",\"valueRequired\":true,\"valueName\":\"search_term_string\"}}],\"inLanguage\":\"lt-LT\"},{\"@type\":\"Organization\",\"@id\":\"https:\\\/\\\/sunnyblinds.lv\\\/#organization\",\"name\":\"Dextera\",\"url\":\"https:\\\/\\\/sunnyblinds.lv\\\/\",\"logo\":{\"@type\":\"ImageObject\",\"inLanguage\":\"lt-LT\",\"@id\":\"https:\\\/\\\/sunnyblinds.lv\\\/#\\\/schema\\\/logo\\\/image\\\/\",\"url\":\"https:\\\/\\\/sunnyblinds.lv\\\/wp-content\\\/uploads\\\/2024\\\/03\\\/DEXTERA_su-sukiu_tamsiai-melynas-e1710914216478.png\",\"contentUrl\":\"https:\\\/\\\/sunnyblinds.lv\\\/wp-content\\\/uploads\\\/2024\\\/03\\\/DEXTERA_su-sukiu_tamsiai-melynas-e1710914216478.png\",\"width\":200,\"height\":53,\"caption\":\"Dextera\"},\"image\":{\"@id\":\"https:\\\/\\\/sunnyblinds.lv\\\/#\\\/schema\\\/logo\\\/image\\\/\"}}]}<\/script>\n<!-- \/ Yoast SEO plugin. -->","yoast_head_json":{"title":"Terasin\u0117 markiz\u0117 CALIFORNIA PLUS - Tik 849\u20ac","description":"Markiz\u0117 CALIFORNIA PLUS (4,95x3,5 m) \u2013 stilingas ir patikimas pav\u0117sis j\u016bs\u0173 terasoje. Turime sand\u0117lyje, greitas pristatymas!","robots":{"index":"index","follow":"follow","max-snippet":"max-snippet:-1","max-image-preview":"max-image-preview:large","max-video-preview":"max-video-preview:-1"},"canonical":"https:\/\/sunnyblinds.lv\/gaminys\/terasine-markize-california-plus-4950-3500-7743454\/","og_locale":"lt_LT","og_type":"article","og_title":"Terasin\u0117 markiz\u0117 CALIFORNIA PLUS - Tik 849\u20ac","og_description":"Markiz\u0117 CALIFORNIA PLUS (4,95x3,5 m) \u2013 stilingas ir patikimas pav\u0117sis j\u016bs\u0173 terasoje. Turime sand\u0117lyje, greitas pristatymas!","og_url":"https:\/\/sunnyblinds.lv\/gaminys\/terasine-markize-california-plus-4950-3500-7743454\/","og_site_name":"Dextera","article_modified_time":"2025-07-28T13:35:16+00:00","og_image":[{"width":1000,"height":1000,"url":"https:\/\/sunnyblinds.lv\/wp-content\/uploads\/2023\/12\/Cal-Plus-markize-pilka-koreg-terasa-baldai-kvadratas-1000x1000px.jpg","type":"image\/jpeg"}],"twitter_card":"summary_large_image","twitter_misc":{"Est. reading time":"2 minut\u0117s"},"schema":{"@context":"https:\/\/schema.org","@graph":[{"@type":"WebPage","@id":"https:\/\/sunnyblinds.lv\/gaminys\/terasine-markize-california-plus-4950-3500-7743454\/","url":"https:\/\/sunnyblinds.lv\/gaminys\/terasine-markize-california-plus-4950-3500-7743454\/","name":"Terasin\u0117 markiz\u0117 CALIFORNIA PLUS - Tik 849\u20ac","isPartOf":{"@id":"https:\/\/sunnyblinds.lv\/#website"},"primaryImageOfPage":{"@id":"https:\/\/sunnyblinds.lv\/gaminys\/terasine-markize-california-plus-4950-3500-7743454\/#primaryimage"},"image":{"@id":"https:\/\/sunnyblinds.lv\/gaminys\/terasine-markize-california-plus-4950-3500-7743454\/#primaryimage"},"thumbnailUrl":"https:\/\/sunnyblinds.lv\/wp-content\/uploads\/2023\/12\/Cal-Plus-markize-pilka-koreg-terasa-baldai-kvadratas-1000x1000px.jpg","datePublished":"2023-12-06T11:40:52+00:00","dateModified":"2025-07-28T13:35:16+00:00","description":"Markiz\u0117 CALIFORNIA PLUS (4,95x3,5 m) \u2013 stilingas ir patikimas pav\u0117sis j\u016bs\u0173 terasoje. Turime sand\u0117lyje, greitas pristatymas!","breadcrumb":{"@id":"https:\/\/sunnyblinds.lv\/gaminys\/terasine-markize-california-plus-4950-3500-7743454\/#breadcrumb"},"inLanguage":"lt-LT","potentialAction":[{"@type":"ReadAction","target":["https:\/\/sunnyblinds.lv\/gaminys\/terasine-markize-california-plus-4950-3500-7743454\/"]}]},{"@type":"ImageObject","inLanguage":"lt-LT","@id":"https:\/\/sunnyblinds.lv\/gaminys\/terasine-markize-california-plus-4950-3500-7743454\/#primaryimage","url":"https:\/\/sunnyblinds.lv\/wp-content\/uploads\/2023\/12\/Cal-Plus-markize-pilka-koreg-terasa-baldai-kvadratas-1000x1000px.jpg","contentUrl":"https:\/\/sunnyblinds.lv\/wp-content\/uploads\/2023\/12\/Cal-Plus-markize-pilka-koreg-terasa-baldai-kvadratas-1000x1000px.jpg","width":1000,"height":1000,"caption":"Terasin\u0117s markiz\u0117s dextera"},{"@type":"BreadcrumbList","@id":"https:\/\/sunnyblinds.lv\/gaminys\/terasine-markize-california-plus-4950-3500-7743454\/#breadcrumb","itemListElement":[{"@type":"ListItem","position":1,"name":"Home","item":"https:\/\/sunnyblinds.lv\/"},{"@type":"ListItem","position":2,"name":"Elektronin\u0117 parduotuv\u0117","item":"https:\/\/sunnyblinds.lv\/parduotuve\/"},{"@type":"ListItem","position":3,"name":"Terasin\u0117 markiz\u0117 CALIFORNIA PLUS"}]},{"@type":"WebSite","@id":"https:\/\/sunnyblinds.lv\/#website","url":"https:\/\/sunnyblinds.lv\/","name":"Dextera","description":"LV eshop","publisher":{"@id":"https:\/\/sunnyblinds.lv\/#organization"},"potentialAction":[{"@type":"SearchAction","target":{"@type":"EntryPoint","urlTemplate":"https:\/\/sunnyblinds.lv\/?s={search_term_string}"},"query-input":{"@type":"PropertyValueSpecification","valueRequired":true,"valueName":"search_term_string"}}],"inLanguage":"lt-LT"},{"@type":"Organization","@id":"https:\/\/sunnyblinds.lv\/#organization","name":"Dextera","url":"https:\/\/sunnyblinds.lv\/","logo":{"@type":"ImageObject","inLanguage":"lt-LT","@id":"https:\/\/sunnyblinds.lv\/#\/schema\/logo\/image\/","url":"https:\/\/sunnyblinds.lv\/wp-content\/uploads\/2024\/03\/DEXTERA_su-sukiu_tamsiai-melynas-e1710914216478.png","contentUrl":"https:\/\/sunnyblinds.lv\/wp-content\/uploads\/2024\/03\/DEXTERA_su-sukiu_tamsiai-melynas-e1710914216478.png","width":200,"height":53,"caption":"Dextera"},"image":{"@id":"https:\/\/sunnyblinds.lv\/#\/schema\/logo\/image\/"}}]}},"_links":{"self":[{"href":"https:\/\/sunnyblinds.lv\/lt\/wp-json\/wp\/v2\/product\/1057","targetHints":{"allow":["GET"]}}],"collection":[{"href":"https:\/\/sunnyblinds.lv\/lt\/wp-json\/wp\/v2\/product"}],"about":[{"href":"https:\/\/sunnyblinds.lv\/lt\/wp-json\/wp\/v2\/types\/product"}],"wp:featuredmedia":[{"embeddable":true,"href":"https:\/\/sunnyblinds.lv\/lt\/wp-json\/wp\/v2\/media\/3325"}],"wp:attachment":[{"href":"https:\/\/sunnyblinds.lv\/lt\/wp-json\/wp\/v2\/media?parent=1057"}],"wp:term":[{"taxonomy":"product_brand","embeddable":true,"href":"https:\/\/sunnyblinds.lv\/lt\/wp-json\/wp\/v2\/product_brand?post=1057"},{"taxonomy":"product_cat","embeddable":true,"href":"https:\/\/sunnyblinds.lv\/lt\/wp-json\/wp\/v2\/product_cat?post=1057"},{"taxonomy":"product_tag","embeddable":true,"href":"https:\/\/sunnyblinds.lv\/lt\/wp-json\/wp\/v2\/product_tag?post=1057"}],"curies":[{"name":"wp","href":"https:\/\/api.w.org\/{rel}","templated":true}]}}