{"id":4549,"date":"2025-02-26T10:31:44","date_gmt":"2025-02-26T08:31:44","guid":{"rendered":"https:\/\/e.dextera.lt\/?page_id=4549"},"modified":"2026-01-07T14:38:39","modified_gmt":"2026-01-07T12:38:39","slug":"sikdatnu-politika","status":"publish","type":"page","link":"https:\/\/sunnyblinds.lv\/lt\/sikdatnu-politika\/","title":{"rendered":"Sikdatnu politika"},"content":{"rendered":"<p data-start=\"221\" data-end=\"528\"><strong data-start=\"221\" data-end=\"227\">1.<\/strong> UAB \u201eDextera\u201c, re\u0123istr\u0101cijas numurs 134665673, PVN maks\u0101t\u0101ja kods LT346656716, juridisk\u0101 un korespondences adrese: Ei\u0161i\u0161ki\u0173 pl. 36, LT-03150 Vi\u013c\u0146a, Lietuva, kontakti: e-pasts <a class=\"decorated-link cursor-pointer\" rel=\"noopener\" data-start=\"440\" data-end=\"455\">info@dextera.lt<\/a>, t\u0101lr. 0 800 00013 (turpm\u0101k \u2014 Uz\u0146\u0113mums), ir J\u016bsu personas datu p\u0101rzinis.<\/p>\n<p data-start=\"530\" data-end=\"905\"><strong data-start=\"530\" data-end=\"536\">2.<\/strong> Uz\u0146\u0113mums t\u012bmek\u013ca vietn\u0113 sunnyblinds.lv izmanto s\u012bkdatnes (ang\u013cu val. <em data-start=\"610\" data-end=\"619\">cookies<\/em>) \u2013 datu anal\u012bzes un p\u0101rvald\u012bbas r\u012bkus, lai nodro\u0161in\u0101tu pareizu vietnes darb\u012bbu, apkopotu anon\u012bmu statistiku un izmantotu to m\u0101rketinga nol\u016bkos. T\u0101d\u0113j\u0101di Uz\u0146\u0113mums var nodro\u0161in\u0101t pilnv\u0113rt\u012bgus produktus\/pakalpojumus, pat\u012bkam\u0101ku pieredzi vietnes apmekl\u0113t\u0101jiem un uzlabot vietnes darb\u012bbu.<\/p>\n<p data-start=\"907\" data-end=\"1150\"><strong data-start=\"907\" data-end=\"913\">3.<\/strong> Jums apmekl\u0113jot m\u016bsu vietni, s\u012bkdatnes var tikt saglab\u0101tas J\u016bsu dator\u0101 vai cit\u0101 viedier\u012bc\u0113 (piem\u0113ram, mobilaj\u0101 telefon\u0101, plan\u0161et\u0113 u.c.). Iesl\u0113dzot Uz\u0146\u0113muma t\u012bmek\u013ca vietni, autom\u0101tiski tiek par\u0101d\u012bts pazi\u0146ojums par s\u012bkdat\u0146u izmanto\u0161anu.<\/p>\n<p data-start=\"1152\" data-end=\"1616\"><strong data-start=\"1152\" data-end=\"1158\">4.<\/strong> Visas s\u012bkdatnes tiek izmantotas tikai ar J\u016bsu iepriek\u0161\u0113ju piekri\u0161anu, iz\u0146emot nepiecie\u0161am\u0101s s\u012bkdatnes. Vietn\u0113 pieejamaj\u0101 s\u012bkdat\u0146u iestat\u012bjumu josl\u0101 J\u016bs varat izv\u0113l\u0113ties at\u013cauto s\u012bkdat\u0146u kategorijas, k\u0101 ar\u012b jebkur\u0101 laik\u0101 main\u012bt iestat\u012bjumus vai atsaukt piekri\u0161anu. Ja v\u0113laties at\u013caut visas s\u012bkdatnes, atz\u012bm\u0113jiet izv\u0113li \u201cAt\u013caut visas s\u012bkdatnes\u201d. J\u016bs varat ar\u012b atteikties no s\u012bkdatn\u0113m un turpin\u0101t p\u0101rl\u016bkot vietni.<\/p>\n<p data-start=\"1618\" data-end=\"1670\"><strong data-start=\"1618\" data-end=\"1624\">5.<\/strong> M\u016bsu vietn\u0113 s\u012bkdatnes tiek izmantotas, lai:<\/p>\n<ul data-start=\"1671\" data-end=\"2176\">\n<li data-start=\"1671\" data-end=\"1748\">\n<p data-start=\"1673\" data-end=\"1748\">atpaz\u012btu, vai vietni apmekl\u0113 tas pats lietot\u0101js, kur\u0161 jau iepriek\u0161 bijis,<\/p>\n<\/li>\n<li data-start=\"1749\" data-end=\"1832\">\n<p data-start=\"1751\" data-end=\"1832\">saglab\u0101tu J\u016bsu izv\u0113l\u0113tos iestat\u012bjumus apmekl\u0113juma laik\u0101 un starp apmekl\u0113jumiem,<\/p>\n<\/li>\n<li data-start=\"1833\" data-end=\"1887\">\n<p data-start=\"1835\" data-end=\"1887\">noteiktu, vai J\u016bs piekrit\u0101t s\u012bkdat\u0146u izmanto\u0161anai,<\/p>\n<\/li>\n<li data-start=\"1888\" data-end=\"1970\">\n<p data-start=\"1890\" data-end=\"1970\">uzraudz\u012btu un analiz\u0113tu vietnes apmekl\u0113juma statistiku un lietot\u0101ju paradumus,<\/p>\n<\/li>\n<li data-start=\"1971\" data-end=\"2054\">\n<p data-start=\"1973\" data-end=\"2054\">piel\u0101gotu m\u0101rketinga pied\u0101v\u0101jumus un sniegtu atbilsto\u0161us rekl\u0101mas pied\u0101v\u0101jumus,<\/p>\n<\/li>\n<li data-start=\"2055\" data-end=\"2115\">\n<p data-start=\"2057\" data-end=\"2115\">nep\u0101rtraukti uzlabotu vietnes \u0113rt\u012bbu, \u0101trumu un dro\u0161\u012bbu,<\/p>\n<\/li>\n<li data-start=\"2116\" data-end=\"2176\">\n<p data-start=\"2118\" data-end=\"2176\">atcer\u0113tos J\u016bsu izv\u0113les k\u0101 Google pakalpojumu lietot\u0101jam.<\/p>\n<\/li>\n<\/ul>\n<p data-start=\"2178\" data-end=\"2423\">S\u012bkdat\u0146u izmanto\u0161anas tiesiskais pamats ir Uz\u0146\u0113muma le\u0123it\u012bm\u0101s intereses nodro\u0161in\u0101t vietnes tehnisko darb\u012bbu, bet statistikas un m\u0101rketinga s\u012bkdat\u0146u izmanto\u0161anas pamats ir apmekl\u0113t\u0101ja piekri\u0161ana.<\/p>\n<p data-start=\"2425\" data-end=\"2731\"><strong data-start=\"2425\" data-end=\"2431\">6.<\/strong> J\u016bs varat main\u012bt un\/vai p\u0101rvald\u012bt s\u012bkdat\u0146u iestat\u012bjumus s\u012bkdat\u0146u josl\u0101.<br data-start=\"2503\" data-end=\"2506\" \/>T\u0101pat J\u016bs varat izdz\u0113st visas jau eso\u0161\u0101s s\u012bkdatnes sav\u0101 dator\u0101 un iestat\u012bt p\u0101rl\u016bkprogrammu t\u0101, lai s\u012bkdatnes netiktu saglab\u0101tas. Liel\u0101k\u0101 da\u013ca p\u0101rl\u016bkprogrammu autom\u0101tiski pie\u0146em s\u012bkdatnes, ta\u010du, ja v\u0113laties, varat to main\u012bt.<\/p>\n<p data-start=\"2733\" data-end=\"2938\">\u0145emiet v\u0113r\u0101 \u2013 ja s\u012bkdatnes tiek blo\u0137\u0113tas, da\u017eas vietnes <strong data-start=\"2789\" data-end=\"2807\">sunnyblinds.lv<\/strong> funkcijas vai pakalpojumi var nedarboties pareizi, un da\u017eas izv\u0113les var b\u016bt j\u0101veic atk\u0101rtoti katru reizi, kad apmekl\u0113jat vietni.<\/p>\n<p data-start=\"2940\" data-end=\"3030\">Papildu inform\u0101cija par to, k\u0101 dz\u0113st s\u012bkdatnes vai main\u012bt p\u0101rl\u016bkprogrammas iestat\u012bjumus:<\/p>\n<ul>\n<li><a href=\"https:\/\/support.google.com\/accounts\/answer\/61416?co=GENIE.Platform%3DDesktop&amp;hl=lt\">Google Chrome\u00a0<\/a><\/li>\n<li><a href=\"https:\/\/privacy.microsoft.com\/lt-lt\/windows-10-microsoft-edge-and-privacy\">Microsoft Edge<\/a><\/li>\n<li><a href=\"https:\/\/support.mozilla.org\/lt\/kb\/Slapuk%C5%B3%20aktyvavimas\">Mozilla Firefox\u00a0<\/a><\/li>\n<li><a href=\"https:\/\/support.microsoft.com\/lt-lt\/help\/17442\/windows-internet-explorer-delete-manage-cookies\">Microsoft Internet Explorer\u00a0<\/a><\/li>\n<li><a href=\"https:\/\/www.opera.com\/help\/tutorials\/security\/privacy\/\">Opera<\/a><\/li>\n<li><a href=\"https:\/\/support.apple.com\/guide\/safari\/manage-cookies-and-website-data-sfri11471\/mac\">Apple Safari<\/a><\/li>\n<\/ul>\n<p data-start=\"3563\" data-end=\"3898\"><strong data-start=\"3563\" data-end=\"3569\">7. <\/strong>Vietn\u0113 tiek izmantotas nepiecie\u0161am\u0101s, statistikas un m\u0101rketinga s\u012bkdatnes. Nepiecie\u0161am\u0101s s\u012bkdatnes nevar deaktiviz\u0113t, jo t\u0101s nodro\u0161ina vietnes pamatfunkciju darb\u012bbu. P\u0101r\u0113j\u0101m s\u012bkdat\u0146u kategorij\u0101m ir nepiecie\u0161ama J\u016bsu piekri\u0161ana.<\/p>\n<p data-start=\"3900\" data-end=\"4248\"><strong data-start=\"3900\" data-end=\"3906\">8. <\/strong>Statistikas dati tiek apstr\u0101d\u0101ti, izmantojot Google Analytics r\u012bkus. Ieg\u016bt\u0101 inform\u0101cija ir anon\u012bma un netiek sasaist\u012bta ar konkr\u0113t\u0101m person\u0101m. Datus var izmantot ar\u012b personaliz\u0113tas rekl\u0101mas nol\u016bkos. Ja nev\u0113laties, lai Google Analytics apstr\u0101d\u0101 inform\u0101ciju par J\u016bsu p\u0101rl\u016bko\u0161anu, varat izmantot Google pied\u0101v\u0101to atteik\u0161an\u0101s p\u0101rl\u016bkprogrammas papildin\u0101jumu. Pla\u0161\u0101ka inform\u0101cija:<strong data-start=\"3900\" data-end=\"3906\"> <a class=\"decorated-link\" href=\"https:\/\/support.google.com\/analytics\/answer\/1012034?hl=lv\" target=\"_new\" rel=\"noopener\" data-start=\"744\" data-end=\"801\">https:\/\/support.google.com\/analytics\/answer\/1012034?hl=lv<\/a><\/strong><\/p>\n<p>[cookie_declaration]<\/p>\n","protected":false},"excerpt":{"rendered":"<p>1. UAB \u201eDextera\u201c, re\u0123istr\u0101cijas numurs 134665673, PVN maks\u0101t\u0101ja kods LT346656716, juridisk\u0101 un korespondences adrese: Ei\u0161i\u0161ki\u0173 pl. 36, LT-03150 Vi\u013c\u0146a, Lietuva, kontakti: e-pasts info@dextera.lt, t\u0101lr. 0 800 00013 (turpm\u0101k \u2014 Uz\u0146\u0113mums), ir J\u016bsu personas datu p\u0101rzinis. 2. Uz\u0146\u0113mums t\u012bmek\u013ca vietn\u0113 sunnyblinds.lv izmanto s\u012bkdatnes (ang\u013cu val. cookies) \u2013 datu anal\u012bzes un p\u0101rvald\u012bbas r\u012bkus, lai nodro\u0161in\u0101tu pareizu vietnes [&hellip;]<\/p>\n","protected":false},"author":3,"featured_media":0,"parent":0,"menu_order":0,"comment_status":"closed","ping_status":"closed","template":"","meta":{"inline_featured_image":false,"footnotes":""},"class_list":["post-4549","page","type-page","status-publish","hentry"],"acf":[],"yoast_head":"<!-- This site is optimized with the Yoast SEO plugin v27.4 - https:\/\/yoast.com\/product\/yoast-seo-wordpress\/ -->\n<title>Sikdatnu politika - Dextera<\/title>\n<meta name=\"robots\" content=\"index, follow, max-snippet:-1, max-image-preview:large, max-video-preview:-1\" \/>\n<link rel=\"canonical\" href=\"https:\/\/sunnyblinds.lv\/lt\/sikdatnu-politika\/\" \/>\n<meta property=\"og:locale\" content=\"lt_LT\" \/>\n<meta property=\"og:type\" content=\"article\" \/>\n<meta property=\"og:title\" content=\"Sikdatnu politika - Dextera\" \/>\n<meta property=\"og:description\" content=\"1. UAB \u201eDextera\u201c, re\u0123istr\u0101cijas numurs 134665673, PVN maks\u0101t\u0101ja kods LT346656716, juridisk\u0101 un korespondences adrese: Ei\u0161i\u0161ki\u0173 pl. 36, LT-03150 Vi\u013c\u0146a, Lietuva, kontakti: e-pasts info@dextera.lt, t\u0101lr. 0 800 00013 (turpm\u0101k \u2014 Uz\u0146\u0113mums), ir J\u016bsu personas datu p\u0101rzinis. 2. Uz\u0146\u0113mums t\u012bmek\u013ca vietn\u0113 sunnyblinds.lv izmanto s\u012bkdatnes (ang\u013cu val. cookies) \u2013 datu anal\u012bzes un p\u0101rvald\u012bbas r\u012bkus, lai nodro\u0161in\u0101tu pareizu vietnes [&hellip;]\" \/>\n<meta property=\"og:url\" content=\"https:\/\/sunnyblinds.lv\/lt\/sikdatnu-politika\/\" \/>\n<meta property=\"og:site_name\" content=\"Dextera\" \/>\n<meta property=\"article:modified_time\" content=\"2026-01-07T12:38:39+00:00\" \/>\n<meta name=\"twitter:card\" content=\"summary_large_image\" \/>\n<meta name=\"twitter:label1\" content=\"Est. reading time\" \/>\n\t<meta name=\"twitter:data1\" content=\"3 minut\u0117s\" \/>\n<script type=\"application\/ld+json\" class=\"yoast-schema-graph\">{\"@context\":\"https:\\\/\\\/schema.org\",\"@graph\":[{\"@type\":\"WebPage\",\"@id\":\"https:\\\/\\\/sunnyblinds.lv\\\/lt\\\/sikdatnu-politika\\\/\",\"url\":\"https:\\\/\\\/sunnyblinds.lv\\\/lt\\\/sikdatnu-politika\\\/\",\"name\":\"Sikdatnu politika - Dextera\",\"isPartOf\":{\"@id\":\"https:\\\/\\\/sunnyblinds.lv\\\/#website\"},\"datePublished\":\"2025-02-26T08:31:44+00:00\",\"dateModified\":\"2026-01-07T12:38:39+00:00\",\"breadcrumb\":{\"@id\":\"https:\\\/\\\/sunnyblinds.lv\\\/lt\\\/sikdatnu-politika\\\/#breadcrumb\"},\"inLanguage\":\"lt-LT\",\"potentialAction\":[{\"@type\":\"ReadAction\",\"target\":[\"https:\\\/\\\/sunnyblinds.lv\\\/lt\\\/sikdatnu-politika\\\/\"]}]},{\"@type\":\"BreadcrumbList\",\"@id\":\"https:\\\/\\\/sunnyblinds.lv\\\/lt\\\/sikdatnu-politika\\\/#breadcrumb\",\"itemListElement\":[{\"@type\":\"ListItem\",\"position\":1,\"name\":\"Home\",\"item\":\"https:\\\/\\\/sunnyblinds.lv\\\/\"},{\"@type\":\"ListItem\",\"position\":2,\"name\":\"Sikdatnu politika\"}]},{\"@type\":\"WebSite\",\"@id\":\"https:\\\/\\\/sunnyblinds.lv\\\/#website\",\"url\":\"https:\\\/\\\/sunnyblinds.lv\\\/\",\"name\":\"Dextera\",\"description\":\"LV eshop\",\"publisher\":{\"@id\":\"https:\\\/\\\/sunnyblinds.lv\\\/#organization\"},\"potentialAction\":[{\"@type\":\"SearchAction\",\"target\":{\"@type\":\"EntryPoint\",\"urlTemplate\":\"https:\\\/\\\/sunnyblinds.lv\\\/?s={search_term_string}\"},\"query-input\":{\"@type\":\"PropertyValueSpecification\",\"valueRequired\":true,\"valueName\":\"search_term_string\"}}],\"inLanguage\":\"lt-LT\"},{\"@type\":\"Organization\",\"@id\":\"https:\\\/\\\/sunnyblinds.lv\\\/#organization\",\"name\":\"Dextera\",\"url\":\"https:\\\/\\\/sunnyblinds.lv\\\/\",\"logo\":{\"@type\":\"ImageObject\",\"inLanguage\":\"lt-LT\",\"@id\":\"https:\\\/\\\/sunnyblinds.lv\\\/#\\\/schema\\\/logo\\\/image\\\/\",\"url\":\"https:\\\/\\\/sunnyblinds.lv\\\/wp-content\\\/uploads\\\/2024\\\/03\\\/DEXTERA_su-sukiu_tamsiai-melynas-e1710914216478.png\",\"contentUrl\":\"https:\\\/\\\/sunnyblinds.lv\\\/wp-content\\\/uploads\\\/2024\\\/03\\\/DEXTERA_su-sukiu_tamsiai-melynas-e1710914216478.png\",\"width\":200,\"height\":53,\"caption\":\"Dextera\"},\"image\":{\"@id\":\"https:\\\/\\\/sunnyblinds.lv\\\/#\\\/schema\\\/logo\\\/image\\\/\"}}]}<\/script>\n<!-- \/ Yoast SEO plugin. -->","yoast_head_json":{"title":"Sikdatnu politika - Dextera","robots":{"index":"index","follow":"follow","max-snippet":"max-snippet:-1","max-image-preview":"max-image-preview:large","max-video-preview":"max-video-preview:-1"},"canonical":"https:\/\/sunnyblinds.lv\/lt\/sikdatnu-politika\/","og_locale":"lt_LT","og_type":"article","og_title":"Sikdatnu politika - Dextera","og_description":"1. UAB \u201eDextera\u201c, re\u0123istr\u0101cijas numurs 134665673, PVN maks\u0101t\u0101ja kods LT346656716, juridisk\u0101 un korespondences adrese: Ei\u0161i\u0161ki\u0173 pl. 36, LT-03150 Vi\u013c\u0146a, Lietuva, kontakti: e-pasts info@dextera.lt, t\u0101lr. 0 800 00013 (turpm\u0101k \u2014 Uz\u0146\u0113mums), ir J\u016bsu personas datu p\u0101rzinis. 2. Uz\u0146\u0113mums t\u012bmek\u013ca vietn\u0113 sunnyblinds.lv izmanto s\u012bkdatnes (ang\u013cu val. cookies) \u2013 datu anal\u012bzes un p\u0101rvald\u012bbas r\u012bkus, lai nodro\u0161in\u0101tu pareizu vietnes [&hellip;]","og_url":"https:\/\/sunnyblinds.lv\/lt\/sikdatnu-politika\/","og_site_name":"Dextera","article_modified_time":"2026-01-07T12:38:39+00:00","twitter_card":"summary_large_image","twitter_misc":{"Est. reading time":"3 minut\u0117s"},"schema":{"@context":"https:\/\/schema.org","@graph":[{"@type":"WebPage","@id":"https:\/\/sunnyblinds.lv\/lt\/sikdatnu-politika\/","url":"https:\/\/sunnyblinds.lv\/lt\/sikdatnu-politika\/","name":"Sikdatnu politika - Dextera","isPartOf":{"@id":"https:\/\/sunnyblinds.lv\/#website"},"datePublished":"2025-02-26T08:31:44+00:00","dateModified":"2026-01-07T12:38:39+00:00","breadcrumb":{"@id":"https:\/\/sunnyblinds.lv\/lt\/sikdatnu-politika\/#breadcrumb"},"inLanguage":"lt-LT","potentialAction":[{"@type":"ReadAction","target":["https:\/\/sunnyblinds.lv\/lt\/sikdatnu-politika\/"]}]},{"@type":"BreadcrumbList","@id":"https:\/\/sunnyblinds.lv\/lt\/sikdatnu-politika\/#breadcrumb","itemListElement":[{"@type":"ListItem","position":1,"name":"Home","item":"https:\/\/sunnyblinds.lv\/"},{"@type":"ListItem","position":2,"name":"Sikdatnu politika"}]},{"@type":"WebSite","@id":"https:\/\/sunnyblinds.lv\/#website","url":"https:\/\/sunnyblinds.lv\/","name":"Dextera","description":"LV eshop","publisher":{"@id":"https:\/\/sunnyblinds.lv\/#organization"},"potentialAction":[{"@type":"SearchAction","target":{"@type":"EntryPoint","urlTemplate":"https:\/\/sunnyblinds.lv\/?s={search_term_string}"},"query-input":{"@type":"PropertyValueSpecification","valueRequired":true,"valueName":"search_term_string"}}],"inLanguage":"lt-LT"},{"@type":"Organization","@id":"https:\/\/sunnyblinds.lv\/#organization","name":"Dextera","url":"https:\/\/sunnyblinds.lv\/","logo":{"@type":"ImageObject","inLanguage":"lt-LT","@id":"https:\/\/sunnyblinds.lv\/#\/schema\/logo\/image\/","url":"https:\/\/sunnyblinds.lv\/wp-content\/uploads\/2024\/03\/DEXTERA_su-sukiu_tamsiai-melynas-e1710914216478.png","contentUrl":"https:\/\/sunnyblinds.lv\/wp-content\/uploads\/2024\/03\/DEXTERA_su-sukiu_tamsiai-melynas-e1710914216478.png","width":200,"height":53,"caption":"Dextera"},"image":{"@id":"https:\/\/sunnyblinds.lv\/#\/schema\/logo\/image\/"}}]}},"_links":{"self":[{"href":"https:\/\/sunnyblinds.lv\/lt\/wp-json\/wp\/v2\/pages\/4549","targetHints":{"allow":["GET"]}}],"collection":[{"href":"https:\/\/sunnyblinds.lv\/lt\/wp-json\/wp\/v2\/pages"}],"about":[{"href":"https:\/\/sunnyblinds.lv\/lt\/wp-json\/wp\/v2\/types\/page"}],"author":[{"embeddable":true,"href":"https:\/\/sunnyblinds.lv\/lt\/wp-json\/wp\/v2\/users\/3"}],"replies":[{"embeddable":true,"href":"https:\/\/sunnyblinds.lv\/lt\/wp-json\/wp\/v2\/comments?post=4549"}],"version-history":[{"count":20,"href":"https:\/\/sunnyblinds.lv\/lt\/wp-json\/wp\/v2\/pages\/4549\/revisions"}],"predecessor-version":[{"id":7415,"href":"https:\/\/sunnyblinds.lv\/lt\/wp-json\/wp\/v2\/pages\/4549\/revisions\/7415"}],"wp:attachment":[{"href":"https:\/\/sunnyblinds.lv\/lt\/wp-json\/wp\/v2\/media?parent=4549"}],"curies":[{"name":"wp","href":"https:\/\/api.w.org\/{rel}","templated":true}]}}