{"id":3817,"date":"2024-12-13T08:52:33","date_gmt":"2024-12-13T06:52:33","guid":{"rendered":"https:\/\/e.dextera.lt\/?page_id=3817"},"modified":"2025-02-12T16:44:24","modified_gmt":"2025-02-12T14:44:24","slug":"gaminiu-kokybiniai-rodikliai","status":"publish","type":"page","link":"https:\/\/sunnyblinds.lv\/lt\/gaminiu-kokybiniai-rodikliai\/","title":{"rendered":"Gamini\u0173 kokybiniai rodikliai"},"content":{"rendered":"<p>Kokybi\u0161ki roletai, \u017ealiuz\u0117s ir markiz\u0117s \u2013 patvar\u016bs mechanizmai ir platus spalv\u0173 pasirinkimas. Patikimi sprendimai j\u016bs\u0173 namams!<\/p>\n","protected":false},"excerpt":{"rendered":"<p>Kokybi\u0161ki roletai, \u017ealiuz\u0117s ir markiz\u0117s \u2013 patvar\u016bs mechanizmai ir platus spalv\u0173 pasirinkimas. Patikimi sprendimai j\u016bs\u0173 namams!<\/p>\n","protected":false},"author":3,"featured_media":0,"parent":0,"menu_order":0,"comment_status":"closed","ping_status":"closed","template":"template-duk.php","meta":{"inline_featured_image":false,"footnotes":""},"class_list":["post-3817","page","type-page","status-publish","hentry"],"acf":[],"yoast_head":"<!-- This site is optimized with the Yoast SEO plugin v27.4 - https:\/\/yoast.com\/product\/yoast-seo-wordpress\/ -->\n<title>Gamini\u0173 kokybiniai rodikliai - sunnyblinds.lv<\/title>\n<meta name=\"description\" content=\"Kokybi\u0161ki roletai, \u017ealiuz\u0117s ir markiz\u0117s \u2013 patvar\u016bs mechanizmai ir platus spalv\u0173 pasirinkimas. Patikimi sprendimai j\u016bs\u0173 namams!\" \/>\n<meta name=\"robots\" content=\"index, follow, max-snippet:-1, max-image-preview:large, max-video-preview:-1\" \/>\n<link rel=\"canonical\" href=\"https:\/\/sunnyblinds.lv\/gaminiu-kokybiniai-rodikliai\/\" \/>\n<meta property=\"og:locale\" content=\"lt_LT\" \/>\n<meta property=\"og:type\" content=\"article\" \/>\n<meta property=\"og:title\" content=\"Gamini\u0173 kokybiniai rodikliai - sunnyblinds.lv\" \/>\n<meta property=\"og:description\" content=\"Kokybi\u0161ki roletai, \u017ealiuz\u0117s ir markiz\u0117s \u2013 patvar\u016bs mechanizmai ir platus spalv\u0173 pasirinkimas. Patikimi sprendimai j\u016bs\u0173 namams!\" \/>\n<meta property=\"og:url\" content=\"https:\/\/sunnyblinds.lv\/gaminiu-kokybiniai-rodikliai\/\" \/>\n<meta property=\"og:site_name\" content=\"Dextera\" \/>\n<meta property=\"article:modified_time\" content=\"2025-02-12T14:44:24+00:00\" \/>\n<meta name=\"twitter:card\" content=\"summary_large_image\" \/>\n<meta name=\"twitter:label1\" content=\"Est. reading time\" \/>\n\t<meta name=\"twitter:data1\" content=\"1 minut\u0117\" \/>\n<script type=\"application\/ld+json\" class=\"yoast-schema-graph\">{\"@context\":\"https:\\\/\\\/schema.org\",\"@graph\":[{\"@type\":\"WebPage\",\"@id\":\"https:\\\/\\\/sunnyblinds.lv\\\/gaminiu-kokybiniai-rodikliai\\\/\",\"url\":\"https:\\\/\\\/sunnyblinds.lv\\\/gaminiu-kokybiniai-rodikliai\\\/\",\"name\":\"Gamini\u0173 kokybiniai rodikliai - sunnyblinds.lv\",\"isPartOf\":{\"@id\":\"https:\\\/\\\/sunnyblinds.lv\\\/#website\"},\"datePublished\":\"2024-12-13T06:52:33+00:00\",\"dateModified\":\"2025-02-12T14:44:24+00:00\",\"description\":\"Kokybi\u0161ki roletai, \u017ealiuz\u0117s ir markiz\u0117s \u2013 patvar\u016bs mechanizmai ir platus spalv\u0173 pasirinkimas. Patikimi sprendimai j\u016bs\u0173 namams!\",\"breadcrumb\":{\"@id\":\"https:\\\/\\\/sunnyblinds.lv\\\/gaminiu-kokybiniai-rodikliai\\\/#breadcrumb\"},\"inLanguage\":\"lt-LT\",\"potentialAction\":[{\"@type\":\"ReadAction\",\"target\":[\"https:\\\/\\\/sunnyblinds.lv\\\/gaminiu-kokybiniai-rodikliai\\\/\"]}]},{\"@type\":\"BreadcrumbList\",\"@id\":\"https:\\\/\\\/sunnyblinds.lv\\\/gaminiu-kokybiniai-rodikliai\\\/#breadcrumb\",\"itemListElement\":[{\"@type\":\"ListItem\",\"position\":1,\"name\":\"Home\",\"item\":\"https:\\\/\\\/sunnyblinds.lv\\\/\"},{\"@type\":\"ListItem\",\"position\":2,\"name\":\"Gamini\u0173 kokybiniai rodikliai\"}]},{\"@type\":\"WebSite\",\"@id\":\"https:\\\/\\\/sunnyblinds.lv\\\/#website\",\"url\":\"https:\\\/\\\/sunnyblinds.lv\\\/\",\"name\":\"Dextera\",\"description\":\"LV eshop\",\"publisher\":{\"@id\":\"https:\\\/\\\/sunnyblinds.lv\\\/#organization\"},\"potentialAction\":[{\"@type\":\"SearchAction\",\"target\":{\"@type\":\"EntryPoint\",\"urlTemplate\":\"https:\\\/\\\/sunnyblinds.lv\\\/?s={search_term_string}\"},\"query-input\":{\"@type\":\"PropertyValueSpecification\",\"valueRequired\":true,\"valueName\":\"search_term_string\"}}],\"inLanguage\":\"lt-LT\"},{\"@type\":\"Organization\",\"@id\":\"https:\\\/\\\/sunnyblinds.lv\\\/#organization\",\"name\":\"Dextera\",\"url\":\"https:\\\/\\\/sunnyblinds.lv\\\/\",\"logo\":{\"@type\":\"ImageObject\",\"inLanguage\":\"lt-LT\",\"@id\":\"https:\\\/\\\/sunnyblinds.lv\\\/#\\\/schema\\\/logo\\\/image\\\/\",\"url\":\"https:\\\/\\\/sunnyblinds.lv\\\/wp-content\\\/uploads\\\/2024\\\/03\\\/DEXTERA_su-sukiu_tamsiai-melynas-e1710914216478.png\",\"contentUrl\":\"https:\\\/\\\/sunnyblinds.lv\\\/wp-content\\\/uploads\\\/2024\\\/03\\\/DEXTERA_su-sukiu_tamsiai-melynas-e1710914216478.png\",\"width\":200,\"height\":53,\"caption\":\"Dextera\"},\"image\":{\"@id\":\"https:\\\/\\\/sunnyblinds.lv\\\/#\\\/schema\\\/logo\\\/image\\\/\"}}]}<\/script>\n<!-- \/ Yoast SEO plugin. -->","yoast_head_json":{"title":"Gamini\u0173 kokybiniai rodikliai - sunnyblinds.lv","description":"Kokybi\u0161ki roletai, \u017ealiuz\u0117s ir markiz\u0117s \u2013 patvar\u016bs mechanizmai ir platus spalv\u0173 pasirinkimas. Patikimi sprendimai j\u016bs\u0173 namams!","robots":{"index":"index","follow":"follow","max-snippet":"max-snippet:-1","max-image-preview":"max-image-preview:large","max-video-preview":"max-video-preview:-1"},"canonical":"https:\/\/sunnyblinds.lv\/gaminiu-kokybiniai-rodikliai\/","og_locale":"lt_LT","og_type":"article","og_title":"Gamini\u0173 kokybiniai rodikliai - sunnyblinds.lv","og_description":"Kokybi\u0161ki roletai, \u017ealiuz\u0117s ir markiz\u0117s \u2013 patvar\u016bs mechanizmai ir platus spalv\u0173 pasirinkimas. Patikimi sprendimai j\u016bs\u0173 namams!","og_url":"https:\/\/sunnyblinds.lv\/gaminiu-kokybiniai-rodikliai\/","og_site_name":"Dextera","article_modified_time":"2025-02-12T14:44:24+00:00","twitter_card":"summary_large_image","twitter_misc":{"Est. reading time":"1 minut\u0117"},"schema":{"@context":"https:\/\/schema.org","@graph":[{"@type":"WebPage","@id":"https:\/\/sunnyblinds.lv\/gaminiu-kokybiniai-rodikliai\/","url":"https:\/\/sunnyblinds.lv\/gaminiu-kokybiniai-rodikliai\/","name":"Gamini\u0173 kokybiniai rodikliai - sunnyblinds.lv","isPartOf":{"@id":"https:\/\/sunnyblinds.lv\/#website"},"datePublished":"2024-12-13T06:52:33+00:00","dateModified":"2025-02-12T14:44:24+00:00","description":"Kokybi\u0161ki roletai, \u017ealiuz\u0117s ir markiz\u0117s \u2013 patvar\u016bs mechanizmai ir platus spalv\u0173 pasirinkimas. Patikimi sprendimai j\u016bs\u0173 namams!","breadcrumb":{"@id":"https:\/\/sunnyblinds.lv\/gaminiu-kokybiniai-rodikliai\/#breadcrumb"},"inLanguage":"lt-LT","potentialAction":[{"@type":"ReadAction","target":["https:\/\/sunnyblinds.lv\/gaminiu-kokybiniai-rodikliai\/"]}]},{"@type":"BreadcrumbList","@id":"https:\/\/sunnyblinds.lv\/gaminiu-kokybiniai-rodikliai\/#breadcrumb","itemListElement":[{"@type":"ListItem","position":1,"name":"Home","item":"https:\/\/sunnyblinds.lv\/"},{"@type":"ListItem","position":2,"name":"Gamini\u0173 kokybiniai rodikliai"}]},{"@type":"WebSite","@id":"https:\/\/sunnyblinds.lv\/#website","url":"https:\/\/sunnyblinds.lv\/","name":"Dextera","description":"LV eshop","publisher":{"@id":"https:\/\/sunnyblinds.lv\/#organization"},"potentialAction":[{"@type":"SearchAction","target":{"@type":"EntryPoint","urlTemplate":"https:\/\/sunnyblinds.lv\/?s={search_term_string}"},"query-input":{"@type":"PropertyValueSpecification","valueRequired":true,"valueName":"search_term_string"}}],"inLanguage":"lt-LT"},{"@type":"Organization","@id":"https:\/\/sunnyblinds.lv\/#organization","name":"Dextera","url":"https:\/\/sunnyblinds.lv\/","logo":{"@type":"ImageObject","inLanguage":"lt-LT","@id":"https:\/\/sunnyblinds.lv\/#\/schema\/logo\/image\/","url":"https:\/\/sunnyblinds.lv\/wp-content\/uploads\/2024\/03\/DEXTERA_su-sukiu_tamsiai-melynas-e1710914216478.png","contentUrl":"https:\/\/sunnyblinds.lv\/wp-content\/uploads\/2024\/03\/DEXTERA_su-sukiu_tamsiai-melynas-e1710914216478.png","width":200,"height":53,"caption":"Dextera"},"image":{"@id":"https:\/\/sunnyblinds.lv\/#\/schema\/logo\/image\/"}}]}},"_links":{"self":[{"href":"https:\/\/sunnyblinds.lv\/lt\/wp-json\/wp\/v2\/pages\/3817","targetHints":{"allow":["GET"]}}],"collection":[{"href":"https:\/\/sunnyblinds.lv\/lt\/wp-json\/wp\/v2\/pages"}],"about":[{"href":"https:\/\/sunnyblinds.lv\/lt\/wp-json\/wp\/v2\/types\/page"}],"author":[{"embeddable":true,"href":"https:\/\/sunnyblinds.lv\/lt\/wp-json\/wp\/v2\/users\/3"}],"replies":[{"embeddable":true,"href":"https:\/\/sunnyblinds.lv\/lt\/wp-json\/wp\/v2\/comments?post=3817"}],"version-history":[{"count":3,"href":"https:\/\/sunnyblinds.lv\/lt\/wp-json\/wp\/v2\/pages\/3817\/revisions"}],"predecessor-version":[{"id":4473,"href":"https:\/\/sunnyblinds.lv\/lt\/wp-json\/wp\/v2\/pages\/3817\/revisions\/4473"}],"wp:attachment":[{"href":"https:\/\/sunnyblinds.lv\/lt\/wp-json\/wp\/v2\/media?parent=3817"}],"curies":[{"name":"wp","href":"https:\/\/api.w.org\/{rel}","templated":true}]}}