{"id":15,"date":"2023-03-01T07:54:18","date_gmt":"2023-03-01T05:54:18","guid":{"rendered":"https:\/\/e.dextera.lt\/?page_id=15"},"modified":"2025-05-22T15:44:29","modified_gmt":"2025-05-22T12:44:29","slug":"pradzia","status":"publish","type":"page","link":"https:\/\/sunnyblinds.lv\/lt\/","title":{"rendered":"Prad\u017eia"},"content":{"rendered":"<p><strong>sunnyblinds.lv<\/strong> \u2013 auk\u0161tos kokyb\u0117s <strong>roletai, \u017ealiuz\u0117s, markiz\u0117s<\/strong> ir tinkleliai nuo uod\u0173 j\u016bs\u0173 namams bei komercin\u0117s paskirties patalpoms. Rinkit\u0117s geriausius lang\u0173 sprendimus i\u0161 DEXTERA, kurie suderina funkcionalum\u0105, estetik\u0105, patvarum\u0105 ir komfort\u0105.<\/p>\n<p>M\u016bs\u0173 internetin\u0117je parduotuv\u0117je rasite gaus\u0173 asortiment\u0105 \u0161i\u0173 produkt\u0173:<\/p>\n<ul class=\"markdown__list\">\n<li><a class=\"theme markdown__link\" href=\"https:\/\/sunnyblinds.lv\/kategorija\/visi-roletai\/\" target=\"_blank\" rel=\"noopener noreferrer\">Roletai<\/a>\u00a0\u2013 modern\u016bs, klasikiniai, diena-naktis roletai, u\u017etikrinantys privatumo kontrol\u0119 ir apsaugantys nuo tiesiogini\u0173 saul\u0117s spinduli\u0173.<\/li>\n<li><a class=\"theme markdown__link\" href=\"https:\/\/sunnyblinds.lv\/kategorija\/visos-zaliuzes\/\" target=\"_blank\" rel=\"noopener noreferrer\">\u017daliuz\u0117s<\/a>\u00a0\u2013 horizontali\u0173 ir vertikali\u0173 \u017ealiuzi\u0173 modeliai i\u0161 \u012fvairi\u0173 med\u017eiag\u0173, pad\u0117siantys reguliuoti patalp\u0173 ap\u0161vietim\u0105.<\/li>\n<li><a class=\"theme markdown__link\" href=\"https:\/\/sunnyblinds.lv\/kategorija\/tinkleliai-nuo-uodu\/\" target=\"_blank\" rel=\"noopener noreferrer\">Tinkleliai nuo uod\u0173<\/a>\u00a0\u2013 prakti\u0161ki ir nepastebimi sprendimai, apsaugantys j\u016bs\u0173 namus nuo vabzd\u017ei\u0173 bei leid\u017eiantys m\u0117gautis grynu oru.<\/li>\n<li><a class=\"theme markdown__link\" href=\"https:\/\/sunnyblinds.lv\/kategorija\/visos-markizes\/\" target=\"_blank\" rel=\"noopener noreferrer\">Markiz\u0117s<\/a>\u00a0\u2013 i\u0161skirtiniai lauko sprendimai terasoms, balkonams ir komercin\u0117ms erdv\u0117ms, kurie suteiks komfort\u0105 kar\u0161tomis dienomis ir apsaugos nuo saul\u0117s spinduli\u0173 bei lietaus.<\/li>\n<\/ul>\n<p>M\u016bs\u0173 si\u016blomi produktai pasi\u017eymi auk\u0161ta kokybe, \u012fvairia spalv\u0173 gama bei patvariomis med\u017eiagomis. Visi <strong>roletai, \u017ealiuz\u0117s ir markiz\u0117s<\/strong> yra pritaikomos individualiai pagal j\u016bs\u0173 poreikius, interjero ar ekstrjero specifik\u0105.<\/p>\n<p>M\u016bs\u0173 profesional\u0173 komanda pad\u0117s i\u0161sirinkti optimal\u0173 lang\u0173 u\u017edengimo sprendim\u0105, kuris atitiks j\u016bs\u0173 norus bei biud\u017eet\u0105. Papildomos galimyb\u0117s, tokios kaip automatizuotas valdymas, suteiks dar daugiau patogumo ir patikimumo.<\/p>\n<p>Pirkite greitai, saugiai ir patogiai m\u016bs\u0173 <a class=\"theme markdown__link\" href=\"https:\/\/sunnyblinds.lv\/\" target=\"_blank\" rel=\"noopener noreferrer\">elektronin\u0117je parduotuv\u0117je<\/a>, o kilus klausimams \u2013 m\u016bs\u0173 <a href=\"https:\/\/dextera.lt\/gaukite-pasiulyma\/\" target=\"_blank\" rel=\"noopener\">konsultantai <\/a>visuomet pasiruo\u0161\u0119 jums pad\u0117ti. Mes u\u017etikriname greit\u0105 preki\u0173 pristatym\u0105 visoje Lietuvoje ir garantuojame auk\u0161t\u0105 kokyb\u0119 u\u017e patraukli\u0105 kain\u0105.<\/p>\n<p><strong>Roletai \u017ealiuz\u0117s markiz\u0117s<\/strong> \u2013 stilingas ir prakti\u0161kas pasirinkimas j\u016bs\u0173 langams tik <strong>sunnyblinds.lv<\/strong> parduotuv\u0117je! Dextera salonus rasite Kaune, Vilniuje, \u0160iauliuose, Klaip\u0117doje, Alytuje, Panev\u0117\u017eyje.<\/p>\n","protected":false},"excerpt":{"rendered":"<p>sunnyblinds.lv \u2013 auk\u0161tos kokyb\u0117s roletai, \u017ealiuz\u0117s, markiz\u0117s ir tinkleliai nuo uod\u0173 j\u016bs\u0173 namams bei komercin\u0117s paskirties patalpoms. Rinkit\u0117s geriausius lang\u0173 sprendimus i\u0161 DEXTERA, kurie suderina funkcionalum\u0105, estetik\u0105, patvarum\u0105 ir komfort\u0105. M\u016bs\u0173 internetin\u0117je parduotuv\u0117je rasite gaus\u0173 asortiment\u0105 \u0161i\u0173 produkt\u0173: Roletai\u00a0\u2013 modern\u016bs, klasikiniai, diena-naktis roletai, u\u017etikrinantys privatumo kontrol\u0119 ir apsaugantys nuo tiesiogini\u0173 saul\u0117s spinduli\u0173. \u017daliuz\u0117s\u00a0\u2013 horizontali\u0173 ir [&hellip;]<\/p>\n","protected":false},"author":3,"featured_media":3061,"parent":0,"menu_order":0,"comment_status":"closed","ping_status":"closed","template":"page-home.php","meta":{"inline_featured_image":false,"footnotes":""},"class_list":["post-15","page","type-page","status-publish","has-post-thumbnail","hentry"],"acf":[],"yoast_head":"<!-- This site is optimized with the Yoast SEO plugin v27.4 - https:\/\/yoast.com\/product\/yoast-seo-wordpress\/ -->\n<title>Roletai, \u017ealiuz\u0117s, markiz\u0117s internetu | sunnyblinds.lv<\/title>\n<meta name=\"description\" content=\"Roletai, \u017ealiuz\u0117s, markiz\u0117s internetu \u2013 auk\u0161tos kokyb\u0117s lang\u0173 sprendimai namams. Platus asortimentas, greitas pristatymas visoje Lietuvoje!\" \/>\n<meta name=\"robots\" content=\"index, follow, max-snippet:-1, max-image-preview:large, max-video-preview:-1\" \/>\n<link rel=\"canonical\" href=\"https:\/\/sunnyblinds.lv\/\" \/>\n<meta property=\"og:locale\" content=\"lt_LT\" \/>\n<meta property=\"og:type\" content=\"article\" \/>\n<meta property=\"og:title\" content=\"Roletai, \u017ealiuz\u0117s, markiz\u0117s internetu | sunnyblinds.lv\" \/>\n<meta property=\"og:description\" content=\"Roletai, \u017ealiuz\u0117s, markiz\u0117s internetu \u2013 auk\u0161tos kokyb\u0117s lang\u0173 sprendimai namams. Platus asortimentas, greitas pristatymas visoje Lietuvoje!\" \/>\n<meta property=\"og:url\" content=\"https:\/\/sunnyblinds.lv\/\" \/>\n<meta property=\"og:site_name\" content=\"Dextera\" \/>\n<meta property=\"article:modified_time\" content=\"2025-05-22T12:44:29+00:00\" \/>\n<meta property=\"og:image\" content=\"https:\/\/sunnyblinds.lv\/wp-content\/uploads\/2024\/07\/3.png\" \/>\n\t<meta property=\"og:image:width\" content=\"362\" \/>\n\t<meta property=\"og:image:height\" content=\"339\" \/>\n\t<meta property=\"og:image:type\" content=\"image\/png\" \/>\n<meta name=\"twitter:card\" content=\"summary_large_image\" \/>\n<meta name=\"twitter:label1\" content=\"Est. reading time\" \/>\n\t<meta name=\"twitter:data1\" content=\"2 minut\u0117s\" \/>\n<script type=\"application\/ld+json\" class=\"yoast-schema-graph\">{\"@context\":\"https:\\\/\\\/schema.org\",\"@graph\":[{\"@type\":\"WebPage\",\"@id\":\"https:\\\/\\\/sunnyblinds.lv\\\/\",\"url\":\"https:\\\/\\\/sunnyblinds.lv\\\/\",\"name\":\"Roletai, \u017ealiuz\u0117s, markiz\u0117s internetu | sunnyblinds.lv\",\"isPartOf\":{\"@id\":\"https:\\\/\\\/sunnyblinds.lv\\\/#website\"},\"primaryImageOfPage\":{\"@id\":\"https:\\\/\\\/sunnyblinds.lv\\\/#primaryimage\"},\"image\":{\"@id\":\"https:\\\/\\\/sunnyblinds.lv\\\/#primaryimage\"},\"thumbnailUrl\":\"https:\\\/\\\/sunnyblinds.lv\\\/wp-content\\\/uploads\\\/2024\\\/07\\\/3.png\",\"datePublished\":\"2023-03-01T05:54:18+00:00\",\"dateModified\":\"2025-05-22T12:44:29+00:00\",\"description\":\"Roletai, \u017ealiuz\u0117s, markiz\u0117s internetu \u2013 auk\u0161tos kokyb\u0117s lang\u0173 sprendimai namams. Platus asortimentas, greitas pristatymas visoje Lietuvoje!\",\"breadcrumb\":{\"@id\":\"https:\\\/\\\/sunnyblinds.lv\\\/#breadcrumb\"},\"inLanguage\":\"lt-LT\",\"potentialAction\":[{\"@type\":\"ReadAction\",\"target\":[\"https:\\\/\\\/sunnyblinds.lv\\\/\"]}]},{\"@type\":\"ImageObject\",\"inLanguage\":\"lt-LT\",\"@id\":\"https:\\\/\\\/sunnyblinds.lv\\\/#primaryimage\",\"url\":\"https:\\\/\\\/sunnyblinds.lv\\\/wp-content\\\/uploads\\\/2024\\\/07\\\/3.png\",\"contentUrl\":\"https:\\\/\\\/sunnyblinds.lv\\\/wp-content\\\/uploads\\\/2024\\\/07\\\/3.png\",\"width\":362,\"height\":339,\"caption\":\"Roletai zaliuzes internetu pigiau\"},{\"@type\":\"BreadcrumbList\",\"@id\":\"https:\\\/\\\/sunnyblinds.lv\\\/#breadcrumb\",\"itemListElement\":[{\"@type\":\"ListItem\",\"position\":1,\"name\":\"Home\",\"item\":\"https:\\\/\\\/sunnyblinds.lv\\\/\"},{\"@type\":\"ListItem\",\"position\":2,\"name\":\"Prad\u017eia\"}]},{\"@type\":\"WebSite\",\"@id\":\"https:\\\/\\\/sunnyblinds.lv\\\/#website\",\"url\":\"https:\\\/\\\/sunnyblinds.lv\\\/\",\"name\":\"Dextera\",\"description\":\"LV eshop\",\"publisher\":{\"@id\":\"https:\\\/\\\/sunnyblinds.lv\\\/#organization\"},\"potentialAction\":[{\"@type\":\"SearchAction\",\"target\":{\"@type\":\"EntryPoint\",\"urlTemplate\":\"https:\\\/\\\/sunnyblinds.lv\\\/?s={search_term_string}\"},\"query-input\":{\"@type\":\"PropertyValueSpecification\",\"valueRequired\":true,\"valueName\":\"search_term_string\"}}],\"inLanguage\":\"lt-LT\"},{\"@type\":\"Organization\",\"@id\":\"https:\\\/\\\/sunnyblinds.lv\\\/#organization\",\"name\":\"Dextera\",\"url\":\"https:\\\/\\\/sunnyblinds.lv\\\/\",\"logo\":{\"@type\":\"ImageObject\",\"inLanguage\":\"lt-LT\",\"@id\":\"https:\\\/\\\/sunnyblinds.lv\\\/#\\\/schema\\\/logo\\\/image\\\/\",\"url\":\"https:\\\/\\\/sunnyblinds.lv\\\/wp-content\\\/uploads\\\/2024\\\/03\\\/DEXTERA_su-sukiu_tamsiai-melynas-e1710914216478.png\",\"contentUrl\":\"https:\\\/\\\/sunnyblinds.lv\\\/wp-content\\\/uploads\\\/2024\\\/03\\\/DEXTERA_su-sukiu_tamsiai-melynas-e1710914216478.png\",\"width\":200,\"height\":53,\"caption\":\"Dextera\"},\"image\":{\"@id\":\"https:\\\/\\\/sunnyblinds.lv\\\/#\\\/schema\\\/logo\\\/image\\\/\"}}]}<\/script>\n<!-- \/ Yoast SEO plugin. -->","yoast_head_json":{"title":"Roletai, \u017ealiuz\u0117s, markiz\u0117s internetu | sunnyblinds.lv","description":"Roletai, \u017ealiuz\u0117s, markiz\u0117s internetu \u2013 auk\u0161tos kokyb\u0117s lang\u0173 sprendimai namams. Platus asortimentas, greitas pristatymas visoje Lietuvoje!","robots":{"index":"index","follow":"follow","max-snippet":"max-snippet:-1","max-image-preview":"max-image-preview:large","max-video-preview":"max-video-preview:-1"},"canonical":"https:\/\/sunnyblinds.lv\/","og_locale":"lt_LT","og_type":"article","og_title":"Roletai, \u017ealiuz\u0117s, markiz\u0117s internetu | sunnyblinds.lv","og_description":"Roletai, \u017ealiuz\u0117s, markiz\u0117s internetu \u2013 auk\u0161tos kokyb\u0117s lang\u0173 sprendimai namams. Platus asortimentas, greitas pristatymas visoje Lietuvoje!","og_url":"https:\/\/sunnyblinds.lv\/","og_site_name":"Dextera","article_modified_time":"2025-05-22T12:44:29+00:00","og_image":[{"width":362,"height":339,"url":"https:\/\/sunnyblinds.lv\/wp-content\/uploads\/2024\/07\/3.png","type":"image\/png"}],"twitter_card":"summary_large_image","twitter_misc":{"Est. reading time":"2 minut\u0117s"},"schema":{"@context":"https:\/\/schema.org","@graph":[{"@type":"WebPage","@id":"https:\/\/sunnyblinds.lv\/","url":"https:\/\/sunnyblinds.lv\/","name":"Roletai, \u017ealiuz\u0117s, markiz\u0117s internetu | sunnyblinds.lv","isPartOf":{"@id":"https:\/\/sunnyblinds.lv\/#website"},"primaryImageOfPage":{"@id":"https:\/\/sunnyblinds.lv\/#primaryimage"},"image":{"@id":"https:\/\/sunnyblinds.lv\/#primaryimage"},"thumbnailUrl":"https:\/\/sunnyblinds.lv\/wp-content\/uploads\/2024\/07\/3.png","datePublished":"2023-03-01T05:54:18+00:00","dateModified":"2025-05-22T12:44:29+00:00","description":"Roletai, \u017ealiuz\u0117s, markiz\u0117s internetu \u2013 auk\u0161tos kokyb\u0117s lang\u0173 sprendimai namams. Platus asortimentas, greitas pristatymas visoje Lietuvoje!","breadcrumb":{"@id":"https:\/\/sunnyblinds.lv\/#breadcrumb"},"inLanguage":"lt-LT","potentialAction":[{"@type":"ReadAction","target":["https:\/\/sunnyblinds.lv\/"]}]},{"@type":"ImageObject","inLanguage":"lt-LT","@id":"https:\/\/sunnyblinds.lv\/#primaryimage","url":"https:\/\/sunnyblinds.lv\/wp-content\/uploads\/2024\/07\/3.png","contentUrl":"https:\/\/sunnyblinds.lv\/wp-content\/uploads\/2024\/07\/3.png","width":362,"height":339,"caption":"Roletai zaliuzes internetu pigiau"},{"@type":"BreadcrumbList","@id":"https:\/\/sunnyblinds.lv\/#breadcrumb","itemListElement":[{"@type":"ListItem","position":1,"name":"Home","item":"https:\/\/sunnyblinds.lv\/"},{"@type":"ListItem","position":2,"name":"Prad\u017eia"}]},{"@type":"WebSite","@id":"https:\/\/sunnyblinds.lv\/#website","url":"https:\/\/sunnyblinds.lv\/","name":"Dextera","description":"LV eshop","publisher":{"@id":"https:\/\/sunnyblinds.lv\/#organization"},"potentialAction":[{"@type":"SearchAction","target":{"@type":"EntryPoint","urlTemplate":"https:\/\/sunnyblinds.lv\/?s={search_term_string}"},"query-input":{"@type":"PropertyValueSpecification","valueRequired":true,"valueName":"search_term_string"}}],"inLanguage":"lt-LT"},{"@type":"Organization","@id":"https:\/\/sunnyblinds.lv\/#organization","name":"Dextera","url":"https:\/\/sunnyblinds.lv\/","logo":{"@type":"ImageObject","inLanguage":"lt-LT","@id":"https:\/\/sunnyblinds.lv\/#\/schema\/logo\/image\/","url":"https:\/\/sunnyblinds.lv\/wp-content\/uploads\/2024\/03\/DEXTERA_su-sukiu_tamsiai-melynas-e1710914216478.png","contentUrl":"https:\/\/sunnyblinds.lv\/wp-content\/uploads\/2024\/03\/DEXTERA_su-sukiu_tamsiai-melynas-e1710914216478.png","width":200,"height":53,"caption":"Dextera"},"image":{"@id":"https:\/\/sunnyblinds.lv\/#\/schema\/logo\/image\/"}}]}},"_links":{"self":[{"href":"https:\/\/sunnyblinds.lv\/lt\/wp-json\/wp\/v2\/pages\/15","targetHints":{"allow":["GET"]}}],"collection":[{"href":"https:\/\/sunnyblinds.lv\/lt\/wp-json\/wp\/v2\/pages"}],"about":[{"href":"https:\/\/sunnyblinds.lv\/lt\/wp-json\/wp\/v2\/types\/page"}],"author":[{"embeddable":true,"href":"https:\/\/sunnyblinds.lv\/lt\/wp-json\/wp\/v2\/users\/3"}],"replies":[{"embeddable":true,"href":"https:\/\/sunnyblinds.lv\/lt\/wp-json\/wp\/v2\/comments?post=15"}],"version-history":[{"count":9,"href":"https:\/\/sunnyblinds.lv\/lt\/wp-json\/wp\/v2\/pages\/15\/revisions"}],"predecessor-version":[{"id":5002,"href":"https:\/\/sunnyblinds.lv\/lt\/wp-json\/wp\/v2\/pages\/15\/revisions\/5002"}],"wp:featuredmedia":[{"embeddable":true,"href":"https:\/\/sunnyblinds.lv\/lt\/wp-json\/wp\/v2\/media\/3061"}],"wp:attachment":[{"href":"https:\/\/sunnyblinds.lv\/lt\/wp-json\/wp\/v2\/media?parent=15"}],"curies":[{"name":"wp","href":"https:\/\/api.w.org\/{rel}","templated":true}]}}